{"id":248,"date":"2020-10-31T18:16:19","date_gmt":"2020-10-31T18:16:19","guid":{"rendered":"https:\/\/blogsaverroes.juntadeandalucia.es\/ceperronda\/?page_id=248"},"modified":"2020-12-31T13:26:47","modified_gmt":"2020-12-31T13:26:47","slug":"interculturalidad","status":"publish","type":"page","link":"https:\/\/blogsaverroes.juntadeandalucia.es\/ceperronda\/interculturalidad\/","title":{"rendered":"Recursos did\u00e1cticos Interculturalidad"},"content":{"rendered":"<p style=\"text-align: center\"><span style=\"font-size: 18pt\"><strong><span style=\"color: #ff0000\">TEMAS QUE HEMOS DADO<\/span><\/strong><\/span><\/p>\n<p><span style=\"font-size: 18pt\"><a title=\"TEMAS 01 02 03 VERBOS QUE INDICAN ACCIONES\" href=\"https:\/\/es.calameo.com\/read\/0010038199cc3332af992\" target=\"_blank\" rel=\"noopener noreferrer\"><span style=\"font-size: 18pt\">TEMAS 01 02 03 VERBOS QUE INDICAN ACCIONES<\/span><\/a><\/span><\/p>\n<p><span style=\"font-size: 18pt\"><a title=\"TEMA 04 LA DESCRIPCI\u00d3N DE LAS PERSONAS\" href=\"https:\/\/es.calameo.com\/read\/001003819d0ec2557e8d0\" target=\"_blank\" rel=\"noopener noreferrer\">TEMA 04 LA DESCRIPCI\u00d3N DE LAS PERSONAS<\/a><\/span><\/p>\n<p><span style=\"font-size: 18pt\"><a title=\"TEMAS 05 VERBOS DE MOVIMIENTO\" href=\"https:\/\/es.calameo.com\/read\/001003819edf6a9cab060\">TEMAS 05 VERBOS DE MOVIMIENTO<\/a><\/span><\/p>\n<p><span style=\"font-size: 18pt\"><a title=\"TEMA 06 LAS PREGUNTAS\" href=\"https:\/\/es.calameo.com\/read\/00100381940605e3cf262\" target=\"_blank\" rel=\"noopener noreferrer\">TEMA 06 LAS PREGUNTAS<\/a><\/span><\/p>\n<p><span style=\"font-size: 18pt\"><a title=\"TEMAS 07 08 FRASES HECHAS\" href=\"https:\/\/es.calameo.com\/read\/0010038190ba582919052\" target=\"_blank\" rel=\"noopener noreferrer\">TEMAS 07 08 FRASES HECHAS<\/a><\/span><\/p>\n<p><span style=\"font-size: 18pt\"><a title=\"TEMA 09 REPASO DEL TEMA 01 AL TEMA 08\" href=\"https:\/\/es.calameo.com\/read\/00100381922311a25c10e\" target=\"_blank\" rel=\"noopener noreferrer\">TEMA 09 REPASO DEL TEMA 01 AL TEMA 08<\/a><\/span><\/p>\n<p><span style=\"font-size: 18pt\"><a title=\"TEMA 10 LA FAMILIA\" href=\"https:\/\/es.calameo.com\/read\/001003819b2b5731219b8\" target=\"_blank\" rel=\"noopener noreferrer\">TEMA 10 LA FAMILIA<\/a><\/span><\/p>\n<p><span style=\"font-size: 18pt\"><a title=\"TEMA 11 ALIMENTOS DE ORIGEN ANIMAL\" href=\"https:\/\/es.calameo.com\/read\/001003819c534384018a8\" target=\"_blank\" rel=\"noopener noreferrer\">TEMA 11 ALIMENTOS DE ORIGEN ANIMAL<\/a><\/span><\/p>\n<p><span style=\"font-size: 18pt\"><a title=\"TEMA 12 ALIMENTOS DE ORIGEN VEGETAL\" href=\"https:\/\/es.calameo.com\/read\/0010038199c43ac94e1f9\" target=\"_blank\" rel=\"noopener noreferrer\">TEMA 12 ALIMENTOS DE ORIGEN VEGETAL<\/a><\/span><\/p>\n<p><span style=\"font-size: 18pt\"><a title=\"TEMA 13 VERBOS QUE SE UTILIZAN PARA COCINAR\" href=\"https:\/\/es.calameo.com\/read\/001003819a42e2b068c6b\" target=\"_blank\" rel=\"noopener noreferrer\">TEMA 13 VERBOS QUE SE UTILIZAN PARA COCINAR<\/a><\/span><\/p>\n<p>&nbsp;<\/p>\n<p style=\"text-align: center\"><span style=\"font-size: 18pt\"><strong><span style=\"color: #ff0000\"><span style=\"font-size: 18pt\">E<\/span>NLACES DE UTILIDAD<\/span><\/strong><\/span><\/p>\n<p><span style=\"font-size: 18pt\"><a title=\"ENLACE 01 DICCIONARIO B\u00c1SICO \u00c1RABE - ESPA\u00d1OL\" href=\"https:\/\/es.calameo.com\/read\/001003819a9394b7be03a\" target=\"_blank\" rel=\"noopener noreferrer\">ENLACE 01 DICCIONARIO B\u00c1SICO \u00c1RABE &#8211; ESPA\u00d1OL<\/a><\/span><\/p>\n<p><span style=\"font-size: 18pt\"><a title=\"ENLACE 02 MANUAL DE ALFABETIZACI\u00d3N PARA INMIGRANTES\" href=\"https:\/\/es.calameo.com\/read\/00100381949bdfcd6ecd5\" target=\"_blank\" rel=\"noopener noreferrer\">ENLACE 02 MANUAL DE ALFABETIZACI\u00d3N PARA INMIGRANTES<\/a><\/span><\/p>\n<p><span style=\"font-size: 18pt\"><a title=\"ENLACE 03 VERBO HABLAR PRESENTACI\u00d3N INTERACTIVA\" href=\"https:\/\/es.calameo.com\/read\/001003819ed9a6bbe4aad\" target=\"_blank\" rel=\"noopener noreferrer\">ENLACE 03 VERBO HABLAR PRESENTACI\u00d3N INTERACTIVA<\/a><\/span><\/p>\n<p><span style=\"font-size: 18pt\"><a title=\"ENLACE 04 VERBO SER PRESENTACI\u00d3N INTERACTIVA\" href=\"https:\/\/es.calameo.com\/read\/001003819e9bfbc6f0c2d\" target=\"_blank\" rel=\"noopener noreferrer\">ENLACE 04 VERBO SER PRESENTACI\u00d3N INTERACTIVA<\/a><\/span><\/p>\n","protected":false},"excerpt":{"rendered":"<p>TEMAS QUE HEMOS DADO TEMAS 01 02 03 VERBOS QUE INDICAN ACCIONES TEMA 04 LA DESCRIPCI\u00d3N DE LAS PERSONAS TEMAS 05 VERBOS DE MOVIMIENTO TEMA 06 LAS PREGUNTAS TEMAS 07 08 FRASES HECHAS TEMA&#46;&#46;&#46;<\/p>\n","protected":false},"author":4152,"featured_media":0,"parent":0,"menu_order":0,"comment_status":"closed","ping_status":"closed","template":"","meta":{"ngg_post_thumbnail":0,"footnotes":""},"aioseo_notices":[],"_links":{"self":[{"href":"https:\/\/blogsaverroes.juntadeandalucia.es\/ceperronda\/wp-json\/wp\/v2\/pages\/248"}],"collection":[{"href":"https:\/\/blogsaverroes.juntadeandalucia.es\/ceperronda\/wp-json\/wp\/v2\/pages"}],"about":[{"href":"https:\/\/blogsaverroes.juntadeandalucia.es\/ceperronda\/wp-json\/wp\/v2\/types\/page"}],"author":[{"embeddable":true,"href":"https:\/\/blogsaverroes.juntadeandalucia.es\/ceperronda\/wp-json\/wp\/v2\/users\/4152"}],"replies":[{"embeddable":true,"href":"https:\/\/blogsaverroes.juntadeandalucia.es\/ceperronda\/wp-json\/wp\/v2\/comments?post=248"}],"version-history":[{"count":12,"href":"https:\/\/blogsaverroes.juntadeandalucia.es\/ceperronda\/wp-json\/wp\/v2\/pages\/248\/revisions"}],"predecessor-version":[{"id":743,"href":"https:\/\/blogsaverroes.juntadeandalucia.es\/ceperronda\/wp-json\/wp\/v2\/pages\/248\/revisions\/743"}],"wp:attachment":[{"href":"https:\/\/blogsaverroes.juntadeandalucia.es\/ceperronda\/wp-json\/wp\/v2\/media?parent=248"}],"curies":[{"name":"wp","href":"https:\/\/api.w.org\/{rel}","templated":true}]}}