{"id":266,"date":"2020-10-31T18:25:24","date_gmt":"2020-10-31T18:25:24","guid":{"rendered":"https:\/\/blogsaverroes.juntadeandalucia.es\/ceperronda\/?page_id=266"},"modified":"2020-11-02T18:41:22","modified_gmt":"2020-11-02T18:41:22","slug":"sep-algatocin","status":"publish","type":"page","link":"https:\/\/blogsaverroes.juntadeandalucia.es\/ceperronda\/sep-algatocin\/","title":{"rendered":"SEP Algatoc\u00edn"},"content":{"rendered":"<p style=\"text-align: right\" align=\"JUSTIFY\"><strong><span style=\"color: #0000cc\"><span style=\"font-family: Comic Sans MS, cursive\"><span style=\"font-size: large\"><img fetchpriority=\"high\" decoding=\"async\" class=\"alignleft wp-image-267 \" src=\"https:\/\/blogsaverroes.juntadeandalucia.es\/ceperronda\/files\/2020\/10\/ALGATOCIN.jpg\" alt=\"\" width=\"788\" height=\"591\" srcset=\"https:\/\/blogsaverroes.juntadeandalucia.es\/ceperronda\/files\/2020\/10\/ALGATOCIN.jpg 1024w, https:\/\/blogsaverroes.juntadeandalucia.es\/ceperronda\/files\/2020\/10\/ALGATOCIN-300x225.jpg 300w, https:\/\/blogsaverroes.juntadeandalucia.es\/ceperronda\/files\/2020\/10\/ALGATOCIN-768x576.jpg 768w, https:\/\/blogsaverroes.juntadeandalucia.es\/ceperronda\/files\/2020\/10\/ALGATOCIN-24x18.jpg 24w, https:\/\/blogsaverroes.juntadeandalucia.es\/ceperronda\/files\/2020\/10\/ALGATOCIN-36x27.jpg 36w, https:\/\/blogsaverroes.juntadeandalucia.es\/ceperronda\/files\/2020\/10\/ALGATOCIN-48x36.jpg 48w\" sizes=\"(max-width: 788px) 100vw, 788px\" \/><\/span><\/span><\/span><\/strong><\/p>\n<p align=\"JUSTIFY\">&nbsp;<\/p>\n<p align=\"JUSTIFY\">&nbsp;<\/p>\n<p align=\"JUSTIFY\">&nbsp;<\/p>\n<p style=\"text-align: left\" align=\"JUSTIFY\"><strong><span style=\"color: #0000cc\"><span style=\"font-family: Comic Sans MS, cursive\"><span style=\"font-size: large\">SEP \u201cLLANO DEL REY\u201d <\/span><\/span><\/span><\/strong><\/p>\n<p style=\"text-align: left\" align=\"JUSTIFY\"><strong><span style=\"color: #006600\"><span style=\"font-family: Comic Sans MS, cursive\"><span style=\"font-size: large\">Algatoc\u00edn<\/span><\/span><\/span><\/strong><\/p>\n<p style=\"text-align: left\" align=\"JUSTIFY\"><strong><span style=\"font-family: Comic Sans MS, cursive\"><span style=\"font-size: large\"><b>Direcci\u00f3n<\/b><\/span><\/span><\/strong><strong><span style=\"font-family: Comic Sans MS, cursive\"><span style=\"font-size: large\">: <\/span><\/span><\/strong><span style=\"font-family: Comic Sans MS, cursive\"><span style=\"font-size: large\">Avda. de la Libertad <\/span><\/span><strong><span style=\"font-family: Comic Sans MS, cursive\"><span style=\"font-size: large\">CP: <\/span><\/span><\/strong><span style=\"font-family: Comic Sans MS, cursive\"><span style=\"font-size: large\">29380 <\/span><\/span><\/p>\n<p style=\"text-align: left\" align=\"JUSTIFY\"><strong><span style=\"font-family: Comic Sans MS, cursive\"><span style=\"font-size: large\"><b>Tel\u00e9fonos<\/b><\/span><\/span><\/strong><strong><span style=\"font-family: Comic Sans MS, cursive\"><span style=\"font-size: large\">: <\/span><\/span><\/strong><span style=\"font-family: Comic Sans MS, cursive\"><span style=\"font-size: large\">952154010 &#8211; 671596389<\/span><\/span><\/p>\n<p style=\"text-align: left\" align=\"JUSTIFY\"><strong><span style=\"font-family: Comic Sans MS, cursive\"><span style=\"font-size: large\"><b>Correo<\/b><\/span><\/span><\/strong><strong><span style=\"font-family: Comic Sans MS, cursive\"><span style=\"font-size: large\">: <\/span><\/span><\/strong><a href=\"mailto:sep.cortes.estacion@gmail.com\"><span style=\"font-family: Comic Sans MS, cursive\"><span style=\"font-size: large\">sep.cortes.estacion@gmail.com<\/span><\/span><\/a><\/p>\n","protected":false},"excerpt":{"rendered":"<p>&nbsp; &nbsp; &nbsp; SEP \u201cLLANO DEL REY\u201d Algatoc\u00edn Direcci\u00f3n: Avda. de la Libertad CP: 29380 Tel\u00e9fonos: 952154010 &#8211; 671596389 Correo: sep.cortes.estacion@gmail.com<\/p>\n","protected":false},"author":4152,"featured_media":0,"parent":0,"menu_order":0,"comment_status":"closed","ping_status":"closed","template":"","meta":{"ngg_post_thumbnail":0,"footnotes":""},"aioseo_notices":[],"_links":{"self":[{"href":"https:\/\/blogsaverroes.juntadeandalucia.es\/ceperronda\/wp-json\/wp\/v2\/pages\/266"}],"collection":[{"href":"https:\/\/blogsaverroes.juntadeandalucia.es\/ceperronda\/wp-json\/wp\/v2\/pages"}],"about":[{"href":"https:\/\/blogsaverroes.juntadeandalucia.es\/ceperronda\/wp-json\/wp\/v2\/types\/page"}],"author":[{"embeddable":true,"href":"https:\/\/blogsaverroes.juntadeandalucia.es\/ceperronda\/wp-json\/wp\/v2\/users\/4152"}],"replies":[{"embeddable":true,"href":"https:\/\/blogsaverroes.juntadeandalucia.es\/ceperronda\/wp-json\/wp\/v2\/comments?post=266"}],"version-history":[{"count":4,"href":"https:\/\/blogsaverroes.juntadeandalucia.es\/ceperronda\/wp-json\/wp\/v2\/pages\/266\/revisions"}],"predecessor-version":[{"id":542,"href":"https:\/\/blogsaverroes.juntadeandalucia.es\/ceperronda\/wp-json\/wp\/v2\/pages\/266\/revisions\/542"}],"wp:attachment":[{"href":"https:\/\/blogsaverroes.juntadeandalucia.es\/ceperronda\/wp-json\/wp\/v2\/media?parent=266"}],"curies":[{"name":"wp","href":"https:\/\/api.w.org\/{rel}","templated":true}]}}