{"id":320,"date":"2020-10-31T20:01:13","date_gmt":"2020-10-31T20:01:13","guid":{"rendered":"https:\/\/blogsaverroes.juntadeandalucia.es\/ceperronda\/?page_id=320"},"modified":"2020-10-31T20:05:42","modified_gmt":"2020-10-31T20:05:42","slug":"oferta-educativa-2","status":"publish","type":"page","link":"https:\/\/blogsaverroes.juntadeandalucia.es\/ceperronda\/oferta-educativa-2\/","title":{"rendered":"OFERTA EDUCATIVA"},"content":{"rendered":"<p style=\"text-align: left\"><span style=\"font-family: comic sans ms, sans-serif;font-size: 36pt\">Obtenci\u00f3n de la titulaci\u00f3n b\u00e1sica<\/span><br \/>\n<span style=\"font-family: comic sans ms, sans-serif;font-size: 36pt\">Idiomas extranjeros (ingl\u00e9s)<\/span><br \/>\n<span style=\"font-family: comic sans ms, sans-serif;font-size: 36pt\">Interculturalidad<\/span><br \/>\n<span style=\"font-family: comic sans ms, sans-serif;font-size: 36pt\">Uso b\u00e1sico de la TICs<\/span><br \/>\n<span style=\"font-family: comic sans ms, sans-serif;font-size: 36pt\">Cultura emprendedora<\/span><br \/>\n<span style=\"font-family: comic sans ms, sans-serif;font-size: 36pt\">Patrimonio andaluz<\/span><br \/>\n<span style=\"font-family: comic sans ms, sans-serif;font-size: 36pt\">Formaci\u00f3n B\u00e1sica<\/span><br \/>\n<span style=\"font-family: comic sans ms, sans-serif;font-size: 36pt\">Adquisici\u00f3n de h\u00e1bitos de vida saludable<\/span><\/p>\n","protected":false},"excerpt":{"rendered":"<p>Obtenci\u00f3n de la titulaci\u00f3n b\u00e1sica Idiomas extranjeros (ingl\u00e9s) Interculturalidad Uso b\u00e1sico de la TICs Cultura emprendedora Patrimonio andaluz Formaci\u00f3n B\u00e1sica Adquisici\u00f3n de h\u00e1bitos de vida saludable<\/p>\n","protected":false},"author":4152,"featured_media":0,"parent":0,"menu_order":0,"comment_status":"closed","ping_status":"closed","template":"","meta":{"ngg_post_thumbnail":0,"footnotes":""},"aioseo_notices":[],"_links":{"self":[{"href":"https:\/\/blogsaverroes.juntadeandalucia.es\/ceperronda\/wp-json\/wp\/v2\/pages\/320"}],"collection":[{"href":"https:\/\/blogsaverroes.juntadeandalucia.es\/ceperronda\/wp-json\/wp\/v2\/pages"}],"about":[{"href":"https:\/\/blogsaverroes.juntadeandalucia.es\/ceperronda\/wp-json\/wp\/v2\/types\/page"}],"author":[{"embeddable":true,"href":"https:\/\/blogsaverroes.juntadeandalucia.es\/ceperronda\/wp-json\/wp\/v2\/users\/4152"}],"replies":[{"embeddable":true,"href":"https:\/\/blogsaverroes.juntadeandalucia.es\/ceperronda\/wp-json\/wp\/v2\/comments?post=320"}],"version-history":[{"count":3,"href":"https:\/\/blogsaverroes.juntadeandalucia.es\/ceperronda\/wp-json\/wp\/v2\/pages\/320\/revisions"}],"predecessor-version":[{"id":327,"href":"https:\/\/blogsaverroes.juntadeandalucia.es\/ceperronda\/wp-json\/wp\/v2\/pages\/320\/revisions\/327"}],"wp:attachment":[{"href":"https:\/\/blogsaverroes.juntadeandalucia.es\/ceperronda\/wp-json\/wp\/v2\/media?parent=320"}],"curies":[{"name":"wp","href":"https:\/\/api.w.org\/{rel}","templated":true}]}}