{"id":324,"date":"2020-10-31T20:02:40","date_gmt":"2020-10-31T20:02:40","guid":{"rendered":"https:\/\/blogsaverroes.juntadeandalucia.es\/ceperronda\/?page_id=324"},"modified":"2020-11-01T20:04:21","modified_gmt":"2020-11-01T20:04:21","slug":"grupos-2","status":"publish","type":"page","link":"https:\/\/blogsaverroes.juntadeandalucia.es\/ceperronda\/grupos-2\/","title":{"rendered":"Grupos"},"content":{"rendered":"<table rules=\"NONE\" cellspacing=\"0\" border=\"0\">\n<colgroup>\n<col width=\"293\">\n<col width=\"668\"><\/colgroup>\n<tbody>\n<tr>\n<td width=\"293\" valign=\"MIDDLE\" height=\"38\" bgcolor=\"#FFFF00\" align=\"CENTER\"><b><span style=\"font-family: Comic Sans MS;font-size: large\">CENTRO LOCALIDAD<\/span><\/b><\/td>\n<td width=\"668\" valign=\"MIDDLE\" bgcolor=\"#FFFF00\" align=\"CENTER\"><b><span style=\"font-family: Comic Sans MS;font-size: large\">PLAN EDUCATIVO<\/span><\/b><\/td>\n<\/tr>\n<tr>\n<td valign=\"MIDDLE\" height=\"38\" align=\"CENTER\"><b><span style=\"color: #0000cc;font-family: Comic Sans MS;font-size: large\">&nbsp;<\/span><\/b><\/td>\n<td valign=\"MIDDLE\" align=\"CENTER\"><b><span style=\"font-family: Comic Sans MS;font-size: large\">&nbsp;<\/span><\/b><\/td>\n<\/tr>\n<tr>\n<td rowspan=\"14\" valign=\"MIDDLE\" height=\"529\" bgcolor=\"#CCFFFF\" align=\"CENTER\"><span style=\"color: #0000cc;font-family: Comic Sans MS;font-size: large\">CEPER \u201cConstituci\u00f3n Espa\u00f1ola\u201d de Ronda y aulas de Montecorto y Barrio de San Francisco<\/span><\/td>\n<td valign=\"MIDDLE\" bgcolor=\"#CCFFFF\" align=\"LEFT\"><span style=\"font-family: Comic Sans MS;font-size: large\">Semipresencial EOI Nivel I<\/span><\/td>\n<\/tr>\n<tr>\n<td valign=\"MIDDLE\" bgcolor=\"#CCFFFF\" align=\"LEFT\"><span style=\"font-family: Comic Sans MS;font-size: large\">Semipresencial EOI Nivel II<\/span><\/td>\n<\/tr>\n<tr>\n<td valign=\"MIDDLE\" bgcolor=\"#CCFFFF\" align=\"LEFT\"><span style=\"font-family: Comic Sans MS;font-size: large\">Prueba Libre<\/span><\/td>\n<\/tr>\n<tr>\n<td valign=\"MIDDLE\" bgcolor=\"#CCFFFF\" align=\"LEFT\"><span style=\"font-family: Comic Sans MS;font-size: large\">Semipresencial ESPA Nivel I<\/span><\/td>\n<\/tr>\n<tr>\n<td valign=\"MIDDLE\" bgcolor=\"#CCFFFF\" align=\"LEFT\"><span style=\"font-family: Comic Sans MS;font-size: large\">Semipresencial ESPA Nivel II<\/span><\/td>\n<\/tr>\n<tr>\n<td valign=\"MIDDLE\" bgcolor=\"#CCFFFF\" align=\"LEFT\"><span style=\"font-family: Comic Sans MS;font-size: large\">Espa\u00f1ol para extranjeros Niveles I y II<\/span><\/td>\n<\/tr>\n<tr>\n<td valign=\"MIDDLE\" bgcolor=\"#CCFFFF\" align=\"LEFT\"><span style=\"font-family: Comic Sans MS;font-size: large\">Memoria Nivel II<\/span><\/td>\n<\/tr>\n<tr>\n<td valign=\"MIDDLE\" bgcolor=\"#CCFFFF\" align=\"LEFT\"><span style=\"font-family: Comic Sans MS;font-size: large\">Adquisici\u00f3n de H\u00e1bitos de Vida saludable<\/span><\/td>\n<\/tr>\n<tr>\n<td valign=\"MIDDLE\" bgcolor=\"#CCFFFF\" align=\"LEFT\"><span style=\"font-family: Comic Sans MS;font-size: large\">Plan Patrimonio Andaluz (alfabetizaci\u00f3n)<\/span><\/td>\n<\/tr>\n<tr>\n<td valign=\"MIDDLE\" bgcolor=\"#CCFFFF\" align=\"LEFT\"><span style=\"font-family: Comic Sans MS;font-size: large\">Plan Patrimonio Andaluz (Grupo tarde)<\/span><\/td>\n<\/tr>\n<tr>\n<td valign=\"MIDDLE\" bgcolor=\"#CCFFFF\" align=\"LEFT\"><span style=\"font-family: Comic Sans MS;font-size: large\">Formaci\u00f3n B\u00e1sica<\/span><\/td>\n<\/tr>\n<tr>\n<td valign=\"MIDDLE\" bgcolor=\"#CCFFFF\" align=\"LEFT\"><span style=\"font-family: Comic Sans MS;font-size: large\">Fomento de la Cultura Emprendedora<\/span><\/td>\n<\/tr>\n<tr>\n<td valign=\"MIDDLE\" bgcolor=\"#CCFFFF\" align=\"LEFT\"><span style=\"font-family: Comic Sans MS;font-size: large\">Uso B\u00e1sico de Idioma Extranjero (Ingl\u00e9s)<\/span><\/td>\n<\/tr>\n<tr>\n<td valign=\"MIDDLE\" bgcolor=\"#CCFFFF\" align=\"LEFT\"><span style=\"font-family: Comic Sans MS;font-size: large\">Uso B\u00e1sico Tecnolog\u00edas de la Informaci\u00f3n y Comunicaci\u00f3n<\/span><\/td>\n<\/tr>\n<tr>\n<td valign=\"MIDDLE\" height=\"38\" align=\"CENTER\"><span style=\"color: #0000cc;font-family: Comic Sans MS;font-size: large\">&nbsp;<\/span><\/td>\n<td valign=\"MIDDLE\" align=\"LEFT\"><span style=\"font-family: Comic Sans MS;font-size: large\">&nbsp;<\/span><\/td>\n<\/tr>\n<tr>\n<td rowspan=\"3\" valign=\"MIDDLE\" height=\"113\" bgcolor=\"#FFFFCC\" align=\"CENTER\"><span style=\"color: #0000cc;font-family: Comic Sans MS;font-size: large\">SEP \u201cLlano del Rey Algatoc\u00edn\u201d<\/span><\/td>\n<td valign=\"MIDDLE\" bgcolor=\"#FFFFCC\" align=\"LEFT\"><span style=\"font-family: Comic Sans MS;font-size: large\">Semipresencial ESPA<\/span><\/td>\n<\/tr>\n<tr>\n<td valign=\"MIDDLE\" bgcolor=\"#FFFFCC\" align=\"LEFT\"><span style=\"font-family: Comic Sans MS;font-size: large\">Uso b\u00e1sico de idiomas: Ingl\u00e9s<\/span><\/td>\n<\/tr>\n<tr>\n<td valign=\"MIDDLE\" bgcolor=\"#FFFFCC\" align=\"LEFT\"><span style=\"font-family: Comic Sans MS;font-size: large\">Plan Patrimonio Andaluz<\/span><\/td>\n<\/tr>\n<tr>\n<td valign=\"MIDDLE\" height=\"38\" align=\"CENTER\"><span style=\"color: #0000cc;font-family: Comic Sans MS;font-size: large\">&nbsp;<\/span><\/td>\n<td valign=\"MIDDLE\" align=\"LEFT\"><span style=\"font-family: Comic Sans MS;font-size: large\">&nbsp;<\/span><\/td>\n<\/tr>\n<tr>\n<td rowspan=\"5\" valign=\"MIDDLE\" height=\"189\" bgcolor=\"#EEEEEE\" align=\"CENTER\"><span style=\"color: #0000cc;font-family: Comic Sans MS;font-size: large\">SEP \u201cPaz M\u00e1rquez y Jos\u00e9 Beneroso\u201d Cortes de la Frontera<\/span><\/td>\n<td valign=\"MIDDLE\" bgcolor=\"#EEEEEE\" align=\"LEFT\"><span style=\"font-family: Comic Sans MS;font-size: large\">Semipresencial ESPA<\/span><\/td>\n<\/tr>\n<tr>\n<td valign=\"MIDDLE\" bgcolor=\"#EEEEEE\" align=\"LEFT\"><span style=\"font-family: Comic Sans MS;font-size: large\">Plan Patrimonio Andaluz<\/span><\/td>\n<\/tr>\n<tr>\n<td valign=\"MIDDLE\" bgcolor=\"#EEEEEE\" align=\"LEFT\"><span style=\"font-family: Comic Sans MS;font-size: large\">Espa\u00f1ol para extranjeros<\/span><\/td>\n<\/tr>\n<tr>\n<td valign=\"MIDDLE\" bgcolor=\"#EEEEEE\" align=\"LEFT\"><span style=\"font-family: Comic Sans MS;font-size: large\">Uso B\u00e1sico de Idioma Extranjero (Ingl\u00e9s)<\/span><\/td>\n<\/tr>\n<tr>\n<td valign=\"MIDDLE\" bgcolor=\"#EEEEEE\" align=\"LEFT\"><span style=\"font-family: Comic Sans MS;font-size: large\">Formaci\u00f3n B\u00e1sica<\/span><\/td>\n<\/tr>\n<tr>\n<td valign=\"MIDDLE\" height=\"38\" align=\"CENTER\"><span style=\"color: #0000cc;font-family: Comic Sans MS;font-size: large\">&nbsp;<\/span><\/td>\n<td valign=\"MIDDLE\" align=\"LEFT\"><span style=\"font-family: Comic Sans MS;font-size: large\">&nbsp;<\/span><\/td>\n<\/tr>\n<tr>\n<td rowspan=\"3\" valign=\"MIDDLE\" height=\"113\" bgcolor=\"#CCFFFF\" align=\"CENTER\"><span style=\"color: #0000cc;font-family: Comic Sans MS;font-size: large\">SEP Benarrab\u00e1<\/span><\/td>\n<td valign=\"MIDDLE\" bgcolor=\"#CCFFFF\" align=\"LEFT\"><span style=\"font-family: Comic Sans MS;font-size: large\">Semipresencial ESPA<\/span><\/td>\n<\/tr>\n<tr>\n<td valign=\"MIDDLE\" bgcolor=\"#CCFFFF\" align=\"LEFT\"><span style=\"font-family: Comic Sans MS;font-size: large\">Plan Patrimonio Andaluz<\/span><\/td>\n<\/tr>\n<tr>\n<td valign=\"MIDDLE\" bgcolor=\"#CCFFFF\" align=\"LEFT\"><span style=\"font-family: Comic Sans MS;font-size: large\">Uso B\u00e1sico de Idioma Extranjero (Ingl\u00e9s)<\/span><\/td>\n<\/tr>\n<tr>\n<td valign=\"MIDDLE\" height=\"38\" align=\"CENTER\"><span style=\"color: #0000cc;font-family: Comic Sans MS;font-size: large\">&nbsp;<\/span><\/td>\n<td valign=\"MIDDLE\" align=\"LEFT\"><span style=\"font-family: Comic Sans MS;font-size: large\">&nbsp;<\/span><\/td>\n<\/tr>\n<tr>\n<td rowspan=\"2\" valign=\"MIDDLE\" height=\"76\" bgcolor=\"#FFFFCC\" align=\"CENTER\"><span style=\"color: #0000cc;font-family: Comic Sans MS;font-size: large\">SEP Benalaur\u00eda<\/span><\/td>\n<td valign=\"MIDDLE\" bgcolor=\"#FFFFCC\" align=\"LEFT\"><span style=\"font-family: Comic Sans MS;font-size: large\">Semipresencial ESPA<\/span><\/td>\n<\/tr>\n<tr>\n<td valign=\"MIDDLE\" bgcolor=\"#FFFFCC\" align=\"LEFT\"><span style=\"font-family: Comic Sans MS;font-size: large\">Plan Patrimonio Andaluz<\/span><\/td>\n<\/tr>\n<tr>\n<td valign=\"MIDDLE\" height=\"38\" align=\"CENTER\"><span style=\"color: #0000cc;font-family: Comic Sans MS;font-size: large\">&nbsp;<\/span><\/td>\n<td valign=\"MIDDLE\" align=\"LEFT\"><span style=\"font-family: Comic Sans MS;font-size: large\">&nbsp;<\/span><\/td>\n<\/tr>\n<tr>\n<td rowspan=\"5\" valign=\"MIDDLE\" height=\"189\" bgcolor=\"#DDDDDD\" align=\"CENTER\"><span style=\"color: #0000cc;font-family: Comic Sans MS;font-size: large\">SEP \u00abRafael Alberti\u00bb (Cuevas del Becerro)<\/span><\/td>\n<td valign=\"MIDDLE\" bgcolor=\"#DDDDDD\" align=\"LEFT\"><span style=\"font-family: Comic Sans MS;font-size: large\">Formaci\u00f3n B\u00e1sica <\/span><\/td>\n<\/tr>\n<tr>\n<td valign=\"MIDDLE\" bgcolor=\"#DDDDDD\" align=\"LEFT\"><span style=\"font-family: Comic Sans MS;font-size: large\">Semipresencial ESPA Nivel I <\/span><\/td>\n<\/tr>\n<tr>\n<td valign=\"MIDDLE\" bgcolor=\"#DDDDDD\" align=\"LEFT\"><span style=\"font-family: Comic Sans MS;font-size: large\">Semipresencial ESPA Nivel II<\/span><\/td>\n<\/tr>\n<tr>\n<td valign=\"MIDDLE\" bgcolor=\"#DDDDDD\" align=\"LEFT\"><span style=\"font-family: Comic Sans MS;font-size: large\">Plan Patrimonio Andaluz<\/span><\/td>\n<\/tr>\n<tr>\n<td valign=\"MIDDLE\" bgcolor=\"#DDDDDD\" align=\"LEFT\"><span style=\"font-family: Comic Sans MS;font-size: large\">Uso B\u00e1sico de Idioma Extranjero (Ingl\u00e9s)<\/span><\/td>\n<\/tr>\n<tr>\n<td valign=\"MIDDLE\" height=\"38\" align=\"CENTER\"><span style=\"color: #0000cc;font-family: Comic Sans MS;font-size: large\">&nbsp;<\/span><\/td>\n<td valign=\"MIDDLE\" align=\"LEFT\"><span style=\"font-family: Comic Sans MS;font-size: large\">&nbsp;<\/span><\/td>\n<\/tr>\n<tr>\n<td rowspan=\"5\" valign=\"MIDDLE\" height=\"189\" bgcolor=\"#CCFFFF\" align=\"CENTER\"><span style=\"color: #0000cc;font-family: Comic Sans MS;font-size: large\">SEP Jubrique<\/span><\/td>\n<td valign=\"MIDDLE\" bgcolor=\"#CCFFFF\" align=\"LEFT\"><span style=\"font-family: Comic Sans MS;font-size: large\">Semipresencial ESPA<\/span><\/td>\n<\/tr>\n<tr>\n<td valign=\"MIDDLE\" bgcolor=\"#CCFFFF\" align=\"LEFT\"><span style=\"font-family: Comic Sans MS;font-size: large\">Adquisici\u00f3n de H\u00e1bitos de Vida saludable (Memoria)<\/span><\/td>\n<\/tr>\n<tr>\n<td valign=\"MIDDLE\" bgcolor=\"#CCFFFF\" align=\"LEFT\"><span style=\"font-family: Comic Sans MS;font-size: large\">Espa\u00f1ol para extranjeros<\/span><\/td>\n<\/tr>\n<tr>\n<td valign=\"MIDDLE\" bgcolor=\"#CCFFFF\" align=\"LEFT\"><span style=\"font-family: Comic Sans MS;font-size: large\">Uso B\u00e1sico de Idioma Extranjero (Ingl\u00e9s)<\/span><\/td>\n<\/tr>\n<tr>\n<td valign=\"MIDDLE\" bgcolor=\"#CCFFFF\" align=\"LEFT\"><span style=\"font-family: Comic Sans MS;font-size: large\">Formaci\u00f3n B\u00e1sica<\/span><\/td>\n<\/tr>\n<tr>\n<td valign=\"MIDDLE\" height=\"38\" align=\"CENTER\"><span style=\"color: #0000cc;font-family: Comic Sans MS;font-size: large\">&nbsp;<\/span><\/td>\n<td valign=\"MIDDLE\" align=\"LEFT\"><span style=\"font-family: Comic Sans MS;font-size: large\">&nbsp;<\/span><\/td>\n<\/tr>\n<tr>\n<td rowspan=\"6\" valign=\"MIDDLE\" height=\"227\" bgcolor=\"#FFFFCC\" align=\"CENTER\"><span style=\"color: #0000cc;font-family: Comic Sans MS;font-size: large\">SEP \u00abR\u00edo Genal\u00bb Genalguacil<\/span><\/td>\n<td valign=\"MIDDLE\" bgcolor=\"#FFFFCC\" align=\"LEFT\"><span style=\"font-family: Comic Sans MS;font-size: large\">Semipresencial ESPA<\/span><\/td>\n<\/tr>\n<tr>\n<td valign=\"MIDDLE\" bgcolor=\"#FFFFCC\" align=\"LEFT\"><span style=\"font-family: Comic Sans MS;font-size: large\">Adquisici\u00f3n de H\u00e1bitos de Vida saludable (Memoria)<\/span><\/td>\n<\/tr>\n<tr>\n<td valign=\"MIDDLE\" bgcolor=\"#FFFFCC\" align=\"LEFT\"><span style=\"font-family: Comic Sans MS;font-size: large\">Formaci\u00f3n B\u00e1sica y Patrimonio<\/span><\/td>\n<\/tr>\n<tr>\n<td valign=\"MIDDLE\" bgcolor=\"#FFFFCC\" align=\"LEFT\"><span style=\"font-family: Comic Sans MS;font-size: large\">Fomento de la Cultura Emprendedora<\/span><\/td>\n<\/tr>\n<tr>\n<td valign=\"MIDDLE\" bgcolor=\"#FFFFCC\" align=\"LEFT\"><span style=\"font-family: Comic Sans MS;font-size: large\">Espa\u00f1ol para extranjeros<\/span><\/td>\n<\/tr>\n<tr>\n<td valign=\"MIDDLE\" bgcolor=\"#FFFFCC\" align=\"LEFT\"><span style=\"font-family: Comic Sans MS;font-size: large\">Uso B\u00e1sico de Idioma Extranjero (Ingl\u00e9s)<\/span><\/td>\n<\/tr>\n<tr>\n<td valign=\"MIDDLE\" height=\"38\" align=\"CENTER\"><span style=\"color: #0000cc;font-family: Comic Sans MS;font-size: large\">&nbsp;<\/span><\/td>\n<td valign=\"MIDDLE\" align=\"LEFT\"><span style=\"font-family: Comic Sans MS;font-size: large\">&nbsp;<\/span><\/td>\n<\/tr>\n<tr>\n<td rowspan=\"5\" valign=\"MIDDLE\" height=\"189\" bgcolor=\"#EEEEEE\" align=\"CENTER\"><span style=\"color: #0000cc;font-family: Comic Sans MS;font-size: large\">SEP \u00abLos Vergeles\u00bb Arriate<\/span><\/td>\n<td valign=\"MIDDLE\" bgcolor=\"#EEEEEE\" align=\"LEFT\"><span style=\"font-family: Comic Sans MS;font-size: large\">Semipresencial ESPA<\/span><\/td>\n<\/tr>\n<tr>\n<td valign=\"MIDDLE\" bgcolor=\"#EEEEEE\" align=\"LEFT\"><span style=\"font-family: Comic Sans MS;font-size: large\">Adquisici\u00f3n de H\u00e1bitos de Vida saludable<\/span><\/td>\n<\/tr>\n<tr>\n<td valign=\"MIDDLE\" bgcolor=\"#EEEEEE\" align=\"LEFT\"><span style=\"font-family: Comic Sans MS;font-size: large\">Plan Patrimonio Andaluz<\/span><\/td>\n<\/tr>\n<tr>\n<td valign=\"MIDDLE\" bgcolor=\"#EEEEEE\" align=\"LEFT\"><span style=\"font-family: Comic Sans MS;font-size: large\">Uso B\u00e1sico de Idioma Extranjero (Ingl\u00e9s)<\/span><\/td>\n<\/tr>\n<tr>\n<td valign=\"MIDDLE\" bgcolor=\"#EEEEEE\" align=\"LEFT\"><span style=\"font-family: Comic Sans MS;font-size: large\">Uso B\u00e1sico Tecnolog\u00edas de la Informaci\u00f3n y Comunicaci\u00f3n<\/span><\/td>\n<\/tr>\n<tr>\n<td valign=\"MIDDLE\" height=\"38\" align=\"CENTER\"><span style=\"color: #0000cc;font-family: Comic Sans MS;font-size: large\">&nbsp;<\/span><\/td>\n<td valign=\"MIDDLE\" align=\"LEFT\"><span style=\"font-family: Comic Sans MS;font-size: large\">&nbsp;<\/span><\/td>\n<\/tr>\n<tr>\n<td rowspan=\"4\" valign=\"MIDDLE\" height=\"151\" bgcolor=\"#CCFFFF\" align=\"CENTER\"><span style=\"color: #0000cc;font-family: Comic Sans MS;font-size: large\">El Burgo<\/span><\/td>\n<td valign=\"MIDDLE\" bgcolor=\"#CCFFFF\" align=\"LEFT\"><span style=\"font-family: Comic Sans MS;font-size: large\">Semipresencial ESPA <\/span><\/td>\n<\/tr>\n<tr>\n<td valign=\"MIDDLE\" bgcolor=\"#CCFFFF\" align=\"LEFT\"><span style=\"font-family: Comic Sans MS;font-size: large\">Formaci\u00f3n B\u00e1sica y Patrimonio<\/span><\/td>\n<\/tr>\n<tr>\n<td valign=\"MIDDLE\" bgcolor=\"#CCFFFF\" align=\"LEFT\"><span style=\"font-family: Comic Sans MS;font-size: large\">Uso B\u00e1sico de Idioma Extranjero (Ingl\u00e9s)<\/span><\/td>\n<\/tr>\n<tr>\n<td valign=\"MIDDLE\" bgcolor=\"#CCFFFF\" align=\"LEFT\"><span style=\"font-family: Comic Sans MS;font-size: large\">Uso B\u00e1sico Tecnolog\u00edas de la Informaci\u00f3n y Comunicaci\u00f3n<\/span><\/td>\n<\/tr>\n<tr>\n<td valign=\"MIDDLE\" height=\"38\" align=\"CENTER\"><span style=\"color: #0000cc;font-family: Comic Sans MS;font-size: large\">&nbsp;<\/span><\/td>\n<td valign=\"MIDDLE\" align=\"LEFT\"><span style=\"font-family: Comic Sans MS;font-size: large\">&nbsp;<\/span><\/td>\n<\/tr>\n<tr>\n<td rowspan=\"5\" valign=\"MIDDLE\" height=\"189\" bgcolor=\"#FFFFCC\" align=\"CENTER\"><span style=\"color: #0000cc;font-family: Comic Sans MS;font-size: large\">SEP Yunquera<\/span><\/td>\n<td valign=\"MIDDLE\" bgcolor=\"#FFFFCC\" align=\"LEFT\"><span style=\"font-family: Comic Sans MS;font-size: large\">Semipresencial ESPA<\/span><\/td>\n<\/tr>\n<tr>\n<td valign=\"MIDDLE\" bgcolor=\"#FFFFCC\" align=\"LEFT\"><span style=\"font-family: Comic Sans MS;font-size: large\">Formaci\u00f3n B\u00e1sica y Patrimonio<\/span><\/td>\n<\/tr>\n<tr>\n<td valign=\"MIDDLE\" bgcolor=\"#FFFFCC\" align=\"LEFT\"><span style=\"font-family: Comic Sans MS;font-size: large\">Uso B\u00e1sico de Idioma Extranjero (Ingl\u00e9s)<\/span><\/td>\n<\/tr>\n<tr>\n<td valign=\"MIDDLE\" bgcolor=\"#FFFFCC\" align=\"LEFT\"><span style=\"font-family: Comic Sans MS;font-size: large\">Espa\u00f1ol para extranjeros<\/span><\/td>\n<\/tr>\n<tr>\n<td valign=\"MIDDLE\" bgcolor=\"#FFFFCC\" align=\"LEFT\"><span style=\"font-family: Comic Sans MS;font-size: large\">Uso B\u00e1sico Tecnolog\u00edas de la Informaci\u00f3n y Comunicaci\u00f3n<\/span><\/td>\n<\/tr>\n<tr>\n<td valign=\"MIDDLE\" height=\"38\" align=\"CENTER\"><span style=\"color: #0000cc;font-family: Comic Sans MS;font-size: large\">&nbsp;<\/span><\/td>\n<td valign=\"MIDDLE\" align=\"LEFT\"><span style=\"font-family: Comic Sans MS;font-size: large\">&nbsp;<\/span><\/td>\n<\/tr>\n<tr>\n<td rowspan=\"16\" valign=\"MIDDLE\" height=\"605\" bgcolor=\"#EEEEEE\" align=\"CENTER\"><span style=\"color: #0000cc;font-family: Comic Sans MS;font-size: large\">SEP \u00abLos Casta\u00f1ares\u00bb (Igualeja) <\/span><\/td>\n<td valign=\"MIDDLE\" bgcolor=\"#EEEEEE\" align=\"LEFT\"><span style=\"font-family: Comic Sans MS;font-size: large\">Prueba Libre Secundaria (Cartajima)<\/span><\/td>\n<\/tr>\n<tr>\n<td valign=\"MIDDLE\" bgcolor=\"#EEEEEE\" align=\"LEFT\"><span style=\"font-family: Comic Sans MS;font-size: large\">Prueba Libre Secundaria (Parauta)<\/span><\/td>\n<\/tr>\n<tr>\n<td valign=\"MIDDLE\" bgcolor=\"#EEEEEE\" align=\"LEFT\"><span style=\"font-family: Comic Sans MS;font-size: large\">Semipresencial ESPA (J\u00fazcar) <\/span><\/td>\n<\/tr>\n<tr>\n<td valign=\"MIDDLE\" bgcolor=\"#EEEEEE\" align=\"LEFT\"><span style=\"font-family: Comic Sans MS;font-size: large\">Semipresencial ESPA (Parauta) <\/span><\/td>\n<\/tr>\n<tr>\n<td valign=\"MIDDLE\" bgcolor=\"#EEEEEE\" align=\"LEFT\"><span style=\"font-family: Comic Sans MS;font-size: large\">Semipresencial ESPA (Igualeja)<\/span><\/td>\n<\/tr>\n<tr>\n<td valign=\"MIDDLE\" bgcolor=\"#EEEEEE\" align=\"LEFT\"><span style=\"font-family: Comic Sans MS;font-size: large\">Plan Patrimonio Andaluz (Parauta)<\/span><\/td>\n<\/tr>\n<tr>\n<td valign=\"MIDDLE\" bgcolor=\"#EEEEEE\" align=\"LEFT\"><span style=\"font-family: Comic Sans MS;font-size: large\">Plan Patrimonio Andaluz (Cartajima)<\/span><\/td>\n<\/tr>\n<tr>\n<td valign=\"MIDDLE\" bgcolor=\"#EEEEEE\" align=\"LEFT\"><span style=\"font-family: Comic Sans MS;font-size: large\">Plan Patrimonio Andaluz (Igualeja)<\/span><\/td>\n<\/tr>\n<tr>\n<td valign=\"MIDDLE\" bgcolor=\"#EEEEEE\" align=\"LEFT\"><span style=\"font-family: Comic Sans MS;font-size: large\">Plan Patrimonio Andaluz (Pujerra)<\/span><\/td>\n<\/tr>\n<tr>\n<td valign=\"MIDDLE\" bgcolor=\"#EEEEEE\" align=\"LEFT\"><span style=\"font-family: Comic Sans MS;font-size: large\">Espa\u00f1ol para extranjeros (Cartajima)<\/span><\/td>\n<\/tr>\n<tr>\n<td valign=\"MIDDLE\" bgcolor=\"#EEEEEE\" align=\"LEFT\"><span style=\"font-family: Comic Sans MS;font-size: large\">Uso b\u00e1sico de idiomas: Ingl\u00e9s (J\u00fazcar)<\/span><\/td>\n<\/tr>\n<tr>\n<td valign=\"MIDDLE\" bgcolor=\"#EEEEEE\" align=\"LEFT\"><span style=\"font-family: Comic Sans MS;font-size: large\">Uso b\u00e1sico de idiomas: Ingl\u00e9s (Cartajima)<\/span><\/td>\n<\/tr>\n<tr>\n<td valign=\"MIDDLE\" bgcolor=\"#EEEEEE\" align=\"LEFT\"><span style=\"font-family: Comic Sans MS;font-size: large\">Uso b\u00e1sico de idiomas: Ingl\u00e9s (Igualeja)<\/span><\/td>\n<\/tr>\n<tr>\n<td valign=\"MIDDLE\" bgcolor=\"#EEEEEE\" align=\"LEFT\"><span style=\"font-family: Comic Sans MS;font-size: large\">Uso B\u00e1sico Tecnolog\u00edas de la Informaci\u00f3n y Comunicaci\u00f3n (Igualeja)<\/span><\/td>\n<\/tr>\n<tr>\n<td valign=\"MIDDLE\" bgcolor=\"#EEEEEE\" align=\"LEFT\"><span style=\"font-family: Comic Sans MS;font-size: large\">Uso B\u00e1sico Tecnolog\u00edas de la Informaci\u00f3n y Comunicaci\u00f3n (Cartajima)<\/span><\/td>\n<\/tr>\n<tr>\n<td valign=\"MIDDLE\" bgcolor=\"#EEEEEE\" align=\"LEFT\"><span style=\"font-family: Comic Sans MS;font-size: large\">Uso B\u00e1sico Tecnolog\u00edas de la Informaci\u00f3n y Comunicaci\u00f3n (J\u00fazcar)<\/span><\/td>\n<\/tr>\n<tr>\n<td valign=\"MIDDLE\" height=\"38\" align=\"CENTER\"><span style=\"color: #0000cc;font-family: Comic Sans MS;font-size: large\">&nbsp;<\/span><\/td>\n<td valign=\"MIDDLE\" align=\"LEFT\"><span style=\"font-family: Comic Sans MS;font-size: large\">&nbsp;<\/span><\/td>\n<\/tr>\n<tr>\n<td rowspan=\"4\" valign=\"MIDDLE\" height=\"151\" bgcolor=\"#CCFFFF\" align=\"CENTER\"><span style=\"color: #0000cc;font-family: Comic Sans MS;font-size: large\">SEP Montejaque<\/span><\/td>\n<td valign=\"MIDDLE\" bgcolor=\"#CCFFFF\" align=\"LEFT\"><span style=\"font-family: Comic Sans MS;font-size: large\">Adquisici\u00f3n de H\u00e1bitos de Vida saludable (Memoria)<\/span><\/td>\n<\/tr>\n<tr>\n<td valign=\"MIDDLE\" bgcolor=\"#CCFFFF\" align=\"LEFT\"><span style=\"font-family: Comic Sans MS;font-size: large\">Plan Patrimonio Andaluz<\/span><\/td>\n<\/tr>\n<tr>\n<td valign=\"MIDDLE\" bgcolor=\"#CCFFFF\" align=\"LEFT\"><span style=\"font-family: Comic Sans MS;font-size: large\">Espa\u00f1ol para extranjeros<\/span><\/td>\n<\/tr>\n<tr>\n<td valign=\"MIDDLE\" bgcolor=\"#CCFFFF\" align=\"LEFT\"><span style=\"font-family: Comic Sans MS;font-size: large\">Uso b\u00e1sico de idiomas: Ingl\u00e9s <\/span><\/td>\n<\/tr>\n<tr>\n<td valign=\"MIDDLE\" height=\"38\" align=\"CENTER\"><span style=\"color: #0000cc;font-family: Comic Sans MS;font-size: large\">&nbsp;<\/span><\/td>\n<td valign=\"MIDDLE\" align=\"LEFT\"><span style=\"font-family: Comic Sans MS;font-size: large\">&nbsp;<\/span><\/td>\n<\/tr>\n<tr>\n<td rowspan=\"2\" valign=\"MIDDLE\" height=\"76\" bgcolor=\"#FFFFCC\" align=\"CENTER\"><span style=\"color: #0000cc;font-family: Comic Sans MS;font-size: large\">SEP Benaoj\u00e1n<\/span><\/td>\n<td valign=\"MIDDLE\" bgcolor=\"#FFFFCC\" align=\"LEFT\"><span style=\"font-family: Comic Sans MS;font-size: large\">Semipresencial ESPA<\/span><\/td>\n<\/tr>\n<tr>\n<td valign=\"MIDDLE\" bgcolor=\"#FFFFCC\" align=\"LEFT\"><span style=\"font-family: Comic Sans MS;font-size: large\">Uso b\u00e1sico de idiomas: Ingl\u00e9s<\/span><\/td>\n<\/tr>\n<tr>\n<td valign=\"MIDDLE\" height=\"38\" align=\"CENTER\"><span style=\"color: #0000cc;font-family: Comic Sans MS;font-size: large\">&nbsp;<\/span><\/td>\n<td valign=\"MIDDLE\" align=\"LEFT\"><span style=\"font-family: Comic Sans MS;font-size: large\">&nbsp;<\/span><\/td>\n<\/tr>\n<tr>\n<td rowspan=\"8\" valign=\"MIDDLE\" height=\"302\" bgcolor=\"#EEEEEE\" align=\"CENTER\"><span style=\"color: #0000cc;font-family: Comic Sans MS;font-size: large\">SEP \u00abMonte Hacho\u00bb Gauc\u00edn<\/span><\/td>\n<td valign=\"MIDDLE\" bgcolor=\"#EEEEEE\" align=\"LEFT\"><span style=\"font-family: Comic Sans MS;font-size: large\">Semipresencial ESPA (Gauc\u00edn)<\/span><\/td>\n<\/tr>\n<tr>\n<td valign=\"MIDDLE\" bgcolor=\"#EEEEEE\" align=\"LEFT\"><span style=\"font-family: Comic Sans MS;font-size: large\">Semipresencial ESPA(Colmenar)<\/span><\/td>\n<\/tr>\n<tr>\n<td valign=\"MIDDLE\" bgcolor=\"#EEEEEE\" align=\"LEFT\"><span style=\"font-family: Comic Sans MS;font-size: large\">Plan Patrimonio Andaluz (Gauc\u00edn)<\/span><\/td>\n<\/tr>\n<tr>\n<td valign=\"MIDDLE\" bgcolor=\"#EEEEEE\" align=\"LEFT\"><span style=\"font-family: Comic Sans MS;font-size: large\">Plan Patrimonio Andaluz (Colmenar)<\/span><\/td>\n<\/tr>\n<tr>\n<td valign=\"MIDDLE\" bgcolor=\"#EEEEEE\" align=\"LEFT\"><span style=\"font-family: Comic Sans MS;font-size: large\">Espa\u00f1ol para extranjeros (Gauc\u00edn)<\/span><\/td>\n<\/tr>\n<tr>\n<td valign=\"MIDDLE\" bgcolor=\"#EEEEEE\" align=\"LEFT\"><span style=\"font-family: Comic Sans MS;font-size: large\">Espa\u00f1ol para extranjeros (Colmenar)<\/span><\/td>\n<\/tr>\n<tr>\n<td valign=\"MIDDLE\" bgcolor=\"#EEEEEE\" align=\"LEFT\"><span style=\"font-family: Comic Sans MS;font-size: large\">Uso b\u00e1sico de idiomas: Ingl\u00e9s (Gauc\u00edn)<\/span><\/td>\n<\/tr>\n<tr>\n<td valign=\"MIDDLE\" bgcolor=\"#EEEEEE\" align=\"LEFT\"><span style=\"font-family: Comic Sans MS;font-size: large\">Uso b\u00e1sico de idiomas: Ingl\u00e9s (Colmenar)<\/span><\/td>\n<\/tr>\n<tr>\n<td valign=\"MIDDLE\" height=\"38\" align=\"CENTER\"><span style=\"color: #0000cc;font-family: Comic Sans MS;font-size: large\">&nbsp;<\/span><\/td>\n<td valign=\"MIDDLE\" align=\"LEFT\"><span style=\"font-family: Comic Sans MS;font-size: large\">&nbsp;<\/span><\/td>\n<\/tr>\n<tr>\n<td rowspan=\"2\" valign=\"MIDDLE\" height=\"76\" bgcolor=\"#EEEEEE\" align=\"CENTER\"><span style=\"color: #0000cc;font-family: Comic Sans MS;font-size: large\">SEP Benadalid<\/span><\/td>\n<td valign=\"MIDDLE\" bgcolor=\"#EEEEEE\" align=\"LEFT\"><span style=\"font-family: Comic Sans MS;font-size: large\">Semipresencial ESPA<\/span><\/td>\n<\/tr>\n<tr>\n<td valign=\"MIDDLE\" bgcolor=\"#EEEEEE\" align=\"LEFT\"><span style=\"font-family: Comic Sans MS;font-size: large\">Plan Patrimonio Andaluz<\/span><\/td>\n<\/tr>\n<\/tbody>\n<\/table>\n","protected":false},"excerpt":{"rendered":"<p>CENTRO LOCALIDAD PLAN EDUCATIVO &nbsp; &nbsp; CEPER \u201cConstituci\u00f3n Espa\u00f1ola\u201d de Ronda y aulas de Montecorto y Barrio de San Francisco Semipresencial EOI Nivel I Semipresencial EOI Nivel II Prueba Libre Semipresencial ESPA Nivel I&#46;&#46;&#46;<\/p>\n","protected":false},"author":4152,"featured_media":0,"parent":0,"menu_order":0,"comment_status":"closed","ping_status":"closed","template":"","meta":{"ngg_post_thumbnail":0,"footnotes":""},"aioseo_notices":[],"_links":{"self":[{"href":"https:\/\/blogsaverroes.juntadeandalucia.es\/ceperronda\/wp-json\/wp\/v2\/pages\/324"}],"collection":[{"href":"https:\/\/blogsaverroes.juntadeandalucia.es\/ceperronda\/wp-json\/wp\/v2\/pages"}],"about":[{"href":"https:\/\/blogsaverroes.juntadeandalucia.es\/ceperronda\/wp-json\/wp\/v2\/types\/page"}],"author":[{"embeddable":true,"href":"https:\/\/blogsaverroes.juntadeandalucia.es\/ceperronda\/wp-json\/wp\/v2\/users\/4152"}],"replies":[{"embeddable":true,"href":"https:\/\/blogsaverroes.juntadeandalucia.es\/ceperronda\/wp-json\/wp\/v2\/comments?post=324"}],"version-history":[{"count":9,"href":"https:\/\/blogsaverroes.juntadeandalucia.es\/ceperronda\/wp-json\/wp\/v2\/pages\/324\/revisions"}],"predecessor-version":[{"id":485,"href":"https:\/\/blogsaverroes.juntadeandalucia.es\/ceperronda\/wp-json\/wp\/v2\/pages\/324\/revisions\/485"}],"wp:attachment":[{"href":"https:\/\/blogsaverroes.juntadeandalucia.es\/ceperronda\/wp-json\/wp\/v2\/media?parent=324"}],"curies":[{"name":"wp","href":"https:\/\/api.w.org\/{rel}","templated":true}]}}