{"id":329,"date":"2020-10-31T20:36:18","date_gmt":"2020-10-31T20:36:18","guid":{"rendered":"https:\/\/blogsaverroes.juntadeandalucia.es\/ceperronda\/?page_id=329"},"modified":"2020-11-02T18:39:35","modified_gmt":"2020-11-02T18:39:35","slug":"sep-benarraba","status":"publish","type":"page","link":"https:\/\/blogsaverroes.juntadeandalucia.es\/ceperronda\/sep-benarraba\/","title":{"rendered":"SEP Benarrab\u00e1"},"content":{"rendered":"<p style=\"text-align: right\" align=\"JUSTIFY\"><span style=\"color: #0000cc\"><span style=\"font-family: Comic Sans MS, cursive\"><span style=\"font-size: large\"><b><img fetchpriority=\"high\" decoding=\"async\" class=\"alignleft wp-image-330 \" src=\"https:\/\/blogsaverroes.juntadeandalucia.es\/ceperronda\/files\/2020\/10\/BENARRABA-1024x575.jpg\" alt=\"\" width=\"799\" height=\"449\" srcset=\"https:\/\/blogsaverroes.juntadeandalucia.es\/ceperronda\/files\/2020\/10\/BENARRABA-1024x575.jpg 1024w, https:\/\/blogsaverroes.juntadeandalucia.es\/ceperronda\/files\/2020\/10\/BENARRABA-300x169.jpg 300w, https:\/\/blogsaverroes.juntadeandalucia.es\/ceperronda\/files\/2020\/10\/BENARRABA-768x431.jpg 768w, https:\/\/blogsaverroes.juntadeandalucia.es\/ceperronda\/files\/2020\/10\/BENARRABA-1536x863.jpg 1536w, https:\/\/blogsaverroes.juntadeandalucia.es\/ceperronda\/files\/2020\/10\/BENARRABA-2048x1150.jpg 2048w, https:\/\/blogsaverroes.juntadeandalucia.es\/ceperronda\/files\/2020\/10\/BENARRABA-24x13.jpg 24w, https:\/\/blogsaverroes.juntadeandalucia.es\/ceperronda\/files\/2020\/10\/BENARRABA-36x20.jpg 36w, https:\/\/blogsaverroes.juntadeandalucia.es\/ceperronda\/files\/2020\/10\/BENARRABA-48x27.jpg 48w\" sizes=\"(max-width: 799px) 100vw, 799px\" \/><\/b><\/span><\/span><\/span><\/p>\n<p align=\"JUSTIFY\">&nbsp;<\/p>\n<p align=\"JUSTIFY\">&nbsp;<\/p>\n<p style=\"text-align: left\" align=\"JUSTIFY\"><span style=\"color: #0000cc\"><span style=\"font-family: Comic Sans MS, cursive\"><span style=\"font-size: large\"><b>SEP BENARRAB\u00c1 <\/b><\/span><\/span><\/span><\/p>\n<p style=\"text-align: left\" align=\"JUSTIFY\"><span style=\"color: #006600\"><span style=\"font-family: Comic Sans MS, cursive\"><span style=\"font-size: large\"><b>Benarrab\u00e1<\/b><\/span><\/span><\/span><\/p>\n<p style=\"text-align: left\" align=\"JUSTIFY\"><strong><span style=\"font-family: Comic Sans MS, cursive\"><span style=\"font-size: large\"> Direcci\u00f3n: <\/span><\/span><\/strong><span style=\"font-family: Comic Sans MS, cursive\"><span style=\"font-size: large\">C\/Calvario, s\/n <\/span><\/span><strong><span style=\"font-family: Comic Sans MS, cursive\"><span style=\"font-size: large\"><b>CP<\/b><\/span><\/span><\/strong><strong><span style=\"font-family: Comic Sans MS, cursive\"><span style=\"font-size: large\">: <\/span><\/span><\/strong><span style=\"font-family: Comic Sans MS, cursive\"><span style=\"font-size: large\">29490 <\/span><\/span><\/p>\n<p style=\"text-align: left\"><strong><span style=\"font-family: Comic Sans MS, cursive\"><span style=\"font-size: large\"> Tel\u00e9fonos:<\/span><\/span><\/strong><span style=\"font-family: Comic Sans MS, cursive\"><span style=\"font-size: large\">952159544\/671596385 <\/span><\/span><\/p>\n<p style=\"text-align: left\"><strong><span style=\"font-family: Comic Sans MS, cursive\"><span style=\"font-size: large\"> Correo: <\/span><\/span><\/strong><a href=\"mailto:sepbenarrabaelllanodelrey@gmail.com\"><span style=\"font-family: Comic Sans MS, cursive\"><span style=\"font-size: large\">sepbenarrabaelllanodelrey@gmail.com<\/span><\/span><\/a><\/p>\n","protected":false},"excerpt":{"rendered":"<p>&nbsp; &nbsp; SEP BENARRAB\u00c1 Benarrab\u00e1 Direcci\u00f3n: C\/Calvario, s\/n CP: 29490 Tel\u00e9fonos:952159544\/671596385 Correo: sepbenarrabaelllanodelrey@gmail.com<\/p>\n","protected":false},"author":4152,"featured_media":0,"parent":0,"menu_order":0,"comment_status":"closed","ping_status":"closed","template":"","meta":{"ngg_post_thumbnail":0,"footnotes":""},"aioseo_notices":[],"_links":{"self":[{"href":"https:\/\/blogsaverroes.juntadeandalucia.es\/ceperronda\/wp-json\/wp\/v2\/pages\/329"}],"collection":[{"href":"https:\/\/blogsaverroes.juntadeandalucia.es\/ceperronda\/wp-json\/wp\/v2\/pages"}],"about":[{"href":"https:\/\/blogsaverroes.juntadeandalucia.es\/ceperronda\/wp-json\/wp\/v2\/types\/page"}],"author":[{"embeddable":true,"href":"https:\/\/blogsaverroes.juntadeandalucia.es\/ceperronda\/wp-json\/wp\/v2\/users\/4152"}],"replies":[{"embeddable":true,"href":"https:\/\/blogsaverroes.juntadeandalucia.es\/ceperronda\/wp-json\/wp\/v2\/comments?post=329"}],"version-history":[{"count":4,"href":"https:\/\/blogsaverroes.juntadeandalucia.es\/ceperronda\/wp-json\/wp\/v2\/pages\/329\/revisions"}],"predecessor-version":[{"id":540,"href":"https:\/\/blogsaverroes.juntadeandalucia.es\/ceperronda\/wp-json\/wp\/v2\/pages\/329\/revisions\/540"}],"wp:attachment":[{"href":"https:\/\/blogsaverroes.juntadeandalucia.es\/ceperronda\/wp-json\/wp\/v2\/media?parent=329"}],"curies":[{"name":"wp","href":"https:\/\/api.w.org\/{rel}","templated":true}]}}