{"id":382,"date":"2020-11-01T09:54:44","date_gmt":"2020-11-01T09:54:44","guid":{"rendered":"https:\/\/blogsaverroes.juntadeandalucia.es\/ceperronda\/?page_id=382"},"modified":"2020-11-02T19:15:52","modified_gmt":"2020-11-02T19:15:52","slug":"ceper-constitucion-espanola","status":"publish","type":"page","link":"https:\/\/blogsaverroes.juntadeandalucia.es\/ceperronda\/ceper-constitucion-espanola\/","title":{"rendered":"CEPER CONSTITUCI\u00d3N ESPA\u00d1OLA"},"content":{"rendered":"<p style=\"text-align: left\" align=\"JUSTIFY\"><strong><span style=\"color: #0000cc\"><span style=\"font-family: Comic Sans MS, cursive\"><span style=\"font-size: large\"><img fetchpriority=\"high\" decoding=\"async\" class=\"alignleft wp-image-380 \" src=\"https:\/\/blogsaverroes.juntadeandalucia.es\/ceperronda\/files\/2020\/10\/CEPER-RONDA-NEVADO.jpg\" alt=\"\" width=\"587\" height=\"330\" srcset=\"https:\/\/blogsaverroes.juntadeandalucia.es\/ceperronda\/files\/2020\/10\/CEPER-RONDA-NEVADO.jpg 299w, https:\/\/blogsaverroes.juntadeandalucia.es\/ceperronda\/files\/2020\/10\/CEPER-RONDA-NEVADO-24x13.jpg 24w, https:\/\/blogsaverroes.juntadeandalucia.es\/ceperronda\/files\/2020\/10\/CEPER-RONDA-NEVADO-36x20.jpg 36w, https:\/\/blogsaverroes.juntadeandalucia.es\/ceperronda\/files\/2020\/10\/CEPER-RONDA-NEVADO-48x27.jpg 48w\" sizes=\"(max-width: 587px) 100vw, 587px\" \/><\/span><\/span><\/span><\/strong><\/p>\n<p align=\"JUSTIFY\">&nbsp;<\/p>\n<p align=\"JUSTIFY\">&nbsp;<\/p>\n<p style=\"text-align: left\" align=\"JUSTIFY\"><span style=\"font-family: comic sans ms, sans-serif;font-size: 18pt\"><strong><span style=\"color: #0000cc\">CEPER \u00abCONSTITUCI\u00d3N ESPA\u00d1OLA\u00bb<\/span><\/strong><\/span><\/p>\n<p style=\"text-align: left\" align=\"JUSTIFY\"><span style=\"font-family: comic sans ms, sans-serif;font-size: 18pt\"><strong><span style=\"color: #006600\">Ronda<\/span><\/strong><\/span><\/p>\n<p style=\"text-align: left\" align=\"JUSTIFY\"><span style=\"font-family: comic sans ms, sans-serif;font-size: 18pt\"><strong><b>Direcci\u00f3n<\/b><\/strong><strong>: C\/ Laur\u00eda, 39 <\/strong><strong><b>CP<\/b><\/strong><strong> 29400<\/strong><\/span><\/p>\n<p style=\"text-align: left\" align=\"JUSTIFY\"><span style=\"font-family: comic sans ms, sans-serif;font-size: 18pt\"><strong><b>Tel\u00e9fonos<\/b><\/strong><strong>: <\/strong>952154010 &#8211; 671596389<\/span><\/p>\n<p align=\"JUSTIFY\"><span style=\"font-family: comic sans ms, sans-serif;font-size: 18pt\"><strong>Correo: <\/strong><\/span><strong><a href=\"mailto:ceperronda@hotmail.com\"><span style=\"font-family: comic sans ms, sans-serif;font-size: 18pt\">ceperronda@hotmail.com<\/span><\/a><\/strong><\/p>\n<p align=\"JUSTIFY\">&nbsp;<\/p>\n<p style=\"text-align: left\" align=\"JUSTIFY\"><a title=\"Ubicaci\u00f3n\" href=\"https:\/\/www.google.es\/maps\/place\/Centro+de+Educaci%C3%B3n+Permanente+%22Constituci%C3%B3n+Espa%C3%B1ola%22\/@36.746736,-5.1642547,17z\/data=!3m1!4b1!4m5!3m4!1s0xd0d314865be2eaf:0xd44fc4aca1a0539d!8m2!3d36.746736!4d-5.162066?hl=es\" target=\"_blank\" rel=\"noopener noreferrer\"><span style=\"font-family: comic sans ms, sans-serif;font-size: 14pt;color: #000080\"><span style=\"font-size: 18pt\">Ubicaci\u00f3n<\/span><\/span><\/a><\/p>\n","protected":false},"excerpt":{"rendered":"<p>&nbsp; &nbsp; CEPER \u00abCONSTITUCI\u00d3N ESPA\u00d1OLA\u00bb Ronda Direcci\u00f3n: C\/ Laur\u00eda, 39 CP 29400 Tel\u00e9fonos: 952154010 &#8211; 671596389 Correo: ceperronda@hotmail.com &nbsp; Ubicaci\u00f3n<\/p>\n","protected":false},"author":4152,"featured_media":0,"parent":0,"menu_order":0,"comment_status":"closed","ping_status":"closed","template":"","meta":{"ngg_post_thumbnail":0,"footnotes":""},"aioseo_notices":[],"_links":{"self":[{"href":"https:\/\/blogsaverroes.juntadeandalucia.es\/ceperronda\/wp-json\/wp\/v2\/pages\/382"}],"collection":[{"href":"https:\/\/blogsaverroes.juntadeandalucia.es\/ceperronda\/wp-json\/wp\/v2\/pages"}],"about":[{"href":"https:\/\/blogsaverroes.juntadeandalucia.es\/ceperronda\/wp-json\/wp\/v2\/types\/page"}],"author":[{"embeddable":true,"href":"https:\/\/blogsaverroes.juntadeandalucia.es\/ceperronda\/wp-json\/wp\/v2\/users\/4152"}],"replies":[{"embeddable":true,"href":"https:\/\/blogsaverroes.juntadeandalucia.es\/ceperronda\/wp-json\/wp\/v2\/comments?post=382"}],"version-history":[{"count":6,"href":"https:\/\/blogsaverroes.juntadeandalucia.es\/ceperronda\/wp-json\/wp\/v2\/pages\/382\/revisions"}],"predecessor-version":[{"id":564,"href":"https:\/\/blogsaverroes.juntadeandalucia.es\/ceperronda\/wp-json\/wp\/v2\/pages\/382\/revisions\/564"}],"wp:attachment":[{"href":"https:\/\/blogsaverroes.juntadeandalucia.es\/ceperronda\/wp-json\/wp\/v2\/media?parent=382"}],"curies":[{"name":"wp","href":"https:\/\/api.w.org\/{rel}","templated":true}]}}