{"id":391,"date":"2020-11-01T15:15:29","date_gmt":"2020-11-01T15:15:29","guid":{"rendered":"https:\/\/blogsaverroes.juntadeandalucia.es\/ceperronda\/?page_id=391"},"modified":"2022-06-22T10:43:43","modified_gmt":"2022-06-22T10:43:43","slug":"uso-de-la-tics","status":"publish","type":"page","link":"https:\/\/blogsaverroes.juntadeandalucia.es\/ceperronda\/uso-de-la-tics\/","title":{"rendered":"Recursos didacticos TICS"},"content":{"rendered":"<p><span style=\"font-size: 18pt\"><strong><span style=\"color: #0000ff\"><a href=\"https:\/\/blogsaverroes.juntadeandalucia.es\/ceperronda\/files\/2022\/06\/GRAFICOS-TEORIA-CAPITULO-00-01-02-03-UNI-PAG.pdf\">GRAFICOS TEORIA<\/a><\/span><\/strong><\/span><\/p>\n<p><span style=\"font-family: georgia, palatino, serif;font-size: 18pt\"><a title=\"WRITER CAP\u00cdTULO I\" href=\"https:\/\/es.calameo.com\/read\/001003819e93ad89b5b6b\" target=\"_blank\" rel=\"noopener noreferrer\"><strong>WRITER CAP\u00cdTULO I<\/strong><\/a><\/span><\/p>\n<p><span style=\"font-size: 18pt\"><strong><a title=\"WRITER CAP\u00cdTULO II\" href=\"https:\/\/es.calameo.com\/read\/001003819305f15800d2c\" target=\"_blank\" rel=\"noopener noreferrer\">WRITER CAP\u00cdTULO II<\/a><\/strong><\/span><\/p>\n<p><span style=\"font-size: 18pt\"><a title=\"PRESENTACI\u00d3N IMPRESS CAP\u00cdTULO I\" href=\"https:\/\/es.calameo.com\/read\/00100381990bdd21f0269\" target=\"_blank\" rel=\"noopener noreferrer\">PRESENTACI\u00d3N IMPRESS CAP\u00cdTULO I<\/a><\/span><\/p>\n<p><span style=\"font-size: 18pt\"><a title=\"EL CORREO ELECTR\u00d3NICO: GMAIL\" href=\"https:\/\/es.calameo.com\/read\/0010038196db5fa6100c7\" target=\"_blank\" rel=\"noopener noreferrer\">EL CORREO ELECTR\u00d3NICO: GMAIL<\/a><\/span><\/p>\n<p>&nbsp;<\/p>\n<p>&nbsp;<\/p>\n","protected":false},"excerpt":{"rendered":"<p>GRAFICOS TEORIA WRITER CAP\u00cdTULO I WRITER CAP\u00cdTULO II PRESENTACI\u00d3N IMPRESS CAP\u00cdTULO I EL CORREO ELECTR\u00d3NICO: GMAIL &nbsp; &nbsp;<\/p>\n","protected":false},"author":4152,"featured_media":0,"parent":0,"menu_order":0,"comment_status":"closed","ping_status":"closed","template":"","meta":{"ngg_post_thumbnail":0,"footnotes":""},"aioseo_notices":[],"_links":{"self":[{"href":"https:\/\/blogsaverroes.juntadeandalucia.es\/ceperronda\/wp-json\/wp\/v2\/pages\/391"}],"collection":[{"href":"https:\/\/blogsaverroes.juntadeandalucia.es\/ceperronda\/wp-json\/wp\/v2\/pages"}],"about":[{"href":"https:\/\/blogsaverroes.juntadeandalucia.es\/ceperronda\/wp-json\/wp\/v2\/types\/page"}],"author":[{"embeddable":true,"href":"https:\/\/blogsaverroes.juntadeandalucia.es\/ceperronda\/wp-json\/wp\/v2\/users\/4152"}],"replies":[{"embeddable":true,"href":"https:\/\/blogsaverroes.juntadeandalucia.es\/ceperronda\/wp-json\/wp\/v2\/comments?post=391"}],"version-history":[{"count":17,"href":"https:\/\/blogsaverroes.juntadeandalucia.es\/ceperronda\/wp-json\/wp\/v2\/pages\/391\/revisions"}],"predecessor-version":[{"id":761,"href":"https:\/\/blogsaverroes.juntadeandalucia.es\/ceperronda\/wp-json\/wp\/v2\/pages\/391\/revisions\/761"}],"wp:attachment":[{"href":"https:\/\/blogsaverroes.juntadeandalucia.es\/ceperronda\/wp-json\/wp\/v2\/media?parent=391"}],"curies":[{"name":"wp","href":"https:\/\/api.w.org\/{rel}","templated":true}]}}