{"id":427,"date":"2020-11-01T16:36:06","date_gmt":"2020-11-01T16:36:06","guid":{"rendered":"https:\/\/blogsaverroes.juntadeandalucia.es\/ceperronda\/?page_id=427"},"modified":"2020-11-07T17:16:43","modified_gmt":"2020-11-07T17:16:43","slug":"sep-benalauria-2","status":"publish","type":"page","link":"https:\/\/blogsaverroes.juntadeandalucia.es\/ceperronda\/sep-benalauria-2\/","title":{"rendered":"SEP Benalaur\u00eda"},"content":{"rendered":"<p align=\"JUSTIFY\">&nbsp;<\/p>\n<p align=\"JUSTIFY\">&nbsp;<\/p>\n<p align=\"JUSTIFY\"><span style=\"color: #006600\"><span style=\"font-family: Comic Sans MS, cursive\"><span style=\"font-size: large\"><b><img fetchpriority=\"high\" decoding=\"async\" class=\"alignleft wp-image-343 \" src=\"https:\/\/blogsaverroes.juntadeandalucia.es\/ceperronda\/files\/2020\/10\/BENALAURIA.jpg\" alt=\"\" width=\"641\" height=\"406\" srcset=\"https:\/\/blogsaverroes.juntadeandalucia.es\/ceperronda\/files\/2020\/10\/BENALAURIA.jpg 256w, https:\/\/blogsaverroes.juntadeandalucia.es\/ceperronda\/files\/2020\/10\/BENALAURIA-24x15.jpg 24w, https:\/\/blogsaverroes.juntadeandalucia.es\/ceperronda\/files\/2020\/10\/BENALAURIA-36x23.jpg 36w, https:\/\/blogsaverroes.juntadeandalucia.es\/ceperronda\/files\/2020\/10\/BENALAURIA-48x30.jpg 48w\" sizes=\"(max-width: 641px) 100vw, 641px\" \/><\/b><\/span><\/span><\/span><\/p>\n<p align=\"JUSTIFY\">&nbsp;<\/p>\n<p align=\"JUSTIFY\">&nbsp;<\/p>\n<p style=\"text-align: left\" align=\"JUSTIFY\"><span style=\"color: #0000cc\"><span style=\"font-family: Comic Sans MS, cursive\"><span style=\"font-size: large\"><b>SEP BENALAUR\u00cdA<\/b><\/span><\/span><\/span><\/p>\n<p style=\"text-align: left\"><span style=\"color: #006600\"><span style=\"font-family: Comic Sans MS, cursive\"><span style=\"font-size: large\"><b>Benalaur\u00eda<\/b><\/span><\/span><\/span><\/p>\n<p style=\"text-align: left\" align=\"JUSTIFY\"><strong><span style=\"font-family: Comic Sans MS, cursive\"><span style=\"font-size: large\"><b>Direcci\u00f3n<\/b><\/span><\/span><\/strong><strong><span style=\"font-family: Comic Sans MS, cursive\"><span style=\"font-size: large\">: <\/span><\/span><\/strong><strong><span style=\"color: #000000\"><span style=\"font-family: Comic Sans MS, cursive\"><span style=\"font-size: large\">C\/Cruz, s\/n CP: 29491 <\/span><\/span><\/span><\/strong><\/p>\n<p style=\"text-align: left\" align=\"JUSTIFY\"><strong><span style=\"font-family: Comic Sans MS, cursive\"><span style=\"font-size: large\"><b>Tel\u00e9fono<\/b><\/span><\/span><\/strong><strong><span style=\"font-family: Comic Sans MS, cursive\"><span style=\"font-size: large\">: 671596433 <\/span><\/span><\/strong><\/p>\n<p style=\"text-align: left\" align=\"JUSTIFY\"><strong><span style=\"color: #0000cc\"><span style=\"font-family: Comic Sans MS, cursive\"><span style=\"font-size: large\"><b> Correo<\/b><\/span><\/span><\/span><\/strong><strong><span style=\"color: #0000cc\"><span style=\"font-family: Comic Sans MS, cursive\"><span style=\"font-size: large\">: <\/span><\/span><\/span><\/strong><strong><a href=\"mailto:sep.benadalid.benalauria@gmail.com\"><span style=\"color: #000000\"><span style=\"font-family: Comic Sans MS, cursive\"><span style=\"font-size: large\">sep.benadalid.benalauria@gmail.com<\/span><\/span><\/span><\/a><\/strong><\/p>\n<p align=\"JUSTIFY\">&nbsp;<\/p>\n<p align=\"JUSTIFY\">&nbsp;<\/p>\n<p align=\"JUSTIFY\">&nbsp;<\/p>\n<p align=\"JUSTIFY\">&nbsp;<\/p>\n<p align=\"JUSTIFY\"><img decoding=\"async\" class=\"alignleft size-medium wp-image-596\" src=\"https:\/\/blogsaverroes.juntadeandalucia.es\/ceperronda\/files\/2020\/11\/CEPER-BENALAURIA-02-225x300.jpeg\" alt=\"\" width=\"225\" height=\"300\" srcset=\"https:\/\/blogsaverroes.juntadeandalucia.es\/ceperronda\/files\/2020\/11\/CEPER-BENALAURIA-02-225x300.jpeg 225w, https:\/\/blogsaverroes.juntadeandalucia.es\/ceperronda\/files\/2020\/11\/CEPER-BENALAURIA-02-768x1024.jpeg 768w, https:\/\/blogsaverroes.juntadeandalucia.es\/ceperronda\/files\/2020\/11\/CEPER-BENALAURIA-02-1152x1536.jpeg 1152w, https:\/\/blogsaverroes.juntadeandalucia.es\/ceperronda\/files\/2020\/11\/CEPER-BENALAURIA-02-18x24.jpeg 18w, https:\/\/blogsaverroes.juntadeandalucia.es\/ceperronda\/files\/2020\/11\/CEPER-BENALAURIA-02-27x36.jpeg 27w, https:\/\/blogsaverroes.juntadeandalucia.es\/ceperronda\/files\/2020\/11\/CEPER-BENALAURIA-02-36x48.jpeg 36w, https:\/\/blogsaverroes.juntadeandalucia.es\/ceperronda\/files\/2020\/11\/CEPER-BENALAURIA-02.jpeg 1200w\" sizes=\"(max-width: 225px) 100vw, 225px\" \/><\/p>\n<p align=\"JUSTIFY\"><strong><span style=\"font-family: comic sans ms, sans-serif;font-size: 18pt\">Aula de Benlaur\u00eda<\/span><\/strong><\/p>\n<p align=\"JUSTIFY\"><img decoding=\"async\" class=\"size-medium wp-image-595 alignleft\" src=\"https:\/\/blogsaverroes.juntadeandalucia.es\/ceperronda\/files\/2020\/11\/CEPER-BENALAURIA-01-225x300.jpeg\" alt=\"\" width=\"225\" height=\"300\" srcset=\"https:\/\/blogsaverroes.juntadeandalucia.es\/ceperronda\/files\/2020\/11\/CEPER-BENALAURIA-01-225x300.jpeg 225w, https:\/\/blogsaverroes.juntadeandalucia.es\/ceperronda\/files\/2020\/11\/CEPER-BENALAURIA-01-768x1024.jpeg 768w, https:\/\/blogsaverroes.juntadeandalucia.es\/ceperronda\/files\/2020\/11\/CEPER-BENALAURIA-01-1152x1536.jpeg 1152w, https:\/\/blogsaverroes.juntadeandalucia.es\/ceperronda\/files\/2020\/11\/CEPER-BENALAURIA-01-18x24.jpeg 18w, https:\/\/blogsaverroes.juntadeandalucia.es\/ceperronda\/files\/2020\/11\/CEPER-BENALAURIA-01-27x36.jpeg 27w, https:\/\/blogsaverroes.juntadeandalucia.es\/ceperronda\/files\/2020\/11\/CEPER-BENALAURIA-01-36x48.jpeg 36w, https:\/\/blogsaverroes.juntadeandalucia.es\/ceperronda\/files\/2020\/11\/CEPER-BENALAURIA-01.jpeg 1200w\" sizes=\"(max-width: 225px) 100vw, 225px\" \/><\/p>\n<p align=\"JUSTIFY\">&nbsp;<\/p>\n<p align=\"JUSTIFY\">&nbsp;<\/p>\n","protected":false},"excerpt":{"rendered":"<p>&nbsp; &nbsp; &nbsp; &nbsp; SEP BENALAUR\u00cdA Benalaur\u00eda Direcci\u00f3n: C\/Cruz, s\/n CP: 29491 Tel\u00e9fono: 671596433 Correo: sep.benadalid.benalauria@gmail.com &nbsp; &nbsp; &nbsp; &nbsp; Aula de Benlaur\u00eda &nbsp; &nbsp;<\/p>\n","protected":false},"author":4152,"featured_media":0,"parent":0,"menu_order":0,"comment_status":"closed","ping_status":"closed","template":"","meta":{"ngg_post_thumbnail":0,"footnotes":""},"aioseo_notices":[],"_links":{"self":[{"href":"https:\/\/blogsaverroes.juntadeandalucia.es\/ceperronda\/wp-json\/wp\/v2\/pages\/427"}],"collection":[{"href":"https:\/\/blogsaverroes.juntadeandalucia.es\/ceperronda\/wp-json\/wp\/v2\/pages"}],"about":[{"href":"https:\/\/blogsaverroes.juntadeandalucia.es\/ceperronda\/wp-json\/wp\/v2\/types\/page"}],"author":[{"embeddable":true,"href":"https:\/\/blogsaverroes.juntadeandalucia.es\/ceperronda\/wp-json\/wp\/v2\/users\/4152"}],"replies":[{"embeddable":true,"href":"https:\/\/blogsaverroes.juntadeandalucia.es\/ceperronda\/wp-json\/wp\/v2\/comments?post=427"}],"version-history":[{"count":4,"href":"https:\/\/blogsaverroes.juntadeandalucia.es\/ceperronda\/wp-json\/wp\/v2\/pages\/427\/revisions"}],"predecessor-version":[{"id":597,"href":"https:\/\/blogsaverroes.juntadeandalucia.es\/ceperronda\/wp-json\/wp\/v2\/pages\/427\/revisions\/597"}],"wp:attachment":[{"href":"https:\/\/blogsaverroes.juntadeandalucia.es\/ceperronda\/wp-json\/wp\/v2\/media?parent=427"}],"curies":[{"name":"wp","href":"https:\/\/api.w.org\/{rel}","templated":true}]}}