{"id":442,"date":"2020-11-01T16:40:33","date_gmt":"2020-11-01T16:40:33","guid":{"rendered":"https:\/\/blogsaverroes.juntadeandalucia.es\/ceperronda\/?page_id=442"},"modified":"2020-11-02T19:07:01","modified_gmt":"2020-11-02T19:07:01","slug":"sep-benaojan","status":"publish","type":"page","link":"https:\/\/blogsaverroes.juntadeandalucia.es\/ceperronda\/sep-benaojan\/","title":{"rendered":"SEP Benaoj\u00e1n"},"content":{"rendered":"<p style=\"text-align: left\" align=\"JUSTIFY\"><strong><span style=\"font-family: Comic Sans MS, cursive\"><span style=\"font-size: large\"><img fetchpriority=\"high\" decoding=\"async\" class=\"alignleft wp-image-558 \" src=\"https:\/\/blogsaverroes.juntadeandalucia.es\/ceperronda\/files\/2020\/11\/BENAOJAN-1024x686.jpg\" alt=\"\" width=\"785\" height=\"526\" srcset=\"https:\/\/blogsaverroes.juntadeandalucia.es\/ceperronda\/files\/2020\/11\/BENAOJAN-1024x686.jpg 1024w, https:\/\/blogsaverroes.juntadeandalucia.es\/ceperronda\/files\/2020\/11\/BENAOJAN-300x201.jpg 300w, https:\/\/blogsaverroes.juntadeandalucia.es\/ceperronda\/files\/2020\/11\/BENAOJAN-768x514.jpg 768w, https:\/\/blogsaverroes.juntadeandalucia.es\/ceperronda\/files\/2020\/11\/BENAOJAN-24x16.jpg 24w, https:\/\/blogsaverroes.juntadeandalucia.es\/ceperronda\/files\/2020\/11\/BENAOJAN-36x24.jpg 36w, https:\/\/blogsaverroes.juntadeandalucia.es\/ceperronda\/files\/2020\/11\/BENAOJAN-48x32.jpg 48w, https:\/\/blogsaverroes.juntadeandalucia.es\/ceperronda\/files\/2020\/11\/BENAOJAN.jpg 1344w\" sizes=\"(max-width: 785px) 100vw, 785px\" \/><\/span><\/span><\/strong><b><\/b><\/p>\n<p align=\"JUSTIFY\">&nbsp;<\/p>\n<p align=\"JUSTIFY\">&nbsp;<\/p>\n<p align=\"JUSTIFY\">&nbsp;<\/p>\n<p align=\"JUSTIFY\">&nbsp;<\/p>\n<p style=\"text-align: left\" align=\"JUSTIFY\"><span style=\"color: #0000cc\"><span style=\"font-family: Comic Sans MS, cursive\"><span style=\"font-size: large\"><b>SEP \u201cBENAOJ\u00c1N\u201d<\/b><\/span><\/span><\/span><\/p>\n<p style=\"text-align: left\"><span style=\"color: #006600\"><span style=\"font-family: Comic Sans MS, cursive\"><span style=\"font-size: large\"><b>Benaoj\u00e1n<\/b><\/span><\/span><\/span><\/p>\n<p style=\"text-align: left\" align=\"JUSTIFY\"><strong><span style=\"font-family: Comic Sans MS, cursive\"><span style=\"font-size: large\"><b>Direcci\u00f3n<\/b><\/span><\/span><\/strong><strong><span style=\"font-family: Comic Sans MS, cursive\"><span style=\"font-size: large\">: Avda. Constituci\u00f3n&nbsp;<\/span><\/span><\/strong><strong><span style=\"font-family: Comic Sans MS, cursive\"><span style=\"font-size: large\">CP:<\/span><\/span><\/strong><strong><span style=\"font-family: Comic Sans MS, cursive\"><span style=\"font-size: large\">29370<\/span><\/span><\/strong><\/p>\n<p style=\"text-align: left\" align=\"JUSTIFY\"><strong><span style=\"font-family: Comic Sans MS, cursive\"><span style=\"font-size: large\"><b> Tel\u00e9fono<\/b><\/span><\/span><\/strong><strong><span style=\"font-family: Comic Sans MS, cursive\"><span style=\"font-size: large\">: 671596386 <\/span><\/span><\/strong><\/p>\n<p style=\"text-align: left\" align=\"JUSTIFY\"><strong><span style=\"font-family: Comic Sans MS, cursive\"><span style=\"font-size: large\"><b> Correo<\/b><\/span><\/span><\/strong><strong><span style=\"font-family: Comic Sans MS, cursive\"><span style=\"font-size: large\">:<\/span><\/span><\/strong><span style=\"font-family: Comic Sans MS, cursive\"><span style=\"font-size: large\"> <a href=\"mailto:sepbenaojanmontejaque@gmail.com\">sepbenaojanmontejaque@gmail.com<\/a><\/span><\/span><\/p>\n","protected":false},"excerpt":{"rendered":"<p>&nbsp; &nbsp; &nbsp; &nbsp; SEP \u201cBENAOJ\u00c1N\u201d Benaoj\u00e1n Direcci\u00f3n: Avda. Constituci\u00f3n&nbsp;CP:29370 Tel\u00e9fono: 671596386 Correo: sepbenaojanmontejaque@gmail.com<\/p>\n","protected":false},"author":4152,"featured_media":0,"parent":0,"menu_order":0,"comment_status":"closed","ping_status":"closed","template":"","meta":{"ngg_post_thumbnail":0,"footnotes":""},"aioseo_notices":[],"_links":{"self":[{"href":"https:\/\/blogsaverroes.juntadeandalucia.es\/ceperronda\/wp-json\/wp\/v2\/pages\/442"}],"collection":[{"href":"https:\/\/blogsaverroes.juntadeandalucia.es\/ceperronda\/wp-json\/wp\/v2\/pages"}],"about":[{"href":"https:\/\/blogsaverroes.juntadeandalucia.es\/ceperronda\/wp-json\/wp\/v2\/types\/page"}],"author":[{"embeddable":true,"href":"https:\/\/blogsaverroes.juntadeandalucia.es\/ceperronda\/wp-json\/wp\/v2\/users\/4152"}],"replies":[{"embeddable":true,"href":"https:\/\/blogsaverroes.juntadeandalucia.es\/ceperronda\/wp-json\/wp\/v2\/comments?post=442"}],"version-history":[{"count":3,"href":"https:\/\/blogsaverroes.juntadeandalucia.es\/ceperronda\/wp-json\/wp\/v2\/pages\/442\/revisions"}],"predecessor-version":[{"id":559,"href":"https:\/\/blogsaverroes.juntadeandalucia.es\/ceperronda\/wp-json\/wp\/v2\/pages\/442\/revisions\/559"}],"wp:attachment":[{"href":"https:\/\/blogsaverroes.juntadeandalucia.es\/ceperronda\/wp-json\/wp\/v2\/media?parent=442"}],"curies":[{"name":"wp","href":"https:\/\/api.w.org\/{rel}","templated":true}]}}