{"id":141,"date":"2015-03-17T07:13:24","date_gmt":"2015-03-17T07:13:24","guid":{"rendered":"http:\/\/blogsaverroes.juntadeandalucia.es\/pre\/ceip\/?page_id=141"},"modified":"2016-11-24T09:31:31","modified_gmt":"2016-11-24T09:31:31","slug":"escolarizacion","status":"publish","type":"page","link":"https:\/\/blogsaverroes.juntadeandalucia.es\/cepersanmatias\/escolarizacion\/","title":{"rendered":"Escolarizaci\u00f3n"},"content":{"rendered":"<header class=\"portlet-topper\">\n<h1 class=\"portlet-title\"><span class=\"portlet-title-text\">Requisitos de acceso<\/span><\/h1>\n<menu id=\"portlet-topper-toolbar_ABACO_WEB_WAR_abacoportlet_INSTANCE_3gXKKokRw7qw\" class=\"portlet-topper-toolbar\" type=\"toolbar\"><\/menu>\n<\/header>\n<div class=\"portlet-content\">\n<div class=\" portlet-content-container\">\n<div class=\"portlet-body\">\n<div class=\"contenido_portlet \">\n<div class=\"portlet_web\">\n<div class=\"detalle web detalle-web-img-float\">\n<div class=\"contenido_detalle\">\n<section class=\"cuerpo detalle_html\">\n<div class=\"inner_cuerpo\">\n<p>Para cursar estas ense\u00f1anzas en r\u00e9gimen de <strong>personas adultas<\/strong> debes ser <strong>mayor de dieciocho a\u00f1os<\/strong> o cumplirlos en el a\u00f1o natural en que comience el curso acad\u00e9mico.<\/p>\n<p>De manera <strong>excepcional<\/strong>, tambi\u00e9n puedes acceder a las ense\u00f1anzas de personas adultas si eres mayor de 16 a\u00f1os, o los cumples en el a\u00f1o natural en que comienza el curso acad\u00e9mico, acreditando alguna de estas situaciones:<\/p>\n<ul>\n<li>Ser persona trabajadora por cuenta propia o ajena de manera que no puedas acudir al centro educativo de car\u00e1cter ordinario.<\/li>\n<li>Ser deportista de rendimiento en Andaluc\u00eda o de alto rendimiento o alto nivel.<\/li>\n<li>Encontrarte en situaci\u00f3n personal extraordinaria de enfermedad, discapacidad o cualquier otra situaci\u00f3n que\u00a0 te\u00a0 impida\u00a0 cursar\u00a0 las\u00a0 ense\u00f1anzas\u00a0 en\u00a0 r\u00e9gimen\u00a0 ordinario,\u00a0 quedando\u00a0 incluidas\u00a0 en\u00a0 este\u00a0 supuesto\u00a0 las\u00a0 personas v\u00edctimas de la violencia de g\u00e9nero y las v\u00edctimas de terrorismo, as\u00ed como sus hijos e hijas, y las personas que se encuentren en situaci\u00f3n de dificultad social extrema o riesgo de exclusi\u00f3n.<\/li>\n<li>Estar interna en centros penitenciarios o de menores sujeta a medidas de privaci\u00f3n de libertad por sentencia judicial.<\/li>\n<\/ul>\n<p>Para cursar los planes educativos de preparaci\u00f3n de las pruebas para el acceso a Ciclos Formativos de Grado Superior, o de preparaci\u00f3n de las pruebas de acceso a la Universidad para mayores de 25 a\u00f1os, en <strong>modalidad a distancia<\/strong> (Instituto de Ense\u00f1anzas a Distancia de Andaluc\u00eda &#8211; IEDA) tendr\u00e1s tambi\u00e9n que tener la <a href=\"http:\/\/www.congreso.es\/consti\/estatutos\/estatutos.jsp?com=63&amp;tipo=2&amp;ini=1&amp;fin=11&amp;ini_sub=1&amp;fin_sub=1\"><strong>condici\u00f3n de andaluz<\/strong><\/a> (tener la vecindad administrativa, es decir, estar empadronado en cualquier municipio de Andaluc\u00eda) o la <a href=\"http:\/\/www.juntadeandalucia.es\/temas\/familias-igualdad\/inmigracion\/emigracion.html\"><strong>condici\u00f3n de andaluz en el extranjero<\/strong><\/a>.<\/p>\n<\/div>\n<\/section>\n<\/div>\n<\/div>\n<\/div>\n<\/div>\n<\/div>\n<\/div>\n<\/div>\n<p>&nbsp;<\/p>\n<p><strong>\u00a0REQUISITOS DE ACCESO\u00a0<a href=\"http:\/\/www.juntadeandalucia.es\/educacion\/portals\/web\/educacion-permanente\/planes\/requisitos\" target=\"_blank\">M\u00c1S INFORMACI\u00d3N AQU\u00cd<\/a><\/strong><\/p>\n<p>&nbsp;<\/p>\n","protected":false},"excerpt":{"rendered":"<p>Requisitos de acceso Para cursar estas ense\u00f1anzas en r\u00e9gimen de personas adultas debes ser mayor de dieciocho a\u00f1os o cumplirlos en el a\u00f1o natural en que comience el curso acad\u00e9mico. De manera excepcional, tambi\u00e9n puedes acceder a las ense\u00f1anzas de personas adultas si eres mayor de 16 a\u00f1os, o los cumples en el a\u00f1o natural &hellip; <\/p>\n<p><a class=\"more-link btn\" href=\"https:\/\/blogsaverroes.juntadeandalucia.es\/cepersanmatias\/escolarizacion\/\">Seguir leyendo<\/a><\/p>\n","protected":false},"author":1,"featured_media":0,"parent":0,"menu_order":0,"comment_status":"closed","ping_status":"open","template":"","meta":{"ngg_post_thumbnail":0,"footnotes":"","_mc_calendar":[]},"aioseo_notices":[],"_links":{"self":[{"href":"https:\/\/blogsaverroes.juntadeandalucia.es\/cepersanmatias\/wp-json\/wp\/v2\/pages\/141"}],"collection":[{"href":"https:\/\/blogsaverroes.juntadeandalucia.es\/cepersanmatias\/wp-json\/wp\/v2\/pages"}],"about":[{"href":"https:\/\/blogsaverroes.juntadeandalucia.es\/cepersanmatias\/wp-json\/wp\/v2\/types\/page"}],"author":[{"embeddable":true,"href":"https:\/\/blogsaverroes.juntadeandalucia.es\/cepersanmatias\/wp-json\/wp\/v2\/users\/1"}],"replies":[{"embeddable":true,"href":"https:\/\/blogsaverroes.juntadeandalucia.es\/cepersanmatias\/wp-json\/wp\/v2\/comments?post=141"}],"version-history":[{"count":9,"href":"https:\/\/blogsaverroes.juntadeandalucia.es\/cepersanmatias\/wp-json\/wp\/v2\/pages\/141\/revisions"}],"predecessor-version":[{"id":2442,"href":"https:\/\/blogsaverroes.juntadeandalucia.es\/cepersanmatias\/wp-json\/wp\/v2\/pages\/141\/revisions\/2442"}],"wp:attachment":[{"href":"https:\/\/blogsaverroes.juntadeandalucia.es\/cepersanmatias\/wp-json\/wp\/v2\/media?parent=141"}],"curies":[{"name":"wp","href":"https:\/\/api.w.org\/{rel}","templated":true}]}}