{"id":198,"date":"2015-03-17T09:55:36","date_gmt":"2015-03-17T09:55:36","guid":{"rendered":"http:\/\/blogsaverroes.juntadeandalucia.es\/pre\/ceip\/?page_id=198"},"modified":"2018-09-11T16:26:31","modified_gmt":"2018-09-11T16:26:31","slug":"que-es-la-asoa","status":"publish","type":"page","link":"https:\/\/blogsaverroes.juntadeandalucia.es\/cepersanmatias\/que-es-la-asoa\/","title":{"rendered":"\u00bfQu\u00e9 es la Asociaci\u00f3n de Alumnos\/as?"},"content":{"rendered":"<p style=\"text-align: left\"><a href=\"http:\/\/blogsaverroes.juntadeandalucia.es\/cepersanmatias\/files\/2014\/12\/familia.png\"><img loading=\"lazy\" decoding=\"async\" class=\"aligncenter size-medium wp-image-542\" src=\"http:\/\/blogsaverroes.juntadeandalucia.es\/cepersanmatias\/files\/2014\/12\/familia-300x194.png\" alt=\"familia\" width=\"300\" height=\"194\" srcset=\"https:\/\/blogsaverroes.juntadeandalucia.es\/cepersanmatias\/files\/2014\/12\/familia-300x194.png 300w, https:\/\/blogsaverroes.juntadeandalucia.es\/cepersanmatias\/files\/2014\/12\/familia-1024x662.png 1024w, https:\/\/blogsaverroes.juntadeandalucia.es\/cepersanmatias\/files\/2014\/12\/familia-700x452.png 700w, https:\/\/blogsaverroes.juntadeandalucia.es\/cepersanmatias\/files\/2014\/12\/familia-332x215.png 332w, https:\/\/blogsaverroes.juntadeandalucia.es\/cepersanmatias\/files\/2014\/12\/familia.png 1280w\" sizes=\"(max-width: 300px) 100vw, 300px\" \/><\/a>La Asociaci\u00f3n de Alumnos y Alumnas del Centro de Educaci\u00f3n Permanente San Mat\u00edas (Granada) es una asociaci\u00f3n sin \u00e1nimo de lucro formada por los alumnos y alumnas del centro.<\/p>\n<p style=\"text-align: left\">Es un punto de encuentro y de trabajo independiente, abierto y plural.<\/p>\n<p>Desde la Asociaci\u00f3n &nbsp;podemos contribuir a la mejora de la calidad de la educaci\u00f3n, la convivencia del centro y de las instalaciones.<\/p>\n<h3>\u00bfPor qu\u00e9 es importante vuestra participaci\u00f3n?<\/h3>\n<p>En el colegio existen espacios de participaci\u00f3n, siendo la&nbsp;Asociaci\u00f3n &nbsp;el \u00fanico espacio de participaci\u00f3n aut\u00f3nomo de padres y madres. El AMPA es importante porque:<\/p>\n<ul>\n<li>Somos responsables de nuestra propia educaci\u00f3n.<\/li>\n<li>Es un espacio para aportar iniciativas y trabajar con la direcci\u00f3n del Centro, sin depender de esta.<\/li>\n<\/ul>\n<h3>\u00bfC\u00f3mo puedes participar?<\/h3>\n<p>Participar en la Asociaci\u00f3n es muy f\u00e1cil y cada uno decide el nivel de implicaci\u00f3n.<\/p>\n<ul>\n<li>Podemos asociarnos en cualquier momento, aunque se entrega a las familias una ficha de inscripci\u00f3n con la matr\u00edcula en la que se indica la cuota anual por cada familia (la cuota es por familia no por ni\u00f1o\/a)<\/li>\n<li>Podemos tambi\u00e9n participar a trav\u00e9s de las asambleas, incorpor\u00e1ndote a las reuniones&nbsp;abiertas que se convoquen.<\/li>\n<li>Podemos colaborar en los diferentes grupos de trabajo o&nbsp;en actividades puntuales que se organizan desde la Asociaci\u00f3n a lo largo del curso.<\/li>\n<li>Podemos proponer iniciativas, plantear temas de debate, organizar actividades, etc., &nbsp;dirigi\u00e9ndote a cualquier miembro de la junta directiva o a trav\u00e9s del blog.<\/li>\n<\/ul>\n<p>Como ves, hay muchas formas de participar y es muy importante que m\u00e1s padres y madres pasemos a la participa-ACCI\u00d3N,&nbsp;&nbsp;de forma activa y colectiva.<\/p>\n<h3>\u00bfPara qu\u00e9 sirve?<\/h3>\n<ul>\n<li>Para defender y velar por el derecho a una educaci\u00f3n de calidad, democr\u00e1tica, atendiendo a las necesidades de todos los ni\u00f1os\/as &nbsp;y cr\u00edtica.<\/li>\n<li>Para promover la participaci\u00f3n del alumnado en&nbsp;la vida del centro, defendiendo sus&nbsp;&nbsp;intereses &nbsp;y de toda la comunidad educativa.<\/li>\n<li>Para buscar soluciones de forma colectiva a temas relacionados con la ense\u00f1anza y educaci\u00f3n de nuestros hijos\/as.<\/li>\n<li>Para crear espacios de encuentro y trabajo en el resto de la comunidad educativa y con el entorno.<\/li>\n<li>Para crear espacios de reflexi\u00f3n y participaci\u00f3n compartida sobre la educaci\u00f3n.<\/li>\n<li>Para participar en la gesti\u00f3n del colegio.<\/li>\n<\/ul>\n<h3>\u00bfC\u00f3mo se financia?<\/h3>\n<p>La Asociaci\u00f3n &nbsp;se financia a trav\u00e9s de las cuotas de socios\/as.<br \/>\nLa cuota de socios\/as la gestiona la Asociaci\u00f3n en&nbsp;beneficio exclusivo de la comunidad educativa y en definitiva de la educaci\u00f3n que recibimos en el centro<\/p>\n<p>CUOTA ANUAL DE SOCIO:&nbsp;20\u20ac<\/p>\n<p>&nbsp;<\/p>\n<h3>\u00bfQu\u00e9 actividades ofertan?<\/h3>\n<p class=\"p1\">La Asociaci\u00f3n ha estimado conveniente continuar ofertando una variedad de actividades donde el alumno puede escoger aquellas que desee para su formaci\u00f3n:<\/p>\n<ul class=\"ul1\">\n<li class=\"li2\">Taich\u00ed.<\/li>\n<li class=\"li2\">Taracea.<\/li>\n<li class=\"li2\">Sevillanas.<\/li>\n<li class=\"li2\">Bailes de Sal\u00f3n y Salsa<\/li>\n<li class=\"li2\">Idioma: Alem\u00e1n.<\/li>\n<li class=\"li2\">Idioma: Italiano.<\/li>\n<li>Idioma: Franc\u00e9s.<\/li>\n<li>Idioma: Chino.<\/li>\n<li class=\"li2\">Salidas culturales y encuentros<\/li>\n<\/ul>\n<p>&nbsp;<\/p>\n","protected":false},"excerpt":{"rendered":"<p>La Asociaci\u00f3n de Alumnos y Alumnas del Centro de Educaci\u00f3n Permanente San Mat\u00edas (Granada) es una asociaci\u00f3n sin \u00e1nimo de lucro formada por los alumnos y alumnas del centro. Es un punto de encuentro y de trabajo independiente, abierto y plural. Desde la Asociaci\u00f3n &nbsp;podemos contribuir a la mejora de la calidad de la educaci\u00f3n, &hellip; <\/p>\n<p><a class=\"more-link btn\" href=\"https:\/\/blogsaverroes.juntadeandalucia.es\/cepersanmatias\/que-es-la-asoa\/\">Seguir leyendo<\/a><\/p>\n","protected":false},"author":1,"featured_media":0,"parent":0,"menu_order":0,"comment_status":"closed","ping_status":"open","template":"","meta":{"ngg_post_thumbnail":0,"footnotes":"","_mc_calendar":[]},"aioseo_notices":[],"_links":{"self":[{"href":"https:\/\/blogsaverroes.juntadeandalucia.es\/cepersanmatias\/wp-json\/wp\/v2\/pages\/198"}],"collection":[{"href":"https:\/\/blogsaverroes.juntadeandalucia.es\/cepersanmatias\/wp-json\/wp\/v2\/pages"}],"about":[{"href":"https:\/\/blogsaverroes.juntadeandalucia.es\/cepersanmatias\/wp-json\/wp\/v2\/types\/page"}],"author":[{"embeddable":true,"href":"https:\/\/blogsaverroes.juntadeandalucia.es\/cepersanmatias\/wp-json\/wp\/v2\/users\/1"}],"replies":[{"embeddable":true,"href":"https:\/\/blogsaverroes.juntadeandalucia.es\/cepersanmatias\/wp-json\/wp\/v2\/comments?post=198"}],"version-history":[{"count":9,"href":"https:\/\/blogsaverroes.juntadeandalucia.es\/cepersanmatias\/wp-json\/wp\/v2\/pages\/198\/revisions"}],"predecessor-version":[{"id":2596,"href":"https:\/\/blogsaverroes.juntadeandalucia.es\/cepersanmatias\/wp-json\/wp\/v2\/pages\/198\/revisions\/2596"}],"wp:attachment":[{"href":"https:\/\/blogsaverroes.juntadeandalucia.es\/cepersanmatias\/wp-json\/wp\/v2\/media?parent=198"}],"curies":[{"name":"wp","href":"https:\/\/api.w.org\/{rel}","templated":true}]}}