{"id":2282,"date":"2016-10-25T09:07:54","date_gmt":"2016-10-25T09:07:54","guid":{"rendered":"http:\/\/blogsaverroes.juntadeandalucia.es\/cepersanmatias\/?page_id=2282"},"modified":"2025-09-01T17:17:20","modified_gmt":"2025-09-01T17:17:20","slug":"equipo-docente","status":"publish","type":"page","link":"https:\/\/blogsaverroes.juntadeandalucia.es\/cepersanmatias\/equipo-docente\/","title":{"rendered":"Equipo Docente"},"content":{"rendered":"<p class=\"p2\">Est\u00e1 formado por 15 maestros y maestras.<\/p>\n<p><strong>Curso escolar 2025-2026:<\/strong><\/p>\n<ol>\n<li>Aguilera Bueno, M\u00aa Bel\u00e9n<\/li>\n<li>Bol\u00edvar Prieto, Jose Eduardo<\/li>\n<li>Criado Mac\u00edas, M\u00aa Cruz<\/li>\n<li>Fern\u00e1ndez Tarifa, Andr\u00e9s<\/li>\n<li>Fern\u00e1ndez Var\u00f3n, Mar\u00eda Elena<\/li>\n<li>Figueroa Mart\u00ednez, Rosa Mar\u00eda<\/li>\n<li>Heras Ruiz, Laura Mar\u00eda<\/li>\n<li>Linares L\u00f3pez, M\u00aa Angustias<\/li>\n<li>Montes Herrera, M\u00aa Carmen<\/li>\n<li>M\u00e1rquez Carmona, Inmaculada<\/li>\n<li>Ortiz Molina, Margarita<\/li>\n<li>Peinado Castillo, Jose Mar\u00eda<\/li>\n<li>P\u00e9rez Medina, Mar\u00eda Del Carmen<\/li>\n<li>Rojas Cantero, Antonio<\/li>\n<li>Ruiz Jim\u00e9nez, Rosario<\/li>\n<\/ol>\n<p>&nbsp;<\/p>\n<p><strong>Curso escolar 2024-2025:<\/strong><\/p>\n<p style=\"margin: 0cm\">1. Aguilera Bueno, M\u00aa Bel\u00e9n<br \/>\n2. Bas Mart\u00edn, Rafael<br \/>\n3. Bol\u00edvar Prieto, Jose Eduardo<br \/>\n4. Criado Mac\u00edas, M\u00aa Cruz<br \/>\n5. Fern\u00e1ndez Var\u00f3n, Mar\u00eda Elena<br \/>\n6. Heras Ruiz, Laura Mar\u00eda<br \/>\n7. Linares L\u00f3pez, M\u00aa Angustias<br \/>\n8. M\u00e1rquez Carmona, Inmaculada<\/p>\n<p style=\"margin: 0cm\">9. Molina Medina, Leticia<\/p>\n<p style=\"margin: 0cm\">10. Montes Herrera, M\u00aa Carmen<br \/>\n11. Ortega Muros, Antonio<br \/>\n12. Ortiz Molina, Margarita<br \/>\n13. &nbsp;Peinado Castillo, Jose Mar\u00eda<br \/>\n14. Rojas Cantero, Antonio<br \/>\n15. Salmer\u00f3n D\u00edaz, Mar\u00eda Jos\u00e9<\/p>\n<p>&nbsp;<\/p>\n<p><strong>Curso escolar 2023-2024:<\/strong><\/p>\n<p>1. Aguilera Bueno, Bel\u00e9n<br \/>\n2. Bas Mart\u00edn, Rafael<br \/>\n3. Bol\u00edvar Prieto, Jose Eduardo<br \/>\n4. Del Estal Torres, Antonia Cristina<br \/>\n5. Fern\u00e1ndez Var\u00f3n, Mar\u00eda Elena<br \/>\n6. Fornieles Rubio, Fernando<br \/>\n7. Heras Ruiz, Laura Mar\u00eda<br \/>\n8. M\u00e1rquez Carmona, Inmaculada<br \/>\n9. Montes Herrera, Mar\u00eda del Carmen<br \/>\n10. Ortega Muros, Antonio<br \/>\n11. Ortiz Molina, Margarita<br \/>\n12. Peinado Castillo, Jose Mar\u00eda<br \/>\n13. Rojas Cantero, Antonio<br \/>\n14. Salmer\u00f3n D\u00edaz, Mar\u00eda Jos\u00e9<br \/>\n15. Tejera Picossi, Cristina<\/p>\n<p><strong>Curso escolar 2022-2023:<\/strong><\/p>\n<p>1.&nbsp;Aguilera Bueno, Bel\u00e9n<br \/>\n2. Bas Mart\u00edn, Rafael<br \/>\n3. Del Estal Torres, Antonia Cristina<br \/>\n4. Fern\u00e1ndez Var\u00f3n, M. Elena<br \/>\n5. Fornieles Rubio, Fernando<br \/>\n6. Gervilla Zapata, Concepci\u00f3n<br \/>\n7. Heras Ruiz, Laura Mar\u00eda<br \/>\n8. M\u00e1rquez Carmona, Inmaculada<br \/>\n9. Ortega Muros, Antonio<br \/>\n10. Ortiz Molina, Margarita<br \/>\n11. Peinado Castillo, Jos\u00e9 Mar\u00eda<br \/>\n12. Peregrina Franco, Mar\u00eda Dolores<br \/>\n13. Rojas Cantero, Antonio<br \/>\n14. Salmer\u00f3n D\u00edaz, Mar\u00eda Jos\u00e9<br \/>\n15. Tejera Picossi, Cristina<\/p>\n<p><strong>Curso escolar 2021-2022:<\/strong><\/p>\n<p>1.&nbsp; Aguilera Bueno, Bel\u00e9n<br \/>\n2. Bas Mart\u00edn, Rafael<br \/>\n3. Estal Torres, Antonia Cristina Del<br \/>\n4. Fern\u00e1ndez Linares, Mar\u00eda Laura<br \/>\n5. Fern\u00e1ndez Var\u00f3n, M. Elena<br \/>\n6. Fornieles Rubio, Fernando<br \/>\n7. Heras Ruiz, Laura Mar\u00eda<br \/>\n8. M\u00e1rquez Carmona, Inmaculada<br \/>\n9. Ortega Muros, Antonio<br \/>\n10. Ortiz Molina, Margarita<br \/>\n11. Peinado Castillo, Jos\u00e9 Mar\u00eda<br \/>\n12. Peregrina Franco, Mar\u00eda Dolores<br \/>\n13. Rojas Cantero, Antonio<br \/>\n14. Salmer\u00f3n D\u00edaz, Mar\u00eda Jos\u00e9<br \/>\n15. Tejera Picossi, Cristina<\/p>\n<p><strong>Curso escolar 2020-2021:<\/strong><\/p>\n<p>1.&nbsp; Aguilera Bueno, Bel\u00e9n<br \/>\n2. Bas Mart\u00edn, Rafael<br \/>\n3. Estal Torres, Antonia Cristina del<br \/>\n4. Fern\u00e1ndez Linares, Mar\u00eda Laura<br \/>\n5. Fern\u00e1ndez Var\u00f3n, M. Elena<br \/>\n6. Fornieles Rubio, Fernando<br \/>\n7. Heras Ruiz, Laura Mar\u00eda<br \/>\n8. M\u00e1rquez Carmona, Inmaculada<br \/>\n9. Ortega Muros, Antonio<br \/>\n10. Ortiz Molina, Margarita<br \/>\n11. Peinado Castillo, Jos\u00e9 Mar\u00eda<br \/>\n12. Peregrina Franco, Mar\u00eda Dolores<br \/>\n13. Rojas Cantero, Antonio<br \/>\n14. Salmer\u00f3n D\u00edaz, Mar\u00eda Jos\u00e9<br \/>\n15. Tejera Picossi, Cristina<\/p>\n<p><strong>Curso escolar 2019-2020:<\/strong><\/p>\n<p>1.&nbsp; Aguilera Bueno, Bel\u00e9n<br \/>\n2. Bas Mart\u00edn, Rafael<br \/>\n3. Estal Torres, Antonia Cristina del<br \/>\n4. Fern\u00e1ndez Linares, Mar\u00eda Laura<br \/>\n5. Fern\u00e1ndez Var\u00f3n, M. Elena<br \/>\n6. Fornieles Rubio, Fernando<br \/>\n7. Heras Ruiz, Laura Mar\u00eda<br \/>\n8. M\u00e1rquez Carmona, Inmaculada<br \/>\n9. Ortega Muros, Antonio<br \/>\n10. Ortiz Molina, Margarita<br \/>\n11. Peinado Castillo, Jos\u00e9 Mar\u00eda<br \/>\n12. Peregrina Franco, Mar\u00eda Dolores<br \/>\n13. Rojas Cantero, Antonio<br \/>\n14. Salmer\u00f3n D\u00edaz, Mar\u00eda Jos\u00e9<br \/>\n15. Tejera Picossi, Cristina<\/p>\n<p class=\"p2\"><strong>Curso escolar 2018-2019<\/strong>:<\/p>\n<ol class=\"ol1\">\n<li class=\"li1\">Aguilera Bueno, Bel\u00e9n.<\/li>\n<li class=\"li1\">Bustos Rodr\u00edguez, Isabel.<\/li>\n<li class=\"li1\">Collado Ram\u00edrez, Alicia.<\/li>\n<li class=\"li1\">Estal Torres, Antonia Cristina<\/li>\n<li class=\"li1\">Fern\u00e1ndez Linares, Laura.<\/li>\n<li class=\"li1\">Fornieles Rubio, Fernando.<\/li>\n<li class=\"li1\">Gordo Jim\u00e9nez, Francisca.<\/li>\n<li class=\"li1\">M\u00e1rquez Carmona, Inmaculada.<\/li>\n<li class=\"li1\">Mart\u00edn Ben\u00edtez, Francisco.<\/li>\n<li class=\"li1\">Ortega Muros, Antonio.<\/li>\n<li class=\"li1\">Ortiz Molina, Margarita.<\/li>\n<li>Peregrina Franco, M\u00aa Dolores.<\/li>\n<li class=\"li1\">Rojas Cantero, Antonio.<\/li>\n<li>Ruiz de LaCanal Oca\u00f1a, Fernando.<\/li>\n<li>Tejera Picossi, Cristina.<\/li>\n<\/ol>\n<p>&nbsp;<\/p>\n<p>&nbsp;<\/p>\n<p class=\"p2\">&nbsp;<\/p>\n","protected":false},"excerpt":{"rendered":"<p>Est\u00e1 formado por 15 maestros y maestras. Curso escolar 2025-2026: Aguilera Bueno, M\u00aa Bel\u00e9n Bol\u00edvar Prieto, Jose Eduardo Criado Mac\u00edas, M\u00aa Cruz Fern\u00e1ndez Tarifa, Andr\u00e9s Fern\u00e1ndez Var\u00f3n, Mar\u00eda Elena Figueroa Mart\u00ednez, Rosa Mar\u00eda Heras Ruiz, Laura Mar\u00eda Linares L\u00f3pez, M\u00aa Angustias Montes Herrera, M\u00aa Carmen M\u00e1rquez Carmona, Inmaculada Ortiz Molina, Margarita Peinado Castillo, Jose Mar\u00eda &hellip; <\/p>\n<p><a class=\"more-link btn\" href=\"https:\/\/blogsaverroes.juntadeandalucia.es\/cepersanmatias\/equipo-docente\/\">Seguir leyendo<\/a><\/p>\n","protected":false},"author":4072,"featured_media":0,"parent":0,"menu_order":0,"comment_status":"open","ping_status":"open","template":"","meta":{"ngg_post_thumbnail":0,"footnotes":"","_mc_calendar":[]},"aioseo_notices":[],"_links":{"self":[{"href":"https:\/\/blogsaverroes.juntadeandalucia.es\/cepersanmatias\/wp-json\/wp\/v2\/pages\/2282"}],"collection":[{"href":"https:\/\/blogsaverroes.juntadeandalucia.es\/cepersanmatias\/wp-json\/wp\/v2\/pages"}],"about":[{"href":"https:\/\/blogsaverroes.juntadeandalucia.es\/cepersanmatias\/wp-json\/wp\/v2\/types\/page"}],"author":[{"embeddable":true,"href":"https:\/\/blogsaverroes.juntadeandalucia.es\/cepersanmatias\/wp-json\/wp\/v2\/users\/4072"}],"replies":[{"embeddable":true,"href":"https:\/\/blogsaverroes.juntadeandalucia.es\/cepersanmatias\/wp-json\/wp\/v2\/comments?post=2282"}],"version-history":[{"count":21,"href":"https:\/\/blogsaverroes.juntadeandalucia.es\/cepersanmatias\/wp-json\/wp\/v2\/pages\/2282\/revisions"}],"predecessor-version":[{"id":6319,"href":"https:\/\/blogsaverroes.juntadeandalucia.es\/cepersanmatias\/wp-json\/wp\/v2\/pages\/2282\/revisions\/6319"}],"wp:attachment":[{"href":"https:\/\/blogsaverroes.juntadeandalucia.es\/cepersanmatias\/wp-json\/wp\/v2\/media?parent=2282"}],"curies":[{"name":"wp","href":"https:\/\/api.w.org\/{rel}","templated":true}]}}