{"id":2306,"date":"2016-10-25T09:52:11","date_gmt":"2016-10-25T09:52:11","guid":{"rendered":"http:\/\/blogsaverroes.juntadeandalucia.es\/cepersanmatias\/?page_id=2306"},"modified":"2016-10-25T09:52:11","modified_gmt":"2016-10-25T09:52:11","slug":"titulo-de-educacion-secundaria-obligatoria","status":"publish","type":"page","link":"https:\/\/blogsaverroes.juntadeandalucia.es\/cepersanmatias\/oferta-educativa\/titulo-de-educacion-secundaria-obligatoria\/","title":{"rendered":"T\u00edtulo de Educaci\u00f3n Secundaria Obligatoria"},"content":{"rendered":"<p>En Educaci\u00f3n Permanente se oferta la<strong> Educaci\u00f3n Secundaria Obligatoria para personas adultas<\/strong>. Estas ense\u00f1anzas se rigen por criterios de flexibilidad para facilitar tu incorporaci\u00f3n al sistema educativo. Las principales diferencias respecto a la Educaci\u00f3n Secundaria Obligatoria en r\u00e9gimen ordinario son:<\/p>\n<ul>\n<li>Tiene una duraci\u00f3n de <strong>dos cursos escolares<\/strong>: Nivel I (1\u00ba y 2\u00ba de la ESO en r\u00e9gimen ordinario) y Nivel II (3\u00ba y 4\u00ba de la ESO en r\u00e9gimen ordinario).<\/li>\n<li>Los contenidos se agrupan por <strong>\u00e1mbitos, <\/strong>no por materias: \u00e1mbito de comunicaci\u00f3n, \u00e1mbito cient\u00edfico-tecnol\u00f3gico y \u00e1mbito social.<\/li>\n<li>Posibilidad de <strong>matr\u00edcula parcial<\/strong> por \u00e1mbitos en todas las modalidades.<\/li>\n<li>Reconocimiento y equivalencia de aprendizajes adquiridos, tanto si accedes a la ESO por primera vez como si provienes del r\u00e9gimen ordinario de estas ense\u00f1anzas. Adem\u00e1s se reconocer\u00e1n aquellos \u00e1mbitos superadas en las\u00a0 pruebas para la obtenci\u00f3n del T\u00edtulo de Graduado en ESO para mayores de 18 a\u00f1os. Estos \u00e1mbitos, una vez superados, no deben ser cursados de nuevo.<\/li>\n<\/ul>\n<p>El CEPER San Mat\u00edas oferta en la modalidad presencial:<\/p>\n<ul>\n<li>Preparaci\u00f3n de la prueba para la obtenci\u00f3n del T\u00edtulo de Graduado en ESO para mayores de 18 a\u00f1os.<\/li>\n<\/ul>\n<ul>\n<li>Tutor\u00eda de apoyo al estudio para el seguimiento de la modalidad semipresencial en la ESO para personas adultas.<\/li>\n<\/ul>\n<p>&nbsp;<\/p>\n","protected":false},"excerpt":{"rendered":"<p>En Educaci\u00f3n Permanente se oferta la Educaci\u00f3n Secundaria Obligatoria para personas adultas. Estas ense\u00f1anzas se rigen por criterios de flexibilidad para facilitar tu incorporaci\u00f3n al sistema educativo. Las principales diferencias respecto a la Educaci\u00f3n Secundaria Obligatoria en r\u00e9gimen ordinario son: Tiene una duraci\u00f3n de dos cursos escolares: Nivel I (1\u00ba y 2\u00ba de la ESO &hellip; <\/p>\n<p><a class=\"more-link btn\" href=\"https:\/\/blogsaverroes.juntadeandalucia.es\/cepersanmatias\/oferta-educativa\/titulo-de-educacion-secundaria-obligatoria\/\">Seguir leyendo<\/a><\/p>\n","protected":false},"author":4072,"featured_media":0,"parent":2295,"menu_order":0,"comment_status":"open","ping_status":"open","template":"","meta":{"ngg_post_thumbnail":0,"footnotes":"","_mc_calendar":[]},"aioseo_notices":[],"_links":{"self":[{"href":"https:\/\/blogsaverroes.juntadeandalucia.es\/cepersanmatias\/wp-json\/wp\/v2\/pages\/2306"}],"collection":[{"href":"https:\/\/blogsaverroes.juntadeandalucia.es\/cepersanmatias\/wp-json\/wp\/v2\/pages"}],"about":[{"href":"https:\/\/blogsaverroes.juntadeandalucia.es\/cepersanmatias\/wp-json\/wp\/v2\/types\/page"}],"author":[{"embeddable":true,"href":"https:\/\/blogsaverroes.juntadeandalucia.es\/cepersanmatias\/wp-json\/wp\/v2\/users\/4072"}],"replies":[{"embeddable":true,"href":"https:\/\/blogsaverroes.juntadeandalucia.es\/cepersanmatias\/wp-json\/wp\/v2\/comments?post=2306"}],"version-history":[{"count":1,"href":"https:\/\/blogsaverroes.juntadeandalucia.es\/cepersanmatias\/wp-json\/wp\/v2\/pages\/2306\/revisions"}],"predecessor-version":[{"id":2307,"href":"https:\/\/blogsaverroes.juntadeandalucia.es\/cepersanmatias\/wp-json\/wp\/v2\/pages\/2306\/revisions\/2307"}],"up":[{"embeddable":true,"href":"https:\/\/blogsaverroes.juntadeandalucia.es\/cepersanmatias\/wp-json\/wp\/v2\/pages\/2295"}],"wp:attachment":[{"href":"https:\/\/blogsaverroes.juntadeandalucia.es\/cepersanmatias\/wp-json\/wp\/v2\/media?parent=2306"}],"curies":[{"name":"wp","href":"https:\/\/api.w.org\/{rel}","templated":true}]}}