{"id":2324,"date":"2016-10-25T10:17:47","date_gmt":"2016-10-25T10:17:47","guid":{"rendered":"http:\/\/blogsaverroes.juntadeandalucia.es\/cepersanmatias\/?page_id=2324"},"modified":"2022-05-30T07:30:36","modified_gmt":"2022-05-30T07:30:36","slug":"espanol-para-extranjeros","status":"publish","type":"page","link":"https:\/\/blogsaverroes.juntadeandalucia.es\/cepersanmatias\/oferta-educativa\/espanol-para-extranjeros\/","title":{"rendered":"Espa\u00f1ol para extranjeros"},"content":{"rendered":"<ul class=\"ul1\">\n<li class=\"li2\">Interculturalidad, cultura y lengua espa\u00f1ola para personas procedentes de otros pa\u00edses.<\/li>\n<li>Accede a distintas webs con recursos en los enlaces:<\/li>\n<li><a href=\"https:\/\/www.profedeele.es\/\" target=\"_blank\" rel=\"noopener noreferrer\">PROFE DE LEE<\/a><\/li>\n<li><a href=\"https:\/\/spanish2learn.com\/listado-sitios-material-para-dar-clases-de-espanol\/\" target=\"_blank\" rel=\"noopener noreferrer\">MATERIALES DIVERSOS<\/a><\/li>\n<li><a href=\"https:\/\/espanolparainmigrantes.wordpress.com\/\" target=\"_blank\" rel=\"noopener noreferrer\">ESPA\u00d1OL PARA INMIGRANTES<\/a><\/li>\n<li><a href=\"https:\/\/ensenandoespanolonline.com\/recursos-para-ensenar-espanol-a-tus-estudiantes\/\" target=\"_blank\" rel=\"noopener noreferrer\">RECURSOS DIGITALES PARA SEGUIR APRENDIENDO ESPA\u00d1OL EN CASA<\/a><\/li>\n<li><a href=\"https:\/\/www.clasedeele.com\/\" target=\"_blank\" rel=\"noopener noreferrer\">LEE<\/a><\/li>\n<li><a href=\"https:\/\/www.educacionyfp.gob.es\/brasil\/enlaces-interes\/recursos-para-aprendizaje-del-espa-ol.html\" target=\"_blank\" rel=\"noopener noreferrer\">RECURSOS GOBIERNO DE ESPA\u00d1A<\/a><\/li>\n<li><a href=\"https:\/\/www.juntadeandalucia.es\/educacion\/permanente\/materiales\/index.php?espanol\">RECURSOS ESPA\u00d1OL EXTRANJEROS JUNTA DE ANDALUC\u00cdA<\/a><\/li>\n<li><a href=\"https:\/\/aprenderespanol.org\/\" target=\"_blank\" rel=\"noopener noreferrer\">EJERCICIOS VARIADOS<\/a><\/li>\n<li><a href=\"http:\/\/castellanoextranjerosbn.blogspot.com\/\" target=\"_blank\" rel=\"noopener noreferrer\">ESPA\u00d1OL PARA EXTRANJEROS<\/a><\/li>\n<li><a href=\"http:\/\/revistadigital.inesem.es\/idiomas\/material-para-ensenar-espanol-a-extranjeros-adultos\/,\" target=\"_blank\" rel=\"noopener noreferrer\">RECURSOS ESPA\u00d1OL PARA EXTRANJEROS<\/a><\/li>\n<\/ul>\n<p>&nbsp;<\/p>\n","protected":false},"excerpt":{"rendered":"<p>Interculturalidad, cultura y lengua espa\u00f1ola para personas procedentes de otros pa\u00edses. Accede a distintas webs con recursos en los enlaces: PROFE DE LEE MATERIALES DIVERSOS ESPA\u00d1OL PARA INMIGRANTES RECURSOS DIGITALES PARA SEGUIR APRENDIENDO ESPA\u00d1OL EN CASA LEE RECURSOS GOBIERNO DE ESPA\u00d1A RECURSOS ESPA\u00d1OL EXTRANJEROS JUNTA DE ANDALUC\u00cdA EJERCICIOS VARIADOS ESPA\u00d1OL PARA EXTRANJEROS RECURSOS ESPA\u00d1OL PARA &hellip; <\/p>\n<p><a class=\"more-link btn\" href=\"https:\/\/blogsaverroes.juntadeandalucia.es\/cepersanmatias\/oferta-educativa\/espanol-para-extranjeros\/\">Seguir leyendo<\/a><\/p>\n","protected":false},"author":4072,"featured_media":0,"parent":2295,"menu_order":0,"comment_status":"open","ping_status":"open","template":"","meta":{"ngg_post_thumbnail":0,"footnotes":"","_mc_calendar":[]},"aioseo_notices":[],"_links":{"self":[{"href":"https:\/\/blogsaverroes.juntadeandalucia.es\/cepersanmatias\/wp-json\/wp\/v2\/pages\/2324"}],"collection":[{"href":"https:\/\/blogsaverroes.juntadeandalucia.es\/cepersanmatias\/wp-json\/wp\/v2\/pages"}],"about":[{"href":"https:\/\/blogsaverroes.juntadeandalucia.es\/cepersanmatias\/wp-json\/wp\/v2\/types\/page"}],"author":[{"embeddable":true,"href":"https:\/\/blogsaverroes.juntadeandalucia.es\/cepersanmatias\/wp-json\/wp\/v2\/users\/4072"}],"replies":[{"embeddable":true,"href":"https:\/\/blogsaverroes.juntadeandalucia.es\/cepersanmatias\/wp-json\/wp\/v2\/comments?post=2324"}],"version-history":[{"count":5,"href":"https:\/\/blogsaverroes.juntadeandalucia.es\/cepersanmatias\/wp-json\/wp\/v2\/pages\/2324\/revisions"}],"predecessor-version":[{"id":5168,"href":"https:\/\/blogsaverroes.juntadeandalucia.es\/cepersanmatias\/wp-json\/wp\/v2\/pages\/2324\/revisions\/5168"}],"up":[{"embeddable":true,"href":"https:\/\/blogsaverroes.juntadeandalucia.es\/cepersanmatias\/wp-json\/wp\/v2\/pages\/2295"}],"wp:attachment":[{"href":"https:\/\/blogsaverroes.juntadeandalucia.es\/cepersanmatias\/wp-json\/wp\/v2\/media?parent=2324"}],"curies":[{"name":"wp","href":"https:\/\/api.w.org\/{rel}","templated":true}]}}