{"id":2458,"date":"2017-09-05T17:28:45","date_gmt":"2017-09-05T17:28:45","guid":{"rendered":"http:\/\/blogsaverroes.juntadeandalucia.es\/cepersanmatias\/?page_id=2458"},"modified":"2017-09-05T17:44:25","modified_gmt":"2017-09-05T17:44:25","slug":"medio-ambiente","status":"publish","type":"page","link":"https:\/\/blogsaverroes.juntadeandalucia.es\/cepersanmatias\/medio-ambiente\/","title":{"rendered":"Medio ambiente"},"content":{"rendered":"<p>Conocer, comprender y valorar el medio en el que vive el ser humano es el primer paso para que \u00e9ste adopte estrategias que conduzcan hacia una conservaci\u00f3n del rico patrimonio natural de Andaluc\u00eda.<\/p>\n","protected":false},"excerpt":{"rendered":"<p>Conocer, comprender y valorar el medio en el que vive el ser humano es el primer paso para que \u00e9ste adopte estrategias que conduzcan hacia una conservaci\u00f3n del rico patrimonio natural de Andaluc\u00eda.<\/p>\n","protected":false},"author":4072,"featured_media":0,"parent":0,"menu_order":0,"comment_status":"closed","ping_status":"closed","template":"","meta":{"ngg_post_thumbnail":0,"footnotes":"","_mc_calendar":[]},"aioseo_notices":[],"_links":{"self":[{"href":"https:\/\/blogsaverroes.juntadeandalucia.es\/cepersanmatias\/wp-json\/wp\/v2\/pages\/2458"}],"collection":[{"href":"https:\/\/blogsaverroes.juntadeandalucia.es\/cepersanmatias\/wp-json\/wp\/v2\/pages"}],"about":[{"href":"https:\/\/blogsaverroes.juntadeandalucia.es\/cepersanmatias\/wp-json\/wp\/v2\/types\/page"}],"author":[{"embeddable":true,"href":"https:\/\/blogsaverroes.juntadeandalucia.es\/cepersanmatias\/wp-json\/wp\/v2\/users\/4072"}],"replies":[{"embeddable":true,"href":"https:\/\/blogsaverroes.juntadeandalucia.es\/cepersanmatias\/wp-json\/wp\/v2\/comments?post=2458"}],"version-history":[{"count":1,"href":"https:\/\/blogsaverroes.juntadeandalucia.es\/cepersanmatias\/wp-json\/wp\/v2\/pages\/2458\/revisions"}],"predecessor-version":[{"id":2459,"href":"https:\/\/blogsaverroes.juntadeandalucia.es\/cepersanmatias\/wp-json\/wp\/v2\/pages\/2458\/revisions\/2459"}],"wp:attachment":[{"href":"https:\/\/blogsaverroes.juntadeandalucia.es\/cepersanmatias\/wp-json\/wp\/v2\/media?parent=2458"}],"curies":[{"name":"wp","href":"https:\/\/api.w.org\/{rel}","templated":true}]}}