{"id":2527,"date":"2018-05-24T10:25:43","date_gmt":"2018-05-24T10:25:43","guid":{"rendered":"http:\/\/blogsaverroes.juntadeandalucia.es\/cepersanmatias\/?page_id=2527"},"modified":"2018-05-24T10:29:29","modified_gmt":"2018-05-24T10:29:29","slug":"ingles-a1-y-a2-preparacion-para-la-prueba","status":"publish","type":"page","link":"https:\/\/blogsaverroes.juntadeandalucia.es\/cepersanmatias\/ingles-a1-y-a2-preparacion-para-la-prueba\/","title":{"rendered":"Ingl\u00e9s A1 y A2 (preparaci\u00f3n para la prueba)"},"content":{"rendered":"<p>Plan de Tutor\u00eda y Apoyo al Estudio de Idiomas<\/p>\n","protected":false},"excerpt":{"rendered":"<p>Plan de Tutor\u00eda y Apoyo al Estudio de Idiomas<\/p>\n","protected":false},"author":4072,"featured_media":0,"parent":0,"menu_order":0,"comment_status":"closed","ping_status":"closed","template":"","meta":{"ngg_post_thumbnail":0,"footnotes":"","_mc_calendar":[]},"aioseo_notices":[],"_links":{"self":[{"href":"https:\/\/blogsaverroes.juntadeandalucia.es\/cepersanmatias\/wp-json\/wp\/v2\/pages\/2527"}],"collection":[{"href":"https:\/\/blogsaverroes.juntadeandalucia.es\/cepersanmatias\/wp-json\/wp\/v2\/pages"}],"about":[{"href":"https:\/\/blogsaverroes.juntadeandalucia.es\/cepersanmatias\/wp-json\/wp\/v2\/types\/page"}],"author":[{"embeddable":true,"href":"https:\/\/blogsaverroes.juntadeandalucia.es\/cepersanmatias\/wp-json\/wp\/v2\/users\/4072"}],"replies":[{"embeddable":true,"href":"https:\/\/blogsaverroes.juntadeandalucia.es\/cepersanmatias\/wp-json\/wp\/v2\/comments?post=2527"}],"version-history":[{"count":1,"href":"https:\/\/blogsaverroes.juntadeandalucia.es\/cepersanmatias\/wp-json\/wp\/v2\/pages\/2527\/revisions"}],"predecessor-version":[{"id":2528,"href":"https:\/\/blogsaverroes.juntadeandalucia.es\/cepersanmatias\/wp-json\/wp\/v2\/pages\/2527\/revisions\/2528"}],"wp:attachment":[{"href":"https:\/\/blogsaverroes.juntadeandalucia.es\/cepersanmatias\/wp-json\/wp\/v2\/media?parent=2527"}],"curies":[{"name":"wp","href":"https:\/\/api.w.org\/{rel}","templated":true}]}}