{"id":2671,"date":"2018-09-23T17:46:38","date_gmt":"2018-09-23T17:46:38","guid":{"rendered":"https:\/\/blogsaverroes.juntadeandalucia.es\/cepersanmatias\/?page_id=2671"},"modified":"2018-09-24T17:31:49","modified_gmt":"2018-09-24T17:31:49","slug":"tutoria","status":"publish","type":"page","link":"https:\/\/blogsaverroes.juntadeandalucia.es\/cepersanmatias\/tutoria\/","title":{"rendered":"TUTOR\u00cdA"},"content":{"rendered":"<h1 class=\"entry-title\"><strong>T\u00c9CNICAS DE ESTUDIO<\/strong><\/h1>\n<div class=\"entry-content\">\n<p style=\"text-align: justify\"><strong>LA TUTOR\u00cdA pretende ser un espacio de consulta y reflexi\u00f3n sobre los procesos que intervienen en la formaci\u00f3n de la personalidad y el desarrollo del aprendizaje de los alumnos y alumnas. Considero que la adquisici\u00f3n de h\u00e1bitos de conducta, t\u00e9cnicas de aprendizaje y valores personales son los tres pilares fundamentales de la acci\u00f3n tutorial y desde esta ventana quisiera poder ofreceros algunas pautas que os pueden servir de ayuda.<\/strong><\/p>\n<p style=\"text-align: justify\"><strong>Os propongo que hag\u00e1is el test inicial sobre vuestra manera de estudiar. As\u00ed detectar\u00e9is las cosas que hac\u00e9is bien y aquellas que deber\u00e9is modificar. Tambi\u00e9n, la propia reflexi\u00f3n del test os sugerir\u00e1 conductas que podr\u00e9is hacer en el futuro y que os ayudar\u00e1n a mejorar vuestro rendimiento, no s\u00f3lo en los momentos de estudio en casa, sino tambi\u00e9n en la clase.<\/strong><\/p>\n<p style=\"text-align: justify\"><strong>Una vez realizado el test inicial y que hab\u00e9is sacado conclusiones del mismo (deb\u00e9is ser consciente de los aspectos que deb\u00e9is de mejorar y comprometeros a esforzaros en ello), pod\u00e9is empezar a trabajar las distintas t\u00e9cnicas de estudios. Vais a encontrar en todas ellas siempre&nbsp;<\/strong><strong>una parte en la que se explica en qu\u00e9 consisten, en la que se os dan consejos y sugerencias de c\u00f3mo mejorarlas;&nbsp;<\/strong><strong>una segunda parte con un test y con ejercicios interactivos que s\u00f3lo son un comienzo, pero que creo son interesantes.<\/strong><\/p>\n<p style=\"text-align: justify\"><strong>Pod\u00e9is ejercitaros en las siguientes t\u00e9cnicas de&nbsp;<span class=\"skimlinks-unlinked\">estudio.Pod\u00e9is<\/span>&nbsp;ir practicando todas ellas a la vez (no ten\u00e9is que terminar los ejercicios de una para hacer los de otra):<\/strong><\/p>\n<ul style=\"text-align: justify\">\n<li>\n<h3><strong>LA MEMORIA<\/strong><\/h3>\n<\/li>\n<\/ul>\n<ul style=\"text-align: justify\">\n<li>\n<h3><strong>REALIZAR ESQUEMAS<\/strong><\/h3>\n<\/li>\n<\/ul>\n<ul style=\"text-align: justify\">\n<li>\n<h3><strong>T\u00c9CNICAS DE ATENCI\u00d3N Y CONCENTRACI\u00d3N<\/strong><\/h3>\n<\/li>\n<\/ul>\n<ul style=\"text-align: justify\">\n<li>\n<h3><strong>T\u00c9CNICAS DE LECTURA<\/strong><\/h3>\n<\/li>\n<\/ul>\n<ul style=\"text-align: justify\">\n<li>\n<h3><strong>T\u00c9CNICAS DE SUBRAYADO Y NOTAS<\/strong><\/h3>\n<\/li>\n<\/ul>\n<ul>\n<li>\n<h3 style=\"text-align: justify\"><strong>C\u00d3MO TOMAR APUNTES EN CLASE.<\/strong><\/h3>\n<\/li>\n<\/ul>\n<\/div>\n<p><strong>HAZ CLIC EN LA IMAGEN<\/strong><\/p>\n<p><a href=\"http:\/\/ntic.educacion.es\/w3\/eos\/MaterialesEducativos\/mem2006\/aprender_estudiar\/index2.html\"><img loading=\"lazy\" decoding=\"async\" class=\"wp-image-2672 alignleft\" src=\"https:\/\/blogsaverroes.juntadeandalucia.es\/cepersanmatias\/files\/2018\/09\/mejorar_lectura.jpg\" alt=\"\" width=\"508\" height=\"325\" srcset=\"https:\/\/blogsaverroes.juntadeandalucia.es\/cepersanmatias\/files\/2018\/09\/mejorar_lectura.jpg 270w, https:\/\/blogsaverroes.juntadeandalucia.es\/cepersanmatias\/files\/2018\/09\/mejorar_lectura-24x15.jpg 24w, https:\/\/blogsaverroes.juntadeandalucia.es\/cepersanmatias\/files\/2018\/09\/mejorar_lectura-36x23.jpg 36w, https:\/\/blogsaverroes.juntadeandalucia.es\/cepersanmatias\/files\/2018\/09\/mejorar_lectura-48x31.jpg 48w\" sizes=\"(max-width: 508px) 100vw, 508px\" \/><\/a><\/p>\n<p>&nbsp;<\/p>\n<p style=\"font-family: 'Open Sans', sans-serif;font-size: 15px;font-style: normal;font-weight: 400\">&nbsp;<\/p>\n<p style=\"font-family: 'Open Sans', sans-serif;font-size: 15px;font-style: normal;font-weight: 400\">&nbsp;<\/p>\n<p style=\"font-family: 'Open Sans', sans-serif;font-size: 15px;font-style: normal;font-weight: 400\">&nbsp;<\/p>\n<p style=\"font-family: 'Open Sans', sans-serif;font-size: 15px;font-style: normal;font-weight: 400\">&nbsp;<\/p>\n<p style=\"font-family: 'Open Sans', sans-serif;font-size: 15px;font-style: normal;font-weight: 400\">&nbsp;<\/p>\n<p style=\"font-family: 'Open Sans', sans-serif;font-size: 15px;font-style: normal;font-weight: 400\">&nbsp;<\/p>\n<p>&nbsp;<\/p>\n<p>&nbsp;<\/p>\n","protected":false},"excerpt":{"rendered":"<p>T\u00c9CNICAS DE ESTUDIO LA TUTOR\u00cdA pretende ser un espacio de consulta y reflexi\u00f3n sobre los procesos que intervienen en la formaci\u00f3n de la personalidad y el desarrollo del aprendizaje de los alumnos y alumnas. Considero que la adquisici\u00f3n de h\u00e1bitos de conducta, t\u00e9cnicas de aprendizaje y valores personales son los tres pilares fundamentales de la &hellip; <\/p>\n<p><a class=\"more-link btn\" href=\"https:\/\/blogsaverroes.juntadeandalucia.es\/cepersanmatias\/tutoria\/\">Seguir leyendo<\/a><\/p>\n","protected":false},"author":4072,"featured_media":0,"parent":0,"menu_order":0,"comment_status":"closed","ping_status":"closed","template":"","meta":{"ngg_post_thumbnail":0,"footnotes":"","_mc_calendar":[]},"aioseo_notices":[],"_links":{"self":[{"href":"https:\/\/blogsaverroes.juntadeandalucia.es\/cepersanmatias\/wp-json\/wp\/v2\/pages\/2671"}],"collection":[{"href":"https:\/\/blogsaverroes.juntadeandalucia.es\/cepersanmatias\/wp-json\/wp\/v2\/pages"}],"about":[{"href":"https:\/\/blogsaverroes.juntadeandalucia.es\/cepersanmatias\/wp-json\/wp\/v2\/types\/page"}],"author":[{"embeddable":true,"href":"https:\/\/blogsaverroes.juntadeandalucia.es\/cepersanmatias\/wp-json\/wp\/v2\/users\/4072"}],"replies":[{"embeddable":true,"href":"https:\/\/blogsaverroes.juntadeandalucia.es\/cepersanmatias\/wp-json\/wp\/v2\/comments?post=2671"}],"version-history":[{"count":6,"href":"https:\/\/blogsaverroes.juntadeandalucia.es\/cepersanmatias\/wp-json\/wp\/v2\/pages\/2671\/revisions"}],"predecessor-version":[{"id":2680,"href":"https:\/\/blogsaverroes.juntadeandalucia.es\/cepersanmatias\/wp-json\/wp\/v2\/pages\/2671\/revisions\/2680"}],"wp:attachment":[{"href":"https:\/\/blogsaverroes.juntadeandalucia.es\/cepersanmatias\/wp-json\/wp\/v2\/media?parent=2671"}],"curies":[{"name":"wp","href":"https:\/\/api.w.org\/{rel}","templated":true}]}}