{"id":35,"date":"2015-03-13T08:21:43","date_gmt":"2015-03-13T08:21:43","guid":{"rendered":"http:\/\/blogsaverroes.juntadeandalucia.es\/pre\/ceip\/?page_id=35"},"modified":"2021-07-10T13:58:42","modified_gmt":"2021-07-10T13:58:42","slug":"el-centro-2","status":"publish","type":"page","link":"https:\/\/blogsaverroes.juntadeandalucia.es\/cepersanmatias\/el-centro-2\/","title":{"rendered":"Datos del centro"},"content":{"rendered":"<p><iframe loading=\"lazy\" src=\"https:\/\/www.google.com\/maps\/embed?pb=!1m14!1m8!1m3!1d12716.924928836384!2d-3.5954073!3d37.1709754!3m2!1i1024!2i768!4f13.1!3m3!1m2!1s0x0%3A0xe53b96759959893f!2sCentro+de+Educaci%C3%B3n+permanente+San+Mat%C3%ADas!5e0!3m2!1ses!2ses!4v1477337571858\" width=\"600\" height=\"450\" frameborder=\"0\"><\/iframe><\/p>\n<h4><strong>Datos de contacto<\/strong><\/h4>\n<p>Centro de Educaci\u00f3n Permanente&nbsp;San Mat\u00edas &#8211; Granada<\/p>\n<p><strong>Direcci\u00f3n:<\/strong>&nbsp; Calle Casta\u00f1eda, 23, &nbsp;18009 Granada.<\/p>\n<p><strong>Tel\u00e9fono \/ FAX: <\/strong>958894826 \/ 958894827<\/p>\n<p><strong>Email:<\/strong>&nbsp;18500917.edu@juntadeandalucia.es<\/p>\n<h4><strong>Horarios<\/strong><\/h4>\n<p>Horario de apertura<\/p>\n<ul>\n<li>Ma\u00f1ana: 9:00 a 14:00.<\/li>\n<li>Tarde: 15:30 a 20:30.<\/li>\n<\/ul>\n<p>Si desea contactar con secretar\u00eda acceda al siguiente <a href=\"http:\/\/blogsaverroes.juntadeandalucia.es\/cepersanmatias\/secretaria\/\">enlace<\/a><\/p>\n<h4><strong>Oferta educativa<\/strong><\/h4>\n<p><strong>Planes Educativos:<\/strong><\/p>\n<ul>\n<li>Formaci\u00f3n B\u00e1sica (Nivel I y II).<\/li>\n<\/ul>\n<p><strong>Planes Educativos de Acceso a otros niveles del sistema educativo:<\/strong><\/p>\n<ul>\n<li>Preparaci\u00f3n de la Prueba de Acceso a Ciclos Formativos de Grado Superior de Formaci\u00f3n Profesional.<\/li>\n<li>Preparaci\u00f3n de la Prueba de acceso a la Universidad para mayores de 25 a\u00f1os y 45 a\u00f1os.<\/li>\n<\/ul>\n<p><strong>Planes Educativos de Preparaci\u00f3n para la obtenci\u00f3n de titulaciones oficiales:<\/strong><\/p>\n<ul>\n<li>Preparaci\u00f3n de la prueba para la obtenci\u00f3n del T\u00edtulo de Graduado en ESO<br \/>\npara mayores de 18 a\u00f1os.<\/li>\n<li>Tutor\u00eda de apoyo al estudio ESO para personas adultas, nivel I y II.<\/li>\n<li>Tutor\u00eda de apoyo al estudio nivel b\u00e1sico de idiomas (Ingl\u00e9s).<\/li>\n<\/ul>\n<p><strong>Planes Educativos para el Fomento de la Ciudadan\u00eda Activa:<\/strong><\/p>\n<ul>\n<li>Uso b\u00e1sico de un idioma extranjero (ingl\u00e9s ).<\/li>\n<li>Uso b\u00e1sico de las Tecnolog\u00edas de Informaci\u00f3n y Comunicaci\u00f3n.<\/li>\n<li>Fomento de la Cultura Emprendedora.<\/li>\n<li>Interculturalidad, cultura y lengua espa\u00f1ola para personas procedentes de otros pa\u00edses.<\/li>\n<li>Conocimiento y conservaci\u00f3n del Patrimonio cultural de Andaluc\u00eda y del Medioambiente.<\/li>\n<li>Adquisici\u00f3n de h\u00e1bitos de vida saludable y Prevenci\u00f3n de enfermedades y Riesgos profesionales.<\/li>\n<li>Patrimonio.<\/li>\n<li>Medio ambiente.<\/li>\n<li>Interculturalidad. Lengua y cultura espa\u00f1ola.<\/li>\n<\/ul>\n<p>&nbsp;<\/p>\n<p>&nbsp;<\/p>\n","protected":false},"excerpt":{"rendered":"<p>Datos de contacto Centro de Educaci\u00f3n Permanente&nbsp;San Mat\u00edas &#8211; Granada Direcci\u00f3n:&nbsp; Calle Casta\u00f1eda, 23, &nbsp;18009 Granada. Tel\u00e9fono \/ FAX: 958894826 \/ 958894827 Email:&nbsp;18500917.edu@juntadeandalucia.es Horarios Horario de apertura Ma\u00f1ana: 9:00 a 14:00. Tarde: 15:30 a 20:30. Si desea contactar con secretar\u00eda acceda al siguiente enlace Oferta educativa Planes Educativos: Formaci\u00f3n B\u00e1sica (Nivel I y II). Planes &hellip; <\/p>\n<p><a class=\"more-link btn\" href=\"https:\/\/blogsaverroes.juntadeandalucia.es\/cepersanmatias\/el-centro-2\/\">Seguir leyendo<\/a><\/p>\n","protected":false},"author":1,"featured_media":0,"parent":0,"menu_order":0,"comment_status":"closed","ping_status":"open","template":"","meta":{"ngg_post_thumbnail":0,"footnotes":"","_mc_calendar":[]},"aioseo_notices":[],"_links":{"self":[{"href":"https:\/\/blogsaverroes.juntadeandalucia.es\/cepersanmatias\/wp-json\/wp\/v2\/pages\/35"}],"collection":[{"href":"https:\/\/blogsaverroes.juntadeandalucia.es\/cepersanmatias\/wp-json\/wp\/v2\/pages"}],"about":[{"href":"https:\/\/blogsaverroes.juntadeandalucia.es\/cepersanmatias\/wp-json\/wp\/v2\/types\/page"}],"author":[{"embeddable":true,"href":"https:\/\/blogsaverroes.juntadeandalucia.es\/cepersanmatias\/wp-json\/wp\/v2\/users\/1"}],"replies":[{"embeddable":true,"href":"https:\/\/blogsaverroes.juntadeandalucia.es\/cepersanmatias\/wp-json\/wp\/v2\/comments?post=35"}],"version-history":[{"count":29,"href":"https:\/\/blogsaverroes.juntadeandalucia.es\/cepersanmatias\/wp-json\/wp\/v2\/pages\/35\/revisions"}],"predecessor-version":[{"id":4814,"href":"https:\/\/blogsaverroes.juntadeandalucia.es\/cepersanmatias\/wp-json\/wp\/v2\/pages\/35\/revisions\/4814"}],"wp:attachment":[{"href":"https:\/\/blogsaverroes.juntadeandalucia.es\/cepersanmatias\/wp-json\/wp\/v2\/media?parent=35"}],"curies":[{"name":"wp","href":"https:\/\/api.w.org\/{rel}","templated":true}]}}