{"id":3840,"date":"2020-01-15T16:55:20","date_gmt":"2020-01-15T16:55:20","guid":{"rendered":"https:\/\/blogsaverroes.juntadeandalucia.es\/cepersanmatias\/?page_id=3840"},"modified":"2020-01-15T17:06:56","modified_gmt":"2020-01-15T17:06:56","slug":"rof","status":"publish","type":"page","link":"https:\/\/blogsaverroes.juntadeandalucia.es\/cepersanmatias\/rof\/","title":{"rendered":"ROF"},"content":{"rendered":"<p>Reglamento de organizaci\u00f3n y funcionamiento.<\/p>\n<p>Desc\u00e1rgalo en el siguiente enlace ROF <a href=\"https:\/\/blogsaverroes.juntadeandalucia.es\/cepersanmatias\/files\/2020\/01\/REGLAMENTO-DE-ORGANIZACI\u00d3N-Y-FUNCIONAMIENTO-revisado-con-llamadas-SAN-MATIAS.pdf\">REGLAMENTO DE ORGANIZACI\u00d3N Y FUNCIONAMIENTO&nbsp; SAN MATIAS<\/a><\/p>\n","protected":false},"excerpt":{"rendered":"<p>Reglamento de organizaci\u00f3n y funcionamiento. Desc\u00e1rgalo en el siguiente enlace ROF REGLAMENTO DE ORGANIZACI\u00d3N Y FUNCIONAMIENTO&nbsp; SAN MATIAS<\/p>\n","protected":false},"author":4072,"featured_media":0,"parent":0,"menu_order":0,"comment_status":"closed","ping_status":"closed","template":"","meta":{"ngg_post_thumbnail":0,"footnotes":"","_mc_calendar":[]},"aioseo_notices":[],"_links":{"self":[{"href":"https:\/\/blogsaverroes.juntadeandalucia.es\/cepersanmatias\/wp-json\/wp\/v2\/pages\/3840"}],"collection":[{"href":"https:\/\/blogsaverroes.juntadeandalucia.es\/cepersanmatias\/wp-json\/wp\/v2\/pages"}],"about":[{"href":"https:\/\/blogsaverroes.juntadeandalucia.es\/cepersanmatias\/wp-json\/wp\/v2\/types\/page"}],"author":[{"embeddable":true,"href":"https:\/\/blogsaverroes.juntadeandalucia.es\/cepersanmatias\/wp-json\/wp\/v2\/users\/4072"}],"replies":[{"embeddable":true,"href":"https:\/\/blogsaverroes.juntadeandalucia.es\/cepersanmatias\/wp-json\/wp\/v2\/comments?post=3840"}],"version-history":[{"count":3,"href":"https:\/\/blogsaverroes.juntadeandalucia.es\/cepersanmatias\/wp-json\/wp\/v2\/pages\/3840\/revisions"}],"predecessor-version":[{"id":3850,"href":"https:\/\/blogsaverroes.juntadeandalucia.es\/cepersanmatias\/wp-json\/wp\/v2\/pages\/3840\/revisions\/3850"}],"wp:attachment":[{"href":"https:\/\/blogsaverroes.juntadeandalucia.es\/cepersanmatias\/wp-json\/wp\/v2\/media?parent=3840"}],"curies":[{"name":"wp","href":"https:\/\/api.w.org\/{rel}","templated":true}]}}