{"id":77,"date":"2015-03-16T06:54:56","date_gmt":"2015-03-16T06:54:56","guid":{"rendered":"http:\/\/blogsaverroes.juntadeandalucia.es\/pre\/ceip\/?page_id=77"},"modified":"2021-02-09T10:29:59","modified_gmt":"2021-02-09T10:29:59","slug":"secretaria","status":"publish","type":"page","link":"https:\/\/blogsaverroes.juntadeandalucia.es\/cepersanmatias\/secretaria\/","title":{"rendered":"Secretar\u00eda"},"content":{"rendered":"<p>La <strong>Secretar\u00eda<\/strong> desarrolla muchas funciones importantes en la vida de un Centro, especialmente en la relaci\u00f3n a los diferentes tr\u00e1mites administrativos a lo largo de la escolarizaci\u00f3n: admisi\u00f3n, matr\u00edcula, etc.<\/p>\n<p>Si alg\u00fan alumno\/a necesita un certificado de matr\u00edcula, debe solicitarlo al correo <strong>cepersanmatias1@gmail.com<\/strong> y se lo enviamos al responderle.<\/p>\n<p>Si es para recogerlo en el Centro, se lo entregamos al conserje ( de 10 a 13:30 h y de 17:00 a 20:00 h).<\/p>\n<p>No lo pida en secretar\u00eda. Si no sabe escribir un correo, le deja al conserje una nota con sus datos.<\/p>\n<p>Muchas gracias por su colaboraci\u00f3n<\/p>\n<p>&nbsp;<\/p>\n","protected":false},"excerpt":{"rendered":"<p>La Secretar\u00eda desarrolla muchas funciones importantes en la vida de un Centro, especialmente en la relaci\u00f3n a los diferentes tr\u00e1mites administrativos a lo largo de la escolarizaci\u00f3n: admisi\u00f3n, matr\u00edcula, etc. Si alg\u00fan alumno\/a necesita un certificado de matr\u00edcula, debe solicitarlo al correo cepersanmatias1@gmail.com y se lo enviamos al responderle. Si es para recogerlo en el &hellip; <\/p>\n<p><a class=\"more-link btn\" href=\"https:\/\/blogsaverroes.juntadeandalucia.es\/cepersanmatias\/secretaria\/\">Seguir leyendo<\/a><\/p>\n","protected":false},"author":1,"featured_media":0,"parent":0,"menu_order":0,"comment_status":"closed","ping_status":"open","template":"","meta":{"ngg_post_thumbnail":0,"footnotes":"","_mc_calendar":[]},"aioseo_notices":[],"_links":{"self":[{"href":"https:\/\/blogsaverroes.juntadeandalucia.es\/cepersanmatias\/wp-json\/wp\/v2\/pages\/77"}],"collection":[{"href":"https:\/\/blogsaverroes.juntadeandalucia.es\/cepersanmatias\/wp-json\/wp\/v2\/pages"}],"about":[{"href":"https:\/\/blogsaverroes.juntadeandalucia.es\/cepersanmatias\/wp-json\/wp\/v2\/types\/page"}],"author":[{"embeddable":true,"href":"https:\/\/blogsaverroes.juntadeandalucia.es\/cepersanmatias\/wp-json\/wp\/v2\/users\/1"}],"replies":[{"embeddable":true,"href":"https:\/\/blogsaverroes.juntadeandalucia.es\/cepersanmatias\/wp-json\/wp\/v2\/comments?post=77"}],"version-history":[{"count":13,"href":"https:\/\/blogsaverroes.juntadeandalucia.es\/cepersanmatias\/wp-json\/wp\/v2\/pages\/77\/revisions"}],"predecessor-version":[{"id":4667,"href":"https:\/\/blogsaverroes.juntadeandalucia.es\/cepersanmatias\/wp-json\/wp\/v2\/pages\/77\/revisions\/4667"}],"wp:attachment":[{"href":"https:\/\/blogsaverroes.juntadeandalucia.es\/cepersanmatias\/wp-json\/wp\/v2\/media?parent=77"}],"curies":[{"name":"wp","href":"https:\/\/api.w.org\/{rel}","templated":true}]}}