{"id":1142,"date":"2024-12-18T13:01:28","date_gmt":"2024-12-18T12:01:28","guid":{"rendered":"https:\/\/blogsaverroes.juntadeandalucia.es\/cepertavara\/?page_id=1142"},"modified":"2025-06-23T20:01:57","modified_gmt":"2025-06-23T18:01:57","slug":"uso-basico-del-idioma-ingles","status":"publish","type":"page","link":"https:\/\/blogsaverroes.juntadeandalucia.es\/cepertavara\/uso-basico-del-idioma-ingles\/","title":{"rendered":"Uso B\u00e1sico del Idioma (Ingl\u00e9s)"},"content":{"rendered":"<p>[et_pb_section fb_built=&#8221;1&#8243; _builder_version=&#8221;4.24.2&#8243; _module_preset=&#8221;default&#8221; global_colors_info=&#8221;{}&#8221;][et_pb_row column_structure=&#8221;1_3,2_3&#8243; _builder_version=&#8221;4.24.2&#8243; _module_preset=&#8221;default&#8221; global_colors_info=&#8221;{}&#8221;][et_pb_column type=&#8221;1_3&#8243; _builder_version=&#8221;4.24.2&#8243; _module_preset=&#8221;default&#8221; global_colors_info=&#8221;{}&#8221;][et_pb_image src=&#8221;https:\/\/blogsaverroes.juntadeandalucia.es\/cepertavara\/files\/2024\/12\/istockphoto-1149562319-612&#215;612-1.jpg&#8221; title_text=&#8221;Young woman girl student learning english. Education, foreign language&#8221; _builder_version=&#8221;4.24.2&#8243; _module_preset=&#8221;default&#8221; global_colors_info=&#8221;{}&#8221;][\/et_pb_image][et_pb_text _builder_version=&#8221;4.24.2&#8243; _module_preset=&#8221;default&#8221; hover_enabled=&#8221;0&#8243; sticky_enabled=&#8221;0&#8243;]<\/p>\n<p><b>Centros donde se imparte el curso:<\/b><span style=\"font-weight: 400\"> El curso de Uso Inicial del Idioma (Ingl\u00e9s) se ofrece en una amplia red de centros de educaci\u00f3n permanente para adultos, ubicados en diversas localidades:<\/span><\/p>\n<ul>\n<li style=\"font-weight: 400\"><b>Centro de Educaci\u00f3n Permanente Tavara<\/b><span style=\"font-weight: 400\"> (Cortijos Nuevos)<\/span><\/li>\n<li style=\"font-weight: 400\">\u00a0<strong>SEP La Villa (Beas de Segura)<\/strong><\/li>\n<li style=\"font-weight: 400\"><strong>SEP San Blas- Guadalimar (la Puerta de Segura y Puente de G\u00e9nave)<\/strong><\/li>\n<li style=\"font-weight: 400\">\u00a0<strong>SEP Sierra de Segura (Siles)<\/strong><\/li>\n<li style=\"font-weight: 400\"><strong>\u00a0SEP Alorch\u00f3n (Santiagod e al Espada)<\/strong><\/li>\n<\/ul>\n<p><span style=\"font-weight: 400\">Los horarios y las modalidades de clase pueden variar seg\u00fan el centro y la disponibilidad. Para obtener m\u00e1s informaci\u00f3n sobre los horarios espec\u00edficos y la inscripci\u00f3n, por favor visita la p\u00e1gina web de cada centro o contacta directamente con ellos.<\/span><\/p>\n<p>[\/et_pb_text][\/et_pb_column][et_pb_column type=&#8221;2_3&#8243; _builder_version=&#8221;4.24.2&#8243; _module_preset=&#8221;default&#8221; global_colors_info=&#8221;{}&#8221;][et_pb_text admin_label=&#8221;Texto&#8221; _builder_version=&#8221;4.24.2&#8243; _module_preset=&#8221;default&#8221; global_colors_info=&#8221;{}&#8221;]<\/p>\n<blockquote>\n<p><b><em>&#8220;Aprender otro idioma no solo es aprender diferentes palabras para las mismas cosas, sino aprender otro modo de pensar acerca de las cosas.&#8221;<\/em><br \/>\u2014 <em>Flora Lewis<\/em><\/b><\/p>\n<\/blockquote>\n<p><b>Uso B\u00e1sico de idioma extranjero: <\/b><b>(Ingl\u00e9s)<\/b><\/p>\n<p><span style=\"font-weight: 400\">El curso de &#8220;<\/span><b>UBI (Ingl\u00e9s)&#8221;<\/b><span style=\"font-weight: 400\"> est\u00e1 dise\u00f1ado para adultos que desean comenzar su aprendizaje del ingl\u00e9s desde cero o con conocimientos b\u00e1sicos. El objetivo principal es ofrecer una introducci\u00f3n accesible y pr\u00e1ctica al idioma, enfoc\u00e1ndose en las habilidades fundamentales: comprensi\u00f3n oral, expresi\u00f3n oral, lectura y escritura. A trav\u00e9s de una metodolog\u00eda din\u00e1mica y participativa, los estudiantes podr\u00e1n adquirir los conocimientos esenciales para comunicarse en situaciones cotidianas.<\/span><\/p>\n<p><span style=\"font-weight: 400\">El contenido del curso incluye:<\/span><\/p>\n<ul>\n<li style=\"font-weight: 400\"><b>Vocabulario b\u00e1sico<\/b><span style=\"font-weight: 400\">: palabras y frases comunes para situaciones de la vida diaria.<\/span><\/li>\n<li style=\"font-weight: 400\"><b>Gram\u00e1tica introductoria<\/b><span style=\"font-weight: 400\">: estructuras simples para formar frases en presente, pasado y futuro.<\/span><\/li>\n<li style=\"font-weight: 400\"><b>Expresi\u00f3n oral y comprensi\u00f3n<\/b><span style=\"font-weight: 400\">: ejercicios pr\u00e1cticos para mejorar la fluidez al hablar y comprender el idioma.<\/span><\/li>\n<li style=\"font-weight: 400\"><b>Lectura y escritura<\/b><span style=\"font-weight: 400\">: actividades adaptadas para desarrollar habilidades de lectura y redacci\u00f3n en ingl\u00e9s.<\/span><\/li>\n<\/ul>\n<p><span style=\"font-weight: 400\">Este curso tiene una duraci\u00f3n flexible y se adapta al ritmo y necesidades de los estudiantes, permitiendo avanzar de manera progresiva y confiable.<\/span><\/p>\n<p><b>Enlace a la P\u00e1gina Web de Recursos CREA:<\/b><span style=\"font-weight: 400\"> Para apoyar el proceso de aprendizaje, los estudiantes tienen acceso a una amplia gama de recursos educativos en l\u00ednea. Visita el portal de <\/span><b>CREA (Centro de Recursos para la Educaci\u00f3n de Adultos)<\/b><span style=\"font-weight: 400\"> para acceder a materiales interactivos, ejercicios pr\u00e1cticos y otras herramientas de apoyo. Accede a los recursos de CREA aqu\u00ed.<\/span><\/p>\n<p><b>\u00bfA Qui\u00e9n Va Dirigido?<\/b><span style=\"font-weight: 400\"> Este curso est\u00e1 dirigido a todas las personas adultas que deseen aprender ingl\u00e9s de manera accesible, ya sea por motivos personales, profesionales o educativos. No es necesario contar con conocimientos previos en ingl\u00e9s. Las personas interesadas en adquirir un dominio b\u00e1sico del idioma, mejorar sus oportunidades laborales o simplemente aprender una nueva lengua de manera amigable y progresiva, son bienvenidas.<\/span><\/p>\n<p><b>Requisitos:<\/b><\/p>\n<ul>\n<li style=\"font-weight: 400\"><span style=\"font-weight: 400\">No se requieren conocimientos previos de ingl\u00e9s.<\/span><\/li>\n<li style=\"font-weight: 400\"><span style=\"font-weight: 400\">El curso est\u00e1 orientado a personas adultas de todas las edades.<\/span><\/li>\n<\/ul>\n<p><b>Beneficios del Curso:<\/b><\/p>\n<ul>\n<li style=\"font-weight: 400\"><b>Aprendizaje accesible y flexible<\/b><span style=\"font-weight: 400\">: clases dise\u00f1adas para adaptarse a tu ritmo de vida.<\/span><\/li>\n<li style=\"font-weight: 400\"><b>Mejora en tus habilidades de comunicaci\u00f3n<\/b><span style=\"font-weight: 400\">: podr\u00e1s comunicarte con mayor confianza en situaciones cotidianas.<\/span><\/li>\n<li style=\"font-weight: 400\"><b>Certificaci\u00f3n<\/b><span style=\"font-weight: 400\">: al finalizar el curso, los estudiantes recibir\u00e1n un certificado que acredita los conocimientos adquiridos.<\/span><\/li>\n<\/ul>\n<p><span style=\"font-weight: 400\">Para m\u00e1s detalles sobre el curso, fechas de inicio y matr\u00edcula, visita los centros educativos o consulta nuestra p\u00e1gina web. \u00a1Comienza tu viaje en el aprendizaje del ingl\u00e9s hoy mismo!<\/span><\/p>\n<p>&nbsp;<\/p>\n<p>[\/et_pb_text][\/et_pb_column][\/et_pb_row][et_pb_row _builder_version=&#8221;4.24.2&#8243; _module_preset=&#8221;default&#8221; global_colors_info=&#8221;{}&#8221;][et_pb_column type=&#8221;4_4&#8243; _builder_version=&#8221;4.24.2&#8243; _module_preset=&#8221;default&#8221; global_colors_info=&#8221;{}&#8221;][et_pb_blog include_categories=&#8221;17&#8243; _builder_version=&#8221;4.24.2&#8243; _module_preset=&#8221;default&#8221; global_colors_info=&#8221;{}&#8221;][\/et_pb_blog][\/et_pb_column][\/et_pb_row][\/et_pb_section]<\/p>\n","protected":false},"excerpt":{"rendered":"<p>Centros donde se imparte el curso: El curso de Uso Inicial del Idioma (Ingl\u00e9s) se ofrece en una amplia red de centros de educaci\u00f3n permanente para adultos, ubicados en diversas localidades: Centro de Educaci\u00f3n Permanente Tavara (Cortijos Nuevos) \u00a0SEP La Villa (Beas de Segura) SEP San Blas- Guadalimar (la Puerta de Segura y Puente de [&hellip;]<\/p>\n","protected":false},"author":20517,"featured_media":0,"parent":0,"menu_order":0,"comment_status":"closed","ping_status":"closed","template":"","meta":{"_et_pb_use_builder":"on","_et_pb_old_content":"","_et_gb_content_width":"","ngg_post_thumbnail":0,"footnotes":""},"aioseo_notices":[],"_links":{"self":[{"href":"https:\/\/blogsaverroes.juntadeandalucia.es\/cepertavara\/wp-json\/wp\/v2\/pages\/1142"}],"collection":[{"href":"https:\/\/blogsaverroes.juntadeandalucia.es\/cepertavara\/wp-json\/wp\/v2\/pages"}],"about":[{"href":"https:\/\/blogsaverroes.juntadeandalucia.es\/cepertavara\/wp-json\/wp\/v2\/types\/page"}],"author":[{"embeddable":true,"href":"https:\/\/blogsaverroes.juntadeandalucia.es\/cepertavara\/wp-json\/wp\/v2\/users\/20517"}],"replies":[{"embeddable":true,"href":"https:\/\/blogsaverroes.juntadeandalucia.es\/cepertavara\/wp-json\/wp\/v2\/comments?post=1142"}],"version-history":[{"count":12,"href":"https:\/\/blogsaverroes.juntadeandalucia.es\/cepertavara\/wp-json\/wp\/v2\/pages\/1142\/revisions"}],"predecessor-version":[{"id":2149,"href":"https:\/\/blogsaverroes.juntadeandalucia.es\/cepertavara\/wp-json\/wp\/v2\/pages\/1142\/revisions\/2149"}],"wp:attachment":[{"href":"https:\/\/blogsaverroes.juntadeandalucia.es\/cepertavara\/wp-json\/wp\/v2\/media?parent=1142"}],"curies":[{"name":"wp","href":"https:\/\/api.w.org\/{rel}","templated":true}]}}