{"id":1219,"date":"2024-12-18T16:33:23","date_gmt":"2024-12-18T15:33:23","guid":{"rendered":"https:\/\/blogsaverroes.juntadeandalucia.es\/cepertavara\/?page_id=1219"},"modified":"2024-12-18T16:33:58","modified_gmt":"2024-12-18T15:33:58","slug":"ambito-cientifico-tecnologico","status":"publish","type":"page","link":"https:\/\/blogsaverroes.juntadeandalucia.es\/cepertavara\/ambito-cientifico-tecnologico\/","title":{"rendered":"\u00c1mbito Cient\u00edfico-Tecnol\u00f3gico"},"content":{"rendered":"<p>[et_pb_section fb_built=&#8221;1&#8243; _builder_version=&#8221;4.24.2&#8243; _module_preset=&#8221;default&#8221; global_colors_info=&#8221;{}&#8221;][et_pb_row column_structure=&#8221;2_5,3_5&#8243; _builder_version=&#8221;4.24.2&#8243; _module_preset=&#8221;default&#8221; global_colors_info=&#8221;{}&#8221;][et_pb_column type=&#8221;2_5&#8243; _builder_version=&#8221;4.24.2&#8243; _module_preset=&#8221;default&#8221; global_colors_info=&#8221;{}&#8221;][et_pb_image _builder_version=&#8221;4.24.2&#8243; _module_preset=&#8221;default&#8221; hover_enabled=&#8221;0&#8243; global_colors_info=&#8221;{}&#8221; title_text=&#8221;En construcci\u00f3n&#8221; src=&#8221;https:\/\/blogsaverroes.juntadeandalucia.es\/cepertavara\/files\/2024\/11\/En-construccion-e1732623497558.jpg&#8221; sticky_enabled=&#8221;0&#8243;][\/et_pb_image][\/et_pb_column][et_pb_column type=&#8221;3_5&#8243; _builder_version=&#8221;4.24.2&#8243; _module_preset=&#8221;default&#8221; global_colors_info=&#8221;{}&#8221;][\/et_pb_column][\/et_pb_row][\/et_pb_section]<\/p>\n","protected":false},"excerpt":{"rendered":"","protected":false},"author":20294,"featured_media":0,"parent":0,"menu_order":0,"comment_status":"closed","ping_status":"closed","template":"","meta":{"_et_pb_use_builder":"on","_et_pb_old_content":"","_et_gb_content_width":"","ngg_post_thumbnail":0,"footnotes":""},"aioseo_notices":[],"_links":{"self":[{"href":"https:\/\/blogsaverroes.juntadeandalucia.es\/cepertavara\/wp-json\/wp\/v2\/pages\/1219"}],"collection":[{"href":"https:\/\/blogsaverroes.juntadeandalucia.es\/cepertavara\/wp-json\/wp\/v2\/pages"}],"about":[{"href":"https:\/\/blogsaverroes.juntadeandalucia.es\/cepertavara\/wp-json\/wp\/v2\/types\/page"}],"author":[{"embeddable":true,"href":"https:\/\/blogsaverroes.juntadeandalucia.es\/cepertavara\/wp-json\/wp\/v2\/users\/20294"}],"replies":[{"embeddable":true,"href":"https:\/\/blogsaverroes.juntadeandalucia.es\/cepertavara\/wp-json\/wp\/v2\/comments?post=1219"}],"version-history":[{"count":5,"href":"https:\/\/blogsaverroes.juntadeandalucia.es\/cepertavara\/wp-json\/wp\/v2\/pages\/1219\/revisions"}],"predecessor-version":[{"id":1466,"href":"https:\/\/blogsaverroes.juntadeandalucia.es\/cepertavara\/wp-json\/wp\/v2\/pages\/1219\/revisions\/1466"}],"wp:attachment":[{"href":"https:\/\/blogsaverroes.juntadeandalucia.es\/cepertavara\/wp-json\/wp\/v2\/media?parent=1219"}],"curies":[{"name":"wp","href":"https:\/\/api.w.org\/{rel}","templated":true}]}}