{"id":650,"date":"2024-11-18T12:06:23","date_gmt":"2024-11-18T11:06:23","guid":{"rendered":"https:\/\/blogsaverroes.juntadeandalucia.es\/cepertavara\/?page_id=650"},"modified":"2025-06-03T16:33:04","modified_gmt":"2025-06-03T14:33:04","slug":"matriculacion","status":"publish","type":"page","link":"https:\/\/blogsaverroes.juntadeandalucia.es\/cepertavara\/matriculacion\/","title":{"rendered":"Matriculaci\u00f3n"},"content":{"rendered":"<p>[et_pb_section fb_built=&#8221;1&#8243; _builder_version=&#8221;4.24.2&#8243; custom_padding=&#8221;35px||||false|false&#8221; global_colors_info=&#8221;{}&#8221;][et_pb_row column_structure=&#8221;1_2,1_2&#8243; admin_label=&#8221;Fila&#8221; _builder_version=&#8221;4.24.2&#8243; background_size=&#8221;initial&#8221; background_position=&#8221;top_left&#8221; background_repeat=&#8221;repeat&#8221; max_width=&#8221;2250px&#8221; min_height=&#8221;1194px&#8221; global_colors_info=&#8221;{}&#8221;][et_pb_column type=&#8221;1_2&#8243; _builder_version=&#8221;4.16&#8243; custom_padding=&#8221;|||&#8221; global_colors_info=&#8221;{}&#8221; custom_padding__hover=&#8221;|||&#8221;][et_pb_text _builder_version=&#8221;4.24.2&#8243; _module_preset=&#8221;default&#8221; global_colors_info=&#8221;{}&#8221;]<\/p>\n<blockquote>\n<p data-start=\"155\" data-end=\"215\"><span style=\"font-size: xx-large\"><strong data-start=\"155\" data-end=\"215\">\u00a1Abierto el plazo de matriculaci\u00f3n para el curso 2025-2026! Del 1 <span style=\"font-size: xx-large\">al <\/span>16 de junio (ambos incluidos)<\/strong><\/span><\/p>\n<\/blockquote>\n<p data-start=\"217\" data-end=\"398\">\u00bfQuieres seguir aprendiendo y abrir nuevas puertas? En nuestro Centro de Educaci\u00f3n Permanente para Adultos te acompa\u00f1amos en tu formaci\u00f3n, con cursos pensados especialmente para ti.<\/p>\n<p data-start=\"400\" data-end=\"736\">Si eres mayor de edad y quieres mejorar tus competencias, ahora es el momento de inscribirte. Tenemos opciones para todos los intereses: desde TIC, idiomas, hasta la preparaci\u00f3n para la ESO o las pruebas de acceso a la universidad, que te permitir\u00e1n certificar el nivel de bachillerato y avanzar en tus metas personales y profesionales.<\/p>\n<p data-start=\"738\" data-end=\"827\"><span style=\"font-size: 14pt\"><strong data-start=\"738\" data-end=\"770\">\u00bfCu\u00e1ndo puedes matricularte?<\/strong><\/span><br data-start=\"770\" data-end=\"773\" \/>Nuestro horario de oficina para la matriculaci\u00f3n es:<\/p>\n<ul data-start=\"828\" data-end=\"905\">\n<li data-start=\"828\" data-end=\"868\">\n<p data-start=\"830\" data-end=\"868\"><strong data-start=\"830\" data-end=\"866\">Mi\u00e9rcoles de 10:00 a 13:00 horas<\/strong><\/p>\n<\/li>\n<li data-start=\"869\" data-end=\"905\">\n<p data-start=\"871\" data-end=\"905\"><strong data-start=\"871\" data-end=\"905\">Viernes de 10:00 a 13:00 horas<\/strong><\/p>\n<\/li>\n<\/ul>\n<p data-start=\"907\" data-end=\"1054\">No dejes pasar esta oportunidad de crecer y transformar tu futuro. La educaci\u00f3n no tiene edad y cada paso cuenta para alcanzar lo que te propongas.<\/p>\n<p data-start=\"1056\" data-end=\"1142\">\u00a1Te esperamos con los brazos abiertos para que sigas sumando conocimiento y confianza!<\/p>\n<p>[\/et_pb_text][\/et_pb_column][et_pb_column type=&#8221;1_2&#8243; _builder_version=&#8221;4.16&#8243; custom_padding=&#8221;|||&#8221; global_colors_info=&#8221;{}&#8221; custom_padding__hover=&#8221;|||&#8221;][et_pb_text _builder_version=&#8221;4.24.2&#8243; _module_preset=&#8221;default&#8221; text_font=&#8221;||||||||&#8221; min_height=&#8221;68.9px&#8221; custom_padding=&#8221;||0px|||&#8221; global_colors_info=&#8221;{}&#8221;]<\/p>\n<blockquote>\n<h1><span style=\"color: #3366ff\">\u00bfDudas acerca del plan educativo que mejor se adapta a t\u00ed?\u00a0<\/span><\/h1>\n<\/blockquote>\n<p>[\/et_pb_text][et_pb_text admin_label=&#8221;Texto&#8221; _builder_version=&#8221;4.24.2&#8243; background_size=&#8221;initial&#8221; background_position=&#8221;top_left&#8221; background_repeat=&#8221;repeat&#8221; custom_padding=&#8221;0px|||||&#8221; hover_enabled=&#8221;0&#8243; global_colors_info=&#8221;{}&#8221; border_color_all=&#8221;#0C71C3&#8243; border_width_all=&#8221;1px&#8221; sticky_enabled=&#8221;0&#8243; min_height=&#8221;798.6px&#8221; custom_margin=&#8221;||-128px|||&#8221;]<\/p>\n<p><span style=\"font-size: 12pt\">A trav\u00e9s de este <strong>cuestionario<\/strong> podremos conocerte y ayudarte a elegir el plan educativo que mejor se adapte a tu intereses y necesidades. <\/span><\/p>\n<p><span style=\"font-size: 12pt\">Asimismo conocer\u00e1s las sedes y aulas donde se imparte y los horarios.\u00a0<\/span><\/p>\n<p><span style=\"font-size: 12pt\">Una vez <strong>abiertos los plazos de matriculaci\u00f3n<\/strong>, un responsable del centro se pondr\u00e1 en contacto contigo para ayudarte con el proceso.\u00a0<\/span><\/p>\n<p><iframe loading=\"lazy\" src=\"https:\/\/docs.google.com\/forms\/d\/e\/1FAIpQLSfowjmz95xrkoWGOsalKZrYjjQFHEf13JVYh3WKHKuuvhj5VQ\/viewform?embedded=true\" width=\"640\" height=\"800\" frameborder=\"0\" marginheight=\"0\" marginwidth=\"0\">Cargando\u2026<\/iframe><\/p>\n<p>[\/et_pb_text][\/et_pb_column][\/et_pb_row][\/et_pb_section]<\/p>\n","protected":false},"excerpt":{"rendered":"<p>\u00a1Abierto el plazo de matriculaci\u00f3n para el curso 2025-2026! Del 1 al 16 de junio (ambos incluidos) \u00bfQuieres seguir aprendiendo y abrir nuevas puertas? En nuestro Centro de Educaci\u00f3n Permanente para Adultos te acompa\u00f1amos en tu formaci\u00f3n, con cursos pensados especialmente para ti. Si eres mayor de edad y quieres mejorar tus competencias, ahora es [&hellip;]<\/p>\n","protected":false},"author":19108,"featured_media":0,"parent":0,"menu_order":0,"comment_status":"closed","ping_status":"closed","template":"","meta":{"_et_pb_use_builder":"on","_et_pb_old_content":"<p>\u00bfNo tienes muy claro cu\u00e1l es el <strong>plan educativo<\/strong> que mejor se adapta a tu necesidades?\u00a0<\/p><p>Responde este <strong>cuestionario<\/strong> y te ayudaremos a elegir. Una vez <strong>abiertos los plazos de matriculaci\u00f3n<\/strong>, un responsable del centro se pondr\u00e1 en contacto contigo para ayudarte con el proceso.\u00a0<\/p><p><iframe src=\"https:\/\/docs.google.com\/forms\/d\/e\/1FAIpQLSfowjmz95xrkoWGOsalKZrYjjQFHEf13JVYh3WKHKuuvhj5VQ\/viewform?embedded=true\" width=\"900\" height=\"1000\" frameborder=\"0\" marginwidth=\"0\" marginheight=\"0\"><span data-mce-type=\"bookmark\" style=\"width: 0px; overflow: hidden; line-height: 0;\" class=\"mce_SELRES_start\">\ufeff<\/span>Cargando\u2026<\/iframe><\/p>","_et_gb_content_width":"","ngg_post_thumbnail":0,"footnotes":""},"aioseo_notices":[],"_links":{"self":[{"href":"https:\/\/blogsaverroes.juntadeandalucia.es\/cepertavara\/wp-json\/wp\/v2\/pages\/650"}],"collection":[{"href":"https:\/\/blogsaverroes.juntadeandalucia.es\/cepertavara\/wp-json\/wp\/v2\/pages"}],"about":[{"href":"https:\/\/blogsaverroes.juntadeandalucia.es\/cepertavara\/wp-json\/wp\/v2\/types\/page"}],"author":[{"embeddable":true,"href":"https:\/\/blogsaverroes.juntadeandalucia.es\/cepertavara\/wp-json\/wp\/v2\/users\/19108"}],"replies":[{"embeddable":true,"href":"https:\/\/blogsaverroes.juntadeandalucia.es\/cepertavara\/wp-json\/wp\/v2\/comments?post=650"}],"version-history":[{"count":22,"href":"https:\/\/blogsaverroes.juntadeandalucia.es\/cepertavara\/wp-json\/wp\/v2\/pages\/650\/revisions"}],"predecessor-version":[{"id":2038,"href":"https:\/\/blogsaverroes.juntadeandalucia.es\/cepertavara\/wp-json\/wp\/v2\/pages\/650\/revisions\/2038"}],"wp:attachment":[{"href":"https:\/\/blogsaverroes.juntadeandalucia.es\/cepertavara\/wp-json\/wp\/v2\/media?parent=650"}],"curies":[{"name":"wp","href":"https:\/\/api.w.org\/{rel}","templated":true}]}}