{"id":866,"date":"2024-11-26T13:18:40","date_gmt":"2024-11-26T12:18:40","guid":{"rendered":"https:\/\/blogsaverroes.juntadeandalucia.es\/cepertavara\/?page_id=866"},"modified":"2026-03-13T20:54:54","modified_gmt":"2026-03-13T19:54:54","slug":"sep-la-villa","status":"publish","type":"page","link":"https:\/\/blogsaverroes.juntadeandalucia.es\/cepertavara\/sep-la-villa\/","title":{"rendered":"SEP La Villa"},"content":{"rendered":"<p>[et_pb_section fb_built=&#8221;1&#8243; _builder_version=&#8221;4.16&#8243; global_colors_info=&#8221;{}&#8221;][et_pb_row column_structure=&#8221;1_4,1_2,1_4&#8243; _builder_version=&#8221;4.24.2&#8243; background_size=&#8221;initial&#8221; background_position=&#8221;top_left&#8221; background_repeat=&#8221;repeat&#8221; global_colors_info=&#8221;{}&#8221;][et_pb_column type=&#8221;1_4&#8243; _builder_version=&#8221;4.16&#8243; custom_padding=&#8221;|||&#8221; global_colors_info=&#8221;{}&#8221; custom_padding__hover=&#8221;|||&#8221;][et_pb_image src=&#8221;https:\/\/blogsaverroes.juntadeandalucia.es\/cepertavara\/files\/2025\/01\/Logo-La-Villa-2-2.jpg&#8221; title_text=&#8221;Logo La Villa (2)&#8221; _builder_version=&#8221;4.24.2&#8243; _module_preset=&#8221;default&#8221; global_colors_info=&#8221;{}&#8221;][\/et_pb_image][et_pb_text _builder_version=&#8221;4.24.2&#8243; _module_preset=&#8221;default&#8221; global_colors_info=&#8221;{}&#8221;]<\/p>\n<table style=\"border-collapse: collapse;width: 102.239%;height: 230px\">\n<tbody>\n<tr style=\"height: 23px\">\n<td style=\"width: 100%;height: 23px\"><span style=\"font-size: 10pt\">SEP La Villa (23500760)<\/span><\/td>\n<\/tr>\n<tr style=\"height: 23px\">\n<td style=\"width: 100%;height: 23px\"><span style=\"font-size: 10pt\">Calle La Villa S\/N<\/span><\/td>\n<\/tr>\n<tr style=\"height: 23px\">\n<td style=\"width: 100%;height: 23px\"><span style=\"font-size: 10pt\"><strong><em>648687293-608983006<\/em><\/strong>\u00a0<\/span><\/td>\n<\/tr>\n<tr style=\"height: 23px\">\n<td style=\"width: 100%;height: 23px\"><span style=\"font-size: 10pt\">(Beas de Segura)<\/span><\/td>\n<\/tr>\n<tr style=\"height: 23px\">\n<td style=\"width: 100%;height: 23px\"><span style=\"font-size: 10pt\"><strong><em>680276733<\/em><\/strong><\/span><\/td>\n<\/tr>\n<tr style=\"height: 23px\">\n<td style=\"width: 100%;height: 23px\"><span style=\"font-size: 10pt\">(Arroyo del Ojanco)<\/span><\/td>\n<\/tr>\n<tr style=\"height: 23px\">\n<td style=\"width: 100%;height: 23px\"><span style=\"font-size: 10pt\">IG: @seplavilla<\/span><\/td>\n<\/tr>\n<tr style=\"height: 23px\">\n<td style=\"width: 100%;height: 23px\">Esta secci\u00f3n imparte clases en Arroyo del Ojanco y en tres sedes en Beas de Segura: Centro de Servicios Sociales, IES &#8220;Sierra de Segura&#8221; y &#8220;La Villa&#8221;<\/td>\n<\/tr>\n<tr style=\"height: 23px\">\n<td style=\"width: 100%;height: 23px\"><a href=\"https:\/\/iessierradesegura.es\/\"> https:\/\/iessierradesegura.es\/<\/a><\/td>\n<\/tr>\n<tr style=\"height: 23px\">\n<td style=\"width: 100%;height: 23px\">Y tambi\u00e9n en las pedan\u00edas de Ca\u00f1ada Catena, Cuevas de Ambrosio y Prados de Armijo<\/td>\n<\/tr>\n<\/tbody>\n<\/table>\n<p>&nbsp;<\/p>\n<p>[\/et_pb_text][et_pb_image _builder_version=&#8221;4.24.2&#8243; _module_preset=&#8221;default&#8221; title_text=&#8221;Logo La Villa&#8221; src=&#8221;https:\/\/blogsaverroes.juntadeandalucia.es\/cepertavara\/files\/2026\/03\/Logo-La-Villa.jpg&#8221; hover_enabled=&#8221;0&#8243; sticky_enabled=&#8221;0&#8243;][\/et_pb_image][\/et_pb_column][et_pb_column type=&#8221;1_2&#8243; _builder_version=&#8221;4.16&#8243; custom_padding=&#8221;|||&#8221; global_colors_info=&#8221;{}&#8221; custom_padding__hover=&#8221;|||&#8221;][et_pb_text _builder_version=&#8221;4.24.2&#8243; _module_preset=&#8221;default&#8221; global_colors_info=&#8221;{}&#8221;]<\/p>\n<p><strong>\u00a1Bienvenidos a la Secci\u00f3n de Educaci\u00f3n Permanente para Personas Adultas La Villa!<\/strong><\/p>\n<p>En la SEP La Villa, creemos que nunca es tarde para aprender y crecer. Nuestro objetivo es ofrecer un espacio inclusivo y acogedor donde las personas adultas puedan adquirir nuevas habilidades, mejorar su formaci\u00f3n y alcanzar sus metas personales y profesionales.<\/p>\n<p>\u00bfQui\u00e9nes somos?<\/p>\n<p>Somos un centro educativo dedicado a la formaci\u00f3n de adultos, con un equipo de profesionales apasionados y comprometidos que est\u00e1n aqu\u00ed para guiarte en tu camino hacia el aprendizaje. Ofrecemos una amplia variedad de planes y cursos adaptados a tus necesidades porque entendemos que cada persona tiene su propio ritmo.<\/p>\n<p>\u00bfQu\u00e9 ofrecemos?<\/p>\n<p>&#8211;&nbsp;<strong>Cursos de alfabetizaci\u00f3n<\/strong>: Para aquellos que desean mejorar sus habilidades fundamentales en lectura, escritura y matem\u00e1ticas.<\/p>\n<p>&#8211;&nbsp;<strong>Idiomas<\/strong>: Clases de ingl\u00e9s que te permitir\u00e1n abrirte a nuevas oportunidades y enriquecer tu vida personal y profesional.<\/p>\n<p>&#8211;&nbsp;<strong>Desarrollo de la memoria<\/strong>: Talleres de habilidades, desarrollo cognitivo y autoestima, que te ayudar\u00e1n a mejorar como individuo.<\/p>\n<p>&#8211; <strong>H\u00e1bitos de Vida Saludable:<\/strong>&nbsp;Descubre la importancia de una alimentaci\u00f3n equilibrada, la actividad f\u00edsica regular y el manejo del estr\u00e9s. Aprender\u00e1s a cuidar de tu cuerpo y mente, creando un estilo de vida que te impulse hacia el \u00e9xito.<\/p>\n<p>&#8211; <strong>Tecnolog\u00edas de la Informaci\u00f3n y la Comunicaci\u00f3n (TIC):<\/strong>&nbsp;En un mundo cada vez m\u00e1s digital, es esencial dominar las herramientas tecnol\u00f3gicas. Te ense\u00f1aremos a utilizar las TIC de manera efectiva para tu vida diaria, facilitando el acceso a la informaci\u00f3n y mejorando tus habilidades de comunicaci\u00f3n.<\/p>\n<p>&#8211; <strong>Preparaci\u00f3n para el T\u00edtulo de ESO:<\/strong> Nuestro plan est\u00e1 dise\u00f1ado para ayudarte a superar los ex\u00e1menes del t\u00edtulo de Educaci\u00f3n Secundaria Obligatoria. Contar\u00e1s con materiales de estudio, tutor\u00edas y un ambiente de apoyo que te motivar\u00e1 a dar lo mejor de ti.<\/p>\n<p>&#8211;&nbsp;<strong> Aprendizaje de espa\u00f1ol para extranjeros (Interculturalidad):<\/strong> Exploraremos no solo la gram\u00e1tica y el vocabulario, sino tambi\u00e9n aspectos culturales, expresiones idiom\u00e1ticas y situaciones cotidianas que les ayudar\u00e1n a comunicarse de manera efectiva. Nuestro objetivo es crear un ambiente amigable y din\u00e1mico donde todos se sientan c\u00f3modos para practicar y hacer preguntas.<\/p>\n<p>Si est\u00e1s listo para dar el siguiente paso en tu educaci\u00f3n y desarrollo personal, \u00a1te invitamos a matricularte en la SEP La Villa! No importa tu edad o experiencia previa, aqu\u00ed encontrar\u00e1s un lugar donde tus sue\u00f1os y aspiraciones pueden hacerse realidad.<\/p>\n<p><strong>\u00a1Esperamos verte pronto en La Villa! Tu futuro comienza aqu\u00ed.<\/strong><\/p>\n<p>[\/et_pb_text][\/et_pb_column][et_pb_column type=&#8221;1_4&#8243; _builder_version=&#8221;4.16&#8243; custom_padding=&#8221;|||&#8221; global_colors_info=&#8221;{}&#8221; custom_padding__hover=&#8221;|||&#8221;][et_pb_code admin_label=&#8221;C\u00f3digo&#8221; _builder_version=&#8221;4.24.2&#8243; _module_preset=&#8221;default&#8221; global_colors_info=&#8221;{}&#8221;]<iframe loading=\"lazy\" src=\"https:\/\/www.google.com\/maps\/embed?pb=!1m18!1m12!1m3!1d2978.2195161741906!2d-2.888395324283505!3d38.250504671869415!2m3!1f0!2f0!3f0!3m2!1i1024!2i768!4f13.1!3m3!1m2!1s0xd6f16454eb555a5%3A0xfbc51143aec4da5c!2sCentro%20P%C3%BAblico%20de%20Educaci%C3%B3n%20de%20Personas%20Adultas%20la%20Villa!5e1!3m2!1ses!2ses!4v1734522271964!5m2!1ses!2ses\" width=\"600\" height=\"450\"><\/iframe>[\/et_pb_code][et_pb_image src=&#8221;https:\/\/blogsaverroes.juntadeandalucia.es\/cepertavara\/files\/2026\/02\/La-Llave-1.jpg&#8221; title_text=&#8221;La Llave&#8221; url=&#8221;https:\/\/www.revistalallave.com\/&#8221; url_new_window=&#8221;on&#8221; _builder_version=&#8221;4.24.2&#8243; _module_preset=&#8221;default&#8221; global_colors_info=&#8221;{}&#8221;][\/et_pb_image][\/et_pb_column][\/et_pb_row][et_pb_row column_structure=&#8221;1_6,1_6,1_6,1_6,1_6,1_6&#8243; _builder_version=&#8221;4.24.2&#8243; _module_preset=&#8221;default&#8221; global_colors_info=&#8221;{}&#8221;][et_pb_column type=&#8221;1_6&#8243; _builder_version=&#8221;4.24.2&#8243; _module_preset=&#8221;default&#8221; global_colors_info=&#8221;{}&#8221;][et_pb_text _builder_version=&#8221;4.24.2&#8243; _module_preset=&#8221;default&#8221; global_colors_info=&#8221;{}&#8221;]<\/p>\n<p><strong>Aula externa del Centro de Servicios Sociales<\/strong><\/p>\n<p><strong>Beas de Segura<\/strong><\/p>\n<p>Avenida del Mercado s\/n<\/p>\n<p>[\/et_pb_text][et_pb_code _builder_version=&#8221;4.24.2&#8243; _module_preset=&#8221;default&#8221; global_colors_info=&#8221;{}&#8221;]<iframe loading=\"lazy\" src=\"https:\/\/www.google.com\/maps\/embed?pb=!1m18!1m12!1m3!1d442.7115839699361!2d-2.889686793040482!3d38.251060647108865!2m3!1f0!2f0!3f0!3m2!1i1024!2i768!4f13.1!3m3!1m2!1s0xd6f17370ef120c5%3A0xf83576264e8c5fa6!2sCasa%20de%20la%20Juventud%20Beas%20de%20Segura!5e1!3m2!1ses!2ses!4v1763919534039!5m2!1ses!2ses\" width=\"600\" height=\"450\"><\/iframe>[\/et_pb_code][\/et_pb_column][et_pb_column type=&#8221;1_6&#8243; _builder_version=&#8221;4.24.2&#8243; _module_preset=&#8221;default&#8221; global_colors_info=&#8221;{}&#8221;][et_pb_text _builder_version=&#8221;4.24.2&#8243; _module_preset=&#8221;default&#8221; global_colors_info=&#8221;{}&#8221;]<\/p>\n<p style=\"text-align: left\"><strong>Aula externa del IES Sierra de Segura<\/strong><\/p>\n<p style=\"text-align: left\"><strong>Beas de Segura<\/strong><\/p>\n<p>Calle Angosto s\/n<\/p>\n<p>[\/et_pb_text][et_pb_code _builder_version=&#8221;4.24.2&#8243; _module_preset=&#8221;default&#8221; global_colors_info=&#8221;{}&#8221;]<iframe loading=\"lazy\" src=\"https:\/\/www.google.com\/maps\/embed?pb=!1m18!1m12!1m3!1d372.2614353665484!2d-2.8947456325414653!3d38.253628982329666!2m3!1f0!2f0!3f0!3m2!1i1024!2i768!4f13.1!3m3!1m2!1s0xd6f164c8f77e881%3A0x7d3288ef7e20cfd6!2sI.E.S.%20Sierra%20de%20Segura%20(Edificio%20Virgen%20de%20la%20Paz)!5e1!3m2!1ses!2ses!4v1763918892899!5m2!1ses!2ses\" width=\"600\" height=\"450\"><\/iframe>[\/et_pb_code][\/et_pb_column][et_pb_column type=&#8221;1_6&#8243; _builder_version=&#8221;4.24.2&#8243; _module_preset=&#8221;default&#8221; global_colors_info=&#8221;{}&#8221;][et_pb_text _builder_version=&#8221;4.24.2&#8243; _module_preset=&#8221;default&#8221; global_colors_info=&#8221;{}&#8221;]<\/p>\n<p><strong>Aula externa de<\/strong><\/p>\n<p><strong>Arroyo del Ojanco<\/strong><\/p>\n<p>Calle Camino de Ventarique s\/n<\/p>\n<p>[\/et_pb_text][et_pb_code _builder_version=&#8221;4.24.2&#8243; _module_preset=&#8221;default&#8221; global_colors_info=&#8221;{}&#8221;]<iframe loading=\"lazy\" src=\"https:\/\/www.google.com\/maps\/embed?pb=!1m14!1m12!1m3!1d743.8486260226108!2d-2.8953224823869634!3d38.319391443667215!2m3!1f0!2f0!3f0!3m2!1i1024!2i768!4f13.1!5e1!3m2!1ses!2ses!4v1763919447715!5m2!1ses!2ses\" width=\"600\" height=\"450\"><\/iframe>[\/et_pb_code][\/et_pb_column][et_pb_column type=&#8221;1_6&#8243; _builder_version=&#8221;4.24.2&#8243; _module_preset=&#8221;default&#8221; global_colors_info=&#8221;{}&#8221;][et_pb_text _builder_version=&#8221;4.24.2&#8243; _module_preset=&#8221;default&#8221; global_colors_info=&#8221;{}&#8221;]<\/p>\n<p><strong>Aula externa de<\/strong><\/p>\n<p><strong>Ca\u00f1ada Catena<\/strong><\/p>\n<p>Calle Ca\u00f1ada Catena\u00a0 \u00a0 s\/n<\/p>\n<p>[\/et_pb_text][et_pb_code _builder_version=&#8221;4.24.2&#8243; _module_preset=&#8221;default&#8221; global_colors_info=&#8221;{}&#8221;]<iframe loading=\"lazy\" src=\"https:\/\/www.google.com\/maps\/embed?pb=!1m18!1m12!1m3!1d468.87850898727055!2d-2.7768791266909494!3d38.27554662189539!2m3!1f0!2f0!3f0!3m2!1i1024!2i768!4f13.1!3m3!1m2!1s0xd6f6aad69430e71%3A0xfe6ff0d25293c0c8!2sCentro%20De%20Educaci%C3%B3n%20Primaria%20Unitaria%20Ca%C3%B1ada%20Catena!5e1!3m2!1ses!2ses!4v1763919092506!5m2!1ses!2ses\" width=\"600\" height=\"450\"><\/iframe>[\/et_pb_code][\/et_pb_column][et_pb_column type=&#8221;1_6&#8243; _builder_version=&#8221;4.24.2&#8243; _module_preset=&#8221;default&#8221; global_colors_info=&#8221;{}&#8221;][et_pb_text _builder_version=&#8221;4.24.2&#8243; _module_preset=&#8221;default&#8221; global_colors_info=&#8221;{}&#8221;]<\/p>\n<p><strong>Aula externa de<\/strong><\/p>\n<p><strong>Cuevas de Ambrosio<\/strong><\/p>\n<p>Plaza de la Constituci\u00f3n s\/n<\/p>\n<p>[\/et_pb_text][et_pb_code _builder_version=&#8221;4.24.2&#8243; _module_preset=&#8221;default&#8221; global_colors_info=&#8221;{}&#8221;]<iframe loading=\"lazy\" src=\"https:\/\/www.google.com\/maps\/embed?pb=!1m18!1m12!1m3!1d331.6298597475286!2d-2.8356269195214043!3d38.25743367837569!2m3!1f0!2f0!3f0!3m2!1i1024!2i768!4f13.1!3m3!1m2!1s0xd6f15bf18a46bcd%3A0x580eabd5f1fbb594!2sIglesia%20de%20Cuevas%20de%20Ambrosio!5e1!3m2!1ses!2ses!4v1763919157227!5m2!1ses!2ses\" width=\"600\" height=\"450\"><\/iframe>[\/et_pb_code][\/et_pb_column][et_pb_column type=&#8221;1_6&#8243; _builder_version=&#8221;4.24.2&#8243; _module_preset=&#8221;default&#8221; global_colors_info=&#8221;{}&#8221;][et_pb_text _builder_version=&#8221;4.24.2&#8243; _module_preset=&#8221;default&#8221; global_colors_info=&#8221;{}&#8221;]<\/p>\n<p><strong>Aula externa de<\/strong><\/p>\n<p><strong>Prados de Armijo<\/strong><\/p>\n<p>Calle Prados de Armijo s\/n<\/p>\n<p>[\/et_pb_text][et_pb_code _builder_version=&#8221;4.24.2&#8243; _module_preset=&#8221;default&#8221; global_colors_info=&#8221;{}&#8221;]<iframe loading=\"lazy\" src=\"https:\/\/www.google.com\/maps\/embed?pb=!1m14!1m12!1m3!1d788.3241720621853!2d-2.832663814789027!3d38.29693340547377!2m3!1f0!2f0!3f0!3m2!1i1024!2i768!4f13.1!5e1!3m2!1ses!2ses!4v1763919614545!5m2!1ses!2ses\" width=\"600\" height=\"450\"><\/iframe>[\/et_pb_code][\/et_pb_column][\/et_pb_row][et_pb_row column_structure=&#8221;2_3,1_3&#8243; _builder_version=&#8221;4.24.2&#8243; _module_preset=&#8221;default&#8221; global_colors_info=&#8221;{}&#8221;][et_pb_column type=&#8221;2_3&#8243; _builder_version=&#8221;4.24.2&#8243; _module_preset=&#8221;default&#8221; global_colors_info=&#8221;{}&#8221;][et_pb_heading title=&#8221;Noticias de nuestra secci\u00f3n:&#8221; admin_label=&#8221;T\u00edtulo&#8221; _builder_version=&#8221;4.24.2&#8243; _module_preset=&#8221;default&#8221; global_colors_info=&#8221;{}&#8221;][\/et_pb_heading][et_pb_blog include_categories=&#8221;15&#8243; show_content=&#8221;on&#8221; _builder_version=&#8221;4.24.2&#8243; _module_preset=&#8221;default&#8221; global_colors_info=&#8221;{}&#8221;][\/et_pb_blog][\/et_pb_column][et_pb_column type=&#8221;1_3&#8243; _builder_version=&#8221;4.24.2&#8243; _module_preset=&#8221;default&#8221; global_colors_info=&#8221;{}&#8221;][et_pb_heading title=&#8221;En otras secciones&#8230; &#8221; _builder_version=&#8221;4.24.2&#8243; _module_preset=&#8221;default&#8221; global_colors_info=&#8221;{}&#8221;][\/et_pb_heading][et_pb_blog include_categories=&#8221;10&#8243; _builder_version=&#8221;4.24.2&#8243; _module_preset=&#8221;default&#8221; global_colors_info=&#8221;{}&#8221;][\/et_pb_blog][\/et_pb_column][\/et_pb_row][\/et_pb_section]<\/p>\n","protected":false},"excerpt":{"rendered":"<p>SEP La Villa (23500760) Calle La Villa S\/N 648687293-608983006\u00a0 (Beas de Segura) 680276733 (Arroyo del Ojanco) IG: @seplavilla Esta secci\u00f3n imparte clases en Arroyo del Ojanco y en tres sedes en Beas de Segura: Centro de Servicios Sociales, IES &#8220;Sierra de Segura&#8221; y &#8220;La Villa&#8221; https:\/\/iessierradesegura.es\/ Y tambi\u00e9n en las pedan\u00edas de Ca\u00f1ada Catena, Cuevas [&hellip;]<\/p>\n","protected":false},"author":19108,"featured_media":0,"parent":0,"menu_order":0,"comment_status":"closed","ping_status":"closed","template":"","meta":{"_et_pb_use_builder":"on","_et_pb_old_content":"<p><img class=\"alignnone size-medium wp-image-529\" src=\"https:\/\/blogsaverroes.juntadeandalucia.es\/cepertavara\/files\/2024\/11\/En-construccion-300x300.jpg\" alt=\"\" width=\"300\" height=\"300\"><\/p>","_et_gb_content_width":"","ngg_post_thumbnail":0,"footnotes":""},"aioseo_notices":[],"_links":{"self":[{"href":"https:\/\/blogsaverroes.juntadeandalucia.es\/cepertavara\/wp-json\/wp\/v2\/pages\/866"}],"collection":[{"href":"https:\/\/blogsaverroes.juntadeandalucia.es\/cepertavara\/wp-json\/wp\/v2\/pages"}],"about":[{"href":"https:\/\/blogsaverroes.juntadeandalucia.es\/cepertavara\/wp-json\/wp\/v2\/types\/page"}],"author":[{"embeddable":true,"href":"https:\/\/blogsaverroes.juntadeandalucia.es\/cepertavara\/wp-json\/wp\/v2\/users\/19108"}],"replies":[{"embeddable":true,"href":"https:\/\/blogsaverroes.juntadeandalucia.es\/cepertavara\/wp-json\/wp\/v2\/comments?post=866"}],"version-history":[{"count":52,"href":"https:\/\/blogsaverroes.juntadeandalucia.es\/cepertavara\/wp-json\/wp\/v2\/pages\/866\/revisions"}],"predecessor-version":[{"id":3186,"href":"https:\/\/blogsaverroes.juntadeandalucia.es\/cepertavara\/wp-json\/wp\/v2\/pages\/866\/revisions\/3186"}],"wp:attachment":[{"href":"https:\/\/blogsaverroes.juntadeandalucia.es\/cepertavara\/wp-json\/wp\/v2\/media?parent=866"}],"curies":[{"name":"wp","href":"https:\/\/api.w.org\/{rel}","templated":true}]}}