{"id":868,"date":"2024-11-26T13:19:08","date_gmt":"2024-11-26T12:19:08","guid":{"rendered":"https:\/\/blogsaverroes.juntadeandalucia.es\/cepertavara\/?page_id=868"},"modified":"2026-03-11T10:27:28","modified_gmt":"2026-03-11T09:27:28","slug":"sep-almorchon","status":"publish","type":"page","link":"https:\/\/blogsaverroes.juntadeandalucia.es\/cepertavara\/sep-almorchon\/","title":{"rendered":"SEP Almorch\u00f3n"},"content":{"rendered":"<p>[et_pb_section fb_built=&#8221;1&#8243; _builder_version=&#8221;4.24.2&#8243; _module_preset=&#8221;default&#8221; global_colors_info=&#8221;{}&#8221;][et_pb_row column_structure=&#8221;1_4,1_2,1_4&#8243; _builder_version=&#8221;4.24.2&#8243; _module_preset=&#8221;default&#8221; hover_enabled=&#8221;0&#8243; global_colors_info=&#8221;{}&#8221; sticky_enabled=&#8221;0&#8243;][et_pb_column type=&#8221;1_4&#8243; _builder_version=&#8221;4.24.2&#8243; _module_preset=&#8221;default&#8221; global_colors_info=&#8221;{}&#8221;][et_pb_gallery gallery_ids=&#8221;1200&#8243; _builder_version=&#8221;4.24.2&#8243; _module_preset=&#8221;default&#8221; hover_enabled=&#8221;0&#8243; global_colors_info=&#8221;{}&#8221; show_title_and_caption=&#8221;off&#8221; sticky_enabled=&#8221;0&#8243;][\/et_pb_gallery][et_pb_blurb title=&#8221;Contacto&#8221; _builder_version=&#8221;4.24.2&#8243; _module_preset=&#8221;default&#8221; hover_enabled=&#8221;0&#8243; sticky_enabled=&#8221;0&#8243;]<\/p>\n<p>SEP El Almorch\u00f3n &#8211; 23500759<\/p>\n<p><a href=\"mailto:23500759.edu@juntadeandalucia.es\"> 23500759.edu@juntadeandalucia.es<\/a><\/p>\n<p>649262792<\/p>\n<p>[\/et_pb_blurb][et_pb_image src=&#8221;https:\/\/blogsaverroes.juntadeandalucia.es\/cepertavara\/files\/2026\/03\/qr.jpg&#8221; _builder_version=&#8221;4.24.2&#8243; _module_preset=&#8221;default&#8221; hover_enabled=&#8221;0&#8243; sticky_enabled=&#8221;0&#8243; title_text=&#8221;qr&#8221;][\/et_pb_image][et_pb_image src=&#8221;https:\/\/blogsaverroes.juntadeandalucia.es\/cepertavara\/files\/2026\/03\/Trinity.jpg&#8221; _builder_version=&#8221;4.24.2&#8243; _module_preset=&#8221;default&#8221; hover_enabled=&#8221;0&#8243; sticky_enabled=&#8221;0&#8243; title_text=&#8221;Trinity&#8221;][\/et_pb_image][\/et_pb_column][et_pb_column type=&#8221;1_2&#8243; _builder_version=&#8221;4.24.2&#8243; _module_preset=&#8221;default&#8221; global_colors_info=&#8221;{}&#8221;][et_pb_text _builder_version=&#8221;4.24.2&#8243; _module_preset=&#8221;default&#8221; global_colors_info=&#8221;{}&#8221;]<\/p>\n<blockquote>\n<h3>La educaci\u00f3n es el arte de hacer visibles las cosas invisibles (Jean-Fran\u00e7ois Lyotard)<\/h3>\n<\/blockquote>\n<p><strong>Bienvenidos al Centro de Educaci\u00f3n para Adultos de Santiago de la Espada<\/strong><\/p>\n<p>Nos complace darles la bienvenida al <strong>Centro de Educaci\u00f3n para Adultos de Santiago de la Espada<\/strong>, un espacio dedicado al aprendizaje, el desarrollo personal y la inclusi\u00f3n educativa de todas las personas en nuestra comunidad. Ubicados en la pintoresca localidad de Santiago de la Espada, dentro del municipio de Santiago Pontones, ofrecemos programas educativos dise\u00f1ados para adultos que desean continuar su formaci\u00f3n acad\u00e9mica, adquirir nuevas habilidades o retomar sus estudios en un ambiente cercano y accesible. Extendemos nuestra oferta educativa a diversas aldeas cercanas, incluyendo <strong>Marchena<\/strong>, <strong>Miller<\/strong>, <strong>Vites<\/strong>, <strong>Pont\u00f3n Alto, El Cerezo<\/strong>\u00a0y <strong>La Matea<\/strong>.<\/p>\n<p>Nuestro compromiso es brindar una educaci\u00f3n de calidad, adaptada a las necesidades y horarios de nuestros estudiantes, para que puedan alcanzar sus metas personales y profesionales sin barreras. Desde la alfabetizaci\u00f3n b\u00e1sica hasta la formaci\u00f3n en competencias laborales, nos enfocamos en proporcionar herramientas que favorezcan el crecimiento individual y colectivo.<\/p>\n<p><strong>\u00bfPor qu\u00e9 elegirnos?<\/strong><\/p>\n<ul>\n<li><strong>Educaci\u00f3n accesible y flexible<\/strong>: Nuestros programas se ajustan a las posibilidades y horarios de los estudiantes, permitiendo conciliar el aprendizaje con las responsabilidades diarias.<\/li>\n<li><strong>Apoyo constante<\/strong>: Contamos con un equipo docente altamente capacitado que acompa\u00f1a y asesora a cada estudiante durante su proceso de formaci\u00f3n.<\/li>\n<li><strong>Entorno inclusivo y cercano<\/strong>: Promovemos un ambiente de respeto y colaboraci\u00f3n donde cada persona se siente bienvenida y valorada.<\/li>\n<li><strong>Flexibilidad y adaptaci\u00f3n<\/strong>: Nuestros programas se ajustan a los horarios y necesidades de cada estudiante, permitiendo conciliar el estudio con las responsabilidades diarias.<\/li>\n<li><strong>Formaci\u00f3n integral<\/strong>: Desde alfabetizaci\u00f3n b\u00e1sica hasta formaci\u00f3n en habilidades t\u00e9cnicas y profesionales, tenemos un amplio abanico de cursos que favorecen el crecimiento personal y profesional.<\/li>\n<li><strong>Compromiso con la comunidad<\/strong>: Atendemos a un p\u00fablico diverso, que abarca desde j\u00f3venes adultos hasta personas mayores, en un entorno respetuoso, cercano y solidario.<\/li>\n<\/ul>\n<p>En el <strong>Centro de Educaci\u00f3n para Adultos de Santiago de la Espada<\/strong>, entendemos que nunca es tarde para aprender, crecer y mejorar. Si deseas m\u00e1s informaci\u00f3n sobre nuestros programas y c\u00f3mo inscribirte, no dudes en ponerte en contacto con nosotros. Estamos aqu\u00ed para ayudarte a alcanzar tu potencial.<\/p>\n<p><strong>\u00a1Juntos podemos seguir aprendiendo!<\/strong><\/p>\n<p>[\/et_pb_text][\/et_pb_column][et_pb_column type=&#8221;1_4&#8243; _builder_version=&#8221;4.24.2&#8243; _module_preset=&#8221;default&#8221; global_colors_info=&#8221;{}&#8221;][et_pb_code _builder_version=&#8221;4.24.2&#8243; _module_preset=&#8221;default&#8221; global_colors_info=&#8221;{}&#8221;]<iframe loading=\"lazy\" src=\"https:\/\/www.google.com\/maps\/embed?pb=!1m16!1m12!1m3!1d196.1996646028478!2d-2.5499002196165907!3d38.112406104493246!2m3!1f0!2f0!3f0!3m2!1i1024!2i768!4f13.1!2m1!1scentro%20guadalinfo%20santiago%20de%20la%20espada!5e0!3m2!1ses!2ses!4v1734522267223!5m2!1ses!2ses\" width=\"600\" height=\"450\"><\/iframe>[\/et_pb_code][\/et_pb_column][\/et_pb_row][et_pb_row _builder_version=&#8221;4.24.2&#8243; _module_preset=&#8221;default&#8221; global_colors_info=&#8221;{}&#8221;][et_pb_column type=&#8221;4_4&#8243; _builder_version=&#8221;4.24.2&#8243; _module_preset=&#8221;default&#8221; global_colors_info=&#8221;{}&#8221;][et_pb_blog include_categories=&#8221;14&#8243; admin_label=&#8221;Blog&#8221; _builder_version=&#8221;4.24.2&#8243; _module_preset=&#8221;default&#8221; global_colors_info=&#8221;{}&#8221;][\/et_pb_blog][\/et_pb_column][\/et_pb_row][\/et_pb_section]<\/p>\n","protected":false},"excerpt":{"rendered":"<p>SEP El Almorch\u00f3n &#8211; 23500759 23500759.edu@juntadeandalucia.es 649262792 La educaci\u00f3n es el arte de hacer visibles las cosas invisibles (Jean-Fran\u00e7ois Lyotard) Bienvenidos al Centro de Educaci\u00f3n para Adultos de Santiago de la Espada Nos complace darles la bienvenida al Centro de Educaci\u00f3n para Adultos de Santiago de la Espada, un espacio dedicado al aprendizaje, el desarrollo [&hellip;]<\/p>\n","protected":false},"author":19108,"featured_media":0,"parent":0,"menu_order":0,"comment_status":"closed","ping_status":"closed","template":"","meta":{"_et_pb_use_builder":"on","_et_pb_old_content":"","_et_gb_content_width":"","ngg_post_thumbnail":0,"footnotes":""},"aioseo_notices":[],"_links":{"self":[{"href":"https:\/\/blogsaverroes.juntadeandalucia.es\/cepertavara\/wp-json\/wp\/v2\/pages\/868"}],"collection":[{"href":"https:\/\/blogsaverroes.juntadeandalucia.es\/cepertavara\/wp-json\/wp\/v2\/pages"}],"about":[{"href":"https:\/\/blogsaverroes.juntadeandalucia.es\/cepertavara\/wp-json\/wp\/v2\/types\/page"}],"author":[{"embeddable":true,"href":"https:\/\/blogsaverroes.juntadeandalucia.es\/cepertavara\/wp-json\/wp\/v2\/users\/19108"}],"replies":[{"embeddable":true,"href":"https:\/\/blogsaverroes.juntadeandalucia.es\/cepertavara\/wp-json\/wp\/v2\/comments?post=868"}],"version-history":[{"count":15,"href":"https:\/\/blogsaverroes.juntadeandalucia.es\/cepertavara\/wp-json\/wp\/v2\/pages\/868\/revisions"}],"predecessor-version":[{"id":3008,"href":"https:\/\/blogsaverroes.juntadeandalucia.es\/cepertavara\/wp-json\/wp\/v2\/pages\/868\/revisions\/3008"}],"wp:attachment":[{"href":"https:\/\/blogsaverroes.juntadeandalucia.es\/cepertavara\/wp-json\/wp\/v2\/media?parent=868"}],"curies":[{"name":"wp","href":"https:\/\/api.w.org\/{rel}","templated":true}]}}