{"id":876,"date":"2024-11-26T13:21:51","date_gmt":"2024-11-26T12:21:51","guid":{"rendered":"https:\/\/blogsaverroes.juntadeandalucia.es\/cepertavara\/?page_id=876"},"modified":"2026-03-13T09:46:00","modified_gmt":"2026-03-13T08:46:00","slug":"sep-felipe-arche","status":"publish","type":"page","link":"https:\/\/blogsaverroes.juntadeandalucia.es\/cepertavara\/inicio\/sep-felipe-arche\/","title":{"rendered":"SEP Felipe Arche"},"content":{"rendered":"<p>[et_pb_section fb_built=&#8221;1&#8243; admin_label=&#8221;Secci\u00f3n&#8221; _builder_version=&#8221;4.24.2&#8243; _module_preset=&#8221;default&#8221; global_colors_info=&#8221;{}&#8221;][et_pb_row column_structure=&#8221;1_4,1_2,1_4&#8243; _builder_version=&#8221;4.24.2&#8243; _module_preset=&#8221;default&#8221; global_colors_info=&#8221;{}&#8221;][et_pb_column type=&#8221;1_4&#8243; _builder_version=&#8221;4.24.2&#8243; _module_preset=&#8221;default&#8221; global_colors_info=&#8221;{}&#8221;][et_pb_image src=&#8221;https:\/\/blogsaverroes.juntadeandalucia.es\/cepertavara\/files\/2026\/03\/logo-SEP-FELIPE-ARCHE-300&#215;200.png&#8221; title_text=&#8221;logo SEP FELIPE ARCHE&#8221; _builder_version=&#8221;4.24.2&#8243; _module_preset=&#8221;default&#8221; global_colors_info=&#8221;{}&#8221;][\/et_pb_image][et_pb_image src=&#8221;https:\/\/blogsaverroes.juntadeandalucia.es\/cepertavara\/files\/2025\/04\/sep-felipe-Arche-2-scaled.jpg&#8221; title_text=&#8221;sep felipe Arche 2&#8243; _builder_version=&#8221;4.24.2&#8243; _module_preset=&#8221;default&#8221; global_colors_info=&#8221;{}&#8221;][\/et_pb_image][et_pb_text admin_label=&#8221;Texto&#8221; _builder_version=&#8221;4.24.2&#8243; _module_preset=&#8221;default&#8221; background_color=&#8221;#E09900&#8243; global_colors_info=&#8221;{}&#8221;]<\/p>\n<p><span style=\"font-family: 'book antiqua', palatino, serif\"><strong><span style=\"font-family: 'book antiqua', palatino, serif;font-size: 14pt\">\u201c<em>Cualquiera que para de aprender se hace viejo, tanto si tiene 20 como 80 a\u00f1os. Cualquiera que sigue aprendiendo permanece joven. Esta es la grandeza de la vida<\/em>.\u201d <\/span><span style=\"font-family: 'arial black', sans-serif;font-size: 14pt\">Henry Ford<\/span><\/strong><\/span><\/p>\n<p>[\/et_pb_text][et_pb_image src=&#8221;https:\/\/blogsaverroes.juntadeandalucia.es\/cepertavara\/files\/2026\/03\/Trinity_Centre_75480_logo_purple.png&#8221; title_text=&#8221;Trinity_Centre_75480_logo_purple&#8221; admin_label=&#8221;Ya somos centro examinador de Trinity College London. Let&#8217;s go to ask about your A2- B1 o B2 level of English.&#8221; _builder_version=&#8221;4.24.2&#8243; _module_preset=&#8221;default&#8221; global_colors_info=&#8221;{}&#8221;][\/et_pb_image][et_pb_text admin_label=&#8221;Texto&#8221; _builder_version=&#8221;4.24.2&#8243; _module_preset=&#8221;default&#8221; global_colors_info=&#8221;{}&#8221;]<\/p>\n<table style=\"border-collapse: collapse;width: 45.7057%;height: 109px\">\n<tbody>\n<tr style=\"height: 23px\">\n<td style=\"width: 100%;height: 23px\"><strong>SEP FELIPE ARCHE (23500267)<\/strong><\/td>\n<\/tr>\n<tr style=\"height: 23px\">\n<td style=\"width: 100%;height: 23px\"><strong>23500267.edu@juntadeandalucia.es<\/strong><\/td>\n<\/tr>\n<tr style=\"height: 23px\">\n<td style=\"width: 100%;height: 23px\"><strong>+34682576874<\/strong><\/td>\n<\/tr>\n<tr style=\"height: 23px\">\n<td style=\"width: 100%;height: 23px\">\n<p><strong>@archebenatae\u00a0 \u00a0 \u00a0<\/strong>\u00a1S\u00edguenos por Instagram en el QR\u00a0 que est\u00e1 m\u00e1s abajo\u00a1<\/p>\n<\/td>\n<\/tr>\n<\/tbody>\n<\/table>\n<p>&nbsp;<\/p>\n<p>[\/et_pb_text][et_pb_image src=&#8221;https:\/\/blogsaverroes.juntadeandalucia.es\/cepertavara\/files\/2026\/03\/Instagram-SEP-FELIPE-ARCHE-BENATAE.png&#8221; title_text=&#8221;Instagram SEP FELIPE ARCHE-BENATAE&#8221; _builder_version=&#8221;4.24.2&#8243; _module_preset=&#8221;default&#8221; global_colors_info=&#8221;{}&#8221;][\/et_pb_image][et_pb_text _builder_version=&#8221;4.24.2&#8243; _module_preset=&#8221;default&#8221; hover_enabled=&#8221;0&#8243; global_colors_info=&#8221;{}&#8221; sticky_enabled=&#8221;0&#8243;]<\/p>\n<table style=\"border-collapse: collapse;width: 100%\">\n<tbody>\n<tr>\n<td style=\"width: 100%\">Tambi\u00e9n\u00a0 puedes acceder a nuestro blog <a href=\"https:\/\/blogsaverroes.juntadeandalucia.es\/cepertavara\/inicio\/sep-felipe-arche\/\">averroes SEP FELIPE ARCHE<\/a> , desde la p\u00e1gina\u00a0 web del <a href=\"https:\/\/benatae.es\/\">Ayuntamiento de Benatae<\/a>, pinchando en el logo SEP FELIPE ARCHE, en la parte inferior izquierda de dicha p\u00e1gina. O si lo prefieres, puedes curiosear sobre el pueblo de Benatae en la p\u00e1gina web de su ayuntamiento. Peque\u00f1o pero muy acogedor\u00a1\u00a1<\/td>\n<\/tr>\n<\/tbody>\n<\/table>\n<p>[\/et_pb_text][\/et_pb_column][et_pb_column type=&#8221;1_2&#8243; _builder_version=&#8221;4.24.2&#8243; _module_preset=&#8221;default&#8221; global_colors_info=&#8221;{}&#8221;][et_pb_text admin_label=&#8221;Texto&#8221; _builder_version=&#8221;4.24.2&#8243; _module_preset=&#8221;default&#8221; background_color=&#8221;rgba(171,216,130,0.47)&#8221; global_colors_info=&#8221;{}&#8221;]<\/p>\n<p>&nbsp;<\/p>\n<p><span style=\"font-size: 12pt\">\u201c<strong><em>El que lee mucho y anda mucho, ve mucho y sabe mucho<\/em><\/strong>\u201d\u00ad\u00ad \u2013<span style=\"font-family: 'arial black', sans-serif\"><strong> Miguel de Cervantes<\/strong><\/span><\/span><\/p>\n<p>En el <strong>SEP FELIPE ARCHE<\/strong>, Secci\u00f3n de Educaci\u00f3n Permanente para Personas Adultas en Benatae, sabemos que el aprendizaje no tiene fecha de caducidad. Cada d\u00eda es una nueva oportunidad para crecer, descubrir y superar retos. Si alguna vez pensaste que ya era tarde para estudiar, queremos decirte que el momento perfecto es ahora.<\/p>\n<p>Ofrecemos una variedad de m\u00f3dulos dise\u00f1ados para fortalecer tus conocimientos y habilidades en diferentes \u00e1reas:<\/p>\n<ul>\n<li><strong>H\u00e1bitos de Vida Saludable<\/strong>: donde aprender\u00e1s a cuidar tu bienestar f\u00edsico y mental, adoptar una alimentaci\u00f3n saludable y mejorar la lectoescritura y el c\u00e1lculo matem\u00e1tico. En definitiva, mejoraras tu calidad de vida d\u00eda a d\u00eda.<\/li>\n<li><strong>TIC (Tecnolog\u00edas de la Informaci\u00f3n y la Comunicaci\u00f3n)<\/strong>: aprender\u00e1s desde el uso b\u00e1sico de ordenadores y dispositivos m\u00f3viles hasta herramientas digitales que facilitan la comunicaci\u00f3n. Todo ello mejorar\u00e1 tus oportunidades laborales.<\/li>\n<li><strong>Ingl\u00e9s en diferentes niveles<\/strong>: Mejora tus habilidades en este idioma, ya sea desde un nivel m\u00e1s b\u00e1sico hasta un nivel avanzado.<\/li>\n<li><strong>Desarrollo de la memoria<\/strong>: T\u00e9cnicas y ejercicios para fortalecer la mente y potenciar tu capacidad cognitiva.<\/li>\n<li><strong>Preparaci\u00f3n para el t\u00edtulo de la ESO<\/strong>: Te ayudamos a obtener la titulaci\u00f3n b\u00e1sica para mejorar tu acceso al mundo laboral y acad\u00e9mico.<\/li>\n<li><strong>Aprendizaje de espa\u00f1ol para extranjeros (Interculturalidad)<\/strong>: es un espacio dise\u00f1ado para facilitar la integraci\u00f3n en nuestro pueblo de las personas de diferentes culturas a trav\u00e9s del conocimiento del espa\u00f1ol, fomentando el respeto y la convivencia intercultural.<\/li>\n<\/ul>\n<p>\u00a1An\u00edmate a formar parte de nuestra comunidad de aprendizaje y descubre todo lo que eres capaz de lograr! Tu futuro comienza hoy.<\/p>\n<p>Si quieres informaci\u00f3n, te atenderemos con mucho gusto en el centro educativo\u00a0<strong>SEP Felipe Arche<\/strong>\u00a0situado en\u00a0<strong>C\\ Pio XII s\/n (Benatae).\u00a0<\/strong>Frente a la iglesia de Nuestra Sra. de la Asunci\u00f3n, o v\u00eda e-mail o tel\u00e9fono que tienes en la columna de la izquierda bajo el logo del colegio.<\/p>\n<p>[\/et_pb_text][et_pb_image src=&#8221;https:\/\/blogsaverroes.juntadeandalucia.es\/cepertavara\/files\/2026\/03\/lona-sep-felipe-arche2-lejos.jpeg&#8221; title_text=&#8221;lona sep felipe arche2 lejos&#8221; _builder_version=&#8221;4.24.2&#8243; _module_preset=&#8221;default&#8221; global_colors_info=&#8221;{}&#8221;][\/et_pb_image][\/et_pb_column][et_pb_column type=&#8221;1_4&#8243; _builder_version=&#8221;4.24.2&#8243; _module_preset=&#8221;default&#8221; global_colors_info=&#8221;{}&#8221;][et_pb_code _builder_version=&#8221;4.24.2&#8243; _module_preset=&#8221;default&#8221; global_colors_info=&#8221;{}&#8221;]<iframe loading=\"lazy\" src=\"https:\/\/www.google.com\/maps\/embed?pb=!1m18!1m12!1m3!1d910.8649184591103!2d-2.6514386228571247!3d38.35348122198804!2m3!1f0!2f0!3f0!3m2!1i1024!2i768!4f13.1!3m3!1m2!1s0xd6f43724c227a63%3A0xa10e09f4c3be7af6!2sCalle%20Casas%20Caidas%2C%203%2C%2023390%20Benatae%2C%20Ja%C3%A9n!5e0!3m2!1ses!2ses!4v1773223601235!5m2!1ses!2ses\" width=\"600\" height=\"450\"><\/iframe>[\/et_pb_code][et_pb_video src=&#8221;https:\/\/blogsaverroes.juntadeandalucia.es\/cepertavara\/files\/2025\/04\/LA-EDUCACION.mp4&#8243; _builder_version=&#8221;4.24.2&#8243; _module_preset=&#8221;default&#8221; global_colors_info=&#8221;{}&#8221;][\/et_pb_video][et_pb_text _builder_version=&#8221;4.24.2&#8243; _module_preset=&#8221;default&#8221; global_colors_info=&#8221;{}&#8221;]<\/p>\n<p><span style=\"font-size: 18pt;font-family: 'book antiqua', palatino, serif\">\u00a1Qu\u00e9 importante es la educaci\u00f3n\u00a1 No importa la edad 60,70,80,&#8230;<\/span><\/p>\n<p>[\/et_pb_text][et_pb_image src=&#8221;https:\/\/blogsaverroes.juntadeandalucia.es\/cepertavara\/files\/2026\/03\/SEP-FELIPE-ARCHE-100-x-100-cm.png&#8221; title_text=&#8221;SEP FELIPE ARCHE (100 x 100 cm)&#8221; _builder_version=&#8221;4.24.2&#8243; _module_preset=&#8221;default&#8221; global_colors_info=&#8221;{}&#8221;][\/et_pb_image][et_pb_image src=&#8221;https:\/\/blogsaverroes.juntadeandalucia.es\/cepertavara\/files\/2026\/02\/La-Llave-1.jpg&#8221; title_text=&#8221;La Llave&#8221; url=&#8221;https:\/\/www.revistalallave.com\/&#8221; url_new_window=&#8221;on&#8221; _builder_version=&#8221;4.24.2&#8243; _module_preset=&#8221;default&#8221; global_colors_info=&#8221;{}&#8221;][\/et_pb_image][\/et_pb_column][\/et_pb_row][et_pb_row column_structure=&#8221;1_2,1_2&#8243; _builder_version=&#8221;4.24.2&#8243; _module_preset=&#8221;default&#8221; global_colors_info=&#8221;{}&#8221;][et_pb_column type=&#8221;1_2&#8243; _builder_version=&#8221;4.24.2&#8243; _module_preset=&#8221;default&#8221; global_colors_info=&#8221;{}&#8221;][et_pb_text admin_label=&#8221;Texto&#8221; _builder_version=&#8221;4.24.2&#8243; _module_preset=&#8221;default&#8221; global_colors_info=&#8221;{}&#8221;]<\/p>\n<p><span style=\"font-family: 'book antiqua', palatino, serif;font-size: 14pt\"><strong>Blog SEP FELIPE ARCHE- BENATAE<\/strong><\/span><\/p>\n<p>[\/et_pb_text][\/et_pb_column][et_pb_column type=&#8221;1_2&#8243; _builder_version=&#8221;4.24.2&#8243; _module_preset=&#8221;default&#8221; global_colors_info=&#8221;{}&#8221;][et_pb_text admin_label=&#8221;Texto&#8221; _builder_version=&#8221;4.24.2&#8243; _module_preset=&#8221;default&#8221; global_colors_info=&#8221;{}&#8221;]<\/p>\n<p><span style=\"font-family: 'book antiqua', palatino, serif\"><strong><span style=\"font-size: 14pt\">Novedades\u00a0 de otras secciones\u00a0<\/span><\/strong><\/span><\/p>\n<p>[\/et_pb_text][\/et_pb_column][\/et_pb_row][et_pb_row column_structure=&#8221;1_2,1_2&#8243; _builder_version=&#8221;4.24.2&#8243; _module_preset=&#8221;default&#8221; global_colors_info=&#8221;{}&#8221;][et_pb_column type=&#8221;1_2&#8243; _builder_version=&#8221;4.24.2&#8243; _module_preset=&#8221;default&#8221; global_colors_info=&#8221;{}&#8221;][et_pb_blog include_categories=&#8221;32,31,39&#8243; show_author=&#8221;off&#8221; show_date=&#8221;off&#8221; admin_label=&#8221;Blog&#8221; _builder_version=&#8221;4.24.2&#8243; _module_preset=&#8221;default&#8221; background_color=&#8221;RGBA(255,255,255,0)&#8221; background_enable_mask_style=&#8221;on&#8221; global_colors_info=&#8221;{}&#8221;][\/et_pb_blog][\/et_pb_column][et_pb_column type=&#8221;1_2&#8243; _builder_version=&#8221;4.24.2&#8243; _module_preset=&#8221;default&#8221; global_colors_info=&#8221;{}&#8221;][et_pb_blog include_categories=&#8221;37,14,13,15,21,20,24,30&#8243; _builder_version=&#8221;4.24.2&#8243; _module_preset=&#8221;default&#8221; global_colors_info=&#8221;{}&#8221;][\/et_pb_blog][\/et_pb_column][\/et_pb_row][\/et_pb_section]<\/p>\n","protected":false},"excerpt":{"rendered":"<p>\u201cCualquiera que para de aprender se hace viejo, tanto si tiene 20 como 80 a\u00f1os. Cualquiera que sigue aprendiendo permanece joven. Esta es la grandeza de la vida.\u201d Henry Ford SEP FELIPE ARCHE (23500267) 23500267.edu@juntadeandalucia.es +34682576874 @archebenatae\u00a0 \u00a0 \u00a0\u00a1S\u00edguenos por Instagram en el QR\u00a0 que est\u00e1 m\u00e1s abajo\u00a1 &nbsp; Tambi\u00e9n\u00a0 puedes acceder a nuestro blog [&hellip;]<\/p>\n","protected":false},"author":19108,"featured_media":0,"parent":41,"menu_order":0,"comment_status":"closed","ping_status":"closed","template":"","meta":{"_et_pb_use_builder":"on","_et_pb_old_content":"","_et_gb_content_width":"","ngg_post_thumbnail":0,"footnotes":""},"aioseo_notices":[],"_links":{"self":[{"href":"https:\/\/blogsaverroes.juntadeandalucia.es\/cepertavara\/wp-json\/wp\/v2\/pages\/876"}],"collection":[{"href":"https:\/\/blogsaverroes.juntadeandalucia.es\/cepertavara\/wp-json\/wp\/v2\/pages"}],"about":[{"href":"https:\/\/blogsaverroes.juntadeandalucia.es\/cepertavara\/wp-json\/wp\/v2\/types\/page"}],"author":[{"embeddable":true,"href":"https:\/\/blogsaverroes.juntadeandalucia.es\/cepertavara\/wp-json\/wp\/v2\/users\/19108"}],"replies":[{"embeddable":true,"href":"https:\/\/blogsaverroes.juntadeandalucia.es\/cepertavara\/wp-json\/wp\/v2\/comments?post=876"}],"version-history":[{"count":75,"href":"https:\/\/blogsaverroes.juntadeandalucia.es\/cepertavara\/wp-json\/wp\/v2\/pages\/876\/revisions"}],"predecessor-version":[{"id":3181,"href":"https:\/\/blogsaverroes.juntadeandalucia.es\/cepertavara\/wp-json\/wp\/v2\/pages\/876\/revisions\/3181"}],"up":[{"embeddable":true,"href":"https:\/\/blogsaverroes.juntadeandalucia.es\/cepertavara\/wp-json\/wp\/v2\/pages\/41"}],"wp:attachment":[{"href":"https:\/\/blogsaverroes.juntadeandalucia.es\/cepertavara\/wp-json\/wp\/v2\/media?parent=876"}],"curies":[{"name":"wp","href":"https:\/\/api.w.org\/{rel}","templated":true}]}}