{"id":885,"date":"2024-11-26T13:25:22","date_gmt":"2024-11-26T12:25:22","guid":{"rendered":"https:\/\/blogsaverroes.juntadeandalucia.es\/cepertavara\/?page_id=885"},"modified":"2025-06-20T12:54:57","modified_gmt":"2025-06-20T10:54:57","slug":"sep-el-collao","status":"publish","type":"page","link":"https:\/\/blogsaverroes.juntadeandalucia.es\/cepertavara\/sep-el-collao\/","title":{"rendered":"SEP El Collao"},"content":{"rendered":"<p>[et_pb_section fb_built=&#8221;1&#8243; _builder_version=&#8221;4.24.2&#8243; _module_preset=&#8221;default&#8221; global_colors_info=&#8221;{}&#8221;][et_pb_row column_structure=&#8221;1_5,3_5,1_5&#8243; _builder_version=&#8221;4.24.2&#8243; _module_preset=&#8221;default&#8221; global_colors_info=&#8221;{}&#8221;][et_pb_column type=&#8221;1_5&#8243; _builder_version=&#8221;4.24.2&#8243; _module_preset=&#8221;default&#8221; global_colors_info=&#8221;{}&#8221;][et_pb_image src=&#8221;https:\/\/blogsaverroes.juntadeandalucia.es\/cepertavara\/files\/2025\/04\/Logo-Sep-El-Collao-1.jpg&#8221; title_text=&#8221;Logo Sep El Collao&#8221; _builder_version=&#8221;4.24.2&#8243; _module_preset=&#8221;default&#8221; width=&#8221;88%&#8221; custom_margin=&#8221;|106px|5px|||&#8221; custom_padding=&#8221;|0px||||&#8221; global_colors_info=&#8221;{}&#8221;][\/et_pb_image][et_pb_text _builder_version=&#8221;4.24.2&#8243; _module_preset=&#8221;default&#8221; min_height=&#8221;43.8px&#8221; global_colors_info=&#8221;{}&#8221;]<\/p>\n<blockquote>\n<p><em>\u201cEl aprendizaje nunca agota la mente.\u201d <\/em><\/p>\n<p><em><strong>(Leonardo Da Vinci)<\/strong><\/em><\/p>\n<\/blockquote>\n<p>[\/et_pb_text][et_pb_text _builder_version=&#8221;4.24.2&#8243; _module_preset=&#8221;default&#8221; text_font_size=&#8221;18px&#8221; text_line_height=&#8221;1em&#8221; width=&#8221;90%&#8221; global_colors_info=&#8221;{}&#8221;]<\/p>\n<p style=\"text-align: left\"><span style=\"font-size: small\">Planes y programas <strong>de nuestro centro<\/strong>:<\/span><\/p>\n<ul>\n<li style=\"text-align: left\"><span style=\"font-size: small\"><strong>Preparaci\u00f3n para la ESO<\/strong>\u00a0<\/span><\/li>\n<li style=\"text-align: left\"><span style=\"font-size: small\"><strong>Preparaci\u00f3n de la prueba libre.<\/strong><\/span><\/li>\n<li style=\"text-align: left\"><span style=\"font-size: small\"><strong>Cursos de alfabetizaci\u00f3n.<\/strong>\u00a0<\/span><\/li>\n<li style=\"text-align: left\"><span style=\"font-size: small\"><strong>H\u00e1bitos de Vida Saludable.<\/strong>\u00a0<\/span><\/li>\n<li style=\"text-align: left\"><span style=\"font-size: small\"><strong>Mejora de la atenci\u00f3n y la memoria.<\/strong>\u00a0<\/span><\/li>\n<li style=\"text-align: left\"><span style=\"font-size: small\"><strong>TIC (Tecnolog\u00edas de la Informaci\u00f3n y la Comunicaci\u00f3n).<\/strong>\u00a0<\/span><\/li>\n<li style=\"text-align: left\"><span style=\"font-size: small\"><strong>Uso B\u00e1sico de Idiomas (Ingl\u00e9s).<\/strong>\u00a0<\/span><\/li>\n<\/ul>\n<p>[\/et_pb_text][\/et_pb_column][et_pb_column type=&#8221;3_5&#8243; _builder_version=&#8221;4.24.2&#8243; _module_preset=&#8221;default&#8221; global_colors_info=&#8221;{}&#8221;][et_pb_text _builder_version=&#8221;4.24.2&#8243; _module_preset=&#8221;default&#8221; global_colors_info=&#8221;{}&#8221;]<\/p>\n<blockquote>\n<p><strong><em>&#8220;La educaci\u00f3n no cambia el mundo, cambia a las personas que van a cambiar el mundo.&#8221; (Paulo Freire)<\/em><\/strong><\/p>\n<\/blockquote>\n<p>[\/et_pb_text][et_pb_text _builder_version=&#8221;4.24.2&#8243; _module_preset=&#8221;default&#8221; width=&#8221;100%&#8221; custom_padding=&#8221;|||0px||&#8221; global_colors_info=&#8221;{}&#8221;]<\/p>\n<p><strong><span style=\"font-size: 14pt\">\u00a1Bienvenidos y bienvenidas al Sep El Collao!<\/span><\/strong><\/p>\n<p style=\"text-align: left\"><span style=\"font-size: 12pt\">Es un honor darles la bienvenida a nuestro centro, un espacio dise\u00f1ado para ofrecer oportunidades de aprendizaje a personas adultas que desean fortalecer sus conocimientos, adquirir nuevas habilidades y mejorar su calidad de vida.<\/span><\/p>\n<p style=\"text-align: left\"><span style=\"font-size: 12pt\">El SEP El Collao es un Centro de Educaci\u00f3n Permanente que engloba las localidades de G\u00e9nave, Villarrodrigo y Onsares.<\/span><\/p>\n<p style=\"text-align: left\"><span style=\"font-size: 12pt\">Creemos que la educaci\u00f3n es la clave para el crecimiento personal y profesional en cualquier etapa de la vida. Por ello, nos encargamos de ofrecer la mejor oferta educativa para que puedas seguir form\u00e1ndote con la comodidad de hacerlo en tu propio pueblo, sacando el m\u00e1ximo partido a tu tiempo.<\/span><\/p>\n<p style=\"text-align: left\"><span style=\"font-size: 12pt\">Contamos con planes educativos muy interesantes y pr\u00e1cticos. Nuestros planes educativos van dirigidos a cualquier persona mayor de 18 a\u00f1os.<\/span><\/p>\n<p style=\"text-align: left\"><span style=\"font-size: 12pt\">En este espacio digital compartiremos informaci\u00f3n sobre nuestra oferta educativa, novedades del centro y actividades realizadas en nuestras aulas.<\/span><\/p>\n<p style=\"text-align: left\">\n<p>[\/et_pb_text][\/et_pb_column][et_pb_column type=&#8221;1_5&#8243; _builder_version=&#8221;4.24.2&#8243; _module_preset=&#8221;default&#8221; global_colors_info=&#8221;{}&#8221;][et_pb_image src=&#8221;https:\/\/blogsaverroes.juntadeandalucia.es\/cepertavara\/files\/2025\/05\/Foto-Ayuntamiento-Genave.jpg&#8221; title_text=&#8221;Foto Ayuntamiento G\u00e9nave&#8221; _builder_version=&#8221;4.24.2&#8243; _module_preset=&#8221;default&#8221; global_colors_info=&#8221;{}&#8221;][\/et_pb_image][et_pb_text _builder_version=&#8221;4.24.2&#8243; _module_preset=&#8221;default&#8221; global_colors_info=&#8221;{}&#8221;]<\/p>\n<p><em>Calle Santa Clara, 8 &#8211; <\/em><em>G\u00e9nave (Ja\u00e9n)<\/em><\/p>\n<p>[\/et_pb_text][\/et_pb_column][\/et_pb_row][et_pb_row column_structure=&#8221;1_2,1_2&#8243; admin_label=&#8221;Fila&#8221; _builder_version=&#8221;4.24.2&#8243; _module_preset=&#8221;default&#8221; global_colors_info=&#8221;{}&#8221;][et_pb_column type=&#8221;1_2&#8243; _builder_version=&#8221;4.24.2&#8243; _module_preset=&#8221;default&#8221; global_colors_info=&#8221;{}&#8221;][et_pb_heading title=&#8221;Blog del Collao&#8221; _builder_version=&#8221;4.24.2&#8243; _module_preset=&#8221;default&#8221; global_colors_info=&#8221;{}&#8221;][\/et_pb_heading][et_pb_blog include_categories=&#8221;13&#8243; _builder_version=&#8221;4.24.2&#8243; _module_preset=&#8221;default&#8221; global_colors_info=&#8221;{}&#8221;][\/et_pb_blog][\/et_pb_column][et_pb_column type=&#8221;1_2&#8243; _builder_version=&#8221;4.24.2&#8243; _module_preset=&#8221;default&#8221; global_colors_info=&#8221;{}&#8221;][et_pb_heading title=&#8221;Novedades en otras secciones&#8230;&#8221; _builder_version=&#8221;4.24.2&#8243; _module_preset=&#8221;default&#8221; global_colors_info=&#8221;{}&#8221;][\/et_pb_heading][et_pb_blog posts_number=&#8221;6&#8243; include_categories=&#8221;37,14,32,15,21,20,24,30&#8243; excerpt_length=&#8221;200&#8243; _builder_version=&#8221;4.24.2&#8243; _module_preset=&#8221;default&#8221; global_colors_info=&#8221;{}&#8221;][\/et_pb_blog][\/et_pb_column][\/et_pb_row][\/et_pb_section]<\/p>\n","protected":false},"excerpt":{"rendered":"<p>\u201cEl aprendizaje nunca agota la mente.\u201d (Leonardo Da Vinci) Planes y programas de nuestro centro: Preparaci\u00f3n para la ESO\u00a0 Preparaci\u00f3n de la prueba libre. Cursos de alfabetizaci\u00f3n.\u00a0 H\u00e1bitos de Vida Saludable.\u00a0 Mejora de la atenci\u00f3n y la memoria.\u00a0 TIC (Tecnolog\u00edas de la Informaci\u00f3n y la Comunicaci\u00f3n).\u00a0 Uso B\u00e1sico de Idiomas (Ingl\u00e9s).\u00a0 &#8220;La educaci\u00f3n no cambia [&hellip;]<\/p>\n","protected":false},"author":19108,"featured_media":0,"parent":0,"menu_order":0,"comment_status":"closed","ping_status":"closed","template":"","meta":{"_et_pb_use_builder":"on","_et_pb_old_content":"","_et_gb_content_width":"","ngg_post_thumbnail":0,"footnotes":""},"aioseo_notices":[],"_links":{"self":[{"href":"https:\/\/blogsaverroes.juntadeandalucia.es\/cepertavara\/wp-json\/wp\/v2\/pages\/885"}],"collection":[{"href":"https:\/\/blogsaverroes.juntadeandalucia.es\/cepertavara\/wp-json\/wp\/v2\/pages"}],"about":[{"href":"https:\/\/blogsaverroes.juntadeandalucia.es\/cepertavara\/wp-json\/wp\/v2\/types\/page"}],"author":[{"embeddable":true,"href":"https:\/\/blogsaverroes.juntadeandalucia.es\/cepertavara\/wp-json\/wp\/v2\/users\/19108"}],"replies":[{"embeddable":true,"href":"https:\/\/blogsaverroes.juntadeandalucia.es\/cepertavara\/wp-json\/wp\/v2\/comments?post=885"}],"version-history":[{"count":23,"href":"https:\/\/blogsaverroes.juntadeandalucia.es\/cepertavara\/wp-json\/wp\/v2\/pages\/885\/revisions"}],"predecessor-version":[{"id":2116,"href":"https:\/\/blogsaverroes.juntadeandalucia.es\/cepertavara\/wp-json\/wp\/v2\/pages\/885\/revisions\/2116"}],"wp:attachment":[{"href":"https:\/\/blogsaverroes.juntadeandalucia.es\/cepertavara\/wp-json\/wp\/v2\/media?parent=885"}],"curies":[{"name":"wp","href":"https:\/\/api.w.org\/{rel}","templated":true}]}}