{"id":887,"date":"2024-11-26T13:25:44","date_gmt":"2024-11-26T12:25:44","guid":{"rendered":"https:\/\/blogsaverroes.juntadeandalucia.es\/cepertavara\/?page_id=887"},"modified":"2026-03-13T10:46:55","modified_gmt":"2026-03-13T09:46:55","slug":"sep-penalta","status":"publish","type":"page","link":"https:\/\/blogsaverroes.juntadeandalucia.es\/cepertavara\/sep-penalta\/","title":{"rendered":"SEP Pe\u00f1alta"},"content":{"rendered":"<p>[et_pb_section fb_built=&#8221;1&#8243; admin_label=&#8221;section&#8221; _builder_version=&#8221;4.16&#8243; collapsed=&#8221;off&#8221; global_colors_info=&#8221;{}&#8221;][et_pb_row column_structure=&#8221;1_4,1_2,1_4&#8243; admin_label=&#8221;row&#8221; _builder_version=&#8221;4.24.2&#8243; background_size=&#8221;initial&#8221; background_position=&#8221;top_left&#8221; background_repeat=&#8221;repeat&#8221; global_colors_info=&#8221;{}&#8221;][et_pb_column type=&#8221;1_4&#8243; _builder_version=&#8221;4.16&#8243; custom_padding=&#8221;|||&#8221; global_colors_info=&#8221;{}&#8221; custom_padding__hover=&#8221;|||&#8221;][et_pb_image src=&#8221;https:\/\/blogsaverroes.juntadeandalucia.es\/cepertavara\/files\/2025\/10\/LOGO-SEP-PENALTA.png&#8221; alt=&#8221;SEP Pe\u00f1alta(23500292)<br \/>\n+34 636 773 859<br \/>\n@sep_penalta<br \/>\nOrcera(Ja\u00e9n)&#8221; title_text=&#8221;LOGO SEP PE\u00d1ALTA&#8221; admin_label=&#8221;Imagen&#8221; _builder_version=&#8221;4.24.2&#8243; _module_preset=&#8221;default&#8221; width=&#8221;71%&#8221; max_width=&#8221;68%&#8221; global_colors_info=&#8221;{}&#8221;][\/et_pb_image][et_pb_blurb _builder_version=&#8221;4.24.2&#8243; _module_preset=&#8221;default&#8221; global_colors_info=&#8221;{}&#8221;]<\/p>\n<table style=\"border-collapse: collapse;width: 36.7153%;height: 156px\">\n<tbody>\n<tr style=\"height: 23px\">\n<td style=\"width: 100%;height: 23px\"><strong>SEP Pe\u00f1alta(23500292)<\/strong><\/td>\n<\/tr>\n<tr style=\"height: 23px\">\n<td style=\"width: 100%;height: 23px\"><strong>23500292.edu@juntadeandalucia.es<\/strong><\/td>\n<\/tr>\n<tr style=\"height: 23px\">\n<td style=\"width: 100%;height: 23px\"><strong>+34 636 773 859<\/strong><\/td>\n<\/tr>\n<tr style=\"height: 87px\">\n<td style=\"width: 100%;height: 87px\">\n<p><strong>@sep_penalta<\/strong><\/p>\n<p><a href=\"https:\/\/orcera.es\/conoce-el-sep-penalta\/\">https:\/\/orcera.es\/conoce-el-sep-penalta\/<\/a><\/p>\n<\/td>\n<\/tr>\n<\/tbody>\n<\/table>\n<p><img loading=\"lazy\" decoding=\"async\" class=\"wp-image-2273 alignnone size-medium\" src=\"https:\/\/blogsaverroes.juntadeandalucia.es\/cepertavara\/files\/2025\/10\/1761851758546-300x169.jpg\" alt=\"\" width=\"300\" height=\"169\" \/><\/p>\n<p>&nbsp;<\/p>\n<p>[\/et_pb_blurb][et_pb_blurb _builder_version=&#8221;4.24.2&#8243; _module_preset=&#8221;default&#8221; global_colors_info=&#8221;{}&#8221;]<\/p>\n<h2 data-path-to-node=\"3\"><img loading=\"lazy\" decoding=\"async\" class=\"wp-image-2735 alignnone size-medium\" src=\"https:\/\/blogsaverroes.juntadeandalucia.es\/cepertavara\/files\/2026\/02\/Gemini_Generated_Image_jn8vgujn8vgujn8v-300x143.png\" alt=\"\" width=\"300\" height=\"143\" \/><\/h2>\n<h2 data-path-to-node=\"3\"><span style=\"font-size: 12pt\"><strong>\ud83d\udce2 \u00a1Y que no se te escape nada! S\u00edguenos en Redes Sociales<\/strong><\/span><\/h2>\n<p><img loading=\"lazy\" decoding=\"async\" class=\"alignnone wp-image-2945 size-medium\" src=\"https:\/\/blogsaverroes.juntadeandalucia.es\/cepertavara\/files\/2026\/03\/WhatsApp-Image-2026-03-11-at-09.48.08-300x295.jpeg\" alt=\"\" width=\"300\" height=\"295\" \/><\/p>\n<p>[\/et_pb_blurb][\/et_pb_column][et_pb_column type=&#8221;1_2&#8243; _builder_version=&#8221;4.16&#8243; custom_padding=&#8221;|||&#8221; global_colors_info=&#8221;{}&#8221; custom_padding__hover=&#8221;|||&#8221;][et_pb_text admin_label=&#8221;Texto&#8221; _builder_version=&#8221;4.24.2&#8243; _module_preset=&#8221;default&#8221; global_colors_info=&#8221;{}&#8221;]<\/p>\n<blockquote>\n<p>\u00a0 \u00a0 \u00a0 \u00a0 \u00a0 \u00a0 \u00a0 \u00a0 \u00a0 \u00a0 \u00a0 \u00a0 \u00a0 \u00a0 \u00a0 \u00a0 \u00a0 \u00a0 \u00a0 \u00a0 \u00a0 \u00a0 \u00a0 \u00a0 <img loading=\"lazy\" decoding=\"async\" class=\"wp-image-2263 size-medium alignright\" src=\"https:\/\/blogsaverroes.juntadeandalucia.es\/cepertavara\/files\/2025\/10\/1761849673543-169x300.jpg\" alt=\"\" width=\"169\" height=\"300\" \/><\/p>\n<p><strong><span style=\"font-size: 24pt\">&#8220;La educaci\u00f3n es un proceso que no termina nunca&#8221;.<\/span><\/strong><\/p>\n<\/blockquote>\n<p data-start=\"0\" data-end=\"395\">\u00a1Os damos la bienvenida al blog del SEP Pe\u00f1alta!<\/p>\n<p class=\"\" style=\"text-align: left\" data-start=\"0\" data-end=\"395\">\u00a0 \u00a0 \u00a0 El <strong data-start=\"3\" data-end=\"49\">Centro de Educaci\u00f3n Permanente SEP Pe\u00f1alta<\/strong> es una instituci\u00f3n educativa ubicada en\u00a0 Orcera, un pintoresco municipio de la provincia de Ja\u00e9n, en el coraz\u00f3n de la Sierra de Segura. Este centro tiene como objetivo principal ofrecer formaci\u00f3n continua a personas de todas las edades, especialmente a aquellas que, por diversos motivos, no pudieron completar su educaci\u00f3n formal en su momento.<\/p>\n<p class=\"\" data-start=\"397\" data-end=\"826\"><strong>El SEP Pe\u00f1alta<\/strong> se distingue por su enfoque inclusivo y adaptado a las necesidades de la comunidad local, brindando una amplia gama de cursos y programas educativos que van desde la obtenci\u00f3n del t\u00edtulo de ESO, idiomas o programas de mejora de la memoria y la atenci\u00f3n. Los cursos y talleres est\u00e1n dise\u00f1ados para favorecer la integraci\u00f3n social y laboral de los estudiantes, proporcion\u00e1ndoles herramientas pr\u00e1cticas y conocimientos \u00fatiles para su desarrollo personal y profesional.<\/p>\n<p class=\"\" data-start=\"828\" data-end=\"1142\">El centro est\u00e1 comprometido con la educaci\u00f3n a lo largo de toda la vida, creando un ambiente de aprendizaje accesible y flexible. Adem\u00e1s, cuenta con un equipo docente altamente capacitado, dispuesto a guiar y apoyar a los estudiantes en su proceso de aprendizaje, sin importar su edad o nivel de formaci\u00f3n previa.<\/p>\n<p class=\"\" data-start=\"1144\" data-end=\"1407\">En un entorno natural y tranquilo como el de Orcera, <strong>SEP Pe\u00f1alta<\/strong> tambi\u00e9n se convierte en un espacio de encuentro donde los vecinos y vecinas del municipio pueden fortalecer su comunidad, compartir experiencias y construir un futuro mejor a trav\u00e9s de la educaci\u00f3n.<\/p>\n<p data-start=\"1144\" data-end=\"1407\">Ofrecemos una variedad de m\u00f3dulos dise\u00f1ados para fortalecer los conocimientos y habilidades en diferentes \u00e1reas:<\/p>\n<ul>\n<li data-start=\"1144\" data-end=\"1407\"><strong>H\u00e1bitos de Vida saludable: <\/strong>que busca promover el bienestar f\u00edsico, mental y social a trav\u00e9s de la adquisici\u00f3n de conocimientos, habilidades y actitudes que favorezcan un estilo de vida equilibrado.<\/li>\n<li data-start=\"1144\" data-end=\"1407\"><strong>TIC(Tecnolog\u00edas de la Informaci\u00f3n y la Comunicaci\u00f3n):<\/strong>busca formar a las personas en el uso efectivo, cr\u00edtico y responsable de las tecnolog\u00edas digitales \u2014computadoras, internet, dispositivos m\u00f3viles, software y plataformas en l\u00ednea\u2014 para mejorar su desempe\u00f1o personal, social, acad\u00e9mico o profesional.<\/li>\n<li data-start=\"1144\" data-end=\"1407\"><strong>Ingl\u00e9s en diferentes niveles: <\/strong>introducir a los participantes en el aprendizaje del idioma ingl\u00e9s, desarrollando las competencias comunicativas necesarias para desenvolverse en situaciones cotidianas simples, tanto de forma oral como escrita.<\/li>\n<li data-start=\"1144\" data-end=\"1407\"><strong>Preparaci\u00f3n para el t\u00edtulo de la ESO: <\/strong>Te ayudamos a preparar la obtenci\u00f3n de la titulaci\u00f3n para mejorar el acceso laboral.<\/li>\n<li data-start=\"1144\" data-end=\"1407\"><strong>Aprendizaje de espa\u00f1ol para extranjeros(Interculturalidad):<\/strong>Ofrecemos cursos para aprender espa\u00f1ol a tu medida.<\/li>\n<\/ul>\n<p>Ven a conocernos en Calle Armada Invencible N\u00ba1 en el centro educativo <strong>SEP Pe\u00f1alta.<\/strong><\/p>\n<p>&nbsp;<\/p>\n<p>[\/et_pb_text][et_pb_text _builder_version=&#8221;4.24.2&#8243; _module_preset=&#8221;default&#8221; global_colors_info=&#8221;{}&#8221;][\/et_pb_text][\/et_pb_column][et_pb_column type=&#8221;1_4&#8243; _builder_version=&#8221;4.16&#8243; custom_padding=&#8221;|||&#8221; global_colors_info=&#8221;{}&#8221; custom_padding__hover=&#8221;|||&#8221;][et_pb_code admin_label=&#8221;C\u00f3digo&#8221; _builder_version=&#8221;4.24.2&#8243; _module_preset=&#8221;default&#8221; global_colors_info=&#8221;{}&#8221;]<iframe loading=\"lazy\" src=\"https:\/\/www.google.com\/maps\/embed?pb=!1m18!1m12!1m3!1d1243.6623323508752!2d-2.663895455355075!3d38.316890295005706!2m3!1f0!2f0!3f0!3m2!1i1024!2i768!4f13.1!3m3!1m2!1s0xd6f43ed01c8625f%3A0x8e8fe396e9789af0!2sSEP%20PE%C3%91ALTA!5e1!3m2!1ses!2ses!4v1773239647522!5m2!1ses!2ses\" width=\"600\" height=\"450\"><\/iframe>[\/et_pb_code][et_pb_image src=&#8221;https:\/\/blogsaverroes.juntadeandalucia.es\/cepertavara\/files\/2025\/10\/1761849673569.png&#8221; title_text=&#8221;1761849673569&#8243; _builder_version=&#8221;4.24.2&#8243; _module_preset=&#8221;default&#8221; global_colors_info=&#8221;{}&#8221;][\/et_pb_image][et_pb_image src=&#8221;https:\/\/blogsaverroes.juntadeandalucia.es\/cepertavara\/files\/2026\/02\/La-Llave-1.jpg&#8221; title_text=&#8221;La Llave&#8221; url=&#8221;https:\/\/www.revistalallave.com\/&#8221; url_new_window=&#8221;on&#8221; _builder_version=&#8221;4.24.2&#8243; _module_preset=&#8221;default&#8221; global_colors_info=&#8221;{}&#8221;][\/et_pb_image][\/et_pb_column][\/et_pb_row][et_pb_row column_structure=&#8221;1_2,1_2&#8243; _builder_version=&#8221;4.24.2&#8243; _module_preset=&#8221;default&#8221; global_colors_info=&#8221;{}&#8221;][et_pb_column type=&#8221;1_2&#8243; _builder_version=&#8221;4.24.2&#8243; _module_preset=&#8221;default&#8221; global_colors_info=&#8221;{}&#8221;][et_pb_blog include_categories=&#8221;20,31,18&#8243; _builder_version=&#8221;4.24.2&#8243; _module_preset=&#8221;default&#8221; global_colors_info=&#8221;{}&#8221;][\/et_pb_blog][\/et_pb_column][et_pb_column type=&#8221;1_2&#8243; _builder_version=&#8221;4.24.2&#8243; _module_preset=&#8221;default&#8221; global_colors_info=&#8221;{}&#8221;][et_pb_blog include_categories=&#8221;37,14,13,32,15,21,20,24,30&#8243; _builder_version=&#8221;4.24.2&#8243; _module_preset=&#8221;default&#8221; global_colors_info=&#8221;{}&#8221;][\/et_pb_blog][\/et_pb_column][\/et_pb_row][\/et_pb_section]<\/p>\n","protected":false},"excerpt":{"rendered":"<p>SEP Pe\u00f1alta(23500292) 23500292.edu@juntadeandalucia.es +34 636 773 859 @sep_penalta https:\/\/orcera.es\/conoce-el-sep-penalta\/ &nbsp; \ud83d\udce2 \u00a1Y que no se te escape nada! S\u00edguenos en Redes Sociales \u00a0 \u00a0 \u00a0 \u00a0 \u00a0 \u00a0 \u00a0 \u00a0 \u00a0 \u00a0 \u00a0 \u00a0 \u00a0 \u00a0 \u00a0 \u00a0 \u00a0 \u00a0 \u00a0 \u00a0 \u00a0 \u00a0 \u00a0 \u00a0 &#8220;La educaci\u00f3n es un proceso que no termina nunca&#8221;. [&hellip;]<\/p>\n","protected":false},"author":19108,"featured_media":0,"parent":0,"menu_order":0,"comment_status":"closed","ping_status":"closed","template":"","meta":{"_et_pb_use_builder":"on","_et_pb_old_content":"","_et_gb_content_width":"","ngg_post_thumbnail":0,"footnotes":""},"aioseo_notices":[],"_links":{"self":[{"href":"https:\/\/blogsaverroes.juntadeandalucia.es\/cepertavara\/wp-json\/wp\/v2\/pages\/887"}],"collection":[{"href":"https:\/\/blogsaverroes.juntadeandalucia.es\/cepertavara\/wp-json\/wp\/v2\/pages"}],"about":[{"href":"https:\/\/blogsaverroes.juntadeandalucia.es\/cepertavara\/wp-json\/wp\/v2\/types\/page"}],"author":[{"embeddable":true,"href":"https:\/\/blogsaverroes.juntadeandalucia.es\/cepertavara\/wp-json\/wp\/v2\/users\/19108"}],"replies":[{"embeddable":true,"href":"https:\/\/blogsaverroes.juntadeandalucia.es\/cepertavara\/wp-json\/wp\/v2\/comments?post=887"}],"version-history":[{"count":47,"href":"https:\/\/blogsaverroes.juntadeandalucia.es\/cepertavara\/wp-json\/wp\/v2\/pages\/887\/revisions"}],"predecessor-version":[{"id":3190,"href":"https:\/\/blogsaverroes.juntadeandalucia.es\/cepertavara\/wp-json\/wp\/v2\/pages\/887\/revisions\/3190"}],"wp:attachment":[{"href":"https:\/\/blogsaverroes.juntadeandalucia.es\/cepertavara\/wp-json\/wp\/v2\/media?parent=887"}],"curies":[{"name":"wp","href":"https:\/\/api.w.org\/{rel}","templated":true}]}}