{"id":2503,"date":"2021-01-20T17:46:08","date_gmt":"2021-01-20T17:46:08","guid":{"rendered":"https:\/\/blogsaverroes.juntadeandalucia.es\/cepertrecerosas\/?page_id=2503"},"modified":"2021-01-20T17:46:08","modified_gmt":"2021-01-20T17:46:08","slug":"formacion-basica-nivel-1","status":"publish","type":"page","link":"https:\/\/blogsaverroes.juntadeandalucia.es\/cepertrecerosas\/formacion-basica-nivel-1\/","title":{"rendered":"Formaci\u00f3n B\u00e1sica: Nivel 1"},"content":{"rendered":"<h1>Formaci\u00f3n B\u00e1sica: Nivel 1<\/h1>\n","protected":false},"excerpt":{"rendered":"<p>Formaci\u00f3n B\u00e1sica: Nivel 1<\/p>\n","protected":false},"author":11972,"featured_media":0,"parent":0,"menu_order":0,"comment_status":"closed","ping_status":"closed","template":"","meta":{"ngg_post_thumbnail":0,"footnotes":"","_mc_calendar":[]},"aioseo_notices":[],"_links":{"self":[{"href":"https:\/\/blogsaverroes.juntadeandalucia.es\/cepertrecerosas\/wp-json\/wp\/v2\/pages\/2503"}],"collection":[{"href":"https:\/\/blogsaverroes.juntadeandalucia.es\/cepertrecerosas\/wp-json\/wp\/v2\/pages"}],"about":[{"href":"https:\/\/blogsaverroes.juntadeandalucia.es\/cepertrecerosas\/wp-json\/wp\/v2\/types\/page"}],"author":[{"embeddable":true,"href":"https:\/\/blogsaverroes.juntadeandalucia.es\/cepertrecerosas\/wp-json\/wp\/v2\/users\/11972"}],"replies":[{"embeddable":true,"href":"https:\/\/blogsaverroes.juntadeandalucia.es\/cepertrecerosas\/wp-json\/wp\/v2\/comments?post=2503"}],"version-history":[{"count":1,"href":"https:\/\/blogsaverroes.juntadeandalucia.es\/cepertrecerosas\/wp-json\/wp\/v2\/pages\/2503\/revisions"}],"predecessor-version":[{"id":2504,"href":"https:\/\/blogsaverroes.juntadeandalucia.es\/cepertrecerosas\/wp-json\/wp\/v2\/pages\/2503\/revisions\/2504"}],"wp:attachment":[{"href":"https:\/\/blogsaverroes.juntadeandalucia.es\/cepertrecerosas\/wp-json\/wp\/v2\/media?parent=2503"}],"curies":[{"name":"wp","href":"https:\/\/api.w.org\/{rel}","templated":true}]}}