{"id":2513,"date":"2021-01-20T18:25:10","date_gmt":"2021-01-20T18:25:10","guid":{"rendered":"https:\/\/blogsaverroes.juntadeandalucia.es\/cepertrecerosas\/?page_id=2513"},"modified":"2021-05-11T11:09:49","modified_gmt":"2021-05-11T11:09:49","slug":"ingles-basico","status":"publish","type":"page","link":"https:\/\/blogsaverroes.juntadeandalucia.es\/cepertrecerosas\/ingles-basico\/","title":{"rendered":"Ingl\u00e9s B\u00e1sico"},"content":{"rendered":"<h1>Ingl\u00e9s B\u00e1sico<a href=\"https:\/\/blogsaverroes.juntadeandalucia.es\/cepertrecerosas\/files\/2021\/05\/phone-box-scaled.jpg\"><img loading=\"lazy\" decoding=\"async\" class=\" wp-image-3016 alignright\" src=\"https:\/\/blogsaverroes.juntadeandalucia.es\/cepertrecerosas\/files\/2021\/05\/phone-box-197x300.jpg\" alt=\"\" width=\"264\" height=\"402\" srcset=\"https:\/\/blogsaverroes.juntadeandalucia.es\/cepertrecerosas\/files\/2021\/05\/phone-box-197x300.jpg 197w, https:\/\/blogsaverroes.juntadeandalucia.es\/cepertrecerosas\/files\/2021\/05\/phone-box-674x1024.jpg 674w, https:\/\/blogsaverroes.juntadeandalucia.es\/cepertrecerosas\/files\/2021\/05\/phone-box-768x1167.jpg 768w, https:\/\/blogsaverroes.juntadeandalucia.es\/cepertrecerosas\/files\/2021\/05\/phone-box-1010x1536.jpg 1010w, https:\/\/blogsaverroes.juntadeandalucia.es\/cepertrecerosas\/files\/2021\/05\/phone-box-1347x2048.jpg 1347w, https:\/\/blogsaverroes.juntadeandalucia.es\/cepertrecerosas\/files\/2021\/05\/phone-box-16x24.jpg 16w, https:\/\/blogsaverroes.juntadeandalucia.es\/cepertrecerosas\/files\/2021\/05\/phone-box-24x36.jpg 24w, https:\/\/blogsaverroes.juntadeandalucia.es\/cepertrecerosas\/files\/2021\/05\/phone-box-32x48.jpg 32w, https:\/\/blogsaverroes.juntadeandalucia.es\/cepertrecerosas\/files\/2021\/05\/phone-box-scaled.jpg 1053w\" sizes=\"(max-width: 264px) 100vw, 264px\" \/><\/a><\/h1>\n<h2 class=\"CjVfdc\">Recursos de los Planes Educativos preparaci\u00f3n para el fomento de la ciudadan\u00eda activa &#8211; Uso b\u00e1sico de idioma extranjeros<\/h2>\n<p><a href=\"https:\/\/eduadul13.wixsite.com\/misitio-2\" target=\"_blank\" rel=\"noopener noreferrer\"><img loading=\"lazy\" decoding=\"async\" class=\"alignnone wp-image-2715 size-medium\" src=\"https:\/\/blogsaverroes.juntadeandalucia.es\/cepertrecerosas\/files\/2021\/03\/ingle\u0301s-ba\u0301sico-300x126.png\" alt=\"\" width=\"300\" height=\"126\" srcset=\"https:\/\/blogsaverroes.juntadeandalucia.es\/cepertrecerosas\/files\/2021\/03\/ingle\u0301s-ba\u0301sico-300x126.png 300w, https:\/\/blogsaverroes.juntadeandalucia.es\/cepertrecerosas\/files\/2021\/03\/ingle\u0301s-ba\u0301sico-768x322.png 768w, https:\/\/blogsaverroes.juntadeandalucia.es\/cepertrecerosas\/files\/2021\/03\/ingle\u0301s-ba\u0301sico-24x10.png 24w, https:\/\/blogsaverroes.juntadeandalucia.es\/cepertrecerosas\/files\/2021\/03\/ingle\u0301s-ba\u0301sico-36x15.png 36w, https:\/\/blogsaverroes.juntadeandalucia.es\/cepertrecerosas\/files\/2021\/03\/ingle\u0301s-ba\u0301sico-48x20.png 48w, https:\/\/blogsaverroes.juntadeandalucia.es\/cepertrecerosas\/files\/2021\/03\/ingle\u0301s-ba\u0301sico.png 891w\" sizes=\"(max-width: 300px) 100vw, 300px\" \/><\/a><\/p>\n<p>&nbsp;<\/p>\n<p>&nbsp;<\/p>\n<p><a href=\"https:\/\/blogsaverroes.juntadeandalucia.es\/cepertrecerosas\/files\/2021\/05\/0fd1551b-7978-4dc0-8801-e3e7e46553bc.jpg\"><img loading=\"lazy\" decoding=\"async\" class=\"alignnone size-medium wp-image-3169\" src=\"https:\/\/blogsaverroes.juntadeandalucia.es\/cepertrecerosas\/files\/2021\/05\/0fd1551b-7978-4dc0-8801-e3e7e46553bc-300x295.jpg\" alt=\"\" width=\"300\" height=\"295\" srcset=\"https:\/\/blogsaverroes.juntadeandalucia.es\/cepertrecerosas\/files\/2021\/05\/0fd1551b-7978-4dc0-8801-e3e7e46553bc-300x295.jpg 300w, https:\/\/blogsaverroes.juntadeandalucia.es\/cepertrecerosas\/files\/2021\/05\/0fd1551b-7978-4dc0-8801-e3e7e46553bc-1024x1006.jpg 1024w, https:\/\/blogsaverroes.juntadeandalucia.es\/cepertrecerosas\/files\/2021\/05\/0fd1551b-7978-4dc0-8801-e3e7e46553bc-768x754.jpg 768w, https:\/\/blogsaverroes.juntadeandalucia.es\/cepertrecerosas\/files\/2021\/05\/0fd1551b-7978-4dc0-8801-e3e7e46553bc-80x80.jpg 80w, https:\/\/blogsaverroes.juntadeandalucia.es\/cepertrecerosas\/files\/2021\/05\/0fd1551b-7978-4dc0-8801-e3e7e46553bc-24x24.jpg 24w, https:\/\/blogsaverroes.juntadeandalucia.es\/cepertrecerosas\/files\/2021\/05\/0fd1551b-7978-4dc0-8801-e3e7e46553bc-36x36.jpg 36w, https:\/\/blogsaverroes.juntadeandalucia.es\/cepertrecerosas\/files\/2021\/05\/0fd1551b-7978-4dc0-8801-e3e7e46553bc-48x48.jpg 48w, https:\/\/blogsaverroes.juntadeandalucia.es\/cepertrecerosas\/files\/2021\/05\/0fd1551b-7978-4dc0-8801-e3e7e46553bc.jpg 1080w\" sizes=\"(max-width: 300px) 100vw, 300px\" \/><\/a><\/p>\n","protected":false},"excerpt":{"rendered":"<p>Ingl\u00e9s B\u00e1sico Recursos de los Planes Educativos preparaci\u00f3n para el fomento de la ciudadan\u00eda activa &#8211; Uso b\u00e1sico de idioma extranjeros &nbsp; &nbsp;<\/p>\n","protected":false},"author":11972,"featured_media":0,"parent":0,"menu_order":0,"comment_status":"closed","ping_status":"closed","template":"","meta":{"ngg_post_thumbnail":0,"footnotes":"","_mc_calendar":[]},"aioseo_notices":[],"_links":{"self":[{"href":"https:\/\/blogsaverroes.juntadeandalucia.es\/cepertrecerosas\/wp-json\/wp\/v2\/pages\/2513"}],"collection":[{"href":"https:\/\/blogsaverroes.juntadeandalucia.es\/cepertrecerosas\/wp-json\/wp\/v2\/pages"}],"about":[{"href":"https:\/\/blogsaverroes.juntadeandalucia.es\/cepertrecerosas\/wp-json\/wp\/v2\/types\/page"}],"author":[{"embeddable":true,"href":"https:\/\/blogsaverroes.juntadeandalucia.es\/cepertrecerosas\/wp-json\/wp\/v2\/users\/11972"}],"replies":[{"embeddable":true,"href":"https:\/\/blogsaverroes.juntadeandalucia.es\/cepertrecerosas\/wp-json\/wp\/v2\/comments?post=2513"}],"version-history":[{"count":9,"href":"https:\/\/blogsaverroes.juntadeandalucia.es\/cepertrecerosas\/wp-json\/wp\/v2\/pages\/2513\/revisions"}],"predecessor-version":[{"id":3176,"href":"https:\/\/blogsaverroes.juntadeandalucia.es\/cepertrecerosas\/wp-json\/wp\/v2\/pages\/2513\/revisions\/3176"}],"wp:attachment":[{"href":"https:\/\/blogsaverroes.juntadeandalucia.es\/cepertrecerosas\/wp-json\/wp\/v2\/media?parent=2513"}],"curies":[{"name":"wp","href":"https:\/\/api.w.org\/{rel}","templated":true}]}}