{"id":2515,"date":"2021-01-20T18:25:34","date_gmt":"2021-01-20T18:25:34","guid":{"rendered":"https:\/\/blogsaverroes.juntadeandalucia.es\/cepertrecerosas\/?page_id=2515"},"modified":"2021-01-21T07:22:24","modified_gmt":"2021-01-21T07:22:24","slug":"ingles-b1","status":"publish","type":"page","link":"https:\/\/blogsaverroes.juntadeandalucia.es\/cepertrecerosas\/ingles-b1\/","title":{"rendered":"Ingl\u00e9s B1"},"content":{"rendered":"<h1>Ingl\u00e9s B1<\/h1>\n<h2 class=\"CjVfdc\">Recursos de los Planes Educativos preparaci\u00f3n para el fomento de la ciudadan\u00eda activa &#8211; Uso b\u00e1sico de idioma extranjeros<\/h2>\n","protected":false},"excerpt":{"rendered":"<p>Ingl\u00e9s B1 Recursos de los Planes Educativos preparaci\u00f3n para el fomento de la ciudadan\u00eda activa &#8211; Uso b\u00e1sico de idioma extranjeros<\/p>\n","protected":false},"author":11972,"featured_media":0,"parent":0,"menu_order":0,"comment_status":"closed","ping_status":"closed","template":"","meta":{"ngg_post_thumbnail":0,"footnotes":"","_mc_calendar":[]},"aioseo_notices":[],"_links":{"self":[{"href":"https:\/\/blogsaverroes.juntadeandalucia.es\/cepertrecerosas\/wp-json\/wp\/v2\/pages\/2515"}],"collection":[{"href":"https:\/\/blogsaverroes.juntadeandalucia.es\/cepertrecerosas\/wp-json\/wp\/v2\/pages"}],"about":[{"href":"https:\/\/blogsaverroes.juntadeandalucia.es\/cepertrecerosas\/wp-json\/wp\/v2\/types\/page"}],"author":[{"embeddable":true,"href":"https:\/\/blogsaverroes.juntadeandalucia.es\/cepertrecerosas\/wp-json\/wp\/v2\/users\/11972"}],"replies":[{"embeddable":true,"href":"https:\/\/blogsaverroes.juntadeandalucia.es\/cepertrecerosas\/wp-json\/wp\/v2\/comments?post=2515"}],"version-history":[{"count":2,"href":"https:\/\/blogsaverroes.juntadeandalucia.es\/cepertrecerosas\/wp-json\/wp\/v2\/pages\/2515\/revisions"}],"predecessor-version":[{"id":2568,"href":"https:\/\/blogsaverroes.juntadeandalucia.es\/cepertrecerosas\/wp-json\/wp\/v2\/pages\/2515\/revisions\/2568"}],"wp:attachment":[{"href":"https:\/\/blogsaverroes.juntadeandalucia.es\/cepertrecerosas\/wp-json\/wp\/v2\/media?parent=2515"}],"curies":[{"name":"wp","href":"https:\/\/api.w.org\/{rel}","templated":true}]}}