{"id":2517,"date":"2021-01-20T18:25:59","date_gmt":"2021-01-20T18:25:59","guid":{"rendered":"https:\/\/blogsaverroes.juntadeandalucia.es\/cepertrecerosas\/?page_id=2517"},"modified":"2021-03-11T15:24:09","modified_gmt":"2021-03-11T15:24:09","slug":"frances-2","status":"publish","type":"page","link":"https:\/\/blogsaverroes.juntadeandalucia.es\/cepertrecerosas\/frances-2\/","title":{"rendered":"Franc\u00e9s"},"content":{"rendered":"<h1>Franc\u00e9s<a href=\"https:\/\/blogsaverroes.juntadeandalucia.es\/cepertrecerosas\/files\/2021\/03\/Captura-de-pantalla-2021-03-11-a-las-16.20.25.png\"><img loading=\"lazy\" decoding=\"async\" class=\"size-medium wp-image-2763 alignright\" src=\"https:\/\/blogsaverroes.juntadeandalucia.es\/cepertrecerosas\/files\/2021\/03\/Captura-de-pantalla-2021-03-11-a-las-16.20.25-240x300.png\" alt=\"\" width=\"240\" height=\"300\" srcset=\"https:\/\/blogsaverroes.juntadeandalucia.es\/cepertrecerosas\/files\/2021\/03\/Captura-de-pantalla-2021-03-11-a-las-16.20.25-240x300.png 240w, https:\/\/blogsaverroes.juntadeandalucia.es\/cepertrecerosas\/files\/2021\/03\/Captura-de-pantalla-2021-03-11-a-las-16.20.25-818x1024.png 818w, https:\/\/blogsaverroes.juntadeandalucia.es\/cepertrecerosas\/files\/2021\/03\/Captura-de-pantalla-2021-03-11-a-las-16.20.25-768x962.png 768w, https:\/\/blogsaverroes.juntadeandalucia.es\/cepertrecerosas\/files\/2021\/03\/Captura-de-pantalla-2021-03-11-a-las-16.20.25-19x24.png 19w, https:\/\/blogsaverroes.juntadeandalucia.es\/cepertrecerosas\/files\/2021\/03\/Captura-de-pantalla-2021-03-11-a-las-16.20.25-29x36.png 29w, https:\/\/blogsaverroes.juntadeandalucia.es\/cepertrecerosas\/files\/2021\/03\/Captura-de-pantalla-2021-03-11-a-las-16.20.25-38x48.png 38w, https:\/\/blogsaverroes.juntadeandalucia.es\/cepertrecerosas\/files\/2021\/03\/Captura-de-pantalla-2021-03-11-a-las-16.20.25.png 944w\" sizes=\"(max-width: 240px) 100vw, 240px\" \/><\/a><\/h1>\n<h5 class=\"CjVfdc\">Recursos de los Planes Educativos preparaci\u00f3n para el fomento de la ciudadan\u00eda activa &#8211; Uso b\u00e1sico de idioma extranjeros<\/h5>\n<p><a href=\"http:\/\/auladefrancestrecerosas.blogspot.com\/\" target=\"_blank\" rel=\"noopener noreferrer\"><img loading=\"lazy\" decoding=\"async\" class=\"alignnone size-medium wp-image-2718\" src=\"https:\/\/blogsaverroes.juntadeandalucia.es\/cepertrecerosas\/files\/2021\/03\/France\u0301s-300x103.png\" alt=\"\" width=\"300\" height=\"103\" srcset=\"https:\/\/blogsaverroes.juntadeandalucia.es\/cepertrecerosas\/files\/2021\/03\/France\u0301s-300x103.png 300w, https:\/\/blogsaverroes.juntadeandalucia.es\/cepertrecerosas\/files\/2021\/03\/France\u0301s-768x263.png 768w, https:\/\/blogsaverroes.juntadeandalucia.es\/cepertrecerosas\/files\/2021\/03\/France\u0301s-24x8.png 24w, https:\/\/blogsaverroes.juntadeandalucia.es\/cepertrecerosas\/files\/2021\/03\/France\u0301s-36x12.png 36w, https:\/\/blogsaverroes.juntadeandalucia.es\/cepertrecerosas\/files\/2021\/03\/France\u0301s-48x16.png 48w, https:\/\/blogsaverroes.juntadeandalucia.es\/cepertrecerosas\/files\/2021\/03\/France\u0301s.png 876w\" sizes=\"(max-width: 300px) 100vw, 300px\" \/><\/a><\/p>\n","protected":false},"excerpt":{"rendered":"<p>Franc\u00e9s Recursos de los Planes Educativos preparaci\u00f3n para el fomento de la ciudadan\u00eda activa &#8211; Uso b\u00e1sico de idioma extranjeros<\/p>\n","protected":false},"author":11972,"featured_media":0,"parent":0,"menu_order":0,"comment_status":"closed","ping_status":"closed","template":"","meta":{"ngg_post_thumbnail":0,"footnotes":"","_mc_calendar":[]},"aioseo_notices":[],"_links":{"self":[{"href":"https:\/\/blogsaverroes.juntadeandalucia.es\/cepertrecerosas\/wp-json\/wp\/v2\/pages\/2517"}],"collection":[{"href":"https:\/\/blogsaverroes.juntadeandalucia.es\/cepertrecerosas\/wp-json\/wp\/v2\/pages"}],"about":[{"href":"https:\/\/blogsaverroes.juntadeandalucia.es\/cepertrecerosas\/wp-json\/wp\/v2\/types\/page"}],"author":[{"embeddable":true,"href":"https:\/\/blogsaverroes.juntadeandalucia.es\/cepertrecerosas\/wp-json\/wp\/v2\/users\/11972"}],"replies":[{"embeddable":true,"href":"https:\/\/blogsaverroes.juntadeandalucia.es\/cepertrecerosas\/wp-json\/wp\/v2\/comments?post=2517"}],"version-history":[{"count":11,"href":"https:\/\/blogsaverroes.juntadeandalucia.es\/cepertrecerosas\/wp-json\/wp\/v2\/pages\/2517\/revisions"}],"predecessor-version":[{"id":2767,"href":"https:\/\/blogsaverroes.juntadeandalucia.es\/cepertrecerosas\/wp-json\/wp\/v2\/pages\/2517\/revisions\/2767"}],"wp:attachment":[{"href":"https:\/\/blogsaverroes.juntadeandalucia.es\/cepertrecerosas\/wp-json\/wp\/v2\/media?parent=2517"}],"curies":[{"name":"wp","href":"https:\/\/api.w.org\/{rel}","templated":true}]}}