{"id":2519,"date":"2021-01-20T18:26:57","date_gmt":"2021-01-20T18:26:57","guid":{"rendered":"https:\/\/blogsaverroes.juntadeandalucia.es\/cepertrecerosas\/?page_id=2519"},"modified":"2021-05-11T11:12:13","modified_gmt":"2021-05-11T11:12:13","slug":"informatica","status":"publish","type":"page","link":"https:\/\/blogsaverroes.juntadeandalucia.es\/cepertrecerosas\/informatica\/","title":{"rendered":"Inform\u00e1tica"},"content":{"rendered":"<h1><strong>Inform\u00e1tica &#8211; TIC<\/strong> (Tecnolog\u00edas de la Informaci\u00f3n y<a href=\"https:\/\/blogsaverroes.juntadeandalucia.es\/cepertrecerosas\/files\/2021\/03\/Captura-de-pantalla-2021-03-11-a-las-9.20.47.png\"><img loading=\"lazy\" decoding=\"async\" class=\"size-medium wp-image-2729 alignright\" src=\"https:\/\/blogsaverroes.juntadeandalucia.es\/cepertrecerosas\/files\/2021\/03\/Captura-de-pantalla-2021-03-11-a-las-9.20.47-300x300.png\" alt=\"\" width=\"300\" height=\"300\" srcset=\"https:\/\/blogsaverroes.juntadeandalucia.es\/cepertrecerosas\/files\/2021\/03\/Captura-de-pantalla-2021-03-11-a-las-9.20.47-300x300.png 300w, https:\/\/blogsaverroes.juntadeandalucia.es\/cepertrecerosas\/files\/2021\/03\/Captura-de-pantalla-2021-03-11-a-las-9.20.47-1024x1021.png 1024w, https:\/\/blogsaverroes.juntadeandalucia.es\/cepertrecerosas\/files\/2021\/03\/Captura-de-pantalla-2021-03-11-a-las-9.20.47-150x150.png 150w, https:\/\/blogsaverroes.juntadeandalucia.es\/cepertrecerosas\/files\/2021\/03\/Captura-de-pantalla-2021-03-11-a-las-9.20.47-768x765.png 768w, https:\/\/blogsaverroes.juntadeandalucia.es\/cepertrecerosas\/files\/2021\/03\/Captura-de-pantalla-2021-03-11-a-las-9.20.47-80x80.png 80w, https:\/\/blogsaverroes.juntadeandalucia.es\/cepertrecerosas\/files\/2021\/03\/Captura-de-pantalla-2021-03-11-a-las-9.20.47-320x320.png 320w, https:\/\/blogsaverroes.juntadeandalucia.es\/cepertrecerosas\/files\/2021\/03\/Captura-de-pantalla-2021-03-11-a-las-9.20.47-24x24.png 24w, https:\/\/blogsaverroes.juntadeandalucia.es\/cepertrecerosas\/files\/2021\/03\/Captura-de-pantalla-2021-03-11-a-las-9.20.47-36x36.png 36w, https:\/\/blogsaverroes.juntadeandalucia.es\/cepertrecerosas\/files\/2021\/03\/Captura-de-pantalla-2021-03-11-a-las-9.20.47-48x48.png 48w, https:\/\/blogsaverroes.juntadeandalucia.es\/cepertrecerosas\/files\/2021\/03\/Captura-de-pantalla-2021-03-11-a-las-9.20.47.png 1196w\" sizes=\"(max-width: 300px) 100vw, 300px\" \/><\/a> Comunicaci\u00f3n)<\/h1>\n<h5 class=\"CjVfdc\">Recursos de los Planes Educativos preparaci\u00f3n para el fomento de la ciudadan\u00eda activa Uso b\u00e1sico de tecnolog\u00edas de la informaci\u00f3n y la comunicaci\u00f3n<\/h5>\n<p><a href=\"https:\/\/www.onyos.net\/informatica\/\" target=\"_blank\" rel=\"noopener noreferrer\"><img loading=\"lazy\" decoding=\"async\" class=\"size-medium wp-image-2721 aligncenter\" src=\"https:\/\/blogsaverroes.juntadeandalucia.es\/cepertrecerosas\/files\/2021\/03\/Informa\u0301tica-1-2-300x103.png\" alt=\"\" width=\"300\" height=\"103\" srcset=\"https:\/\/blogsaverroes.juntadeandalucia.es\/cepertrecerosas\/files\/2021\/03\/Informa\u0301tica-1-2-300x103.png 300w, https:\/\/blogsaverroes.juntadeandalucia.es\/cepertrecerosas\/files\/2021\/03\/Informa\u0301tica-1-2-768x263.png 768w, https:\/\/blogsaverroes.juntadeandalucia.es\/cepertrecerosas\/files\/2021\/03\/Informa\u0301tica-1-2-24x8.png 24w, https:\/\/blogsaverroes.juntadeandalucia.es\/cepertrecerosas\/files\/2021\/03\/Informa\u0301tica-1-2-36x12.png 36w, https:\/\/blogsaverroes.juntadeandalucia.es\/cepertrecerosas\/files\/2021\/03\/Informa\u0301tica-1-2-48x16.png 48w, https:\/\/blogsaverroes.juntadeandalucia.es\/cepertrecerosas\/files\/2021\/03\/Informa\u0301tica-1-2.png 876w\" sizes=\"(max-width: 300px) 100vw, 300px\" \/><\/a><\/p>\n<p><a href=\"https:\/\/planticcepertrecerosas.blogspot.com\/\" target=\"_blank\" rel=\"noopener noreferrer\"><img loading=\"lazy\" decoding=\"async\" class=\"size-medium wp-image-2722 aligncenter\" src=\"https:\/\/blogsaverroes.juntadeandalucia.es\/cepertrecerosas\/files\/2021\/03\/Informatica-2-3-300x103.png\" alt=\"\" width=\"300\" height=\"103\" srcset=\"https:\/\/blogsaverroes.juntadeandalucia.es\/cepertrecerosas\/files\/2021\/03\/Informatica-2-3-300x103.png 300w, https:\/\/blogsaverroes.juntadeandalucia.es\/cepertrecerosas\/files\/2021\/03\/Informatica-2-3-768x263.png 768w, https:\/\/blogsaverroes.juntadeandalucia.es\/cepertrecerosas\/files\/2021\/03\/Informatica-2-3-24x8.png 24w, https:\/\/blogsaverroes.juntadeandalucia.es\/cepertrecerosas\/files\/2021\/03\/Informatica-2-3-36x12.png 36w, https:\/\/blogsaverroes.juntadeandalucia.es\/cepertrecerosas\/files\/2021\/03\/Informatica-2-3-48x16.png 48w, https:\/\/blogsaverroes.juntadeandalucia.es\/cepertrecerosas\/files\/2021\/03\/Informatica-2-3.png 876w\" sizes=\"(max-width: 300px) 100vw, 300px\" \/><\/a><\/p>\n<p><a href=\"https:\/\/docs.google.com\/spreadsheets\/d\/1GHD4EYQx4CbthURSZZu_-CpMPN05hdN_nkhwJjDGeGo\/edit#gid=0\" target=\"_blank\" rel=\"noopener noreferrer\"><img loading=\"lazy\" decoding=\"async\" class=\"size-medium wp-image-2724 aligncenter\" src=\"https:\/\/blogsaverroes.juntadeandalucia.es\/cepertrecerosas\/files\/2021\/03\/prueba-valoracio\u0301n-300x103.png\" alt=\"\" width=\"300\" height=\"103\" srcset=\"https:\/\/blogsaverroes.juntadeandalucia.es\/cepertrecerosas\/files\/2021\/03\/prueba-valoracio\u0301n-300x103.png 300w, https:\/\/blogsaverroes.juntadeandalucia.es\/cepertrecerosas\/files\/2021\/03\/prueba-valoracio\u0301n-768x263.png 768w, https:\/\/blogsaverroes.juntadeandalucia.es\/cepertrecerosas\/files\/2021\/03\/prueba-valoracio\u0301n-24x8.png 24w, https:\/\/blogsaverroes.juntadeandalucia.es\/cepertrecerosas\/files\/2021\/03\/prueba-valoracio\u0301n-36x12.png 36w, https:\/\/blogsaverroes.juntadeandalucia.es\/cepertrecerosas\/files\/2021\/03\/prueba-valoracio\u0301n-48x16.png 48w, https:\/\/blogsaverroes.juntadeandalucia.es\/cepertrecerosas\/files\/2021\/03\/prueba-valoracio\u0301n.png 876w\" sizes=\"(max-width: 300px) 100vw, 300px\" \/><\/a><\/p>\n<p><a href=\"https:\/\/blogsaverroes.juntadeandalucia.es\/cepertrecerosas\/files\/2021\/05\/08c867fb-2b97-46d3-8077-180ae0ae2d7b.jpg\"><img loading=\"lazy\" decoding=\"async\" class=\"alignnone size-medium wp-image-3173\" src=\"https:\/\/blogsaverroes.juntadeandalucia.es\/cepertrecerosas\/files\/2021\/05\/08c867fb-2b97-46d3-8077-180ae0ae2d7b-300x300.jpg\" alt=\"\" width=\"300\" height=\"300\" srcset=\"https:\/\/blogsaverroes.juntadeandalucia.es\/cepertrecerosas\/files\/2021\/05\/08c867fb-2b97-46d3-8077-180ae0ae2d7b-300x300.jpg 300w, https:\/\/blogsaverroes.juntadeandalucia.es\/cepertrecerosas\/files\/2021\/05\/08c867fb-2b97-46d3-8077-180ae0ae2d7b-1024x1024.jpg 1024w, https:\/\/blogsaverroes.juntadeandalucia.es\/cepertrecerosas\/files\/2021\/05\/08c867fb-2b97-46d3-8077-180ae0ae2d7b-150x150.jpg 150w, https:\/\/blogsaverroes.juntadeandalucia.es\/cepertrecerosas\/files\/2021\/05\/08c867fb-2b97-46d3-8077-180ae0ae2d7b-768x768.jpg 768w, https:\/\/blogsaverroes.juntadeandalucia.es\/cepertrecerosas\/files\/2021\/05\/08c867fb-2b97-46d3-8077-180ae0ae2d7b-80x80.jpg 80w, https:\/\/blogsaverroes.juntadeandalucia.es\/cepertrecerosas\/files\/2021\/05\/08c867fb-2b97-46d3-8077-180ae0ae2d7b-320x320.jpg 320w, https:\/\/blogsaverroes.juntadeandalucia.es\/cepertrecerosas\/files\/2021\/05\/08c867fb-2b97-46d3-8077-180ae0ae2d7b-24x24.jpg 24w, https:\/\/blogsaverroes.juntadeandalucia.es\/cepertrecerosas\/files\/2021\/05\/08c867fb-2b97-46d3-8077-180ae0ae2d7b-36x36.jpg 36w, https:\/\/blogsaverroes.juntadeandalucia.es\/cepertrecerosas\/files\/2021\/05\/08c867fb-2b97-46d3-8077-180ae0ae2d7b-48x48.jpg 48w, https:\/\/blogsaverroes.juntadeandalucia.es\/cepertrecerosas\/files\/2021\/05\/08c867fb-2b97-46d3-8077-180ae0ae2d7b.jpg 1080w\" sizes=\"(max-width: 300px) 100vw, 300px\" \/><\/a><\/p>\n","protected":false},"excerpt":{"rendered":"<p>Inform\u00e1tica &#8211; TIC (Tecnolog\u00edas de la Informaci\u00f3n y Comunicaci\u00f3n) Recursos de los Planes Educativos preparaci\u00f3n para el fomento de la ciudadan\u00eda activa Uso b\u00e1sico&#46;&#46;&#46;<\/p>\n","protected":false},"author":11972,"featured_media":2729,"parent":0,"menu_order":0,"comment_status":"closed","ping_status":"closed","template":"","meta":{"ngg_post_thumbnail":0,"footnotes":"","_mc_calendar":[]},"aioseo_notices":[],"_links":{"self":[{"href":"https:\/\/blogsaverroes.juntadeandalucia.es\/cepertrecerosas\/wp-json\/wp\/v2\/pages\/2519"}],"collection":[{"href":"https:\/\/blogsaverroes.juntadeandalucia.es\/cepertrecerosas\/wp-json\/wp\/v2\/pages"}],"about":[{"href":"https:\/\/blogsaverroes.juntadeandalucia.es\/cepertrecerosas\/wp-json\/wp\/v2\/types\/page"}],"author":[{"embeddable":true,"href":"https:\/\/blogsaverroes.juntadeandalucia.es\/cepertrecerosas\/wp-json\/wp\/v2\/users\/11972"}],"replies":[{"embeddable":true,"href":"https:\/\/blogsaverroes.juntadeandalucia.es\/cepertrecerosas\/wp-json\/wp\/v2\/comments?post=2519"}],"version-history":[{"count":12,"href":"https:\/\/blogsaverroes.juntadeandalucia.es\/cepertrecerosas\/wp-json\/wp\/v2\/pages\/2519\/revisions"}],"predecessor-version":[{"id":3175,"href":"https:\/\/blogsaverroes.juntadeandalucia.es\/cepertrecerosas\/wp-json\/wp\/v2\/pages\/2519\/revisions\/3175"}],"wp:featuredmedia":[{"embeddable":true,"href":"https:\/\/blogsaverroes.juntadeandalucia.es\/cepertrecerosas\/wp-json\/wp\/v2\/media\/2729"}],"wp:attachment":[{"href":"https:\/\/blogsaverroes.juntadeandalucia.es\/cepertrecerosas\/wp-json\/wp\/v2\/media?parent=2519"}],"curies":[{"name":"wp","href":"https:\/\/api.w.org\/{rel}","templated":true}]}}