{"id":2575,"date":"2021-01-21T15:19:51","date_gmt":"2021-01-21T15:19:51","guid":{"rendered":"https:\/\/blogsaverroes.juntadeandalucia.es\/cepertrecerosas\/?page_id=2575"},"modified":"2025-05-24T21:48:19","modified_gmt":"2025-05-24T21:48:19","slug":"oferta-educativa","status":"publish","type":"page","link":"https:\/\/blogsaverroes.juntadeandalucia.es\/cepertrecerosas\/oferta-educativa\/","title":{"rendered":"Oferta educativa"},"content":{"rendered":"<p>&nbsp;<\/p>\n<table style=\"height: 872px;width: 88.7199%;border-collapse: collapse;background-color: #70b570\">\n<tbody>\n<tr>\n<td style=\"width: 50%\"><a href=\"https:\/\/drive.google.com\/file\/d\/1OpeH4d5QJV7NtKb9LWN0KJdlJOs5CyBW\/view?usp=sharing\" target=\"_blank\" rel=\"noopener noreferrer\"><img loading=\"lazy\" decoding=\"async\" class=\"size-medium wp-image-2576 aligncenter\" src=\"https:\/\/blogsaverroes.juntadeandalucia.es\/cepertrecerosas\/files\/2021\/01\/unnamed-294x300.jpg\" alt=\"\" width=\"294\" height=\"300\" srcset=\"https:\/\/blogsaverroes.juntadeandalucia.es\/cepertrecerosas\/files\/2021\/01\/unnamed-294x300.jpg 294w, https:\/\/blogsaverroes.juntadeandalucia.es\/cepertrecerosas\/files\/2021\/01\/unnamed-24x24.jpg 24w, https:\/\/blogsaverroes.juntadeandalucia.es\/cepertrecerosas\/files\/2021\/01\/unnamed-36x36.jpg 36w, https:\/\/blogsaverroes.juntadeandalucia.es\/cepertrecerosas\/files\/2021\/01\/unnamed-48x48.jpg 48w, https:\/\/blogsaverroes.juntadeandalucia.es\/cepertrecerosas\/files\/2021\/01\/unnamed.jpg 680w\" sizes=\"(max-width: 294px) 100vw, 294px\" \/><\/a><\/p>\n<p style=\"text-align: center\"><a href=\"https:\/\/drive.google.com\/file\/d\/1OpeH4d5QJV7NtKb9LWN0KJdlJOs5CyBW\/view?usp=sharing\" target=\"_blank\" rel=\"noopener noreferrer\">FORMACI\u00d3N B\u00c1SICA<\/a>&nbsp;<\/p>\n<\/td>\n<td style=\"width: 50%\"><a href=\"https:\/\/drive.google.com\/file\/d\/1akBnFyvFkZKajQZrXV8dvVYBIXooD2Hd\/view?usp=sharing\" target=\"_blank\" rel=\"noopener noreferrer\"><img loading=\"lazy\" decoding=\"async\" class=\"size-medium wp-image-2577 aligncenter\" src=\"https:\/\/blogsaverroes.juntadeandalucia.es\/cepertrecerosas\/files\/2021\/01\/unnamed-1-294x300.jpg\" alt=\"\" width=\"294\" height=\"300\"><\/a><\/p>\n<p style=\"text-align: center\">&nbsp;<a href=\"https:\/\/drive.google.com\/file\/d\/1akBnFyvFkZKajQZrXV8dvVYBIXooD2Hd\/view?usp=sharing\" target=\"_blank\" rel=\"noopener noreferrer\">SECUNDARIA<\/a><\/p>\n<\/td>\n<\/tr>\n<tr>\n<td style=\"width: 50%\"><a href=\"https:\/\/drive.google.com\/file\/d\/1Xoxbyj5IR-fjot5B2lDs0B6sLxqYkCEG\/view?usp=sharing\" target=\"_blank\" rel=\"noopener noreferrer\"><img loading=\"lazy\" decoding=\"async\" class=\"size-medium wp-image-2578 aligncenter\" src=\"https:\/\/blogsaverroes.juntadeandalucia.es\/cepertrecerosas\/files\/2021\/01\/unnamed-2-291x300.jpg\" alt=\"\" width=\"291\" height=\"300\" srcset=\"https:\/\/blogsaverroes.juntadeandalucia.es\/cepertrecerosas\/files\/2021\/01\/unnamed-2-291x300.jpg 291w, https:\/\/blogsaverroes.juntadeandalucia.es\/cepertrecerosas\/files\/2021\/01\/unnamed-2-768x791.jpg 768w, https:\/\/blogsaverroes.juntadeandalucia.es\/cepertrecerosas\/files\/2021\/01\/unnamed-2-24x24.jpg 24w, https:\/\/blogsaverroes.juntadeandalucia.es\/cepertrecerosas\/files\/2021\/01\/unnamed-2-36x36.jpg 36w, https:\/\/blogsaverroes.juntadeandalucia.es\/cepertrecerosas\/files\/2021\/01\/unnamed-2-48x48.jpg 48w, https:\/\/blogsaverroes.juntadeandalucia.es\/cepertrecerosas\/files\/2021\/01\/unnamed-2.jpg 874w\" sizes=\"(max-width: 291px) 100vw, 291px\" \/><\/a><\/p>\n<p style=\"text-align: center\"><a href=\"https:\/\/drive.google.com\/file\/d\/1Xoxbyj5IR-fjot5B2lDs0B6sLxqYkCEG\/view?usp=sharing\" target=\"_blank\" rel=\"noopener noreferrer\">P.A.G.S.<\/a><\/p>\n<\/td>\n<td style=\"width: 50%\"><a href=\"https:\/\/drive.google.com\/file\/d\/1IbLB4fmF0yubKWQd83qXKDtmnyigKgxJ\/view?usp=sharing\" target=\"_blank\" rel=\"noopener noreferrer\"><img loading=\"lazy\" decoding=\"async\" class=\"wp-image-2583 aligncenter\" src=\"https:\/\/blogsaverroes.juntadeandalucia.es\/cepertrecerosas\/files\/2021\/01\/unnamed.png\" alt=\"\" width=\"301\" height=\"307\" srcset=\"https:\/\/blogsaverroes.juntadeandalucia.es\/cepertrecerosas\/files\/2021\/01\/unnamed.png 189w, https:\/\/blogsaverroes.juntadeandalucia.es\/cepertrecerosas\/files\/2021\/01\/unnamed-24x24.png 24w, https:\/\/blogsaverroes.juntadeandalucia.es\/cepertrecerosas\/files\/2021\/01\/unnamed-36x36.png 36w, https:\/\/blogsaverroes.juntadeandalucia.es\/cepertrecerosas\/files\/2021\/01\/unnamed-48x48.png 48w\" sizes=\"(max-width: 301px) 100vw, 301px\" \/><\/a><\/p>\n<p style=\"text-align: center\"><a href=\"https:\/\/drive.google.com\/file\/d\/1IbLB4fmF0yubKWQd83qXKDtmnyigKgxJ\/view?usp=sharing\" target=\"_blank\" rel=\"noopener noreferrer\">INFORM\u00c1TICA<\/a><\/p>\n<\/td>\n<\/tr>\n<tr>\n<td style=\"width: 50%\"><a href=\"https:\/\/drive.google.com\/file\/d\/1bkIJsQofPHPxJBkiPUf9xu8yjPCRX6i7\/view?usp=sharing\" target=\"_blank\" rel=\"noopener noreferrer\"><img loading=\"lazy\" decoding=\"async\" class=\"size-medium wp-image-2585 aligncenter\" src=\"https:\/\/blogsaverroes.juntadeandalucia.es\/cepertrecerosas\/files\/2021\/01\/unnamed-3-300x298.jpg\" alt=\"\" width=\"300\" height=\"298\" srcset=\"https:\/\/blogsaverroes.juntadeandalucia.es\/cepertrecerosas\/files\/2021\/01\/unnamed-3-300x298.jpg 300w, https:\/\/blogsaverroes.juntadeandalucia.es\/cepertrecerosas\/files\/2021\/01\/unnamed-3-150x150.jpg 150w, https:\/\/blogsaverroes.juntadeandalucia.es\/cepertrecerosas\/files\/2021\/01\/unnamed-3-100x100.jpg 100w, https:\/\/blogsaverroes.juntadeandalucia.es\/cepertrecerosas\/files\/2021\/01\/unnamed-3-80x80.jpg 80w, https:\/\/blogsaverroes.juntadeandalucia.es\/cepertrecerosas\/files\/2021\/01\/unnamed-3-24x24.jpg 24w, https:\/\/blogsaverroes.juntadeandalucia.es\/cepertrecerosas\/files\/2021\/01\/unnamed-3-36x36.jpg 36w, https:\/\/blogsaverroes.juntadeandalucia.es\/cepertrecerosas\/files\/2021\/01\/unnamed-3-48x48.jpg 48w, https:\/\/blogsaverroes.juntadeandalucia.es\/cepertrecerosas\/files\/2021\/01\/unnamed-3.jpg 356w\" sizes=\"(max-width: 300px) 100vw, 300px\" \/><\/a><\/p>\n<p style=\"text-align: center\"><a href=\"https:\/\/drive.google.com\/file\/d\/1bkIJsQofPHPxJBkiPUf9xu8yjPCRX6i7\/view?usp=sharing\" target=\"_blank\" rel=\"noopener noreferrer\">PATRIMONIO<\/a><\/p>\n<\/td>\n<td style=\"width: 50%\"><a href=\"https:\/\/drive.google.com\/file\/d\/1RDrTcR6wU3Uw9KcMumJWuparEVK5Esy7\/view?usp=sharing\" target=\"_blank\" rel=\"noopener\"><img loading=\"lazy\" decoding=\"async\" class=\"wp-image-3016 size-medium aligncenter\" src=\"https:\/\/blogsaverroes.juntadeandalucia.es\/cepertrecerosas\/files\/2021\/05\/phone-box-197x300.jpg\" alt=\"\" width=\"197\" height=\"300\" srcset=\"https:\/\/blogsaverroes.juntadeandalucia.es\/cepertrecerosas\/files\/2021\/05\/phone-box-197x300.jpg 197w, https:\/\/blogsaverroes.juntadeandalucia.es\/cepertrecerosas\/files\/2021\/05\/phone-box-674x1024.jpg 674w, https:\/\/blogsaverroes.juntadeandalucia.es\/cepertrecerosas\/files\/2021\/05\/phone-box-768x1167.jpg 768w, https:\/\/blogsaverroes.juntadeandalucia.es\/cepertrecerosas\/files\/2021\/05\/phone-box-1010x1536.jpg 1010w, https:\/\/blogsaverroes.juntadeandalucia.es\/cepertrecerosas\/files\/2021\/05\/phone-box-1347x2048.jpg 1347w, https:\/\/blogsaverroes.juntadeandalucia.es\/cepertrecerosas\/files\/2021\/05\/phone-box-16x24.jpg 16w, https:\/\/blogsaverroes.juntadeandalucia.es\/cepertrecerosas\/files\/2021\/05\/phone-box-24x36.jpg 24w, https:\/\/blogsaverroes.juntadeandalucia.es\/cepertrecerosas\/files\/2021\/05\/phone-box-32x48.jpg 32w, https:\/\/blogsaverroes.juntadeandalucia.es\/cepertrecerosas\/files\/2021\/05\/phone-box-scaled.jpg 1053w\" sizes=\"(max-width: 197px) 100vw, 197px\" \/><\/a><\/p>\n<p style=\"text-align: center\"><a href=\"https:\/\/drive.google.com\/file\/d\/1RDrTcR6wU3Uw9KcMumJWuparEVK5Esy7\/view?usp=sharing\" target=\"_blank\" rel=\"noopener noreferrer\">INGL\u00c9S B\u00c1SICO<\/a><\/p>\n<\/td>\n<\/tr>\n<tr>\n<td style=\"width: 50%\"><a href=\"https:\/\/drive.google.com\/file\/d\/16eXZTxgNSIZxqesx7ia7I99vq76VSUkV\/view?usp=sharing\" target=\"_blank\" rel=\"noopener noreferrer\"><img loading=\"lazy\" decoding=\"async\" class=\"size-full wp-image-2587 aligncenter\" src=\"https:\/\/blogsaverroes.juntadeandalucia.es\/cepertrecerosas\/files\/2021\/01\/unnamed-5.jpg\" alt=\"\" width=\"280\" height=\"280\" srcset=\"https:\/\/blogsaverroes.juntadeandalucia.es\/cepertrecerosas\/files\/2021\/01\/unnamed-5.jpg 280w, https:\/\/blogsaverroes.juntadeandalucia.es\/cepertrecerosas\/files\/2021\/01\/unnamed-5-150x150.jpg 150w, https:\/\/blogsaverroes.juntadeandalucia.es\/cepertrecerosas\/files\/2021\/01\/unnamed-5-100x100.jpg 100w, https:\/\/blogsaverroes.juntadeandalucia.es\/cepertrecerosas\/files\/2021\/01\/unnamed-5-80x80.jpg 80w, https:\/\/blogsaverroes.juntadeandalucia.es\/cepertrecerosas\/files\/2021\/01\/unnamed-5-24x24.jpg 24w, https:\/\/blogsaverroes.juntadeandalucia.es\/cepertrecerosas\/files\/2021\/01\/unnamed-5-36x36.jpg 36w, https:\/\/blogsaverroes.juntadeandalucia.es\/cepertrecerosas\/files\/2021\/01\/unnamed-5-48x48.jpg 48w\" sizes=\"(max-width: 280px) 100vw, 280px\" \/><\/a><\/p>\n<p style=\"text-align: center\"><a href=\"https:\/\/drive.google.com\/file\/d\/16eXZTxgNSIZxqesx7ia7I99vq76VSUkV\/view?usp=sharing\" target=\"_blank\" rel=\"noopener noreferrer\">INGL\u00c9S &#8211; B1<\/a><\/p>\n<\/td>\n<td style=\"width: 50%\"><a href=\"https:\/\/drive.google.com\/file\/d\/1DH6eGWNBlAP53VyYEv5fo21z7FHuVXhA\/view?usp=sharing\" target=\"_blank\" rel=\"noopener noreferrer\"><img loading=\"lazy\" decoding=\"async\" class=\"wp-image-2588 aligncenter\" src=\"https:\/\/blogsaverroes.juntadeandalucia.es\/cepertrecerosas\/files\/2021\/01\/unnamed-6.jpg\" alt=\"\" width=\"286\" height=\"286\" srcset=\"https:\/\/blogsaverroes.juntadeandalucia.es\/cepertrecerosas\/files\/2021\/01\/unnamed-6.jpg 218w, https:\/\/blogsaverroes.juntadeandalucia.es\/cepertrecerosas\/files\/2021\/01\/unnamed-6-150x150.jpg 150w, https:\/\/blogsaverroes.juntadeandalucia.es\/cepertrecerosas\/files\/2021\/01\/unnamed-6-100x100.jpg 100w, https:\/\/blogsaverroes.juntadeandalucia.es\/cepertrecerosas\/files\/2021\/01\/unnamed-6-80x80.jpg 80w, https:\/\/blogsaverroes.juntadeandalucia.es\/cepertrecerosas\/files\/2021\/01\/unnamed-6-24x24.jpg 24w, https:\/\/blogsaverroes.juntadeandalucia.es\/cepertrecerosas\/files\/2021\/01\/unnamed-6-36x36.jpg 36w, https:\/\/blogsaverroes.juntadeandalucia.es\/cepertrecerosas\/files\/2021\/01\/unnamed-6-48x48.jpg 48w\" sizes=\"(max-width: 286px) 100vw, 286px\" \/><\/a><\/p>\n<p style=\"text-align: center\"><a href=\"https:\/\/drive.google.com\/file\/d\/1DH6eGWNBlAP53VyYEv5fo21z7FHuVXhA\/view?usp=sharing\" target=\"_blank\" rel=\"noopener noreferrer\">FRANC\u00c9S<\/a><\/p>\n<\/td>\n<\/tr>\n<tr>\n<td style=\"width: 50%;text-align: center\">&nbsp;<\/p>\n<p><a href=\"https:\/\/drive.google.com\/file\/d\/1Pw_gB13SnqnK0tG4p7Sa9Ol2yf-h5Ut1\/view?usp=sharing\" target=\"_blank\" rel=\"noopener noreferrer\"><img loading=\"lazy\" decoding=\"async\" class=\"alignnone wp-image-2589\" src=\"https:\/\/blogsaverroes.juntadeandalucia.es\/cepertrecerosas\/files\/2021\/01\/unnamed-1.png\" alt=\"\" width=\"295\" height=\"303\" srcset=\"https:\/\/blogsaverroes.juntadeandalucia.es\/cepertrecerosas\/files\/2021\/01\/unnamed-1.png 219w, https:\/\/blogsaverroes.juntadeandalucia.es\/cepertrecerosas\/files\/2021\/01\/unnamed-1-24x24.png 24w, https:\/\/blogsaverroes.juntadeandalucia.es\/cepertrecerosas\/files\/2021\/01\/unnamed-1-36x36.png 36w, https:\/\/blogsaverroes.juntadeandalucia.es\/cepertrecerosas\/files\/2021\/01\/unnamed-1-48x48.png 48w\" sizes=\"(max-width: 295px) 100vw, 295px\" \/><\/a><\/p>\n<p><a href=\"https:\/\/drive.google.com\/file\/d\/1Pw_gB13SnqnK0tG4p7Sa9Ol2yf-h5Ut1\/view?usp=sharing\" target=\"_blank\" rel=\"noopener noreferrer\">SALUD: MEMORIA<\/a><\/td>\n<td style=\"width: 50%\"><a href=\"https:\/\/drive.google.com\/file\/d\/1xjKJy0KF6K27qiAAXuN99RIy24h3e2ur\/view?usp=sharing\" target=\"_blank\" rel=\"noopener noreferrer\"><img loading=\"lazy\" decoding=\"async\" class=\" wp-image-2591 aligncenter\" src=\"https:\/\/blogsaverroes.juntadeandalucia.es\/cepertrecerosas\/files\/2021\/01\/unnamed-7-296x300.jpg\" alt=\"\" width=\"289\" height=\"293\" srcset=\"https:\/\/blogsaverroes.juntadeandalucia.es\/cepertrecerosas\/files\/2021\/01\/unnamed-7-296x300.jpg 296w, https:\/\/blogsaverroes.juntadeandalucia.es\/cepertrecerosas\/files\/2021\/01\/unnamed-7-100x100.jpg 100w, https:\/\/blogsaverroes.juntadeandalucia.es\/cepertrecerosas\/files\/2021\/01\/unnamed-7-80x80.jpg 80w, https:\/\/blogsaverroes.juntadeandalucia.es\/cepertrecerosas\/files\/2021\/01\/unnamed-7-24x24.jpg 24w, https:\/\/blogsaverroes.juntadeandalucia.es\/cepertrecerosas\/files\/2021\/01\/unnamed-7-36x36.jpg 36w, https:\/\/blogsaverroes.juntadeandalucia.es\/cepertrecerosas\/files\/2021\/01\/unnamed-7-48x48.jpg 48w, https:\/\/blogsaverroes.juntadeandalucia.es\/cepertrecerosas\/files\/2021\/01\/unnamed-7.jpg 316w\" sizes=\"(max-width: 289px) 100vw, 289px\" \/><\/a><\/p>\n<p style=\"text-align: center\"><a href=\"https:\/\/drive.google.com\/file\/d\/1xjKJy0KF6K27qiAAXuN99RIy24h3e2ur\/view?usp=sharing\" target=\"_blank\" rel=\"noopener noreferrer\">SALUD<\/a><\/p>\n<\/td>\n<\/tr>\n<tr>\n<td style=\"width: 50%;text-align: center\"><a href=\"https:\/\/drive.google.com\/file\/d\/1eNQL_PQVsfZoZUt9s0PZd9oyPQY_2_xG\/view?usp=sharing\" target=\"_blank\" rel=\"noopener noreferrer\"><img loading=\"lazy\" decoding=\"async\" class=\"wp-image-3269 aligncenter\" src=\"https:\/\/blogsaverroes.juntadeandalucia.es\/cepertrecerosas\/files\/2021\/05\/PACM-cuadrado-1024x1024.jpg\" alt=\"\" width=\"293\" height=\"293\" srcset=\"https:\/\/blogsaverroes.juntadeandalucia.es\/cepertrecerosas\/files\/2021\/05\/PACM-cuadrado-1024x1024.jpg 1024w, https:\/\/blogsaverroes.juntadeandalucia.es\/cepertrecerosas\/files\/2021\/05\/PACM-cuadrado-300x300.jpg 300w, https:\/\/blogsaverroes.juntadeandalucia.es\/cepertrecerosas\/files\/2021\/05\/PACM-cuadrado-150x150.jpg 150w, https:\/\/blogsaverroes.juntadeandalucia.es\/cepertrecerosas\/files\/2021\/05\/PACM-cuadrado-768x768.jpg 768w, https:\/\/blogsaverroes.juntadeandalucia.es\/cepertrecerosas\/files\/2021\/05\/PACM-cuadrado-1536x1536.jpg 1536w, https:\/\/blogsaverroes.juntadeandalucia.es\/cepertrecerosas\/files\/2021\/05\/PACM-cuadrado-80x80.jpg 80w, https:\/\/blogsaverroes.juntadeandalucia.es\/cepertrecerosas\/files\/2021\/05\/PACM-cuadrado-320x320.jpg 320w, https:\/\/blogsaverroes.juntadeandalucia.es\/cepertrecerosas\/files\/2021\/05\/PACM-cuadrado-24x24.jpg 24w, https:\/\/blogsaverroes.juntadeandalucia.es\/cepertrecerosas\/files\/2021\/05\/PACM-cuadrado-36x36.jpg 36w, https:\/\/blogsaverroes.juntadeandalucia.es\/cepertrecerosas\/files\/2021\/05\/PACM-cuadrado-48x48.jpg 48w, https:\/\/blogsaverroes.juntadeandalucia.es\/cepertrecerosas\/files\/2021\/05\/PACM-cuadrado.jpg 1600w\" sizes=\"(max-width: 293px) 100vw, 293px\" \/><\/a><\/p>\n<p><a href=\"https:\/\/drive.google.com\/file\/d\/1eNQL_PQVsfZoZUt9s0PZd9oyPQY_2_xG\/view?usp=sharing\" target=\"_blank\" rel=\"noopener noreferrer\">PRUEBA DE ACCESO A CICLO MEDIO<\/a><\/td>\n<td style=\"width: 50%\"><a href=\"https:\/\/drive.google.com\/file\/d\/17B8ftFsXji4V1BP2CqAt9LZgJ2PTJH-n\/view?usp=sharing\" target=\"_blank\" rel=\"noopener noreferrer\"><img loading=\"lazy\" decoding=\"async\" class=\"wp-image-3298 size-medium aligncenter\" src=\"https:\/\/blogsaverroes.juntadeandalucia.es\/cepertrecerosas\/files\/2021\/06\/COMPETENCIAS-CLAVE-300x300.jpg\" alt=\"\" width=\"300\" height=\"300\" srcset=\"https:\/\/blogsaverroes.juntadeandalucia.es\/cepertrecerosas\/files\/2021\/06\/COMPETENCIAS-CLAVE-300x300.jpg 300w, https:\/\/blogsaverroes.juntadeandalucia.es\/cepertrecerosas\/files\/2021\/06\/COMPETENCIAS-CLAVE-150x150.jpg 150w, https:\/\/blogsaverroes.juntadeandalucia.es\/cepertrecerosas\/files\/2021\/06\/COMPETENCIAS-CLAVE-80x80.jpg 80w, https:\/\/blogsaverroes.juntadeandalucia.es\/cepertrecerosas\/files\/2021\/06\/COMPETENCIAS-CLAVE-320x320.jpg 320w, https:\/\/blogsaverroes.juntadeandalucia.es\/cepertrecerosas\/files\/2021\/06\/COMPETENCIAS-CLAVE-24x24.jpg 24w, https:\/\/blogsaverroes.juntadeandalucia.es\/cepertrecerosas\/files\/2021\/06\/COMPETENCIAS-CLAVE-36x36.jpg 36w, https:\/\/blogsaverroes.juntadeandalucia.es\/cepertrecerosas\/files\/2021\/06\/COMPETENCIAS-CLAVE-48x48.jpg 48w, https:\/\/blogsaverroes.juntadeandalucia.es\/cepertrecerosas\/files\/2021\/06\/COMPETENCIAS-CLAVE.jpg 661w\" sizes=\"(max-width: 300px) 100vw, 300px\" \/><\/a><\/p>\n<p style=\"text-align: center\"><a href=\"https:\/\/drive.google.com\/file\/d\/17B8ftFsXji4V1BP2CqAt9LZgJ2PTJH-n\/view?usp=sharing\" target=\"_blank\" rel=\"noopener noreferrer\">PREPARACI\u00d3N COMPETENCIAS CLAVE &#8211; N2<\/a><\/p>\n<\/td>\n<\/tr>\n<tr>\n<td style=\"width: 50%;text-align: center\"><a href=\"https:\/\/drive.google.com\/file\/d\/1dYma-bxrRA4CuxH1ngYDX_tCxsmAAR2v\/view?usp=sharing\" target=\"_blank\" rel=\"noopener noreferrer\"><img loading=\"lazy\" decoding=\"async\" class=\"alignnone wp-image-4095 size-medium\" src=\"https:\/\/blogsaverroes.juntadeandalucia.es\/cepertrecerosas\/files\/2022\/05\/Fomento-cultura-emprendedora1x1-300x300.png\" alt=\"\" width=\"300\" height=\"300\" srcset=\"https:\/\/blogsaverroes.juntadeandalucia.es\/cepertrecerosas\/files\/2022\/05\/Fomento-cultura-emprendedora1x1-300x300.png 300w, https:\/\/blogsaverroes.juntadeandalucia.es\/cepertrecerosas\/files\/2022\/05\/Fomento-cultura-emprendedora1x1-1024x1024.png 1024w, https:\/\/blogsaverroes.juntadeandalucia.es\/cepertrecerosas\/files\/2022\/05\/Fomento-cultura-emprendedora1x1-150x150.png 150w, https:\/\/blogsaverroes.juntadeandalucia.es\/cepertrecerosas\/files\/2022\/05\/Fomento-cultura-emprendedora1x1-768x768.png 768w, https:\/\/blogsaverroes.juntadeandalucia.es\/cepertrecerosas\/files\/2022\/05\/Fomento-cultura-emprendedora1x1-1536x1536.png 1536w, https:\/\/blogsaverroes.juntadeandalucia.es\/cepertrecerosas\/files\/2022\/05\/Fomento-cultura-emprendedora1x1-80x80.png 80w, https:\/\/blogsaverroes.juntadeandalucia.es\/cepertrecerosas\/files\/2022\/05\/Fomento-cultura-emprendedora1x1-320x320.png 320w, https:\/\/blogsaverroes.juntadeandalucia.es\/cepertrecerosas\/files\/2022\/05\/Fomento-cultura-emprendedora1x1.png 1600w\" sizes=\"(max-width: 300px) 100vw, 300px\" \/><\/a><\/p>\n<p><a href=\"https:\/\/drive.google.com\/file\/d\/1dYma-bxrRA4CuxH1ngYDX_tCxsmAAR2v\/view?usp=sharing\" target=\"_blank\" rel=\"noopener noreferrer\">FOMENTO CULTURA EMPRENDEDORA: CREARTES<\/a><\/td>\n<td style=\"width: 50%\"><a href=\"https:\/\/drive.google.com\/file\/d\/1vnlT3-gALoDocKXy3myIVvr75FPrcd3k\/view?usp=sharing\" target=\"_blank\" rel=\"noopener\"><img loading=\"lazy\" decoding=\"async\" class=\"wp-image-4754 size-medium aligncenter\" src=\"https:\/\/blogsaverroes.juntadeandalucia.es\/cepertrecerosas\/files\/2025\/05\/sherry-300x300.jpeg\" alt=\"\" width=\"300\" height=\"300\" srcset=\"https:\/\/blogsaverroes.juntadeandalucia.es\/cepertrecerosas\/files\/2025\/05\/sherry-300x300.jpeg 300w, https:\/\/blogsaverroes.juntadeandalucia.es\/cepertrecerosas\/files\/2025\/05\/sherry-150x150.jpeg 150w, https:\/\/blogsaverroes.juntadeandalucia.es\/cepertrecerosas\/files\/2025\/05\/sherry-80x80.jpeg 80w, https:\/\/blogsaverroes.juntadeandalucia.es\/cepertrecerosas\/files\/2025\/05\/sherry-320x320.jpeg 320w, https:\/\/blogsaverroes.juntadeandalucia.es\/cepertrecerosas\/files\/2025\/05\/sherry.jpeg 500w\" sizes=\"(max-width: 300px) 100vw, 300px\" \/><\/a><\/p>\n<p style=\"text-align: center\"><a href=\"https:\/\/drive.google.com\/file\/d\/1vnlT3-gALoDocKXy3myIVvr75FPrcd3k\/view?usp=sharing\" target=\"_blank\" rel=\"noopener\">FOMENTO CULTURA EMPRENDEDORA: SHERRY CRUSH<\/a><\/p>\n<\/td>\n<\/tr>\n<tr>\n<td style=\"width: 50%;text-align: center\"><a href=\"https:\/\/drive.google.com\/file\/d\/1gc7s00m-p52l9mlXT-o8mVYK6jhf0EAE\/view?usp=sharing\" target=\"_blank\" rel=\"noopener\"><img loading=\"lazy\" decoding=\"async\" class=\"alignnone wp-image-4757 size-medium\" src=\"https:\/\/blogsaverroes.juntadeandalucia.es\/cepertrecerosas\/files\/2025\/05\/huerto-300x291.png\" alt=\"\" width=\"300\" height=\"291\" srcset=\"https:\/\/blogsaverroes.juntadeandalucia.es\/cepertrecerosas\/files\/2025\/05\/huerto-300x291.png 300w, https:\/\/blogsaverroes.juntadeandalucia.es\/cepertrecerosas\/files\/2025\/05\/huerto-768x745.png 768w, https:\/\/blogsaverroes.juntadeandalucia.es\/cepertrecerosas\/files\/2025\/05\/huerto.png 1020w\" sizes=\"(max-width: 300px) 100vw, 300px\" \/><\/a><\/p>\n<p><a href=\"https:\/\/drive.google.com\/file\/d\/1gc7s00m-p52l9mlXT-o8mVYK6jhf0EAE\/view?usp=sharing\" target=\"_blank\" rel=\"noopener\">FOMENTO CULTURA EMPRENDEDORA: HUERTO ESCOLAR<\/a><\/td>\n<td style=\"width: 50%\">&nbsp;<\/td>\n<\/tr>\n<\/tbody>\n<\/table>\n<p>&nbsp; <a href=\"https:\/\/blogsaverroes.juntadeandalucia.es\/cepertrecerosas\/seper-gibalbin\/\"><img loading=\"lazy\" decoding=\"async\" class=\"alignnone wp-image-2735\" src=\"https:\/\/blogsaverroes.juntadeandalucia.es\/cepertrecerosas\/files\/2021\/03\/Captura-de-pantalla-2021-03-11-a-las-9.40.32-300x135.png\" alt=\"\" width=\"278\" height=\"125\" srcset=\"https:\/\/blogsaverroes.juntadeandalucia.es\/cepertrecerosas\/files\/2021\/03\/Captura-de-pantalla-2021-03-11-a-las-9.40.32-300x135.png 300w, https:\/\/blogsaverroes.juntadeandalucia.es\/cepertrecerosas\/files\/2021\/03\/Captura-de-pantalla-2021-03-11-a-las-9.40.32-1024x462.png 1024w, https:\/\/blogsaverroes.juntadeandalucia.es\/cepertrecerosas\/files\/2021\/03\/Captura-de-pantalla-2021-03-11-a-las-9.40.32-768x347.png 768w, https:\/\/blogsaverroes.juntadeandalucia.es\/cepertrecerosas\/files\/2021\/03\/Captura-de-pantalla-2021-03-11-a-las-9.40.32-24x11.png 24w, https:\/\/blogsaverroes.juntadeandalucia.es\/cepertrecerosas\/files\/2021\/03\/Captura-de-pantalla-2021-03-11-a-las-9.40.32-36x16.png 36w, https:\/\/blogsaverroes.juntadeandalucia.es\/cepertrecerosas\/files\/2021\/03\/Captura-de-pantalla-2021-03-11-a-las-9.40.32-48x22.png 48w, https:\/\/blogsaverroes.juntadeandalucia.es\/cepertrecerosas\/files\/2021\/03\/Captura-de-pantalla-2021-03-11-a-las-9.40.32.png 1386w\" sizes=\"(max-width: 278px) 100vw, 278px\" \/><\/a> &nbsp;<a href=\"https:\/\/blogsaverroes.juntadeandalucia.es\/cepertrecerosas\/seper-guadalcacin\/\"> &nbsp;<img loading=\"lazy\" decoding=\"async\" class=\"alignnone wp-image-2741\" src=\"https:\/\/blogsaverroes.juntadeandalucia.es\/cepertrecerosas\/files\/2021\/03\/Captura-de-pantalla-2021-03-11-a-las-10.06.59-300x124.png\" alt=\"\" width=\"302\" height=\"125\" srcset=\"https:\/\/blogsaverroes.juntadeandalucia.es\/cepertrecerosas\/files\/2021\/03\/Captura-de-pantalla-2021-03-11-a-las-10.06.59-300x124.png 300w, https:\/\/blogsaverroes.juntadeandalucia.es\/cepertrecerosas\/files\/2021\/03\/Captura-de-pantalla-2021-03-11-a-las-10.06.59-1024x423.png 1024w, https:\/\/blogsaverroes.juntadeandalucia.es\/cepertrecerosas\/files\/2021\/03\/Captura-de-pantalla-2021-03-11-a-las-10.06.59-768x317.png 768w, https:\/\/blogsaverroes.juntadeandalucia.es\/cepertrecerosas\/files\/2021\/03\/Captura-de-pantalla-2021-03-11-a-las-10.06.59-24x10.png 24w, https:\/\/blogsaverroes.juntadeandalucia.es\/cepertrecerosas\/files\/2021\/03\/Captura-de-pantalla-2021-03-11-a-las-10.06.59-36x15.png 36w, https:\/\/blogsaverroes.juntadeandalucia.es\/cepertrecerosas\/files\/2021\/03\/Captura-de-pantalla-2021-03-11-a-las-10.06.59-48x20.png 48w, https:\/\/blogsaverroes.juntadeandalucia.es\/cepertrecerosas\/files\/2021\/03\/Captura-de-pantalla-2021-03-11-a-las-10.06.59.png 1530w\" sizes=\"(max-width: 302px) 100vw, 302px\" \/> &nbsp; &nbsp;<\/a><a href=\"https:\/\/blogsaverroes.juntadeandalucia.es\/cepertrecerosas\/seper-nueva-jarilla\/\"><img loading=\"lazy\" decoding=\"async\" class=\"alignnone wp-image-2744\" src=\"https:\/\/blogsaverroes.juntadeandalucia.es\/cepertrecerosas\/files\/2021\/03\/Captura-de-pantalla-2021-03-11-a-las-10.14.53-300x130.png\" alt=\"\" width=\"288\" height=\"125\" srcset=\"https:\/\/blogsaverroes.juntadeandalucia.es\/cepertrecerosas\/files\/2021\/03\/Captura-de-pantalla-2021-03-11-a-las-10.14.53-300x130.png 300w, https:\/\/blogsaverroes.juntadeandalucia.es\/cepertrecerosas\/files\/2021\/03\/Captura-de-pantalla-2021-03-11-a-las-10.14.53-1024x444.png 1024w, https:\/\/blogsaverroes.juntadeandalucia.es\/cepertrecerosas\/files\/2021\/03\/Captura-de-pantalla-2021-03-11-a-las-10.14.53-768x333.png 768w, https:\/\/blogsaverroes.juntadeandalucia.es\/cepertrecerosas\/files\/2021\/03\/Captura-de-pantalla-2021-03-11-a-las-10.14.53-24x10.png 24w, https:\/\/blogsaverroes.juntadeandalucia.es\/cepertrecerosas\/files\/2021\/03\/Captura-de-pantalla-2021-03-11-a-las-10.14.53-36x16.png 36w, https:\/\/blogsaverroes.juntadeandalucia.es\/cepertrecerosas\/files\/2021\/03\/Captura-de-pantalla-2021-03-11-a-las-10.14.53-48x21.png 48w, https:\/\/blogsaverroes.juntadeandalucia.es\/cepertrecerosas\/files\/2021\/03\/Captura-de-pantalla-2021-03-11-a-las-10.14.53.png 1436w\" sizes=\"(max-width: 288px) 100vw, 288px\" \/><\/a><\/p>\n<p>&nbsp; &nbsp; &nbsp; &nbsp; &nbsp; &nbsp; &nbsp; &nbsp; &nbsp; &nbsp; &nbsp; &nbsp; &nbsp; &nbsp; &nbsp; &nbsp; &nbsp; &nbsp; &nbsp; &nbsp; &nbsp; &nbsp; &nbsp; &nbsp; &nbsp; &nbsp; &nbsp;&nbsp; &nbsp; &nbsp; &nbsp; &nbsp; &nbsp; &nbsp; &nbsp; &nbsp; &nbsp; &nbsp; &nbsp; &nbsp; &nbsp; &nbsp; &nbsp; &nbsp; &nbsp; &nbsp; &nbsp; &nbsp; &nbsp; &nbsp; &nbsp; &nbsp; &nbsp; &nbsp; &nbsp; &nbsp;<\/p>\n","protected":false},"excerpt":{"rendered":"<p>&nbsp; FORMACI\u00d3N B\u00c1SICA&nbsp; &nbsp;SECUNDARIA P.A.G.S. INFORM\u00c1TICA PATRIMONIO INGL\u00c9S B\u00c1SICO INGL\u00c9S &#8211; B1 FRANC\u00c9S &nbsp; SALUD: MEMORIA SALUD PRUEBA DE ACCESO A CICLO MEDIO PREPARACI\u00d3N&#46;&#46;&#46;<\/p>\n","protected":false},"author":11972,"featured_media":0,"parent":0,"menu_order":0,"comment_status":"closed","ping_status":"closed","template":"","meta":{"ngg_post_thumbnail":0,"footnotes":"","_mc_calendar":[]},"aioseo_notices":[],"_links":{"self":[{"href":"https:\/\/blogsaverroes.juntadeandalucia.es\/cepertrecerosas\/wp-json\/wp\/v2\/pages\/2575"}],"collection":[{"href":"https:\/\/blogsaverroes.juntadeandalucia.es\/cepertrecerosas\/wp-json\/wp\/v2\/pages"}],"about":[{"href":"https:\/\/blogsaverroes.juntadeandalucia.es\/cepertrecerosas\/wp-json\/wp\/v2\/types\/page"}],"author":[{"embeddable":true,"href":"https:\/\/blogsaverroes.juntadeandalucia.es\/cepertrecerosas\/wp-json\/wp\/v2\/users\/11972"}],"replies":[{"embeddable":true,"href":"https:\/\/blogsaverroes.juntadeandalucia.es\/cepertrecerosas\/wp-json\/wp\/v2\/comments?post=2575"}],"version-history":[{"count":51,"href":"https:\/\/blogsaverroes.juntadeandalucia.es\/cepertrecerosas\/wp-json\/wp\/v2\/pages\/2575\/revisions"}],"predecessor-version":[{"id":4761,"href":"https:\/\/blogsaverroes.juntadeandalucia.es\/cepertrecerosas\/wp-json\/wp\/v2\/pages\/2575\/revisions\/4761"}],"wp:attachment":[{"href":"https:\/\/blogsaverroes.juntadeandalucia.es\/cepertrecerosas\/wp-json\/wp\/v2\/media?parent=2575"}],"curies":[{"name":"wp","href":"https:\/\/api.w.org\/{rel}","templated":true}]}}