{"id":2740,"date":"2021-03-11T09:13:59","date_gmt":"2021-03-11T09:13:59","guid":{"rendered":"https:\/\/blogsaverroes.juntadeandalucia.es\/cepertrecerosas\/?page_id=2740"},"modified":"2022-05-30T17:51:29","modified_gmt":"2022-05-30T17:51:29","slug":"seper-guadalcacin","status":"publish","type":"page","link":"https:\/\/blogsaverroes.juntadeandalucia.es\/cepertrecerosas\/seper-guadalcacin\/","title":{"rendered":"SEPER Guadalcac\u00edn"},"content":{"rendered":"<p><a href=\"https:\/\/blogsaverroes.juntadeandalucia.es\/cepertrecerosas\/files\/2021\/03\/Captura-de-pantalla-2021-03-11-a-las-10.06.59.png\"><img loading=\"lazy\" decoding=\"async\" class=\" wp-image-2741 aligncenter\" src=\"https:\/\/blogsaverroes.juntadeandalucia.es\/cepertrecerosas\/files\/2021\/03\/Captura-de-pantalla-2021-03-11-a-las-10.06.59-300x124.png\" alt=\"\" width=\"467\" height=\"193\" srcset=\"https:\/\/blogsaverroes.juntadeandalucia.es\/cepertrecerosas\/files\/2021\/03\/Captura-de-pantalla-2021-03-11-a-las-10.06.59-300x124.png 300w, https:\/\/blogsaverroes.juntadeandalucia.es\/cepertrecerosas\/files\/2021\/03\/Captura-de-pantalla-2021-03-11-a-las-10.06.59-1024x423.png 1024w, https:\/\/blogsaverroes.juntadeandalucia.es\/cepertrecerosas\/files\/2021\/03\/Captura-de-pantalla-2021-03-11-a-las-10.06.59-768x317.png 768w, https:\/\/blogsaverroes.juntadeandalucia.es\/cepertrecerosas\/files\/2021\/03\/Captura-de-pantalla-2021-03-11-a-las-10.06.59-24x10.png 24w, https:\/\/blogsaverroes.juntadeandalucia.es\/cepertrecerosas\/files\/2021\/03\/Captura-de-pantalla-2021-03-11-a-las-10.06.59-36x15.png 36w, https:\/\/blogsaverroes.juntadeandalucia.es\/cepertrecerosas\/files\/2021\/03\/Captura-de-pantalla-2021-03-11-a-las-10.06.59-48x20.png 48w, https:\/\/blogsaverroes.juntadeandalucia.es\/cepertrecerosas\/files\/2021\/03\/Captura-de-pantalla-2021-03-11-a-las-10.06.59.png 1530w\" sizes=\"(max-width: 467px) 100vw, 467px\" \/><\/a><\/p>\n<table style=\"border-collapse: collapse;width: 100%\">\n<tbody>\n<tr>\n<td style=\"width: 50%\">[googlemaps https:\/\/www.google.com\/maps\/embed?pb=!1m18!1m12!1m3!1d799.5927349411803!2d-6.088595320759036!3d36.71365159874796!2m3!1f0!2f0!3f0!3m2!1i1024!2i768!4f13.1!3m3!1m2!1s0xd0dc0b546b38833%3A0x4df6bc0d56df960e!2zUGxhemEgQXJ0ZXNhbsOtYSwgMTE1OTEgR3VhZGFsY2Fjw61uLCBDw6FkaXosIEVzcGHDsWE!5e0!3m2!1ses!2sus!4v1615453865298!5m2!1ses!2sus&amp;w=600&amp;h=450]&nbsp;<\/td>\n<td style=\"width: 50%\">\n<p id=\"h.p_C_EfBY-Dsq1r\" class=\"CDt4Ke zfr3Q\"><strong>C\u00f3digo:<\/strong> 11500353<\/p>\n<p id=\"h.p_dtGYCE_jsrxI\" class=\"CDt4Ke zfr3Q\"><strong>Centro:<\/strong> S.E.PER. Guadalcac\u00edn<\/p>\n<p id=\"h.p_wOwW4tB9srxJ\" class=\"CDt4Ke zfr3Q\"><strong>Domicilio:<\/strong> Plaza de la Artesan\u00eda<\/p>\n<p id=\"h.p_gY2XU7O3srxK\" class=\"CDt4Ke zfr3Q\"><strong>Localidad: <\/strong>Guadalcac\u00edn<strong> (<\/strong>Jerez de la Frontera)<\/p>\n<p id=\"h.p_AGVFh0amsrxK\" class=\"CDt4Ke zfr3Q\"><strong>Provincia:<\/strong> C\u00e1diz<\/p>\n<p id=\"h.p_LnJaDPKqsrxN\" class=\"CDt4Ke zfr3Q\"><strong>C\u00f3digo postal:<\/strong> 11591<\/p>\n<p id=\"h.p_ahwuCv0msrxO\" class=\"CDt4Ke zfr3Q\"><strong>Tel\u00e9fono:<\/strong><\/p>\n<p id=\"h.p_y9HHNHuesrxP\" class=\"CDt4Ke zfr3Q\"><strong>Tel\u00e9fono corp:<\/strong><\/p>\n<p id=\"h.p_dSt0hs6ZsrxR\" class=\"CDt4Ke zfr3Q\"><strong>Fax:<\/strong><\/p>\n<p id=\"h.p_Io_zZ_2VsrxS\" class=\"CDt4Ke zfr3Q\"><strong>email:<\/strong> 11500353.edu@juntadeandalucia.es<\/p>\n<\/td>\n<\/tr>\n<tr>\n<td style=\"width: 50%;background-color: #a9a6e3\" colspan=\"2\">&nbsp;<\/td>\n<\/tr>\n<\/tbody>\n<\/table>\n<p><a href=\"https:\/\/blogsaverroes.juntadeandalucia.es\/cepertrecerosas\/files\/2022\/05\/OfertaEducativaGuada.png\"><img loading=\"lazy\" decoding=\"async\" class=\"size-large wp-image-4110 aligncenter\" src=\"https:\/\/blogsaverroes.juntadeandalucia.es\/cepertrecerosas\/files\/2022\/05\/OfertaEducativaGuada-723x1024.png\" alt=\"\" width=\"723\" height=\"1024\" srcset=\"https:\/\/blogsaverroes.juntadeandalucia.es\/cepertrecerosas\/files\/2022\/05\/OfertaEducativaGuada-723x1024.png 723w, https:\/\/blogsaverroes.juntadeandalucia.es\/cepertrecerosas\/files\/2022\/05\/OfertaEducativaGuada-212x300.png 212w, https:\/\/blogsaverroes.juntadeandalucia.es\/cepertrecerosas\/files\/2022\/05\/OfertaEducativaGuada-768x1088.png 768w, https:\/\/blogsaverroes.juntadeandalucia.es\/cepertrecerosas\/files\/2022\/05\/OfertaEducativaGuada-1085x1536.png 1085w, https:\/\/blogsaverroes.juntadeandalucia.es\/cepertrecerosas\/files\/2022\/05\/OfertaEducativaGuada-1446x2048.png 1446w, https:\/\/blogsaverroes.juntadeandalucia.es\/cepertrecerosas\/files\/2022\/05\/OfertaEducativaGuada.png 1130w\" sizes=\"(max-width: 723px) 100vw, 723px\" \/><\/a><\/p>\n","protected":false},"excerpt":{"rendered":"<p>[googlemaps https:\/\/www.google.com\/maps\/embed?pb=!1m18!1m12!1m3!1d799.5927349411803!2d-6.088595320759036!3d36.71365159874796!2m3!1f0!2f0!3f0!3m2!1i1024!2i768!4f13.1!3m3!1m2!1s0xd0dc0b546b38833%3A0x4df6bc0d56df960e!2zUGxhemEgQXJ0ZXNhbsOtYSwgMTE1OTEgR3VhZGFsY2Fjw61uLCBDw6FkaXosIEVzcGHDsWE!5e0!3m2!1ses!2sus!4v1615453865298!5m2!1ses!2sus&amp;w=600&amp;h=450]&nbsp; C\u00f3digo: 11500353 Centro: S.E.PER. Guadalcac\u00edn Domicilio: Plaza de la Artesan\u00eda Localidad: Guadalcac\u00edn (Jerez de la Frontera) Provincia: C\u00e1diz C\u00f3digo postal: 11591 Tel\u00e9fono:&#46;&#46;&#46;<\/p>\n","protected":false},"author":11972,"featured_media":0,"parent":0,"menu_order":0,"comment_status":"closed","ping_status":"closed","template":"","meta":{"ngg_post_thumbnail":0,"footnotes":"","_mc_calendar":[]},"aioseo_notices":[],"_links":{"self":[{"href":"https:\/\/blogsaverroes.juntadeandalucia.es\/cepertrecerosas\/wp-json\/wp\/v2\/pages\/2740"}],"collection":[{"href":"https:\/\/blogsaverroes.juntadeandalucia.es\/cepertrecerosas\/wp-json\/wp\/v2\/pages"}],"about":[{"href":"https:\/\/blogsaverroes.juntadeandalucia.es\/cepertrecerosas\/wp-json\/wp\/v2\/types\/page"}],"author":[{"embeddable":true,"href":"https:\/\/blogsaverroes.juntadeandalucia.es\/cepertrecerosas\/wp-json\/wp\/v2\/users\/11972"}],"replies":[{"embeddable":true,"href":"https:\/\/blogsaverroes.juntadeandalucia.es\/cepertrecerosas\/wp-json\/wp\/v2\/comments?post=2740"}],"version-history":[{"count":4,"href":"https:\/\/blogsaverroes.juntadeandalucia.es\/cepertrecerosas\/wp-json\/wp\/v2\/pages\/2740\/revisions"}],"predecessor-version":[{"id":4111,"href":"https:\/\/blogsaverroes.juntadeandalucia.es\/cepertrecerosas\/wp-json\/wp\/v2\/pages\/2740\/revisions\/4111"}],"wp:attachment":[{"href":"https:\/\/blogsaverroes.juntadeandalucia.es\/cepertrecerosas\/wp-json\/wp\/v2\/media?parent=2740"}],"curies":[{"name":"wp","href":"https:\/\/api.w.org\/{rel}","templated":true}]}}