{"id":2743,"date":"2021-03-11T09:18:32","date_gmt":"2021-03-11T09:18:32","guid":{"rendered":"https:\/\/blogsaverroes.juntadeandalucia.es\/cepertrecerosas\/?page_id=2743"},"modified":"2021-03-11T09:18:32","modified_gmt":"2021-03-11T09:18:32","slug":"seper-nueva-jarilla","status":"publish","type":"page","link":"https:\/\/blogsaverroes.juntadeandalucia.es\/cepertrecerosas\/seper-nueva-jarilla\/","title":{"rendered":"SEPER Nueva Jarilla"},"content":{"rendered":"<p><a href=\"https:\/\/blogsaverroes.juntadeandalucia.es\/cepertrecerosas\/files\/2021\/03\/Captura-de-pantalla-2021-03-11-a-las-10.14.53.png\"><img loading=\"lazy\" decoding=\"async\" class=\" wp-image-2744 aligncenter\" src=\"https:\/\/blogsaverroes.juntadeandalucia.es\/cepertrecerosas\/files\/2021\/03\/Captura-de-pantalla-2021-03-11-a-las-10.14.53-300x130.png\" alt=\"\" width=\"457\" height=\"198\" srcset=\"https:\/\/blogsaverroes.juntadeandalucia.es\/cepertrecerosas\/files\/2021\/03\/Captura-de-pantalla-2021-03-11-a-las-10.14.53-300x130.png 300w, https:\/\/blogsaverroes.juntadeandalucia.es\/cepertrecerosas\/files\/2021\/03\/Captura-de-pantalla-2021-03-11-a-las-10.14.53-1024x444.png 1024w, https:\/\/blogsaverroes.juntadeandalucia.es\/cepertrecerosas\/files\/2021\/03\/Captura-de-pantalla-2021-03-11-a-las-10.14.53-768x333.png 768w, https:\/\/blogsaverroes.juntadeandalucia.es\/cepertrecerosas\/files\/2021\/03\/Captura-de-pantalla-2021-03-11-a-las-10.14.53-24x10.png 24w, https:\/\/blogsaverroes.juntadeandalucia.es\/cepertrecerosas\/files\/2021\/03\/Captura-de-pantalla-2021-03-11-a-las-10.14.53-36x16.png 36w, https:\/\/blogsaverroes.juntadeandalucia.es\/cepertrecerosas\/files\/2021\/03\/Captura-de-pantalla-2021-03-11-a-las-10.14.53-48x21.png 48w, https:\/\/blogsaverroes.juntadeandalucia.es\/cepertrecerosas\/files\/2021\/03\/Captura-de-pantalla-2021-03-11-a-las-10.14.53.png 1436w\" sizes=\"(max-width: 457px) 100vw, 457px\" \/><\/a><\/p>\n<table style=\"border-collapse: collapse;width: 100%\">\n<tbody>\n<tr>\n<td style=\"width: 50%\">[googlemaps https:\/\/www.google.com\/maps\/embed?pb=!1m14!1m8!1m3!1d1598.2722520610675!2d-6.032326!3d36.757503!3m2!1i1024!2i768!4f13.1!3m3!1m2!1s0xd0dbf076734e537%3A0x95fcd0dbbbda6bf0!2sCalle%20Ronda%20del%20Trobal%2C%2011400%20Nueva%20Jarilla%2C%20C%C3%A1diz%2C%20Espa%C3%B1a!5e0!3m2!1ses!2sus!4v1615454219600!5m2!1ses!2sus&amp;w=600&amp;h=450]&nbsp;<\/td>\n<td style=\"width: 50%\">\n<p id=\"h.p_vhCEIPDuvde8\" class=\"CDt4Ke zfr3Q\"><strong>C\u00f3digo:<\/strong> 11500365<\/p>\n<p id=\"h.p_Kpc3d8cuveSW\" class=\"CDt4Ke zfr3Q\"><strong>Centro:<\/strong> S.E.PER. Nueva Jarilla<\/p>\n<p id=\"h.p_8J9avp3_veSk\" class=\"CDt4Ke zfr3Q\"><strong>Domicilio:<\/strong> Calle Ronda del Troval s\/n (Centro Social)<\/p>\n<p id=\"h.p_alvxcHvmveSk\" class=\"CDt4Ke zfr3Q\"><strong>Localidad: <\/strong>Nueva Jarilla<strong> (<\/strong>Jerez de la Frontera)<\/p>\n<p id=\"h.p_wopOC0KcveSl\" class=\"CDt4Ke zfr3Q\"><strong>Provincia:<\/strong> C\u00e1diz<\/p>\n<p id=\"h.p_GRdCjTiCveSm\" class=\"CDt4Ke zfr3Q\"><strong>C\u00f3digo postal:<\/strong> 11592<\/p>\n<p id=\"h.p_kbcC6oW3veSn\" class=\"CDt4Ke zfr3Q\"><strong>Tel\u00e9fono:<\/strong><\/p>\n<p id=\"h.p_91NQjU-bveSn\" class=\"CDt4Ke zfr3Q\"><strong>Tel\u00e9fono corp:<\/strong><\/p>\n<p id=\"h.p_MH2P7DHmveSo\" class=\"CDt4Ke zfr3Q\"><strong>Fax:<\/strong><\/p>\n<p id=\"h.p_Vauj-mHXveSp\" class=\"CDt4Ke zfr3Q\"><strong>email:<\/strong> 11500365.edu@juntadeandalucia.es<\/p>\n<\/td>\n<\/tr>\n<tr>\n<td style=\"width: 50%;background-color: #b1deb4\" colspan=\"2\">\n<div class=\"CjVfdc\" style=\"text-align: left\">OFERTA EDUCATIVA:<\/div>\n<ul class=\"n8H08c UVNKR\">\n<li id=\"h.p_Veg2RY1_oSWc\" class=\"TYR86d zfr3Q\" style=\"text-align: left\">Formaci\u00f3n B\u00e1sica Nivel I y Nivel II.<\/li>\n<li id=\"h.p_aJQC0yLAomxm\" class=\"TYR86d zfr3Q\" style=\"text-align: left\">Preparaci\u00f3n prueba obtenci\u00f3n del t\u00edtulo de graduado en ESO para mayores de 18 a\u00f1os.<\/li>\n<li id=\"h.p_H3DvBW-jomxn\" class=\"TYR86d zfr3Q\" style=\"text-align: left\">Tecnolog\u00eda de la informaci\u00f3n y comunicaci\u00f3n. (Inform\u00e1tica B\u00e1sica)<\/li>\n<li id=\"h.p_pah950lhomNQ\" class=\"TYR86d zfr3Q\" style=\"text-align: left\">Cultura emprendedora \u201cPrograma creando empresa\u201d<\/li>\n<\/ul>\n<\/td>\n<\/tr>\n<\/tbody>\n<\/table>\n<p>&nbsp;<\/p>\n","protected":false},"excerpt":{"rendered":"<p>[googlemaps https:\/\/www.google.com\/maps\/embed?pb=!1m14!1m8!1m3!1d1598.2722520610675!2d-6.032326!3d36.757503!3m2!1i1024!2i768!4f13.1!3m3!1m2!1s0xd0dbf076734e537%3A0x95fcd0dbbbda6bf0!2sCalle%20Ronda%20del%20Trobal%2C%2011400%20Nueva%20Jarilla%2C%20C%C3%A1diz%2C%20Espa%C3%B1a!5e0!3m2!1ses!2sus!4v1615454219600!5m2!1ses!2sus&amp;w=600&amp;h=450]&nbsp; C\u00f3digo: 11500365 Centro: S.E.PER. Nueva Jarilla Domicilio: Calle Ronda del Troval s\/n (Centro Social) Localidad: Nueva Jarilla (Jerez de la Frontera) Provincia:&#46;&#46;&#46;<\/p>\n","protected":false},"author":11972,"featured_media":0,"parent":0,"menu_order":0,"comment_status":"closed","ping_status":"closed","template":"","meta":{"ngg_post_thumbnail":0,"footnotes":"","_mc_calendar":[]},"aioseo_notices":[],"_links":{"self":[{"href":"https:\/\/blogsaverroes.juntadeandalucia.es\/cepertrecerosas\/wp-json\/wp\/v2\/pages\/2743"}],"collection":[{"href":"https:\/\/blogsaverroes.juntadeandalucia.es\/cepertrecerosas\/wp-json\/wp\/v2\/pages"}],"about":[{"href":"https:\/\/blogsaverroes.juntadeandalucia.es\/cepertrecerosas\/wp-json\/wp\/v2\/types\/page"}],"author":[{"embeddable":true,"href":"https:\/\/blogsaverroes.juntadeandalucia.es\/cepertrecerosas\/wp-json\/wp\/v2\/users\/11972"}],"replies":[{"embeddable":true,"href":"https:\/\/blogsaverroes.juntadeandalucia.es\/cepertrecerosas\/wp-json\/wp\/v2\/comments?post=2743"}],"version-history":[{"count":1,"href":"https:\/\/blogsaverroes.juntadeandalucia.es\/cepertrecerosas\/wp-json\/wp\/v2\/pages\/2743\/revisions"}],"predecessor-version":[{"id":2745,"href":"https:\/\/blogsaverroes.juntadeandalucia.es\/cepertrecerosas\/wp-json\/wp\/v2\/pages\/2743\/revisions\/2745"}],"wp:attachment":[{"href":"https:\/\/blogsaverroes.juntadeandalucia.es\/cepertrecerosas\/wp-json\/wp\/v2\/media?parent=2743"}],"curies":[{"name":"wp","href":"https:\/\/api.w.org\/{rel}","templated":true}]}}