{"id":3037,"date":"2021-05-08T10:22:13","date_gmt":"2021-05-08T10:22:13","guid":{"rendered":"https:\/\/blogsaverroes.juntadeandalucia.es\/cepertrecerosas\/?page_id=3037"},"modified":"2021-05-26T07:15:11","modified_gmt":"2021-05-26T07:15:11","slug":"protocolo-covid-19","status":"publish","type":"page","link":"https:\/\/blogsaverroes.juntadeandalucia.es\/cepertrecerosas\/protocolo-covid-19\/","title":{"rendered":"Protocolo COVID-19"},"content":{"rendered":"<p>Un aspecto importante en los \u00faltimos tiempos es el hecho de que el Centro cuente con un protocolo de actuaci\u00f3n COVID-19. Debido a que no sabemos los casos y formas de contagio de la COVID-19, hemos dise\u00f1ado un protocolo que nos permite actuar y tomar decisiones lo m\u00e1s correctas y acertadas posible.<\/p>\n<p>Ten\u00e9is dicho documento en el siguiente enlace:<\/p>\n<p><a href=\"https:\/\/drive.google.com\/file\/d\/1D7yia8seL3zVcYK4qqj79vda_s6Rc_Ck\/view\" target=\"_blank\" rel=\"noopener noreferrer\"><img loading=\"lazy\" decoding=\"async\" class=\"alignnone wp-image-3039 size-medium\" src=\"https:\/\/blogsaverroes.juntadeandalucia.es\/cepertrecerosas\/files\/2021\/05\/boton-PROTOCOLO-COVID-1-300x101.png\" alt=\"\" width=\"300\" height=\"101\" srcset=\"https:\/\/blogsaverroes.juntadeandalucia.es\/cepertrecerosas\/files\/2021\/05\/boton-PROTOCOLO-COVID-1-300x101.png 300w, https:\/\/blogsaverroes.juntadeandalucia.es\/cepertrecerosas\/files\/2021\/05\/boton-PROTOCOLO-COVID-1-768x257.png 768w, https:\/\/blogsaverroes.juntadeandalucia.es\/cepertrecerosas\/files\/2021\/05\/boton-PROTOCOLO-COVID-1-24x8.png 24w, https:\/\/blogsaverroes.juntadeandalucia.es\/cepertrecerosas\/files\/2021\/05\/boton-PROTOCOLO-COVID-1-36x12.png 36w, https:\/\/blogsaverroes.juntadeandalucia.es\/cepertrecerosas\/files\/2021\/05\/boton-PROTOCOLO-COVID-1-48x16.png 48w, https:\/\/blogsaverroes.juntadeandalucia.es\/cepertrecerosas\/files\/2021\/05\/boton-PROTOCOLO-COVID-1.png 961w\" sizes=\"(max-width: 300px) 100vw, 300px\" \/><\/a><\/p>\n","protected":false},"excerpt":{"rendered":"<p>Un aspecto importante en los \u00faltimos tiempos es el hecho de que el Centro cuente con un protocolo de actuaci\u00f3n COVID-19. Debido a que&#46;&#46;&#46;<\/p>\n","protected":false},"author":11972,"featured_media":0,"parent":0,"menu_order":0,"comment_status":"closed","ping_status":"closed","template":"","meta":{"ngg_post_thumbnail":0,"footnotes":"","_mc_calendar":[]},"aioseo_notices":[],"_links":{"self":[{"href":"https:\/\/blogsaverroes.juntadeandalucia.es\/cepertrecerosas\/wp-json\/wp\/v2\/pages\/3037"}],"collection":[{"href":"https:\/\/blogsaverroes.juntadeandalucia.es\/cepertrecerosas\/wp-json\/wp\/v2\/pages"}],"about":[{"href":"https:\/\/blogsaverroes.juntadeandalucia.es\/cepertrecerosas\/wp-json\/wp\/v2\/types\/page"}],"author":[{"embeddable":true,"href":"https:\/\/blogsaverroes.juntadeandalucia.es\/cepertrecerosas\/wp-json\/wp\/v2\/users\/11972"}],"replies":[{"embeddable":true,"href":"https:\/\/blogsaverroes.juntadeandalucia.es\/cepertrecerosas\/wp-json\/wp\/v2\/comments?post=3037"}],"version-history":[{"count":5,"href":"https:\/\/blogsaverroes.juntadeandalucia.es\/cepertrecerosas\/wp-json\/wp\/v2\/pages\/3037\/revisions"}],"predecessor-version":[{"id":3260,"href":"https:\/\/blogsaverroes.juntadeandalucia.es\/cepertrecerosas\/wp-json\/wp\/v2\/pages\/3037\/revisions\/3260"}],"wp:attachment":[{"href":"https:\/\/blogsaverroes.juntadeandalucia.es\/cepertrecerosas\/wp-json\/wp\/v2\/media?parent=3037"}],"curies":[{"name":"wp","href":"https:\/\/api.w.org\/{rel}","templated":true}]}}