{"id":35,"date":"2015-03-13T08:21:43","date_gmt":"2015-03-13T08:21:43","guid":{"rendered":"http:\/\/blogsaverroes.juntadeandalucia.es\/pre\/ceip\/?page_id=35"},"modified":"2021-05-06T10:26:25","modified_gmt":"2021-05-06T10:26:25","slug":"el-centro-2","status":"publish","type":"page","link":"https:\/\/blogsaverroes.juntadeandalucia.es\/cepertrecerosas\/el-centro-2\/","title":{"rendered":"Datos del centro"},"content":{"rendered":"<p>[googlemaps https:\/\/www.google.com\/maps\/embed?pb=!1m14!1m8!1m3!1d1599.8844740077623!2d-6.120441!3d36.680056!3m2!1i1024!2i768!4f13.1!3m3!1m2!1s0x0%3A0x0!2zMzbCsDQwJzQ3LjciTiA2wrAwNycxNS4wIlc!5e0!3m2!1ses!2sus!4v1610800702219!5m2!1ses!2sus&amp;w=600&amp;h=450]<\/p>\n<h4>Datos de contacto<\/h4>\n<p id=\"h.p_ayU3sjdovc5h\" class=\"CDt4Ke zfr3Q\"><strong>C\u00f3digo:<\/strong> 11500225<\/p>\n<p id=\"h.p_YDNgXga7vgAJ\" class=\"CDt4Ke zfr3Q\"><strong>Centro:<\/strong> C.E.PER. Trece Rosas<\/p>\n<p id=\"h.p_9pJJooJUvgAK\" class=\"CDt4Ke zfr3Q\"><strong>Domicilio:<\/strong> Avda. de Nazaret, 2<\/p>\n<p id=\"h.p_CFYVqroIvgAK\" class=\"CDt4Ke zfr3Q\"><strong>Localidad:<\/strong> Jerez de la Frontera<\/p>\n<p id=\"h.p_mw3EMx6jvgAK\" class=\"CDt4Ke zfr3Q\"><strong>Provincia:<\/strong> C\u00e1diz<\/p>\n<p id=\"h.p_xMbfr6E_vgAL\" class=\"CDt4Ke zfr3Q\"><strong>C\u00f3digo postal:<\/strong> 11406<\/p>\n<p id=\"h.p_DkRIH_gNvgAL\" class=\"CDt4Ke zfr3Q\"><strong>Tel\u00e9fono:<\/strong> 856811596<\/p>\n<p id=\"h.p_ZRicsMu_vgAL\" class=\"CDt4Ke zfr3Q\"><strong>Tel\u00e9fono corp:<\/strong> 492596<\/p>\n<p id=\"h.p_sW5p1TAfvgAM\" class=\"CDt4Ke zfr3Q\"><strong>Fax:<\/strong> 856811597<\/p>\n<p id=\"h.p_C_4H0n6mvgAM\" class=\"CDt4Ke zfr3Q\"><strong>email:<\/strong> 11500225.edu@juntadeandalucia.es<\/p>\n<h4><strong>Horarios<\/strong><\/h4>\n<p>Lunes a viernes de 9:00 a 14:00 y de 16:00 a 21:00<\/p>\n<h4><strong>Oferta educativa<\/strong><\/h4>\n<p id=\"h.p_Gvz6PYQFkWVg\" class=\"CDt4Ke zfr3Q\" dir=\"ltr\">El&nbsp;<strong>Centro de Educaci\u00f3n Permanente Trece Rosas<\/strong>&nbsp;de la Consejer\u00eda de Educaci\u00f3n, tiene su sede en la Avenida Nazaret n\u00ba 2 de Jerez de la Frontera; aunque dispone de aulas en el I.E.S. \u201cLa Granja\u201d , a su vez consta de tres secciones en pedan\u00edas o barriadas rurales de Jerez:<\/p>\n<ul class=\"n8H08c UVNKR\">\n<li style=\"list-style-type: none\">\n<ul class=\"n8H08c UVNKR\">\n<li id=\"h.p_gfcd9xz0kWVg\" class=\"TYR86d zfr3Q\"><a href=\"https:\/\/blogsaverroes.juntadeandalucia.es\/cepertrecerosas\/seper-gibalbin\/\">S.E.Per Gibalb\u00edn (Gibalb\u00edn y Torremelgarejo).<\/a><\/li>\n<li id=\"h.p_8OqfFfSlkWVg\" class=\"TYR86d zfr3Q\"><a href=\"https:\/\/blogsaverroes.juntadeandalucia.es\/cepertrecerosas\/seper-guadalcacin\/\">S.E.Per Guadalcac\u00edn.<\/a><\/li>\n<li id=\"h.p_Nw_E92KzkWVh\" class=\"TYR86d zfr3Q\"><a href=\"https:\/\/blogsaverroes.juntadeandalucia.es\/cepertrecerosas\/seper-nueva-jarilla\/\">S.E.Per Nueva Jarilla.<\/a><\/li>\n<\/ul>\n<\/li>\n<\/ul>\n<h4>Instalaciones<\/h4>\n<p>&nbsp;<\/p>\n","protected":false},"excerpt":{"rendered":"<p>[googlemaps https:\/\/www.google.com\/maps\/embed?pb=!1m14!1m8!1m3!1d1599.8844740077623!2d-6.120441!3d36.680056!3m2!1i1024!2i768!4f13.1!3m3!1m2!1s0x0%3A0x0!2zMzbCsDQwJzQ3LjciTiA2wrAwNycxNS4wIlc!5e0!3m2!1ses!2sus!4v1610800702219!5m2!1ses!2sus&amp;w=600&amp;h=450] Datos de contacto C\u00f3digo: 11500225 Centro: C.E.PER. Trece Rosas Domicilio: Avda. de Nazaret, 2 Localidad: Jerez de la Frontera Provincia: C\u00e1diz C\u00f3digo&#46;&#46;&#46;<\/p>\n","protected":false},"author":1,"featured_media":0,"parent":0,"menu_order":0,"comment_status":"open","ping_status":"open","template":"","meta":{"ngg_post_thumbnail":0,"footnotes":"","_mc_calendar":[]},"aioseo_notices":[],"_links":{"self":[{"href":"https:\/\/blogsaverroes.juntadeandalucia.es\/cepertrecerosas\/wp-json\/wp\/v2\/pages\/35"}],"collection":[{"href":"https:\/\/blogsaverroes.juntadeandalucia.es\/cepertrecerosas\/wp-json\/wp\/v2\/pages"}],"about":[{"href":"https:\/\/blogsaverroes.juntadeandalucia.es\/cepertrecerosas\/wp-json\/wp\/v2\/types\/page"}],"author":[{"embeddable":true,"href":"https:\/\/blogsaverroes.juntadeandalucia.es\/cepertrecerosas\/wp-json\/wp\/v2\/users\/1"}],"replies":[{"embeddable":true,"href":"https:\/\/blogsaverroes.juntadeandalucia.es\/cepertrecerosas\/wp-json\/wp\/v2\/comments?post=35"}],"version-history":[{"count":24,"href":"https:\/\/blogsaverroes.juntadeandalucia.es\/cepertrecerosas\/wp-json\/wp\/v2\/pages\/35\/revisions"}],"predecessor-version":[{"id":2877,"href":"https:\/\/blogsaverroes.juntadeandalucia.es\/cepertrecerosas\/wp-json\/wp\/v2\/pages\/35\/revisions\/2877"}],"wp:attachment":[{"href":"https:\/\/blogsaverroes.juntadeandalucia.es\/cepertrecerosas\/wp-json\/wp\/v2\/media?parent=35"}],"curies":[{"name":"wp","href":"https:\/\/api.w.org\/{rel}","templated":true}]}}