{"id":4126,"date":"2022-06-01T09:15:27","date_gmt":"2022-06-01T09:15:27","guid":{"rendered":"https:\/\/blogsaverroes.juntadeandalucia.es\/cepertrecerosas\/?page_id=4126"},"modified":"2025-05-21T11:26:10","modified_gmt":"2025-05-21T11:26:10","slug":"matriculacion-2023-2024","status":"publish","type":"page","link":"https:\/\/blogsaverroes.juntadeandalucia.es\/cepertrecerosas\/matriculacion-2023-2024\/","title":{"rendered":"Matriculaci\u00f3n 2025-2026"},"content":{"rendered":"<table style=\"border-collapse: collapse;width: 100%\">\n<tbody>\n<tr style=\"background-color: #f58c8c\">\n<td style=\"width: 24.9324%\">\n<h2>PLAZO DE PRESENTACI\u00d3N DE SOLICITUDES<\/h2>\n<\/td>\n<td style=\"width: 75.0676%;text-align: left\">\n<div class=\"CjVfdc\">\n<p><strong>Comienza el d\u00eda 1 de junio y finaliza el 15 de junio.<\/strong><\/p>\n<\/div>\n<p id=\"h.p_vDo7TJPK1hr2\" class=\"CDt4Ke zfr3Q\" style=\"text-align: left\">(En el supuesto de que existieran plazas escolares vacantes se habilitar\u00e1 procedimiento extraordinario que tendr\u00e1 lugar desde el 1 de septiembre al 15 de octubre)<\/p>\n<\/td>\n<\/tr>\n<tr>\n<td style=\"width: 24.9324%;vertical-align: top\">\n<h2>\u00bfC\u00d3MO COMPLEMENTAR MI SOLICITUD?<\/h2>\n<\/td>\n<td style=\"width: 75.0676%;text-align: left\">\n<p id=\"h.p_IswMBE3ihE-8\" class=\"CDt4Ke zfr3Q\" style=\"text-align: left\">Tendr\u00e1s dos opciones para poderla cumplimentar:<\/p>\n<ul>\n<li><strong>DE FORMA TELEM\u00c1TICA&nbsp;<\/strong> (Necesitaremos Identificaci\u00f3n iANDE, autenticaci\u00f3n Cl@ve o cumplimentando el impreso que posteriormente hay que presentar en el Centro Educativo). El procedimiento a seguir es el siguiente:\n<ol>\n<li>Entramos en la Secretar\u00eda Virtual &#8211; <a href=\"https:\/\/www.juntadeandalucia.es\/educacion\/secretariavirtual\/solicitudes\/\">AQU\u00cd EL ENLACE<\/a><\/li>\n<li>Seleccionamos el plan en donde queremos matricularnos. Vamos a SOLICITUDES y seleccionamos la pesta\u00f1a PERSONAS ADULTAS. Me saldr\u00e1n todas las opciones.<\/li>\n<li>Tenemos que seleccionar: Matr\u00edcula de Planes Educativos presenciales para personas adultas, y en caso de Secundaria tambi\u00e9n realizar\u00e1n el de Admisi\u00f3n Educaci\u00f3n Secundaria Obligatoria para personas adultas (Modalidad Presencial y Semipresencial) <a href=\"https:\/\/blogsaverroes.juntadeandalucia.es\/cepertrecerosas\/files\/2022\/06\/Captura-de-Pantalla-2022-06-01-a-las-13.03.02-1.png\"><img loading=\"lazy\" decoding=\"async\" class=\"alignnone wp-image-4130 size-large\" src=\"https:\/\/blogsaverroes.juntadeandalucia.es\/cepertrecerosas\/files\/2022\/06\/Captura-de-Pantalla-2022-06-01-a-las-13.03.02-1-1024x746.png\" alt=\"\" width=\"1024\" height=\"746\" srcset=\"https:\/\/blogsaverroes.juntadeandalucia.es\/cepertrecerosas\/files\/2022\/06\/Captura-de-Pantalla-2022-06-01-a-las-13.03.02-1-1024x746.png 1024w, https:\/\/blogsaverroes.juntadeandalucia.es\/cepertrecerosas\/files\/2022\/06\/Captura-de-Pantalla-2022-06-01-a-las-13.03.02-1-300x219.png 300w, https:\/\/blogsaverroes.juntadeandalucia.es\/cepertrecerosas\/files\/2022\/06\/Captura-de-Pantalla-2022-06-01-a-las-13.03.02-1-768x560.png 768w, https:\/\/blogsaverroes.juntadeandalucia.es\/cepertrecerosas\/files\/2022\/06\/Captura-de-Pantalla-2022-06-01-a-las-13.03.02-1-1536x1119.png 1536w, https:\/\/blogsaverroes.juntadeandalucia.es\/cepertrecerosas\/files\/2022\/06\/Captura-de-Pantalla-2022-06-01-a-las-13.03.02-1-2048x1492.png 2048w, https:\/\/blogsaverroes.juntadeandalucia.es\/cepertrecerosas\/files\/2022\/06\/Captura-de-Pantalla-2022-06-01-a-las-13.03.02-1.png 1600w\" sizes=\"(max-width: 1024px) 100vw, 1024px\" \/><\/a><\/li>\n<li>Una vez seleccionado el Plan en el que queremos matricularnos nos saldr\u00e1 la p\u00e1gina de autenticaci\u00f3n, que ser\u00e1 la siguiente:<a href=\"https:\/\/blogsaverroes.juntadeandalucia.es\/cepertrecerosas\/files\/2022\/06\/Captura-de-Pantalla-2022-06-01-a-las-9.59.09.png\"><img loading=\"lazy\" decoding=\"async\" class=\"alignnone wp-image-4131 size-large\" src=\"https:\/\/blogsaverroes.juntadeandalucia.es\/cepertrecerosas\/files\/2022\/06\/Captura-de-Pantalla-2022-06-01-a-las-9.59.09-1024x687.png\" alt=\"\" width=\"1024\" height=\"687\" srcset=\"https:\/\/blogsaverroes.juntadeandalucia.es\/cepertrecerosas\/files\/2022\/06\/Captura-de-Pantalla-2022-06-01-a-las-9.59.09-1024x687.png 1024w, https:\/\/blogsaverroes.juntadeandalucia.es\/cepertrecerosas\/files\/2022\/06\/Captura-de-Pantalla-2022-06-01-a-las-9.59.09-300x201.png 300w, https:\/\/blogsaverroes.juntadeandalucia.es\/cepertrecerosas\/files\/2022\/06\/Captura-de-Pantalla-2022-06-01-a-las-9.59.09-768x515.png 768w, https:\/\/blogsaverroes.juntadeandalucia.es\/cepertrecerosas\/files\/2022\/06\/Captura-de-Pantalla-2022-06-01-a-las-9.59.09-1536x1030.png 1536w, https:\/\/blogsaverroes.juntadeandalucia.es\/cepertrecerosas\/files\/2022\/06\/Captura-de-Pantalla-2022-06-01-a-las-9.59.09-2048x1373.png 2048w, https:\/\/blogsaverroes.juntadeandalucia.es\/cepertrecerosas\/files\/2022\/06\/Captura-de-Pantalla-2022-06-01-a-las-9.59.09.png 1600w\" sizes=\"(max-width: 1024px) 100vw, 1024px\" \/><\/a>&nbsp;<\/li>\n<li>Nos aparecer\u00e1n las opciones de autenticaci\u00f3n. Recomendamos que se utilice autenticaci\u00f3n con Cl@ve o Cumplimentaci\u00f3n, que se cumplimente el impreso se imprima y se presente despu\u00e9s en el Centro Educativo en el horario establecido.<a href=\"https:\/\/blogsaverroes.juntadeandalucia.es\/cepertrecerosas\/files\/2022\/06\/Captura-de-Pantalla-2022-06-01-a-las-13.38.36.png\"><img loading=\"lazy\" decoding=\"async\" class=\"alignnone size-large wp-image-4132\" src=\"https:\/\/blogsaverroes.juntadeandalucia.es\/cepertrecerosas\/files\/2022\/06\/Captura-de-Pantalla-2022-06-01-a-las-13.38.36-1024x799.png\" alt=\"\" width=\"1024\" height=\"799\" srcset=\"https:\/\/blogsaverroes.juntadeandalucia.es\/cepertrecerosas\/files\/2022\/06\/Captura-de-Pantalla-2022-06-01-a-las-13.38.36-1024x799.png 1024w, https:\/\/blogsaverroes.juntadeandalucia.es\/cepertrecerosas\/files\/2022\/06\/Captura-de-Pantalla-2022-06-01-a-las-13.38.36-300x234.png 300w, https:\/\/blogsaverroes.juntadeandalucia.es\/cepertrecerosas\/files\/2022\/06\/Captura-de-Pantalla-2022-06-01-a-las-13.38.36-768x600.png 768w, https:\/\/blogsaverroes.juntadeandalucia.es\/cepertrecerosas\/files\/2022\/06\/Captura-de-Pantalla-2022-06-01-a-las-13.38.36-1536x1199.png 1536w, https:\/\/blogsaverroes.juntadeandalucia.es\/cepertrecerosas\/files\/2022\/06\/Captura-de-Pantalla-2022-06-01-a-las-13.38.36-2048x1599.png 2048w, https:\/\/blogsaverroes.juntadeandalucia.es\/cepertrecerosas\/files\/2022\/06\/Captura-de-Pantalla-2022-06-01-a-las-13.38.36.png 1600w\" sizes=\"(max-width: 1024px) 100vw, 1024px\" \/><\/a><\/li>\n<\/ol>\n<\/li>\n<\/ul>\n<p>&nbsp;<\/p>\n<ul>\n<li><strong>DE FORMA PRESENCIAL.&nbsp;<\/strong>Puedes hacerlo de las siguientes formas:<\/li>\n<\/ul>\n<ol>\n<li style=\"list-style-type: none\">\n<ol>\n<li>Imprimiendo los impresos rellenados en tu casa y present\u00e1ndolos directamente en la secretar\u00eda del Centro Educativo en el horario establecido.<\/li>\n<li>Rellenando en el CEPER Trece Rosas, en los ordenadores disponibles y con ayuda del profesorado los impresos, imprimi\u00e9ndolos y present\u00e1ndolos en secretar\u00eda en el horario establecido.<\/li>\n<\/ol>\n<\/li>\n<\/ol>\n<\/td>\n<\/tr>\n<tr style=\"background-color: #f5d689\">\n<td style=\"width: 24.9324%\">\n<h2>ALUMNADO PARA SECUNDARIA<\/h2>\n<\/td>\n<td style=\"width: 75.0676%;text-align: left\">Este alumnado debe tener presente que debe rellenar dos solicitudes:<\/p>\n<ul>\n<li>Matr\u00edcula de Planes Educativos presenciales para personas adultas, y&nbsp;<\/li>\n<li>Admisi\u00f3n Educaci\u00f3n Secundaria Obligatoria para personas adultas (Modalidad Presencial y Semipresencial)<\/li>\n<\/ul>\n<p>En caso de que lo realice de forma manual y presencial debe rellenar los dos impresos autorrellenables, imprimirlos y presentarlos en el Centro Educativo en horario establecido. Estos son:<\/p>\n<p><a href=\"https:\/\/drive.google.com\/file\/d\/1hFUwwOZ728K-RSUAE1xOA4neax_gwRe-\/view?usp=sharing\" target=\"_blank\" rel=\"noopener noreferrer\"><img loading=\"lazy\" decoding=\"async\" class=\"aligncenter wp-image-2865 size-medium\" src=\"https:\/\/blogsaverroes.juntadeandalucia.es\/cepertrecerosas\/files\/2021\/05\/solicitud-13-rosas-300x101.png\" alt=\"\" width=\"300\" height=\"101\" srcset=\"https:\/\/blogsaverroes.juntadeandalucia.es\/cepertrecerosas\/files\/2021\/05\/solicitud-13-rosas-300x101.png 300w, https:\/\/blogsaverroes.juntadeandalucia.es\/cepertrecerosas\/files\/2021\/05\/solicitud-13-rosas-768x257.png 768w, https:\/\/blogsaverroes.juntadeandalucia.es\/cepertrecerosas\/files\/2021\/05\/solicitud-13-rosas-24x8.png 24w, https:\/\/blogsaverroes.juntadeandalucia.es\/cepertrecerosas\/files\/2021\/05\/solicitud-13-rosas-36x12.png 36w, https:\/\/blogsaverroes.juntadeandalucia.es\/cepertrecerosas\/files\/2021\/05\/solicitud-13-rosas-48x16.png 48w, https:\/\/blogsaverroes.juntadeandalucia.es\/cepertrecerosas\/files\/2021\/05\/solicitud-13-rosas.png 961w\" sizes=\"(max-width: 300px) 100vw, 300px\" \/><\/a><\/p>\n<p><a href=\"https:\/\/drive.google.com\/file\/d\/1eRWUAkyNzlmhhIaqqjHgdzinl_hbu-Sy\/view?usp=sharing\" target=\"_blank\" rel=\"noopener noreferrer\"><img loading=\"lazy\" decoding=\"async\" class=\"size-medium wp-image-2866 aligncenter\" src=\"https:\/\/blogsaverroes.juntadeandalucia.es\/cepertrecerosas\/files\/2021\/05\/boton-impreso-Granja-300x101.png\" alt=\"\" width=\"300\" height=\"101\" srcset=\"https:\/\/blogsaverroes.juntadeandalucia.es\/cepertrecerosas\/files\/2021\/05\/boton-impreso-Granja-300x101.png 300w, https:\/\/blogsaverroes.juntadeandalucia.es\/cepertrecerosas\/files\/2021\/05\/boton-impreso-Granja-768x257.png 768w, https:\/\/blogsaverroes.juntadeandalucia.es\/cepertrecerosas\/files\/2021\/05\/boton-impreso-Granja-24x8.png 24w, https:\/\/blogsaverroes.juntadeandalucia.es\/cepertrecerosas\/files\/2021\/05\/boton-impreso-Granja-36x12.png 36w, https:\/\/blogsaverroes.juntadeandalucia.es\/cepertrecerosas\/files\/2021\/05\/boton-impreso-Granja-48x16.png 48w, https:\/\/blogsaverroes.juntadeandalucia.es\/cepertrecerosas\/files\/2021\/05\/boton-impreso-Granja.png 961w\" sizes=\"(max-width: 300px) 100vw, 300px\" \/><\/a><\/td>\n<\/tr>\n<tr>\n<td style=\"width: 24.9324%\">\n<h2 style=\"text-align: center\">HORARIO DE SECRETAR\u00cdA PARA ENTREGA DE SOLICITUDES<\/h2>\n<\/td>\n<td style=\"width: 75.0676%;text-align: left\"><a href=\"https:\/\/blogsaverroes.juntadeandalucia.es\/cepertrecerosas\/files\/2025\/05\/horario-secretaria-entrega-solicitudes.png\"><img loading=\"lazy\" decoding=\"async\" class=\"alignnone size-full wp-image-4748\" src=\"https:\/\/blogsaverroes.juntadeandalucia.es\/cepertrecerosas\/files\/2025\/05\/horario-secretaria-entrega-solicitudes.png\" alt=\"\" width=\"1020\" height=\"604\" srcset=\"https:\/\/blogsaverroes.juntadeandalucia.es\/cepertrecerosas\/files\/2025\/05\/horario-secretaria-entrega-solicitudes.png 1020w, https:\/\/blogsaverroes.juntadeandalucia.es\/cepertrecerosas\/files\/2025\/05\/horario-secretaria-entrega-solicitudes-300x178.png 300w, https:\/\/blogsaverroes.juntadeandalucia.es\/cepertrecerosas\/files\/2025\/05\/horario-secretaria-entrega-solicitudes-768x455.png 768w\" sizes=\"(max-width: 1020px) 100vw, 1020px\" \/><\/a><\/td>\n<\/tr>\n<tr>\n<td style=\"width: 24.9324%\">\n<h2 style=\"text-align: center\">HORARIO DE ATENCI\u00d3N AL P\u00daBLICO PARA CUMPLIMENTACI\u00d3N DE SOLICITUDES<\/h2>\n<\/td>\n<td style=\"width: 75.0676%;text-align: left\"><a href=\"https:\/\/blogsaverroes.juntadeandalucia.es\/cepertrecerosas\/files\/2025\/05\/horario-atencion-publico.png\"><img loading=\"lazy\" decoding=\"async\" class=\"alignnone size-full wp-image-4750\" src=\"https:\/\/blogsaverroes.juntadeandalucia.es\/cepertrecerosas\/files\/2025\/05\/horario-atencion-publico.png\" alt=\"\" width=\"1005\" height=\"637\" srcset=\"https:\/\/blogsaverroes.juntadeandalucia.es\/cepertrecerosas\/files\/2025\/05\/horario-atencion-publico.png 1005w, https:\/\/blogsaverroes.juntadeandalucia.es\/cepertrecerosas\/files\/2025\/05\/horario-atencion-publico-300x190.png 300w, https:\/\/blogsaverroes.juntadeandalucia.es\/cepertrecerosas\/files\/2025\/05\/horario-atencion-publico-768x487.png 768w\" sizes=\"(max-width: 1005px) 100vw, 1005px\" \/><\/a><\/td>\n<\/tr>\n<tr style=\"background-color: #8fcc99\">\n<td style=\"width: 24.9324%\">\n<h2>INFORMACI\u00d3N SOBRE LOS PLANES<\/h2>\n<\/td>\n<td style=\"width: 75.0676%;text-align: left\">\n<ul style=\"list-style-type: circle\">\n<li><em><strong><a class=\"dhtgD aw5Odc\" href=\"https:\/\/drive.google.com\/open?id=1RFKVve9TRgGqV_JD0BLRdDhFkbIS8fTF\" target=\"_blank\" rel=\"noopener noreferrer\">Formaci\u00f3n B\u00e1sica<\/a><\/strong><\/em><\/li>\n<li><em><strong><a class=\"dhtgD aw5Odc\" href=\"https:\/\/drive.google.com\/file\/d\/1ODv9kcvIcoz9opJAhXCOKHZOIaUG8UDI\/view?usp=sharing\" target=\"_blank\" rel=\"noopener noreferrer\">Graduado en Educaci\u00f3n Secundaria para personas adultas.<\/a><\/strong><\/em><\/li>\n<li><em><strong><a class=\"dhtgD aw5Odc\" href=\"https:\/\/drive.google.com\/open?id=1wr90xF2_HfomtvwVuTKRw8xk6mJ8vspY\" target=\"_blank\" rel=\"noopener noreferrer\">Prueba de Acceso al Grado Superior<\/a><\/strong><\/em><\/li>\n<li><em><strong><a class=\"dhtgD aw5Odc\" href=\"https:\/\/drive.google.com\/open?id=15TYkEn_8lZUAghloFJwFYBiUK-t4BYLP\" target=\"_blank\" rel=\"noopener noreferrer\">Ingl\u00e9s B\u00e1sico<\/a><\/strong><\/em><\/li>\n<li><em><strong><a class=\"dhtgD aw5Odc\" href=\"https:\/\/drive.google.com\/open?id=1j9GcEjAvzB7LbSpuem8WEuCaMAMzCY28\" target=\"_blank\" rel=\"noopener noreferrer\">Preparaci\u00f3n al B-1 Ingl\u00e9s<\/a><\/strong><\/em><\/li>\n<li><em><strong><a class=\"dhtgD aw5Odc\" href=\"https:\/\/drive.google.com\/open?id=1j9GcEjAvzB7LbSpuem8WEuCaMAMzCY28\" target=\"_blank\" rel=\"noopener noreferrer\">Franc\u00e9s B\u00e1sico<\/a><\/strong><\/em><\/li>\n<li><em><strong><a class=\"dhtgD aw5Odc\" href=\"https:\/\/drive.google.com\/open?id=1Pxcy2Vob-w8dQKvAzboHP0YyVInnOt_J\" target=\"_blank\" rel=\"noopener noreferrer\">Uso b\u00e1sico de las Tecnolog\u00edas de Informaci\u00f3n y Comunicaci\u00f3n<\/a><\/strong><\/em><\/li>\n<li><em><strong><a class=\"dhtgD aw5Odc\" href=\"https:\/\/drive.google.com\/open?id=1nAx9ZApNTkpI9Nskr5X_e51zwkriLR4m\" target=\"_blank\" rel=\"noopener noreferrer\">Conocimiento y conservaci\u00f3n del Patrimonio Cultural de Andaluc\u00eda y del Medioambiente<\/a><\/strong><\/em><\/li>\n<li><em><strong><a class=\"dhtgD aw5Odc\" href=\"https:\/\/drive.google.com\/open?id=1BVs0JtpaEn_aEnz9p70ac5kB_4dVMR3-\" target=\"_blank\" rel=\"noopener noreferrer\">Adquisici\u00f3n de H\u00e1bitos de Vida Saludable y prevenci\u00f3n de Enfermedades y Riesgos Profesionales<\/a><\/strong><\/em><\/li>\n<li><em><strong><a class=\"dhtgD aw5Odc\" href=\"https:\/\/drive.google.com\/open?id=1BVs0JtpaEn_aEnz9p70ac5kB_4dVMR3-\" target=\"_blank\" rel=\"noopener noreferrer\">Salud-Memoria<\/a><\/strong><\/em><\/li>\n<li><em><strong><a href=\"https:\/\/drive.google.com\/file\/d\/1dYma-bxrRA4CuxH1ngYDX_tCxsmAAR2v\/view\" target=\"_blank\" rel=\"noopener noreferrer\">Fomento Cultura Emprendedora: CREARTES<\/a><\/strong><\/em><\/li>\n<li><em><strong><a href=\"https:\/\/drive.google.com\/file\/d\/1gc7s00m-p52l9mlXT-o8mVYK6jhf0EAE\/view?usp=sharing\" target=\"_blank\" rel=\"noopener\">Fomento Cultura Emprendedora: Huerto Escolar<\/a><\/strong><\/em><\/li>\n<li><em><strong><a href=\"https:\/\/drive.google.com\/file\/d\/1vnlT3-gALoDocKXy3myIVvr75FPrcd3k\/view?usp=sharing\" target=\"_blank\" rel=\"noopener\">Fomento Cultura Emprendedora: Sherry Crush<\/a><\/strong><\/em><\/li>\n<\/ul>\n<p><a href=\"https:\/\/blogsaverroes.juntadeandalucia.es\/cepertrecerosas\/oferta-educativa\/\"><img loading=\"lazy\" decoding=\"async\" class=\"size-medium wp-image-2871 aligncenter\" src=\"https:\/\/blogsaverroes.juntadeandalucia.es\/cepertrecerosas\/files\/2021\/05\/INFORMACION-PLANES-EDUCATIVOS-300x101.png\" alt=\"\" width=\"300\" height=\"101\" srcset=\"https:\/\/blogsaverroes.juntadeandalucia.es\/cepertrecerosas\/files\/2021\/05\/INFORMACION-PLANES-EDUCATIVOS-300x101.png 300w, https:\/\/blogsaverroes.juntadeandalucia.es\/cepertrecerosas\/files\/2021\/05\/INFORMACION-PLANES-EDUCATIVOS-768x257.png 768w, https:\/\/blogsaverroes.juntadeandalucia.es\/cepertrecerosas\/files\/2021\/05\/INFORMACION-PLANES-EDUCATIVOS-24x8.png 24w, https:\/\/blogsaverroes.juntadeandalucia.es\/cepertrecerosas\/files\/2021\/05\/INFORMACION-PLANES-EDUCATIVOS-36x12.png 36w, https:\/\/blogsaverroes.juntadeandalucia.es\/cepertrecerosas\/files\/2021\/05\/INFORMACION-PLANES-EDUCATIVOS-48x16.png 48w, https:\/\/blogsaverroes.juntadeandalucia.es\/cepertrecerosas\/files\/2021\/05\/INFORMACION-PLANES-EDUCATIVOS.png 961w\" sizes=\"(max-width: 300px) 100vw, 300px\" \/><\/a><\/td>\n<\/tr>\n<\/tbody>\n<\/table>\n","protected":false},"excerpt":{"rendered":"<p>PLAZO DE PRESENTACI\u00d3N DE SOLICITUDES Comienza el d\u00eda 1 de junio y finaliza el 15 de junio. (En el supuesto de que existieran plazas&#46;&#46;&#46;<\/p>\n","protected":false},"author":11972,"featured_media":4746,"parent":0,"menu_order":0,"comment_status":"closed","ping_status":"closed","template":"","meta":{"ngg_post_thumbnail":0,"footnotes":"","_mc_calendar":[]},"aioseo_notices":[],"_links":{"self":[{"href":"https:\/\/blogsaverroes.juntadeandalucia.es\/cepertrecerosas\/wp-json\/wp\/v2\/pages\/4126"}],"collection":[{"href":"https:\/\/blogsaverroes.juntadeandalucia.es\/cepertrecerosas\/wp-json\/wp\/v2\/pages"}],"about":[{"href":"https:\/\/blogsaverroes.juntadeandalucia.es\/cepertrecerosas\/wp-json\/wp\/v2\/types\/page"}],"author":[{"embeddable":true,"href":"https:\/\/blogsaverroes.juntadeandalucia.es\/cepertrecerosas\/wp-json\/wp\/v2\/users\/11972"}],"replies":[{"embeddable":true,"href":"https:\/\/blogsaverroes.juntadeandalucia.es\/cepertrecerosas\/wp-json\/wp\/v2\/comments?post=4126"}],"version-history":[{"count":21,"href":"https:\/\/blogsaverroes.juntadeandalucia.es\/cepertrecerosas\/wp-json\/wp\/v2\/pages\/4126\/revisions"}],"predecessor-version":[{"id":4753,"href":"https:\/\/blogsaverroes.juntadeandalucia.es\/cepertrecerosas\/wp-json\/wp\/v2\/pages\/4126\/revisions\/4753"}],"wp:featuredmedia":[{"embeddable":true,"href":"https:\/\/blogsaverroes.juntadeandalucia.es\/cepertrecerosas\/wp-json\/wp\/v2\/media\/4746"}],"wp:attachment":[{"href":"https:\/\/blogsaverroes.juntadeandalucia.es\/cepertrecerosas\/wp-json\/wp\/v2\/media?parent=4126"}],"curies":[{"name":"wp","href":"https:\/\/api.w.org\/{rel}","templated":true}]}}