{"id":82,"date":"2015-03-16T06:59:55","date_gmt":"2015-03-16T06:59:55","guid":{"rendered":"http:\/\/blogsaverroes.juntadeandalucia.es\/pre\/ceip\/?page_id=82"},"modified":"2021-05-08T17:35:57","modified_gmt":"2021-05-08T17:35:57","slug":"horarios","status":"publish","type":"page","link":"https:\/\/blogsaverroes.juntadeandalucia.es\/cepertrecerosas\/horarios\/","title":{"rendered":"Horarios"},"content":{"rendered":"<p><img loading=\"lazy\" decoding=\"async\" class=\"alignnone size-medium wp-image-1675\" src=\"http:\/\/blogsaverroes.juntadeandalucia.es\/temahuemanies\/files\/2015\/03\/horario2-300x211.jpg\" alt=\"horario2\" width=\"300\" height=\"211\" srcset=\"https:\/\/blogsaverroes.juntadeandalucia.es\/cepertrecerosas\/files\/2015\/03\/horario2-300x211.jpg 300w, https:\/\/blogsaverroes.juntadeandalucia.es\/cepertrecerosas\/files\/2015\/03\/horario2.jpg 640w\" sizes=\"(max-width: 300px) 100vw, 300px\" \/><\/p>\n<p>El horario del centro est\u00e1 dividido en dos tramos:<\/p>\n<ul>\n<li>Ma\u00f1ana: 9:00 a 14:00<\/li>\n<li>Tarde: 16:00 a 21:00<\/li>\n<\/ul>\n<p>Cada tutor expondr\u00e1 a sus alumnos los diferentes horarios de cada asignatura, clase y nivel.<\/p>\n","protected":false},"excerpt":{"rendered":"<p>El horario del centro est\u00e1 dividido en dos tramos: Ma\u00f1ana: 9:00 a 14:00 Tarde: 16:00 a 21:00 Cada tutor expondr\u00e1 a sus alumnos los&#46;&#46;&#46;<\/p>\n","protected":false},"author":1,"featured_media":0,"parent":0,"menu_order":0,"comment_status":"open","ping_status":"open","template":"page-templates\/child-menu.php","meta":{"ngg_post_thumbnail":0,"footnotes":"","_mc_calendar":[]},"aioseo_notices":[],"_links":{"self":[{"href":"https:\/\/blogsaverroes.juntadeandalucia.es\/cepertrecerosas\/wp-json\/wp\/v2\/pages\/82"}],"collection":[{"href":"https:\/\/blogsaverroes.juntadeandalucia.es\/cepertrecerosas\/wp-json\/wp\/v2\/pages"}],"about":[{"href":"https:\/\/blogsaverroes.juntadeandalucia.es\/cepertrecerosas\/wp-json\/wp\/v2\/types\/page"}],"author":[{"embeddable":true,"href":"https:\/\/blogsaverroes.juntadeandalucia.es\/cepertrecerosas\/wp-json\/wp\/v2\/users\/1"}],"replies":[{"embeddable":true,"href":"https:\/\/blogsaverroes.juntadeandalucia.es\/cepertrecerosas\/wp-json\/wp\/v2\/comments?post=82"}],"version-history":[{"count":5,"href":"https:\/\/blogsaverroes.juntadeandalucia.es\/cepertrecerosas\/wp-json\/wp\/v2\/pages\/82\/revisions"}],"predecessor-version":[{"id":3082,"href":"https:\/\/blogsaverroes.juntadeandalucia.es\/cepertrecerosas\/wp-json\/wp\/v2\/pages\/82\/revisions\/3082"}],"wp:attachment":[{"href":"https:\/\/blogsaverroes.juntadeandalucia.es\/cepertrecerosas\/wp-json\/wp\/v2\/media?parent=82"}],"curies":[{"name":"wp","href":"https:\/\/api.w.org\/{rel}","templated":true}]}}