{"id":141,"date":"2015-03-17T07:13:24","date_gmt":"2015-03-17T07:13:24","guid":{"rendered":"http:\/\/blogsaverroes.juntadeandalucia.es\/pre\/ceip\/?page_id=141"},"modified":"2025-12-08T15:33:49","modified_gmt":"2025-12-08T15:33:49","slug":"escolarizacion","status":"publish","type":"page","link":"https:\/\/blogsaverroes.juntadeandalucia.es\/cepervalledelguadiato\/escolarizacion\/","title":{"rendered":"Escolarizaci\u00f3n"},"content":{"rendered":"\t\t<div data-elementor-type=\"wp-page\" data-elementor-id=\"141\" class=\"elementor elementor-141\">\n\t\t\t\t\t\t<section class=\"elementor-section elementor-top-section elementor-element elementor-element-a5f6ee3 elementor-section-boxed elementor-section-height-default elementor-section-height-default\" data-id=\"a5f6ee3\" data-element_type=\"section\">\n\t\t\t\t\t\t<div class=\"elementor-container elementor-column-gap-default\">\n\t\t\t\t\t<div class=\"elementor-column elementor-col-100 elementor-top-column elementor-element elementor-element-4fa58016\" data-id=\"4fa58016\" data-element_type=\"column\">\n\t\t\t<div class=\"elementor-widget-wrap elementor-element-populated\">\n\t\t\t\t\t\t<div class=\"elementor-element elementor-element-23a35db elementor-widget elementor-widget-text-editor\" data-id=\"23a35db\" data-element_type=\"widget\" data-widget_type=\"text-editor.default\">\n\t\t\t\t<div class=\"elementor-widget-container\">\n\t\t\t\t\t\t\t\t\t<p>&nbsp;<\/p>\n<p><a href=\"https:\/\/blogsaverroes.juntadeandalucia.es\/cepervalledelguadiato\/files\/2021\/09\/matricula.jpg\"><img fetchpriority=\"high\" decoding=\"async\" class=\"alignnone size-full wp-image-2497\" src=\"https:\/\/blogsaverroes.juntadeandalucia.es\/cepervalledelguadiato\/files\/2021\/09\/matricula.jpg\" alt=\"\" width=\"224\" height=\"225\" srcset=\"https:\/\/blogsaverroes.juntadeandalucia.es\/cepervalledelguadiato\/files\/2021\/09\/matricula.jpg 224w, https:\/\/blogsaverroes.juntadeandalucia.es\/cepervalledelguadiato\/files\/2021\/09\/matricula-150x150.jpg 150w\" sizes=\"(max-width: 224px) 100vw, 224px\" \/><\/a><\/p>\n<header class=\"portlet-topper\">\n<h2 class=\"portlet-title\"><strong><span class=\"portlet-title-text\">Requisitos de acceso<\/span><\/strong><\/h2>\n<menu id=\"portlet-topper-toolbar_ABACO_WEB_WAR_abacoportlet_INSTANCE_3gXKKokRw7qw\" class=\"portlet-topper-toolbar\" type=\"toolbar\"><\/menu>\n<\/header>\n<div class=\"portlet-content\">\n<div class=\" portlet-content-container\">\n<div class=\"portlet-body\">\n<div class=\"contenido_portlet \">\n<div class=\"portlet_web\">\n<div class=\"detalle web\">\n<div class=\"contenido_detalle\">\n<section class=\"cuerpo detalle_html\">\n<div class=\"inner_cuerpo\">\n<p>Para cursar estas ense\u00f1anzas en r\u00e9gimen de&nbsp;<strong>personas adultas<\/strong>&nbsp;debes ser&nbsp;<strong>mayor de dieciocho a\u00f1os<\/strong>&nbsp;o cumplirlos en el a\u00f1o natural en que comience el curso acad\u00e9mico.<\/p>\n<p>De manera&nbsp;<strong>excepcional<\/strong>, tambi\u00e9n puedes acceder a las ense\u00f1anzas de personas adultas si eres mayor de 16 a\u00f1os, o los cumples en el a\u00f1o natural en que comienza el curso acad\u00e9mico, acreditando alguna de estas situaciones:<\/p>\n<ul>\n<li>Ser persona trabajadora por cuenta propia o ajena de manera que no puedas acudir al centro educativo de car\u00e1cter ordinario.<\/li>\n<li>Ser deportista de rendimiento en Andaluc\u00eda o de alto rendimiento o alto nivel.<\/li>\n<li>Encontrarte en situaci\u00f3n personal extraordinaria de enfermedad, discapacidad o cualquier otra situaci\u00f3n que&nbsp; te&nbsp; impida&nbsp; cursar&nbsp; las&nbsp; ense\u00f1anzas&nbsp; en&nbsp; r\u00e9gimen&nbsp; ordinario,&nbsp; quedando&nbsp; incluidas&nbsp; en&nbsp; este&nbsp; supuesto&nbsp; las&nbsp; personas v\u00edctimas de la violencia de g\u00e9nero y las v\u00edctimas de terrorismo, as\u00ed como sus hijos e hijas, y las personas que se encuentren en situaci\u00f3n de dificultad social extrema o riesgo de exclusi\u00f3n.<\/li>\n<li>Estar interna en centros penitenciarios o de menores sujeta a medidas de privaci\u00f3n de libertad por sentencia judicial.<\/li>\n<\/ul>\n<h2 class=\"plazo\"><strong><span class=\"texto\">Plazo<\/span><\/strong><\/h2>\n<div class=\"plazo\">Del&nbsp;<strong><span class=\"fecha-dia\">01<\/span>&nbsp;de&nbsp;<span class=\"fecha-mes\">septiembre<\/span>&nbsp;del&nbsp;<span class=\"fecha-anyo\">2025<\/span>&nbsp;al&nbsp;<span class=\"fecha-dia\">15<\/span>&nbsp;de&nbsp;<span class=\"fecha-mes\">octubre<\/span>&nbsp;del&nbsp;<span class=\"fecha-anyo\">2025<\/span><\/strong><\/div>\n<div class=\"resumen\">No es necesario solicitar admisi\u00f3n<\/div>\n<section class=\"cuerpo detalle_html clearfix\">\n<div class=\"inner_cuerpo\">\n<p>Si quedaran plazas vacantes tras este periodo extraordinario de matriculaci\u00f3n, tienes a\u00fan la posibilidad de solicitar tu plaza en el centro durante el primer trimestre.<\/p>\n<p>&nbsp;<\/p>\n<\/div>\n<\/section>\n<\/div>\n<\/section>\n<\/div>\n<\/div>\n<\/div>\n<\/div>\n<\/div>\n<\/div>\n<\/div>\n<h2 class=\"tituloCajaColorJunta\"><strong>Plazo ordinario<\/strong><\/h2>\n<p>Para cursar planes educativos no es necesario solicitar admisi\u00f3n por lo que directamente podr\u00e1s formalizar tu matricula en el centro.&nbsp;<br>\nSolo podr\u00e1s formalizar tu matr\u00edcula en un \u00fanico centro y, en \u00e9l, solicitar hasta tres planes educativos por orden de preferencia, pudiendo cursar como m\u00e1ximo dos por curso escolar.<\/p>\n<p>Si en el centro no hubiera plazas suficientes para satisfacer toda la demanda, estas se adjudicar\u00e1n en funci\u00f3n de la menor renta anual per c\u00e1pita de la unidad familiar, y se asignar\u00e1n a aquellas personas que no hayan estado matriculadas en cursos anteriores.<\/p>\n<h2 class=\"tituloCajaColorJunta\"><strong>Plazo extraordinario<\/strong><\/h2>\n<p>Si tras el procedimiento ordinario de matr\u00edcula hubiera plazas vacantes, la direcci\u00f3n de los centros&nbsp; docentes p\u00fablicos matricular\u00e1, por orden de llegada, a aquellas personas interesadas que, no habiendo solicitado matr\u00edcula en plazo, cumplan los requisitos.<\/p>\n<header class=\"portlet-topper\">\n<h2 class=\"portlet-title\"><strong><span class=\"portlet-title-text\">Impreso de matriculaci\u00f3n: modalidad presencial<\/span><\/strong><\/h2>\n<menu id=\"portlet-topper-toolbar_ABACO_DOCUMENTOS_WAR_abacoportlet_INSTANCE_0XnMnffVK0w0\" class=\"portlet-topper-toolbar\" type=\"toolbar\"><\/menu>\n<\/header>\n<div class=\"portlet-content\">\n<div class=\" portlet-content-container\">\n<div class=\"portlet-body\">\n<div class=\"contenido_portlet \">\n<div class=\"portlet_documentos\">\n<div class=\"document-list\">\n<div class=\"carpetas\">Aqu\u00ed puedes descargar el impreso para realizar tu matr\u00edcula, debe de ir acompa\u00f1ada de fotocopia del documento nacional de identidad (DNI), NIE O PASASPORTE por ambas caras.<\/div>\n<\/div>\n<\/div>\n<\/div>\n<\/div>\n<\/div>\n<\/div>\n<header class=\"portlet-topper\"><\/header>\n<div class=\"portlet-content\">\n<div class=\" portlet-content-container\">\n<div class=\"portlet-body\">\n<div class=\"contenido_portlet \">\n<div class=\"portlet_web\">\n<div class=\"detalle web\">\n<div class=\"contenido_detalle\">\n<section class=\"cuerpo detalle_html\">\n<div class=\"inner_cuerpo\">\n<p><a href=\"https:\/\/blogsaverroes.juntadeandalucia.es\/cepervalledelguadiato\/files\/2020\/09\/9.-002020-A05-V01-00-SOLICITUD-MATRICULACI\u00d3N-PLANES-EDUC.-PERSONAS-ADULTAS.pdf\">9. 002020-A05-V01-00-SOLICITUD MATRICULACI\u00d3N PLANES EDUC. PERSONAS ADULTAS<\/a><\/p>\n<section class=\"cuerpo detalle_html clearfix\">\n<div class=\"inner_cuerpo\">\n<p>&nbsp;<\/p>\n<\/div>\n<\/section>\n<\/div>\n<\/section>\n<\/div>\n<\/div>\n<\/div>\n<\/div>\n<\/div>\n<\/div>\n<\/div>\t\t\t\t\t\t\t\t<\/div>\n\t\t\t\t<\/div>\n\t\t\t\t\t<\/div>\n\t\t<\/div>\n\t\t\t\t\t<\/div>\n\t\t<\/section>\n\t\t\t\t<\/div>\n\t\t","protected":false},"excerpt":{"rendered":"<p>&nbsp; Requisitos de acceso Para cursar estas ense\u00f1anzas en r\u00e9gimen de&nbsp;personas adultas&nbsp;debes ser&nbsp;mayor de dieciocho a\u00f1os&nbsp;o cumplirlos en el a\u00f1o natural en que comience el curso acad\u00e9mico. De manera&nbsp;excepcional, tambi\u00e9n puedes acceder a las&#46;&#46;&#46;<\/p>\n","protected":false},"author":1,"featured_media":0,"parent":0,"menu_order":0,"comment_status":"closed","ping_status":"open","template":"","meta":{"ngg_post_thumbnail":0,"footnotes":"","_mc_calendar":[]},"aioseo_notices":[],"_links":{"self":[{"href":"https:\/\/blogsaverroes.juntadeandalucia.es\/cepervalledelguadiato\/wp-json\/wp\/v2\/pages\/141"}],"collection":[{"href":"https:\/\/blogsaverroes.juntadeandalucia.es\/cepervalledelguadiato\/wp-json\/wp\/v2\/pages"}],"about":[{"href":"https:\/\/blogsaverroes.juntadeandalucia.es\/cepervalledelguadiato\/wp-json\/wp\/v2\/types\/page"}],"author":[{"embeddable":true,"href":"https:\/\/blogsaverroes.juntadeandalucia.es\/cepervalledelguadiato\/wp-json\/wp\/v2\/users\/1"}],"replies":[{"embeddable":true,"href":"https:\/\/blogsaverroes.juntadeandalucia.es\/cepervalledelguadiato\/wp-json\/wp\/v2\/comments?post=141"}],"version-history":[{"count":13,"href":"https:\/\/blogsaverroes.juntadeandalucia.es\/cepervalledelguadiato\/wp-json\/wp\/v2\/pages\/141\/revisions"}],"predecessor-version":[{"id":2586,"href":"https:\/\/blogsaverroes.juntadeandalucia.es\/cepervalledelguadiato\/wp-json\/wp\/v2\/pages\/141\/revisions\/2586"}],"wp:attachment":[{"href":"https:\/\/blogsaverroes.juntadeandalucia.es\/cepervalledelguadiato\/wp-json\/wp\/v2\/media?parent=141"}],"curies":[{"name":"wp","href":"https:\/\/api.w.org\/{rel}","templated":true}]}}