{"id":2242,"date":"2020-09-14T09:45:55","date_gmt":"2020-09-14T09:45:55","guid":{"rendered":"https:\/\/blogsaverroes.juntadeandalucia.es\/cepervalledelguadiato\/?page_id=2242"},"modified":"2023-01-13T11:30:48","modified_gmt":"2023-01-13T11:30:48","slug":"oferta-educativa","status":"publish","type":"page","link":"https:\/\/blogsaverroes.juntadeandalucia.es\/cepervalledelguadiato\/oferta-educativa\/","title":{"rendered":"Oferta educativa"},"content":{"rendered":"<p>Nuestra oferta educativa no solamente est\u00e1 dirigida a personas mayores que tienen dificultades de lectoescritura, compresi\u00f3n o expresi\u00f3n, sino tambi\u00e9n para todas aquellas personas que tienen inquietud por ampliar tus conocimientos en temas de gran inter\u00e9s hoy en d\u00eda, por tanto ofertamos lo siguiente:<\/p>\n<ul>\n<li><strong>Formaci\u00f3n B\u00e1sica<\/strong> est\u00e1 dirigido a personas con dificultades lectoescritoras o de comprensi\u00f3n y expresi\u00f3n que desean adquirir la formaci\u00f3n necesaria para acceder a la Educaci\u00f3n Secundaria Obligatoria (ESO) para personas adultas, y as\u00ed conseguir el t\u00edtulo correspondiente, o simplemente por el placer adquirir conocimiento. (se imparte en Fuente Obejuna y en todas sus secciones)&nbsp;<\/li>\n<li>&nbsp;<strong>Planes Educativos no formales<\/strong> ya que la participaci\u00f3n en ellos no conlleva la obtenci\u00f3n de ning\u00fan t\u00edtulo. Se imparten exclusivamente en modalidad presencial.\n<ul>\n<li><strong>&nbsp;Preparaci\u00f3n para la obtenci\u00f3n de titulaciones oficiales. <\/strong>Estos planes educativos se ofertan solo en&nbsp;<strong>modalidad presencial<\/strong>. Pueden ser para:\n<ul>\n<li>Preparaci\u00f3n de la prueba para la obtenci\u00f3n del&nbsp;<strong>t\u00edtulo de Graduado en ESO<\/strong> para mayores de 18 a\u00f1os. (Se imparte en Fuente Obejuna y en las secciones de Pe\u00f1arroya, Espiel-Villaharta<\/li>\n<li><strong>Tutor\u00eda de apoyo al estudio<\/strong> para el seguimiento de la modalidad semipresencial en la ESO para personas adultas. ( Se imparte en el centro sede y en las secciones de Belmez y Villanueva del Rey)<\/li>\n<\/ul>\n<\/li>\n<li>El <strong>Fomento de la Ciudadan\u00eda Activa<\/strong>.&nbsp;Este grupo lo forman planes cuya finalidad es la adquisici\u00f3n por parte de las personas participantes de muy diversas capacidades.\n<ul>\n<li>\n<p id=\"consejeria\" class=\"TituloPlegable seccionPlegada\"><strong>Uso b\u00e1sico de un idioma extranjero.&nbsp;<\/strong>Se imparte en Fuente Obejuna y en todas sus secciones.<\/p>\n<\/li>\n<li>\n<p class=\"TituloPlegable seccionDesplegada\"><strong>Uso b\u00e1sico de las Tecnolog\u00edas de Informaci\u00f3n y Comunicaci\u00f3n. <\/strong>Permitir\u00e1 la incorporaci\u00f3n de las personas adultas de la sociedad del conocimiento. As\u00ed, podr\u00e1n tener acceso a la informaci\u00f3n digital y hacer uso adecuado de esta. Se imparte en Fuente Obejuna y en las secciones de Pe\u00f1arroya y Villanueva del Rey.<\/p>\n<\/li>\n<li>\n<p class=\"TituloPlegable seccionDesplegada\"><strong>Conocimiento y conservaci\u00f3n del Patrimonio cultural de Andaluc\u00eda y del Medioambiente. <\/strong>Conocer, comprender y valorar el medio en el que vive el ser humano es el primer paso para que este adopte estrategias que conduzcan hacia una conservaci\u00f3n del rico patrimonio cultural y natural de Andaluc\u00eda. Se imparte en Fuente Obejuna.<\/p>\n<\/li>\n<\/ul>\n<\/li>\n<\/ul>\n<\/li>\n<\/ul>\n","protected":false},"excerpt":{"rendered":"<p>Nuestra oferta educativa no solamente est\u00e1 dirigida a personas mayores que tienen dificultades de lectoescritura, compresi\u00f3n o expresi\u00f3n, sino tambi\u00e9n para todas aquellas personas que tienen inquietud por ampliar tus conocimientos en temas de&#46;&#46;&#46;<\/p>\n","protected":false},"author":10539,"featured_media":0,"parent":0,"menu_order":0,"comment_status":"closed","ping_status":"closed","template":"","meta":{"ngg_post_thumbnail":0,"footnotes":"","_mc_calendar":[]},"aioseo_notices":[],"_links":{"self":[{"href":"https:\/\/blogsaverroes.juntadeandalucia.es\/cepervalledelguadiato\/wp-json\/wp\/v2\/pages\/2242"}],"collection":[{"href":"https:\/\/blogsaverroes.juntadeandalucia.es\/cepervalledelguadiato\/wp-json\/wp\/v2\/pages"}],"about":[{"href":"https:\/\/blogsaverroes.juntadeandalucia.es\/cepervalledelguadiato\/wp-json\/wp\/v2\/types\/page"}],"author":[{"embeddable":true,"href":"https:\/\/blogsaverroes.juntadeandalucia.es\/cepervalledelguadiato\/wp-json\/wp\/v2\/users\/10539"}],"replies":[{"embeddable":true,"href":"https:\/\/blogsaverroes.juntadeandalucia.es\/cepervalledelguadiato\/wp-json\/wp\/v2\/comments?post=2242"}],"version-history":[{"count":5,"href":"https:\/\/blogsaverroes.juntadeandalucia.es\/cepervalledelguadiato\/wp-json\/wp\/v2\/pages\/2242\/revisions"}],"predecessor-version":[{"id":2544,"href":"https:\/\/blogsaverroes.juntadeandalucia.es\/cepervalledelguadiato\/wp-json\/wp\/v2\/pages\/2242\/revisions\/2544"}],"wp:attachment":[{"href":"https:\/\/blogsaverroes.juntadeandalucia.es\/cepervalledelguadiato\/wp-json\/wp\/v2\/media?parent=2242"}],"curies":[{"name":"wp","href":"https:\/\/api.w.org\/{rel}","templated":true}]}}