{"id":100,"date":"2020-11-24T12:08:32","date_gmt":"2020-11-24T11:08:32","guid":{"rendered":"https:\/\/blogsaverroes.juntadeandalucia.es\/ceperventurarodriguez\/?page_id=100"},"modified":"2025-02-17T19:47:08","modified_gmt":"2025-02-17T18:47:08","slug":"horarios","status":"publish","type":"page","link":"https:\/\/blogsaverroes.juntadeandalucia.es\/ceperventurarodriguez\/centro\/horarios\/","title":{"rendered":"Secretar\u00eda"},"content":{"rendered":"<hr>\n<p style=\"text-align: center\"><span style=\"font-size: 24pt;color: #808000;font-family: 'book antiqua', palatino, serif\"><strong><span style=\"color: #008080\">ADMISI\u00d3N Y MATRICULACI\u00d3N<\/span>&nbsp;<\/strong><\/span><\/p>\n<p>&nbsp;<\/p>\n<p style=\"text-align: justify\" data-adtags-visited=\"true\"><span style=\"font-size: 14pt;font-family: 'book antiqua', palatino, serif\">La admisi\u00f3n y matriculaci\u00f3n en nuestro centro se solicita dentro de los siguientes plazos:<\/span><\/p>\n<ul style=\"text-align: justify\">\n<li><span style=\"font-size: 14pt;font-family: 'book antiqua', palatino, serif\">Plazo ordinario de preinscripci\u00f3n y matriculaci\u00f3n:&nbsp;<strong>Desde al 1 al 15 de junio.<\/strong><\/span><\/li>\n<li><span style=\"font-size: 14pt;font-family: 'book antiqua', palatino, serif\">Plazo extraordinario de matriculaci\u00f3n (si quedaran plazas libres):&nbsp;<strong>Desde el 1 al 15 de septiembre<\/strong><\/span><\/li>\n<li><span style=\"font-size: 14pt;font-family: 'book antiqua', palatino, serif\">Plazo adicional: En caso de que siguieran quedando plazas libres seguir\u00edamos admitiendo nuevas matriculaciones&nbsp;<strong>hasta final del primer trimestre<\/strong> (22 de diciembre).&nbsp;<\/span><\/li>\n<\/ul>\n<p>&nbsp;<\/p>\n<p style=\"text-align: justify\" data-adtags-visited=\"true\"><span style=\"font-size: 14pt;font-family: 'book antiqua', palatino, serif\">La admisi\u00f3n en la ense\u00f1anza de <strong>INGL\u00c9S<\/strong> modalidad semipresencial TAE para la obtenci\u00f3n de las titulaci\u00f3n de nivel b\u00e1sico (A1,A2 y B1) con la <strong>EOI de Loja<\/strong> se solicita entre <strong>1 y el 15 de mayo<\/strong>. Consulta el procedimiento<span style=\"color: #33cccc\"><strong><a style=\"color: #33cccc\" href=\"http:\/\/portal.eoiloja.es\/index.php\/informacion\/secretaria\/matriculacion\"> aqu\u00ed. <\/a><\/strong><\/span>El resto de ense\u00f1anzas de ingl\u00e9s se solicitan en los plazos mencionados anteriormente.<\/span><\/p>\n<p data-adtags-visited=\"true\">&nbsp;<\/p>\n<div class=\"teads-inread sm-screen\">\n<p style=\"text-align: justify\" data-adtags-visited=\"true\"><span style=\"font-size: 14pt;font-family: 'book antiqua', palatino, serif\">Las clases son&nbsp;<strong>TOTALMENTE GRATUITAS.&nbsp;<\/strong>NO hay que pagar ning\u00fan importe de matr\u00edcula ni mensualidad&nbsp; (salvo las personas matriculadas en los grupos de ingl\u00e9s semipresencial nivel b\u00e1sico (A1, A2 y B1) que est\u00e9n interesadas en realizar el examen oficial para la obtenci\u00f3n del certificado,&nbsp; en ese caso tendr\u00e1n que abonar las tasas acad\u00e9micas de la Escuela Oficial de Idiomas, no obstante, las personas que no est\u00e9n interesadas en la realizaci\u00f3n de dicho examen no tendr\u00e1n que abonar ning\u00fan importe en ninguno de los niveles de ingl\u00e9s ni del resto de ense\u00f1anzas.<\/span><\/p>\n<p data-adtags-visited=\"true\">&nbsp;<\/p>\n<h2><span style=\"color: #808000;font-size: 14pt\"><strong>DOCUMENTACI\u00d3N A ENTREGAR<\/strong><\/span><\/h2>\n<p style=\"text-align: justify\" data-adtags-visited=\"true\"><span style=\"font-size: 14pt;font-family: 'book antiqua', palatino, serif\">Para proceder con la matriculaci\u00f3n se ha de entregar la siguiente documentaci\u00f3n en horario de atenci\u00f3n al p\u00fablico:<\/span><\/p>\n<ul style=\"text-align: justify\">\n<li><span style=\"font-size: 14pt;font-family: 'book antiqua', palatino, serif\">Impreso de matriculaci\u00f3n relleno por duplicado (<a href=\"https:\/\/www.juntadeandalucia.es\/educacion\/portals\/delegate\/content\/914c384d-bfc2-48d2-b261-22143134dc35\/Impreso%20matr%C3%ADcula.%20Planes%20educativos%20modalidad%20presencial.\"><span style=\"color: #993366\"><strong>Impreso<\/strong><\/span>)<\/a> (Tambi\u00e9n le ser\u00e1 facilitado en el momento de la matriculaci\u00f3n)<\/span><\/li>\n<li><span style=\"font-size: 14pt;font-family: 'book antiqua', palatino, serif\">Fotocopia del DNI<\/span><\/li>\n<li><span style=\"font-size: 14pt;font-family: 'book antiqua', palatino, serif\">Fotograf\u00eda tama\u00f1o carn\u00e9<\/span><\/li>\n<\/ul>\n<p><a href=\"https:\/\/www.juntadeandalucia.es\/educacion\/portals\/web\/educacion-permanente\/planes\/requisitos\">https:\/\/www.juntadeandalucia.es\/educacion\/portals\/web\/educacion-permanente\/planes\/requisitos<\/a><\/p>\n<p style=\"text-align: justify\" data-adtags-visited=\"true\"><span style=\"font-size: 14pt;font-family: 'book antiqua', palatino, serif\">Para la matriculaci\u00f3n en el grupo de <strong>Graduado de secundaria<\/strong>&nbsp;modalidad semipresencial se deber\u00e1 aportar:<\/span><\/p>\n<ul>\n<li style=\"text-align: justify\"><span style=\"font-size: 14pt;font-family: 'book antiqua', palatino, serif\">Dos fotocopias del DNI<\/span><\/li>\n<li style=\"text-align: justify\"><span style=\"font-size: 14pt;font-family: 'book antiqua', palatino, serif\">Dos fotos de carn\u00e9.<\/span><\/li>\n<\/ul>\n<p data-adtags-visited=\"true\">&nbsp;<\/p>\n<\/div>\n<p>&nbsp;<\/p>\n","protected":false},"excerpt":{"rendered":"<p>ADMISI\u00d3N Y MATRICULACI\u00d3N&nbsp; &nbsp; La admisi\u00f3n y matriculaci\u00f3n en nuestro centro se solicita dentro de los&#46;&#46;&#46;<\/p>\n","protected":false},"author":9547,"featured_media":0,"parent":111,"menu_order":2,"comment_status":"closed","ping_status":"closed","template":"","meta":{"ngg_post_thumbnail":0,"footnotes":""},"aioseo_notices":[],"_links":{"self":[{"href":"https:\/\/blogsaverroes.juntadeandalucia.es\/ceperventurarodriguez\/wp-json\/wp\/v2\/pages\/100"}],"collection":[{"href":"https:\/\/blogsaverroes.juntadeandalucia.es\/ceperventurarodriguez\/wp-json\/wp\/v2\/pages"}],"about":[{"href":"https:\/\/blogsaverroes.juntadeandalucia.es\/ceperventurarodriguez\/wp-json\/wp\/v2\/types\/page"}],"author":[{"embeddable":true,"href":"https:\/\/blogsaverroes.juntadeandalucia.es\/ceperventurarodriguez\/wp-json\/wp\/v2\/users\/9547"}],"replies":[{"embeddable":true,"href":"https:\/\/blogsaverroes.juntadeandalucia.es\/ceperventurarodriguez\/wp-json\/wp\/v2\/comments?post=100"}],"version-history":[{"count":28,"href":"https:\/\/blogsaverroes.juntadeandalucia.es\/ceperventurarodriguez\/wp-json\/wp\/v2\/pages\/100\/revisions"}],"predecessor-version":[{"id":3896,"href":"https:\/\/blogsaverroes.juntadeandalucia.es\/ceperventurarodriguez\/wp-json\/wp\/v2\/pages\/100\/revisions\/3896"}],"up":[{"embeddable":true,"href":"https:\/\/blogsaverroes.juntadeandalucia.es\/ceperventurarodriguez\/wp-json\/wp\/v2\/pages\/111"}],"wp:attachment":[{"href":"https:\/\/blogsaverroes.juntadeandalucia.es\/ceperventurarodriguez\/wp-json\/wp\/v2\/media?parent=100"}],"curies":[{"name":"wp","href":"https:\/\/api.w.org\/{rel}","templated":true}]}}