{"id":1833,"date":"2021-03-18T10:22:26","date_gmt":"2021-03-18T09:22:26","guid":{"rendered":"https:\/\/blogsaverroes.juntadeandalucia.es\/ceperventurarodriguez\/?page_id=1833"},"modified":"2026-04-10T11:18:54","modified_gmt":"2026-04-10T09:18:54","slug":"pruebas-libres","status":"publish","type":"page","link":"https:\/\/blogsaverroes.juntadeandalucia.es\/ceperventurarodriguez\/pruebas-libres\/","title":{"rendered":"PRUEBAS LIBRES"},"content":{"rendered":"<p><img loading=\"lazy\" decoding=\"async\" class=\" wp-image-3777 aligncenter\" src=\"https:\/\/blogsaverroes.juntadeandalucia.es\/ceperventurarodriguez\/files\/2025\/02\/p-l.jpeg\" alt=\"\" width=\"733\" height=\"121\" srcset=\"https:\/\/blogsaverroes.juntadeandalucia.es\/ceperventurarodriguez\/files\/2025\/02\/p-l.jpeg 551w, https:\/\/blogsaverroes.juntadeandalucia.es\/ceperventurarodriguez\/files\/2025\/02\/p-l-300x50.jpeg 300w\" sizes=\"(max-width: 733px) 100vw, 733px\" \/><\/p>\n<p><span style=\"color: #993366;font-size: 14pt\"><strong><a style=\"color: #993366\" href=\"https:\/\/portals.ced.junta-andalucia.es\/educacion\/portals\/web\/formacion-profesional-andaluza\/quiero-formarme\/pruebas-y-procedimientos\/pruebas-obtencion-titulos\">PRUEBAS LIBRES<\/a><\/strong><\/span><\/p>\n<ul style=\"list-style-type: circle\">\n<li><span style=\"font-size: 14pt;color: #808000\"><strong><a style=\"color: #808000\" href=\"https:\/\/www.juntadeandalucia.es\/educacion\/portales\/web\/formacion-profesional-andaluza\/que-estudiar\/pruebas-obtencion-titulos\"><span style=\"font-size: 12pt\">CONVOCATORIA &#8211; 25\/26<\/span><\/a><\/strong><\/span><\/li>\n<li><span style=\"color: #808000\"><strong><span style=\"font-size: 14pt\"><a style=\"color: #808000\" href=\"https:\/\/www.juntadeandalucia.es\/boja\/2026\/66\/4\">Boja_Pruebas libres_2026<\/a><\/span><\/strong><\/span><\/li>\n<\/ul>\n<hr>\n<p><span style=\"color: #993300;font-size: 14pt\"><strong>CONVALIDACIONES<\/strong><\/span><\/p>\n<ul style=\"list-style-type: circle\">\n<li><span style=\"color: #993366;font-size: 12pt\"><strong><a style=\"color: #993366\" href=\"https:\/\/www.todofp.es\/convalidaciones-equivalencias-homologaciones\/convalidaciones\/normativa-de-apoyo.html\">Informaci\u00f3n 1<\/a><\/strong><\/span><\/li>\n<li><span style=\"color: #993300;font-size: 12pt\"><strong><a href=\"https:\/\/www.juntadeandalucia.es\/educacion\/gestionafp\/documentacion\/Informacion_tutorial\/15_qu_documentacin_debo_enviar_al_centro.html\"><span style=\"color: #993366\">Informaci\u00f3n<\/span> <span style=\"color: #993366\">2<\/span><\/a><\/strong><\/span><\/li>\n<\/ul>\n<hr>\n<table style=\"border-collapse: collapse;width: 100%\">\n<tbody>\n<tr>\n<td style=\"width: 100%\">\n<div>\n<div>\n<div class=\"separator\" style=\"text-align: center\"><strong><span style=\"color: #ff0000\"><span style=\"font-size: 12pt\">INFORMACI\u00d3N GENERAL PRUEBAS LIBRES DE FP EN ESPA\u00d1A:<\/span>&nbsp;<\/span><\/strong><\/div>\n<div class=\"separator\" style=\"text-align: center\"><span style=\"color: #ff0000\"><span style=\"color: #3366ff\"><a style=\"color: #3366ff\" href=\"https:\/\/www.todofp.es\/como-cuando-y-donde-estudiar\/acceso-fp-desde-fp\/pruebas-obtencion-directa.html\">https:\/\/www.todofp.es\/como-cuando-y-donde-estudiar\/acceso-fp-desde-fp\/pruebas-obtencion-directa.html<\/a><\/span><\/span><\/div>\n<\/div>\n<\/div>\n<div style=\"text-align: left\"><b>&nbsp;<\/b><\/div>\n<div style=\"text-align: left\"><b>&nbsp;<\/b><\/div>\n<div style=\"text-align: center\"><span style=\"text-decoration: underline;color: #008080;font-size: 18pt\"><b>PRUEBAS LIBRES DE T\u00cdTULOS FP EN ANDALUC\u00cdA 2024-25<\/b><\/span><\/div>\n<div style=\"text-align: left\">&nbsp;<\/div>\n<div style=\"text-align: left\">\n<div><b>Se han convocado pruebas<\/b>&nbsp; para la obtenci\u00f3n de t\u00edtulos de FP de Grado Medido (GM) y Grado Superior (GS).&nbsp;&nbsp;<\/div>\n<div>&nbsp;<\/div>\n<div><b><span style=\"color: #ff6600;font-size: 14pt\">Oferta de t\u00edtulos&nbsp; y centros:<\/span><span style=\"color: #0000ff\">&nbsp;<a style=\"color: #0000ff\" href=\"https:\/\/www.juntadeandalucia.es\/educacion\/secretariavirtual\/consulta\/oferta-centros-pot\/2023\/\">OFERTA<\/a><\/span><\/b><\/div>\n<div><b>&nbsp;<\/b><\/div>\n<div><span style=\"color: #ff6600\"><b>1.- Plazo de inscripci\u00f3n<\/b>:<\/span> <span style=\"font-size: 14pt\"><strong>09<\/strong><b> ABRIL- 22 ABRIL 2026<\/b><\/span>. Se cumplimenta en la secretar\u00eda virtual de la Junta de Andaluc\u00eda. Se presenta preferentemente online con certificado digital. Tambi\u00e9n se puede presentar en la secretar\u00eda del centro donde se realizan las pruebas.<\/div>\n<div>&nbsp;<\/div>\n<div>\n<div><span style=\"color: #ff6600\"><b>2.- Enlace a la solicitud<\/b>:<\/span>&nbsp;<span style=\"color: #0000ff\"><a style=\"color: #0000ff\" href=\"https:\/\/secretariavirtual.juntadeandalucia.es\/secretariavirtual\/accesoTramite\/262\/\">https:\/\/www.juntadeandalucia.es\/educacion\/secretariavirtual\/accesoTramite\/262\/<\/a><\/span><\/div>\n<\/div>\n<\/div>\n<div style=\"text-align: left\">&nbsp;<\/div>\n<div style=\"text-align: left\"><span style=\"color: #ff6600\"><b>3.-<\/b> <b>Informaci\u00f3n general<\/b><\/span> y seguimiento del proceso en la web de la Junta de Andaluc\u00eda (criterios de evaluaci\u00f3n, calendario de pruebas, consulta de notas&#8230;):<span style=\"color: #0000ff\"> <a style=\"color: #0000ff\" href=\"https:\/\/www.juntadeandalucia.es\/educacion\/portales\/web\/formacion-profesional-andaluza\/que-estudiar\/pruebas-obtencion-titulos\/que-son-y-cuando-se-convocan\">http:\/\/www.juntadeandalucia.es\/educacion\/portals\/web\/formacion-profesional-andaluza\/quiero-formarme\/pruebas-y-procedimientos\/pruebas-obtencion-titulos<\/a><\/span><\/div>\n<div style=\"text-align: left\">&nbsp;<\/div>\n<div style=\"text-align: left\">\n<div><span style=\"color: #ff6600\"><b>4.- Convocatoria <\/b><\/span><b><span style=\"color: #ff6600\">2025<\/span>&nbsp;<\/b>(IMPORTANTE porque recoge detalles de requisitos, fechas, organizaci\u00f3n, etc.):<span style=\"color: #0000ff\">&nbsp;&nbsp;<a style=\"color: #0000ff\" href=\"https:\/\/portales.ced.junta-andalucia.es\/educacion\/portales\/web\/educacion\/w\/orden-de-25-de-marzo-de-2025-por-la-que-se-convocan-las-pruebas-para-la-obtencion-de-titulo-de-tecnico-y-tecnico-superior-de-ciclos-formativos-de-formacion-profesional-del-sistema-educativo-para-el-curso-2024\/2025\">ORDEN 25 MARZO 2025<\/a><\/span><\/div>\n<div>&nbsp;<\/div>\n<\/div>\n<div>\n<div style=\"text-align: left\">\n<div>&nbsp;<\/div>\n<div><span style=\"color: #008080\"><strong>No hay material espec\u00edfico para preparar las pruebas.&nbsp; Se pueden utilizar diversos libros para elaborar los temas, pero teniendo en cuenta que&nbsp;los contenidos de los libros no siempre se ajustan exactamente al temario oficial del Ciclo Formativo.<\/strong><\/span>&nbsp;<\/div>\n<div>\n<div>&nbsp;<\/div>\n<\/div>\n<\/div>\n<div style=\"text-align: left\"><span style=\"color: #ff6600\"><b>5.- Calendario general 2025<\/b>:<\/span><span style=\"color: #0000ff\"><a style=\"color: #0000ff\" href=\"https:\/\/portals.ced.junta-andalucia.es\/educacion\/portals\/web\/formacion-profesional-andaluza\/quiero-formarme\/pruebas-y-procedimientos\/pruebas-obtencion-titulos\/calendario2025\">CALENDARIO<\/a><\/span><\/div>\n<div style=\"text-align: left\">\n<div>&nbsp;<\/div>\n<div><span style=\"color: #ff6600\"><b>6.- Listados:<\/b><\/span><\/div>\n<div>&#8211; <strong>Provisionales<\/strong>:. Un mes despu\u00e9s de la finalizaci\u00f3n del plazo de solicitud:<span style=\"color: #ff6600\"><strong>(5 Mayo)<\/strong><\/span> <span style=\"color: #0000ff\"><a style=\"color: #0000ff\" href=\"https:\/\/www.juntadeandalucia.es\/educacion\/secretariavirtual\/accesoConsultas\/1645\/\">CONSULTA<\/a><\/span>&nbsp;Se podr\u00e1 reclamar en los 5 d\u00edas siguientes.<\/div>\n<div>&#8211; <strong>Definitivos<\/strong> y lugar de realizaci\u00f3n de ex\u00e1menes:&nbsp;tres d\u00edas despu\u00e9s del plazo de reclamaci\u00f3n: <span style=\"color: #ff6600\"><strong>(15 Mayo)<\/strong><\/span>.<span style=\"color: #0000ff\"><a style=\"color: #0000ff\" href=\"https:\/\/www.juntadeandalucia.es\/educacion\/secretariavirtual\/accesoConsultas\/1647\/\">CONSULTA<\/a><\/span><\/div>\n<\/div>\n<div style=\"text-align: left\">&nbsp;<\/div>\n<div style=\"text-align: left\"><span style=\"color: #ff6600\"><b>7<\/b>.-<\/span><b><span style=\"color: #ff6600\">&nbsp;Acto de presentaci\u00f3n OBLIGATORIO<\/span> previo a la realizaci\u00f3n de las pruebas.<\/b>&nbsp;<b>Podr\u00e1 ser telem\u00e1tico o presencial.&nbsp;<\/b><\/div>\n<div style=\"text-align: left\"><b>&#8211; TELEM\u00c1TICO CON CERTIFICADO DIGITAL:&nbsp;<\/b>Disponible en la Secretar\u00eda virtual de la Junta de Andaluc\u00eda los d\u00edas&nbsp; <span style=\"color: #ff6600\"><strong>(19-20 Mayo) <a title=\"AQU\u00cd\" href=\"https:\/\/www.juntadeandalucia.es\/educacion\/secretariavirtual\/accesoTramite\/552\/\"><span style=\"color: #0000ff\">AQU\u00cd<\/span><\/a><\/strong><\/span>. M\u00e1s informaci\u00f3n y tutorial pinchando <span style=\"color: #0000ff\"><a style=\"color: #0000ff\" href=\"https:\/\/www.hurtadodemendoza.es\/wp-content\/uploads\/2021\/04\/Tutorial-Acto-de-Presentacion-Telematico.pdf\">AQU\u00cd<\/a><\/span><\/div>\n<div style=\"text-align: left\"><b><b>&#8211; PRESENCIAL: <\/b><\/b><span style=\"font-family: inherit;font-size: inherit\">Hay que identificarse con DNI, pasaporte o tarjeta de extranjer\u00eda (con fotograf\u00eda). En el Centro Educativo, el d\u00eda <\/span><strong style=\"font-family: inherit;font-size: inherit\"><em>21 de MAYO de 16.30-18.00 Horas<\/em><\/strong><\/div>\n<\/div>\n<div>&nbsp;<\/div>\n<div>\n<div style=\"text-align: left\">\n<div><span style=\"color: #ff6600\"><b>8.- <\/b><\/span><b><span style=\"color: #ff6600\">Calendario de las Pruebas: <\/span><\/b><span style=\"color: #ff6600\"><span style=\"color: #000000\">del <strong>26 de mayo<\/strong> al <strong>13 de junio<\/strong> 2025. Cada centro elige su calendario y turnos.<\/span><\/span><\/div>\n<div>&nbsp;<\/div>\n<\/div>\n<div>\n<table style=\"border-collapse: collapse;width: 100%;height: 80px\">\n<tbody>\n<tr style=\"height: 28px\">\n<td style=\"width: 100%;height: 28px\"><span style=\"font-size: 14pt\"><strong><span style=\"color: #008080\">Cuidados<\/span><span style=\"color: #008080\"><strong> A<\/strong>uxiliares de Enfermer\u00eda<\/span><\/strong><\/span><span style=\"color: #0000ff\"><strong><span style=\"color: #008080;font-size: 14pt\">&nbsp;<\/span>(<a style=\"color: #0000ff\" href=\"https:\/\/cpifpaynadamar.es\/wp-content\/uploads\/2025\/05\/Calendario-CAE-2025-1.pdf\"><em>calendario<\/em><\/a>)<\/strong><\/span><\/td>\n<\/tr>\n<tr style=\"height: 28px\">\n<td style=\"width: 100%;height: 28px\"><strong><span style=\"color: #008080;font-size: 14pt\">Cocina y Gastronom\u00eda<\/span>&nbsp;<span style=\"color: #0000ff\"><em><a style=\"color: #0000ff\" href=\"https:\/\/www.hurtadodemendoza.es\/pruebas-libres\/\">(calendario<\/a><\/em>)<\/span><\/strong><\/td>\n<\/tr>\n<tr style=\"height: 24px\">\n<td style=\"width: 100%;height: 24px\"><strong><span style=\"color: #008080;font-size: 14pt\">Emergencias Sanitarias<\/span>&nbsp;<span style=\"color: #0000ff\">(<a style=\"color: #0000ff\" href=\"https:\/\/iesjuandearejula.com\/wp-content\/uploads\/2025\/05\/Calendario-EMSA-25.pdf\"><em>calendario<\/em><\/a>)<\/span><\/strong><\/td>\n<\/tr>\n<\/tbody>\n<\/table>\n<\/div>\n<div style=\"text-align: left\">\n<div>&nbsp;<\/div>\n<div><b><span style=\"color: #ff6600\">9.- Recomendaciones <\/span><\/b>de ex\u00e1menes:&nbsp;<\/div>\n<\/div>\n<div style=\"text-align: left\">El usuario y contrase\u00f1a de cada participante para acceder a los ex\u00e1menes es el mismo de iPasen o iAnde. Si no lo tiene lo puede solicitar adjuntando copia del DNI.<\/div>\n<div style=\"text-align: left\">&nbsp;<\/div>\n<div style=\"text-align: left\">Para el simulacro debe usar su usuario y contrase\u00f1a m\u00e1s el c\u00f3digo del simulacro que es el mismo para todos los usuarios y se publica en la web del centro junto con el acceso al simulacro.<\/div>\n<div style=\"text-align: left\">&nbsp;<\/div>\n<div style=\"text-align: left\">En el acto de presentaci\u00f3n presencial se proporcionar\u00e1 usuario y contrase\u00f1a a los alumnos que no lo tengan.<\/div>\n<div style=\"text-align: left\">&nbsp;<\/div>\n<div style=\"text-align: left\"><span style=\"color: #ff6600\"><b>10.- Calificaciones<\/b>:<\/span> <strong>20 junio<\/strong>. <span style=\"color: #0000ff\"><a style=\"color: #0000ff\" href=\"https:\/\/www.juntadeandalucia.es\/educacion\/secretariavirtual\/accesoConsultas\/1429\/\">CONSULTA<\/a><\/span><\/div>\n<div style=\"text-align: left\">Periodo de reclamaciones: 23-25 junio<\/div>\n<div style=\"text-align: left\">Descarga de certificados: 27 junio<\/div>\n<div style=\"text-align: left\">&nbsp;<\/div>\n<div style=\"text-align: left\"><span style=\"color: #ff6600\"><b>11.- Descarga de certificaci\u00f3n de m\u00f3dulos superados: <\/b><\/span>17 de junio<\/div>\n<div style=\"text-align: left\"><a href=\"https:\/\/www.juntadeandalucia.es\/educacion\/secretariavirtual\/accesoConsultas\/1650\/\"><span style=\"color: #0000ff\">https:\/\/www.juntadeandalucia.es\/educacion\/secretariavirtual\/accesoConsultas\/1650\/<\/span><\/a><\/div>\n<div style=\"text-align: left\"><span style=\"color: #0000ff\"><a style=\"color: #0000ff\" href=\"https:\/\/www.juntadeandalucia.es\/educacion\/secretariavirtual\/accesoConsultas\/1651\/\">https:\/\/www.juntadeandalucia.es\/educacion\/secretariavirtual\/accesoConsultas\/1651\/<\/a><\/span><\/div>\n<\/div>\n<p>&nbsp;<\/td>\n<\/tr>\n<\/tbody>\n<\/table>\n<hr>\n<table style=\"width: 100%;border-collapse: collapse;background-color: #3c805e\">\n<tbody>\n<tr>\n<td style=\"width: 995.6px;text-align: center\"><span style=\"font-size: 18pt;color: #ffffff\"><strong>&nbsp; OFERTA GRADOS MEDIOS&nbsp;&nbsp;<\/strong><\/span><\/td>\n<\/tr>\n<\/tbody>\n<\/table>\n<hr>\n<p><span style=\"font-size: 24pt;font-family: georgia, palatino, serif\"><strong><span style=\"color: #008080\"><a href=\"https:\/\/blogsaverroes.juntadeandalucia.es\/ceperventurarodriguez\/files\/2023\/03\/fp-tecnico-medio-en-emergencias-sanitarias2.jpg\"><img loading=\"lazy\" decoding=\"async\" class=\"wp-image-3041 alignnone\" src=\"https:\/\/blogsaverroes.juntadeandalucia.es\/ceperventurarodriguez\/files\/2023\/03\/fp-tecnico-medio-en-emergencias-sanitarias2.jpg\" alt=\"\" width=\"97\" height=\"54\" srcset=\"https:\/\/blogsaverroes.juntadeandalucia.es\/ceperventurarodriguez\/files\/2023\/03\/fp-tecnico-medio-en-emergencias-sanitarias2.jpg 1400w, https:\/\/blogsaverroes.juntadeandalucia.es\/ceperventurarodriguez\/files\/2023\/03\/fp-tecnico-medio-en-emergencias-sanitarias2-300x169.jpg 300w, https:\/\/blogsaverroes.juntadeandalucia.es\/ceperventurarodriguez\/files\/2023\/03\/fp-tecnico-medio-en-emergencias-sanitarias2-1024x576.jpg 1024w, https:\/\/blogsaverroes.juntadeandalucia.es\/ceperventurarodriguez\/files\/2023\/03\/fp-tecnico-medio-en-emergencias-sanitarias2-768x432.jpg 768w\" sizes=\"(max-width: 97px) 100vw, 97px\" \/> <\/a><span style=\"font-size: 14pt\"><a style=\"color: #008080\" href=\"https:\/\/blogsaverroes.juntadeandalucia.es\/ceperventurarodriguez\/05-02-2021-orden-18-01-2021-convocatoria-de-las-pruebas-tapsd\/\">T\u00e9cnico Emergencias Sanitarias&nbsp; (TES)<\/a><\/span><\/span><\/strong><\/span><\/p>\n<hr>\n<p><span style=\"font-size: 24pt;font-family: georgia, palatino, serif\"><strong><span style=\"color: #008080\"><a href=\"https:\/\/blogsaverroes.juntadeandalucia.es\/ceperventurarodriguez\/files\/2022\/09\/images-ENFE-1.jpg\"><img loading=\"lazy\" decoding=\"async\" class=\"wp-image-2842 alignnone\" src=\"https:\/\/blogsaverroes.juntadeandalucia.es\/ceperventurarodriguez\/files\/2022\/09\/images-ENFE-1.jpg\" alt=\"\" width=\"97\" height=\"54\"> <\/a><span style=\"font-size: 14pt\"><a style=\"color: #008080\" href=\"https:\/\/blogsaverroes.juntadeandalucia.es\/ceperventurarodriguez\/23-03-2021\/\">T\u00e9cnico Cuidados Auxiliares Enfermer\u00eda&nbsp; (TCAE)<\/a><\/span><\/span><\/strong><\/span><\/p>\n<hr>\n<p><span style=\"color: #008080\"><strong><span style=\"font-size: 24pt\"><a href=\"https:\/\/blogsaverroes.juntadeandalucia.es\/ceperventurarodriguez\/files\/2022\/09\/images-COCINA.jpg\"><img loading=\"lazy\" decoding=\"async\" class=\"wp-image-2826 alignnone\" src=\"https:\/\/blogsaverroes.juntadeandalucia.es\/ceperventurarodriguez\/files\/2022\/09\/images-COCINA.jpg\" alt=\"\" width=\"77\" height=\"77\" srcset=\"https:\/\/blogsaverroes.juntadeandalucia.es\/ceperventurarodriguez\/files\/2022\/09\/images-COCINA.jpg 225w, https:\/\/blogsaverroes.juntadeandalucia.es\/ceperventurarodriguez\/files\/2022\/09\/images-COCINA-80x80.jpg 80w\" sizes=\"(max-width: 77px) 100vw, 77px\" \/> <\/a><span style=\"font-size: 14pt\"><a style=\"color: #008080\" href=\"https:\/\/blogsaverroes.juntadeandalucia.es\/ceperventurarodriguez\/tecnico-en-cocina-y-gastronomia-2\/\">T\u00e9cnico Cocina y Gastronom\u00eda<\/a><\/span><\/span><\/strong><\/span><\/p>\n<hr>\n<p>&nbsp;<\/p>\n<p style=\"text-align: center\"><span style=\"font-size: 18pt;color: #008080\"><strong>Video Pruebas Libres<\/strong><\/span><\/p>\n<div style=\"width: 854px;\" class=\"wp-video\"><!--[if lt IE 9]><script>document.createElement('video');<\/script><![endif]-->\n<video class=\"wp-video-shortcode\" id=\"video-1833-1\" width=\"854\" height=\"480\" preload=\"metadata\" controls=\"controls\"><source type=\"video\/mp4\" src=\"https:\/\/blogsaverroes.juntadeandalucia.es\/ceperventurarodriguez\/files\/2023\/06\/pruebas-libres-fp.mp4?_=1\" \/><a href=\"https:\/\/blogsaverroes.juntadeandalucia.es\/ceperventurarodriguez\/files\/2023\/06\/pruebas-libres-fp.mp4\">https:\/\/blogsaverroes.juntadeandalucia.es\/ceperventurarodriguez\/files\/2023\/06\/pruebas-libres-fp.mp4<\/a><\/video><\/div>\n<p>&nbsp;<\/p>\n<p>&nbsp;<\/p>\n<div>\n<div>&nbsp;<\/div>\n<\/div>\n<div>\n<div>\n<div style=\"text-align: left\">&nbsp;<\/div>\n<div>&nbsp;<\/div>\n<\/div>\n<\/div>\n","protected":false},"excerpt":{"rendered":"<p>PRUEBAS LIBRES CONVOCATORIA &#8211; 25\/26 Boja_Pruebas libres_2026 CONVALIDACIONES Informaci\u00f3n 1 Informaci\u00f3n 2 INFORMACI\u00d3N GENERAL PRUEBAS LIBRES&#46;&#46;&#46;<\/p>\n","protected":false},"author":9547,"featured_media":0,"parent":0,"menu_order":4,"comment_status":"closed","ping_status":"closed","template":"","meta":{"ngg_post_thumbnail":0,"footnotes":""},"aioseo_notices":[],"_links":{"self":[{"href":"https:\/\/blogsaverroes.juntadeandalucia.es\/ceperventurarodriguez\/wp-json\/wp\/v2\/pages\/1833"}],"collection":[{"href":"https:\/\/blogsaverroes.juntadeandalucia.es\/ceperventurarodriguez\/wp-json\/wp\/v2\/pages"}],"about":[{"href":"https:\/\/blogsaverroes.juntadeandalucia.es\/ceperventurarodriguez\/wp-json\/wp\/v2\/types\/page"}],"author":[{"embeddable":true,"href":"https:\/\/blogsaverroes.juntadeandalucia.es\/ceperventurarodriguez\/wp-json\/wp\/v2\/users\/9547"}],"replies":[{"embeddable":true,"href":"https:\/\/blogsaverroes.juntadeandalucia.es\/ceperventurarodriguez\/wp-json\/wp\/v2\/comments?post=1833"}],"version-history":[{"count":135,"href":"https:\/\/blogsaverroes.juntadeandalucia.es\/ceperventurarodriguez\/wp-json\/wp\/v2\/pages\/1833\/revisions"}],"predecessor-version":[{"id":4327,"href":"https:\/\/blogsaverroes.juntadeandalucia.es\/ceperventurarodriguez\/wp-json\/wp\/v2\/pages\/1833\/revisions\/4327"}],"wp:attachment":[{"href":"https:\/\/blogsaverroes.juntadeandalucia.es\/ceperventurarodriguez\/wp-json\/wp\/v2\/media?parent=1833"}],"curies":[{"name":"wp","href":"https:\/\/api.w.org\/{rel}","templated":true}]}}