{"id":244,"date":"2021-01-19T11:32:03","date_gmt":"2021-01-19T10:32:03","guid":{"rendered":"https:\/\/blogsaverroes.juntadeandalucia.es\/ceperventurarodriguez\/?page_id=244"},"modified":"2025-05-05T12:35:20","modified_gmt":"2025-05-05T10:35:20","slug":"inicio","status":"publish","type":"page","link":"https:\/\/blogsaverroes.juntadeandalucia.es\/ceperventurarodriguez\/inicio\/","title":{"rendered":"NOVEDADES"},"content":{"rendered":"<hr>\n<p><img loading=\"lazy\" decoding=\"async\" class=\"size-full wp-image-3854 aligncenter\" src=\"https:\/\/blogsaverroes.juntadeandalucia.es\/ceperventurarodriguez\/files\/2025\/02\/images73.png\" alt=\"\" width=\"465\" height=\"81\" srcset=\"https:\/\/blogsaverroes.juntadeandalucia.es\/ceperventurarodriguez\/files\/2025\/02\/images73.png 465w, https:\/\/blogsaverroes.juntadeandalucia.es\/ceperventurarodriguez\/files\/2025\/02\/images73-300x52.png 300w\" sizes=\"(max-width: 465px) 100vw, 465px\" \/><\/p>\n<table style=\"width: 100%;border-collapse: collapse;background-color: #3f839e\">\n<tbody>\n<tr>\n<td style=\"width: 100%;text-align: center\"><span style=\"font-size: 14pt;color: #ffffff\"><strong>MAYO<\/strong><\/span><\/td>\n<\/tr>\n<\/tbody>\n<\/table>\n<ul>\n<li><span style=\"color: #993366\"><strong>5 de MAYO de 2025 &#8211; <\/strong><span style=\"color: #008080\"><a style=\"color: #008080\" href=\"https:\/\/portals.ced.junta-andalucia.es\/educacion\/portals\/web\/formacion-profesional-andaluza\/quiero-formarme\/pruebas-y-procedimientos\/pruebas-obtencion-titulos\/procedimiento\">Procedimiento &#8211; Pruebas de obtenci\u00f3n de t\u00edtulo de T\u00e9cnico y T\u00e9cnico Superior de FP (Convocatoria 2025)<\/a><\/span><\/span><\/li>\n<\/ul>\n<table style=\"width: 100%;border-collapse: collapse;background-color: #3f839e\">\n<tbody>\n<tr>\n<td style=\"width: 997.2px;text-align: center\"><span style=\"color: #ffffff;font-size: 14pt\"><strong>ABRIL<\/strong><\/span><\/td>\n<\/tr>\n<\/tbody>\n<\/table>\n<ul style=\"list-style-type: circle\">\n<li><span style=\"color: #993366\"><strong>1 de abril de 2025 &#8211;&nbsp;<\/strong><span style=\"color: #008080\"><a style=\"color: #008080\" href=\"https:\/\/portals.ced.junta-andalucia.es\/educacion\/portals\/web\/formacion-profesional-andaluza\/quiero-formarme\/pruebas-y-procedimientos\/pruebas-obtencion-titulos\/procedimiento\">Procedimiento &#8211; Pruebas de obtenci\u00f3n de t\u00edtulo de T\u00e9cnico y T\u00e9cnico Superior de FP (Convocatoria 2025)<\/a><\/span><\/span><\/li>\n<\/ul>\n<table style=\"width: 100%;border-collapse: collapse;background-color: #3f839e\">\n<tbody>\n<tr>\n<td style=\"width: 100%;text-align: center\"><strong><span style=\"color: #000000;font-size: 14pt\">MARZO<\/span><\/strong><\/td>\n<\/tr>\n<\/tbody>\n<\/table>\n<div class=\"inner-item novedad\">\n<div class=\"contenido_titulo\">\n<div class=\"wrapper_fecha\">\n<ul style=\"list-style-type: circle\">\n<li><span style=\"color: #993366\"><strong>18 de marzo de 2025<\/strong><\/span> &#8211;<span style=\"color: #008080\"><a style=\"color: #008080\" href=\"https:\/\/www.juntadeandalucia.es\/educacion\/secretariavirtual\/accesoConsultas\/2145\/\"> Prueba para la obtenci\u00f3n del T\u00edtulo de Graduado en Educaci\u00f3n Secundaria Obligatoria para personas mayores de 18 a\u00f1os (primera convocatoria). Admisi\u00f3n definitiva.<\/a><\/span><\/li>\n<\/ul>\n<hr>\n<ul>\n<li class=\"fecha fecha_novedad\" style=\"text-align: left\"><span style=\"color: #993366\"><strong><span class=\"fecha-dia\">04<\/span>&nbsp;de&nbsp;<span class=\"fecha-mes\">marzo<\/span>&nbsp;de&nbsp;<span class=\"fecha-anyo\">2025<\/span>&nbsp; &nbsp;&#8211;<\/strong><\/span> &nbsp;<span style=\"color: #008080\"><a style=\"color: #008080\" title=\"Publicado el listado provisional de solicitudes admitidas y excluidas en las Pruebas para la obtenci\u00f3n del t\u00edtulo de Graduado en ESO para personas mayores de 18 a\u00f1os\" href=\"https:\/\/www.juntadeandalucia.es\/educacion\/secretariavirtual\/accesoConsultas\/2107\/\" target=\"_blank\" rel=\"noopener\">Publicado el listado provisional de solicitudes admitidas y excluidas en las Pruebas para la obtenci\u00f3n del t\u00edtulo de Graduado en ESO para personas mayores de 18 a\u00f1os<\/a><\/span><\/li>\n<\/ul>\n<\/div>\n<\/div>\n<\/div>\n<table style=\"width: 100%;border-collapse: collapse;background-color: #3f839e\">\n<tbody>\n<tr>\n<td style=\"width: 1202.56px;text-align: center\"><span style=\"font-size: 14pt;color: #000000\"><strong>FEBRERO<\/strong><\/span><\/td>\n<\/tr>\n<\/tbody>\n<\/table>\n<ul>\n<li><a href=\"https:\/\/www.juntadeandalucia.es\/educacion\/secretariavirtual\/accesoTramite\/798\/\"><span style=\"color: #993366\"><strong>BECA 2\u00aa OPORTUNIDAD<\/strong> &#8211;&nbsp;<strong>(<\/strong><\/span><span style=\"color: #008080\"><strong><span style=\"color: #993366\">B.A.S.O)<\/span><\/strong> (Plazo hasta el 27 Febrero)<\/span><\/a><\/li>\n<\/ul>\n<hr>\n<hr>\n<p><a href=\"https:\/\/blogsaverroes.juntadeandalucia.es\/ceperventurarodriguez\/centro\/horarios\/\"><img loading=\"lazy\" decoding=\"async\" class=\"wp-image-3779 aligncenter\" src=\"https:\/\/blogsaverroes.juntadeandalucia.es\/ceperventurarodriguez\/files\/2025\/02\/matricula.jpeg\" alt=\"\" width=\"203\" height=\"135\"><\/a><\/p>\n<hr>\n<hr>\n<p style=\"text-align: center\"><span style=\"font-size: 24pt;color: #008080\"><strong><span style=\"font-family: 'book antiqua', palatino, serif\">Video Promocional<\/span><\/strong><\/span><\/p>\n<p><iframe class=\"wp-embedded-content\" sandbox=\"allow-scripts\" security=\"restricted\" title=\"PROMOCIONAL 2\" frameborder='0' width='1200' height='675' src='https:\/\/view.genially.com\/628779572090a600116c04fc#?secret=0MRjn9Nq4x' data-secret='0MRjn9Nq4x' scrolling='yes'><\/iframe><\/p>\n<p>&nbsp;<\/p>\n<hr>\n<p style=\"text-align: center\"><strong>ENLACES DE INTER\u00c9S<\/strong><\/p>\n<table style=\"width: 100%;border-collapse: collapse;background-color: #c5ede1\">\n<tbody>\n<tr>\n<td style=\"width: 25%;text-align: center\"><span style=\"font-size: 12pt\"><span style=\"text-decoration: underline\"><span style=\"color: #808000;text-decoration: underline\"><strong><a style=\"color: #808000;text-decoration: underline\" href=\"https:\/\/www.iesamericocastro.com\/\"><span style=\"font-size: 10pt\">I.E.S. Am\u00e9rico Castro<\/span>&nbsp;<\/a><\/strong><\/span><\/span><\/span><\/td>\n<td style=\"width: 25%;text-align: center\"><span style=\"font-size: 12pt\"><span style=\"color: #808000\"><strong><a style=\"color: #808000\" href=\"https:\/\/cpifpaynadamar.es\/\"><span style=\"font-size: 10pt\">I.E.S. Aynadamar<\/span><\/a><\/strong><\/span><\/span><\/td>\n<td style=\"width: 25%;text-align: center\"><span style=\"font-size: 10pt\"><span style=\"color: #808000\"><strong><a style=\"color: #808000;text-decoration: underline\" href=\"https:\/\/www.hurtadodemendoza.es\/\">I.E.S. Hurtado&nbsp; de&nbsp; Mendoza<\/a><\/strong><\/span><\/span><\/td>\n<td style=\"width: 25%;text-align: center\"><span style=\"font-size: 10pt\"><span style=\"text-decoration: underline\"><span style=\"color: #808000;text-decoration: underline\"><strong><a style=\"color: #808000;text-decoration: underline\" href=\"https:\/\/iesjuandearejula.com\/\">I.E.S. Juan de Ar\u00e9jula<\/a><\/strong><\/span><\/span><\/span><\/td>\n<\/tr>\n<tr>\n<td style=\"width: 25%;text-align: center\"><span style=\"font-size: 12pt\"><span style=\"text-decoration: underline\"><span style=\"color: #808000;text-decoration: underline\">&nbsp;<\/span><\/span><\/span><\/td>\n<td style=\"width: 25%;text-align: center\"><span style=\"font-size: 10pt\"><span style=\"text-decoration: underline\"><span style=\"color: #808000;text-decoration: underline\"><strong><a style=\"color: #808000;text-decoration: underline\" href=\"http:\/\/portal.eoiloja.es\/\">E.O.I. Loja<\/a><\/strong><\/span><\/span><\/span><\/td>\n<td style=\"width: 25%;text-align: center\"><span style=\"font-size: 10pt\"><strong><span style=\"text-decoration: underline\"><span style=\"color: #808000;text-decoration: underline\"><a style=\"color: #808000;text-decoration: underline\" href=\"https:\/\/www.facebook.com\/patrimoniodemontefrio\/\">Patrimonio &#8211; Montefr\u00edo<\/a><\/span><\/span><\/strong><\/span><\/td>\n<td style=\"width: 25%;text-align: center\">&nbsp;<\/td>\n<\/tr>\n<tr>\n<td style=\"width: 25%\">&nbsp;<\/td>\n<td style=\"width: 25%\">&nbsp;<\/td>\n<td style=\"width: 25%\">&nbsp;<\/td>\n<td style=\"width: 25%\">&nbsp;<\/td>\n<\/tr>\n<\/tbody>\n<\/table>\n<hr>\n<p style=\"text-align: center\"><a href=\"https:\/\/blogsaverroes.juntadeandalucia.es\/ceperventurarodriguez\/files\/2022\/02\/Banner-tres-logos.jpg\"><img loading=\"lazy\" decoding=\"async\" class=\" wp-image-2568 aligncenter\" src=\"https:\/\/blogsaverroes.juntadeandalucia.es\/ceperventurarodriguez\/files\/2022\/02\/Banner-tres-logos.jpg\" alt=\"\" width=\"833\" height=\"140\" srcset=\"https:\/\/blogsaverroes.juntadeandalucia.es\/ceperventurarodriguez\/files\/2022\/02\/Banner-tres-logos.jpg 1175w, https:\/\/blogsaverroes.juntadeandalucia.es\/ceperventurarodriguez\/files\/2022\/02\/Banner-tres-logos-300x51.jpg 300w, https:\/\/blogsaverroes.juntadeandalucia.es\/ceperventurarodriguez\/files\/2022\/02\/Banner-tres-logos-1024x173.jpg 1024w, https:\/\/blogsaverroes.juntadeandalucia.es\/ceperventurarodriguez\/files\/2022\/02\/Banner-tres-logos-768x129.jpg 768w\" sizes=\"(max-width: 833px) 100vw, 833px\" \/><\/a><\/p>\n<p>&nbsp;<\/p>\n<hr>\n<p data-wp-editing=\"1\">&nbsp;<\/p>\n<p>&nbsp;<\/p>\n","protected":false},"excerpt":{"rendered":"<p>MAYO 5 de MAYO de 2025 &#8211; Procedimiento &#8211; Pruebas de obtenci\u00f3n de t\u00edtulo de T\u00e9cnico&#46;&#46;&#46;<\/p>\n","protected":false},"author":9547,"featured_media":0,"parent":0,"menu_order":1,"comment_status":"closed","ping_status":"closed","template":"","meta":{"ngg_post_thumbnail":0,"footnotes":""},"aioseo_notices":[],"_links":{"self":[{"href":"https:\/\/blogsaverroes.juntadeandalucia.es\/ceperventurarodriguez\/wp-json\/wp\/v2\/pages\/244"}],"collection":[{"href":"https:\/\/blogsaverroes.juntadeandalucia.es\/ceperventurarodriguez\/wp-json\/wp\/v2\/pages"}],"about":[{"href":"https:\/\/blogsaverroes.juntadeandalucia.es\/ceperventurarodriguez\/wp-json\/wp\/v2\/types\/page"}],"author":[{"embeddable":true,"href":"https:\/\/blogsaverroes.juntadeandalucia.es\/ceperventurarodriguez\/wp-json\/wp\/v2\/users\/9547"}],"replies":[{"embeddable":true,"href":"https:\/\/blogsaverroes.juntadeandalucia.es\/ceperventurarodriguez\/wp-json\/wp\/v2\/comments?post=244"}],"version-history":[{"count":257,"href":"https:\/\/blogsaverroes.juntadeandalucia.es\/ceperventurarodriguez\/wp-json\/wp\/v2\/pages\/244\/revisions"}],"predecessor-version":[{"id":2139,"href":"https:\/\/blogsaverroes.juntadeandalucia.es\/ceperventurarodriguez\/wp-json\/wp\/v2\/pages\/244\/revisions\/2139"}],"wp:attachment":[{"href":"https:\/\/blogsaverroes.juntadeandalucia.es\/ceperventurarodriguez\/wp-json\/wp\/v2\/media?parent=244"}],"curies":[{"name":"wp","href":"https:\/\/api.w.org\/{rel}","templated":true}]}}