{"id":268,"date":"2021-01-20T18:20:17","date_gmt":"2021-01-20T17:20:17","guid":{"rendered":"https:\/\/blogsaverroes.juntadeandalucia.es\/ceperventurarodriguez\/?page_id=268"},"modified":"2026-02-10T13:42:00","modified_gmt":"2026-02-10T12:42:00","slug":"oferta-educativa","status":"publish","type":"page","link":"https:\/\/blogsaverroes.juntadeandalucia.es\/ceperventurarodriguez\/oferta-educativa\/","title":{"rendered":"OFERTA EDUCATIVA"},"content":{"rendered":"<p>&nbsp;<\/p>\n<p style=\"text-align: center\"><span style=\"color: #993366;font-size: 24pt\"><strong><a style=\"color: #993366\" href=\"https:\/\/view.genial.ly\/628779572090a600116c04fc\/presentation-promocional-2\">VIDEO PROMOCIONAL<\/a><\/strong><\/span><\/p>\n<p>&nbsp;<\/p>\n<p style=\"text-align: center\"><span style=\"font-size: 14pt;color: #008000\"><em><strong>T\u00cdTULO DE GRADUADO EN SECUNDARIA<\/strong><\/em><\/span><\/p>\n<p style=\"text-align: center\">Consigue tu t\u00edtulo oficial en un solo curso<\/p>\n<p style=\"text-align: center\"><span style=\"color: #008000\"><em><strong><span style=\"font-size: 14pt\">INGL\u00c9S \u2013 B\u00e1sico, A2, B1 y Comercial<\/span><\/strong><\/em><\/span><\/p>\n<p style=\"text-align: center\">Aprende Ingl\u00e9s para trabajar, para viajar, para estudiar&#8230;<\/p>\n<p style=\"text-align: center\"><span style=\"font-size: 14pt;color: #008000\"><em><strong>INFORM\u00c1TICA,&nbsp; INTERNET&nbsp; Y&nbsp; USO DE M\u00d3VIL<\/strong><\/em><\/span><\/p>\n<p style=\"text-align: center\">Aprende a utilizar el ordenador y actual\u00edzate con los \u00faltimos programas. (Diferentes niveles)<\/p>\n<p style=\"text-align: center\"><em><span style=\"font-size: 14pt;color: #008000\"><strong>INTERCULTURALIDAD<\/strong><\/span><\/em><\/p>\n<p style=\"text-align: center\">Te ayudamos a aprender nuestro idioma para poder desarrollarte en el \u00e1mbito social y laboral<\/p>\n<p style=\"text-align: center\"><em><strong><span style=\"font-size: 14pt;color: #008000\">PATRIMONIO CULTURAL Y MEDIO AMBIENTE<\/span><\/strong><\/em><\/p>\n<p style=\"text-align: center\">Conoce tu entorno m\u00e1s pr\u00f3ximo a trav\u00e9s de actividades diversas: viajes, visitas, excursiones, talleres\u2026<\/p>\n<p style=\"text-align: center\"><em><strong><span style=\"color: #008000;font-size: 14pt\">CULTURA EMPRENDEDORA<\/span><\/strong><\/em><\/p>\n<p style=\"text-align: center\">Apuesta clara por la innovaci\u00f3n, la creatividad, la responsabilidad y el emprendimiento.<\/p>\n<p style=\"text-align: center\"><span style=\"font-size: 14pt;color: #008000\"><em><strong>H\u00c1BITOS DE VIDA SALUDABLE<\/strong><\/em><\/span><\/p>\n<p style=\"text-align: center\">Participa en actividades que te ayudar\u00e1n a&nbsp;mantener tu salud.<\/p>\n<p style=\"text-align: center\"><em><strong><span style=\"color: #008000;font-size: 14pt\">&nbsp; &nbsp;OTROS PLANES<\/span><\/strong><\/em><\/p>\n<p style=\"text-align: center\"><em><strong><u>T\u00c9CNICO&nbsp; AUXILIAR DE ENFERMER\u00cdA.<\/u><\/strong><\/em><\/p>\n<p style=\"text-align: center\"><em><strong><u>T\u00c9CNICO EN COCINA Y GASTRONOM\u00cdA<\/u><\/strong><\/em><\/p>\n<p style=\"text-align: center\"><em><strong><u>T\u00c9CNICO EN EMERGENCIAS SANITARIAS<\/u><\/strong><\/em><\/p>\n<p><img loading=\"lazy\" decoding=\"async\" class=\"alignleft size-full wp-image-4193\" src=\"https:\/\/blogsaverroes.juntadeandalucia.es\/ceperventurarodriguez\/files\/2026\/02\/OFERTA-EDUCATIVA-ALGARINEJO.png\" alt=\"\" width=\"1587\" height=\"2245\" srcset=\"https:\/\/blogsaverroes.juntadeandalucia.es\/ceperventurarodriguez\/files\/2026\/02\/OFERTA-EDUCATIVA-ALGARINEJO.png 1587w, https:\/\/blogsaverroes.juntadeandalucia.es\/ceperventurarodriguez\/files\/2026\/02\/OFERTA-EDUCATIVA-ALGARINEJO-212x300.png 212w, https:\/\/blogsaverroes.juntadeandalucia.es\/ceperventurarodriguez\/files\/2026\/02\/OFERTA-EDUCATIVA-ALGARINEJO-724x1024.png 724w, https:\/\/blogsaverroes.juntadeandalucia.es\/ceperventurarodriguez\/files\/2026\/02\/OFERTA-EDUCATIVA-ALGARINEJO-768x1086.png 768w, https:\/\/blogsaverroes.juntadeandalucia.es\/ceperventurarodriguez\/files\/2026\/02\/OFERTA-EDUCATIVA-ALGARINEJO-1086x1536.png 1086w, https:\/\/blogsaverroes.juntadeandalucia.es\/ceperventurarodriguez\/files\/2026\/02\/OFERTA-EDUCATIVA-ALGARINEJO-1448x2048.png 1448w\" sizes=\"(max-width: 1587px) 100vw, 1587px\" \/><\/p>\n<p><img loading=\"lazy\" decoding=\"async\" class=\"alignleft size-full wp-image-4191\" src=\"https:\/\/blogsaverroes.juntadeandalucia.es\/ceperventurarodriguez\/files\/2026\/02\/OFERTA-EDUCATIVA-25-26.png\" alt=\"\" width=\"1587\" height=\"2245\" srcset=\"https:\/\/blogsaverroes.juntadeandalucia.es\/ceperventurarodriguez\/files\/2026\/02\/OFERTA-EDUCATIVA-25-26.png 1587w, https:\/\/blogsaverroes.juntadeandalucia.es\/ceperventurarodriguez\/files\/2026\/02\/OFERTA-EDUCATIVA-25-26-212x300.png 212w, https:\/\/blogsaverroes.juntadeandalucia.es\/ceperventurarodriguez\/files\/2026\/02\/OFERTA-EDUCATIVA-25-26-724x1024.png 724w, https:\/\/blogsaverroes.juntadeandalucia.es\/ceperventurarodriguez\/files\/2026\/02\/OFERTA-EDUCATIVA-25-26-768x1086.png 768w, https:\/\/blogsaverroes.juntadeandalucia.es\/ceperventurarodriguez\/files\/2026\/02\/OFERTA-EDUCATIVA-25-26-1086x1536.png 1086w, https:\/\/blogsaverroes.juntadeandalucia.es\/ceperventurarodriguez\/files\/2026\/02\/OFERTA-EDUCATIVA-25-26-1448x2048.png 1448w\" sizes=\"(max-width: 1587px) 100vw, 1587px\" \/><\/p>\n","protected":false},"excerpt":{"rendered":"<p>&nbsp; VIDEO PROMOCIONAL &nbsp; T\u00cdTULO DE GRADUADO EN SECUNDARIA Consigue tu t\u00edtulo oficial en un solo&#46;&#46;&#46;<\/p>\n","protected":false},"author":9547,"featured_media":0,"parent":0,"menu_order":3,"comment_status":"closed","ping_status":"closed","template":"","meta":{"ngg_post_thumbnail":0,"footnotes":""},"aioseo_notices":[],"_links":{"self":[{"href":"https:\/\/blogsaverroes.juntadeandalucia.es\/ceperventurarodriguez\/wp-json\/wp\/v2\/pages\/268"}],"collection":[{"href":"https:\/\/blogsaverroes.juntadeandalucia.es\/ceperventurarodriguez\/wp-json\/wp\/v2\/pages"}],"about":[{"href":"https:\/\/blogsaverroes.juntadeandalucia.es\/ceperventurarodriguez\/wp-json\/wp\/v2\/types\/page"}],"author":[{"embeddable":true,"href":"https:\/\/blogsaverroes.juntadeandalucia.es\/ceperventurarodriguez\/wp-json\/wp\/v2\/users\/9547"}],"replies":[{"embeddable":true,"href":"https:\/\/blogsaverroes.juntadeandalucia.es\/ceperventurarodriguez\/wp-json\/wp\/v2\/comments?post=268"}],"version-history":[{"count":39,"href":"https:\/\/blogsaverroes.juntadeandalucia.es\/ceperventurarodriguez\/wp-json\/wp\/v2\/pages\/268\/revisions"}],"predecessor-version":[{"id":4195,"href":"https:\/\/blogsaverroes.juntadeandalucia.es\/ceperventurarodriguez\/wp-json\/wp\/v2\/pages\/268\/revisions\/4195"}],"wp:attachment":[{"href":"https:\/\/blogsaverroes.juntadeandalucia.es\/ceperventurarodriguez\/wp-json\/wp\/v2\/media?parent=268"}],"curies":[{"name":"wp","href":"https:\/\/api.w.org\/{rel}","templated":true}]}}