{"id":455,"date":"2021-02-16T12:52:27","date_gmt":"2021-02-16T11:52:27","guid":{"rendered":"https:\/\/blogsaverroes.juntadeandalucia.es\/ceperventurarodriguez\/?page_id=455"},"modified":"2021-03-23T12:24:30","modified_gmt":"2021-03-23T11:24:30","slug":"ingles","status":"publish","type":"page","link":"https:\/\/blogsaverroes.juntadeandalucia.es\/ceperventurarodriguez\/planes-educativos\/ingles\/","title":{"rendered":"Ingl\u00e9s"},"content":{"rendered":"<header class=\"entry-header\">\n<h1 class=\"entry-title\"><strong style=\"font-family: 'book antiqua', palatino, serif;font-size: 14pt;text-align: justify\"><a href=\"https:\/\/blogsaverroes.juntadeandalucia.es\/ceperventurarodriguez\/files\/2021\/03\/descarga-4-1.jpg\"><img loading=\"lazy\" decoding=\"async\" class=\"alignleft wp-image-1954\" src=\"https:\/\/blogsaverroes.juntadeandalucia.es\/ceperventurarodriguez\/files\/2021\/03\/descarga-4-1-80x80.jpg\" alt=\"\" width=\"252\" height=\"252\" srcset=\"https:\/\/blogsaverroes.juntadeandalucia.es\/ceperventurarodriguez\/files\/2021\/03\/descarga-4-1-80x80.jpg 80w, https:\/\/blogsaverroes.juntadeandalucia.es\/ceperventurarodriguez\/files\/2021\/03\/descarga-4-1.jpg 225w\" sizes=\"(max-width: 252px) 100vw, 252px\" \/><\/a>PLAN DE USO B\u00c1SICO DE INGL\u00c9S<\/strong><\/h1>\n<\/header>\n<div class=\"entry-content\">\n<p style=\"text-align: justify\" data-adtags-visited=\"true\"><span style=\"font-family: 'book antiqua', palatino, serif;font-size: 14pt\">Se oferta el&nbsp;<strong>plan de uso b\u00e1sico de ingl\u00e9s,<\/strong> perteneciente a los planes educativos no formales para el fomento de la ciudadan\u00eda activa, en el cual se proporciona al alumnado un conocimiento b\u00e1sico del idioma. Para un mejor funcionamiento y aprovechamiento de las clases, clasificamos al alumnado en distintos niveles. En la actualidad, impartimos el nivel de iniciaci\u00f3n al que llamamos A0 y los niveles A1, A2 y B1 y adem\u00e1s contamos con un grupo especifico de ingl\u00e9s comercial,&nbsp; como respuesta a la demanda de los comerciantes de la zona.<\/span><\/p>\n<p data-adtags-visited=\"true\"><a href=\"http:\/\/www.juntadeandalucia.es\/educacion\/permanente\/materiales\/index.php?etapa=7\">http:\/\/CREA http:\/\/www.juntadeandalucia.es\/educacion\/permanente\/materiales\/index.php?etapa=7<\/a><\/p>\n<p style=\"text-align: justify\" data-adtags-visited=\"true\">&nbsp;<\/p>\n<hr>\n<h2 style=\"text-align: justify\">&nbsp;<\/h2>\n<p style=\"text-align: justify\" data-adtags-visited=\"true\">&nbsp;<\/p>\n<\/div>\n","protected":false},"excerpt":{"rendered":"<p>PLAN DE USO B\u00c1SICO DE INGL\u00c9S Se oferta el&nbsp;plan de uso b\u00e1sico de ingl\u00e9s, perteneciente a&#46;&#46;&#46;<\/p>\n","protected":false},"author":9547,"featured_media":0,"parent":264,"menu_order":1,"comment_status":"closed","ping_status":"closed","template":"","meta":{"ngg_post_thumbnail":0,"footnotes":""},"aioseo_notices":[],"_links":{"self":[{"href":"https:\/\/blogsaverroes.juntadeandalucia.es\/ceperventurarodriguez\/wp-json\/wp\/v2\/pages\/455"}],"collection":[{"href":"https:\/\/blogsaverroes.juntadeandalucia.es\/ceperventurarodriguez\/wp-json\/wp\/v2\/pages"}],"about":[{"href":"https:\/\/blogsaverroes.juntadeandalucia.es\/ceperventurarodriguez\/wp-json\/wp\/v2\/types\/page"}],"author":[{"embeddable":true,"href":"https:\/\/blogsaverroes.juntadeandalucia.es\/ceperventurarodriguez\/wp-json\/wp\/v2\/users\/9547"}],"replies":[{"embeddable":true,"href":"https:\/\/blogsaverroes.juntadeandalucia.es\/ceperventurarodriguez\/wp-json\/wp\/v2\/comments?post=455"}],"version-history":[{"count":8,"href":"https:\/\/blogsaverroes.juntadeandalucia.es\/ceperventurarodriguez\/wp-json\/wp\/v2\/pages\/455\/revisions"}],"predecessor-version":[{"id":1955,"href":"https:\/\/blogsaverroes.juntadeandalucia.es\/ceperventurarodriguez\/wp-json\/wp\/v2\/pages\/455\/revisions\/1955"}],"up":[{"embeddable":true,"href":"https:\/\/blogsaverroes.juntadeandalucia.es\/ceperventurarodriguez\/wp-json\/wp\/v2\/pages\/264"}],"wp:attachment":[{"href":"https:\/\/blogsaverroes.juntadeandalucia.es\/ceperventurarodriguez\/wp-json\/wp\/v2\/media?parent=455"}],"curies":[{"name":"wp","href":"https:\/\/api.w.org\/{rel}","templated":true}]}}