{"id":1099,"date":"2022-04-25T10:37:21","date_gmt":"2022-04-25T09:37:21","guid":{"rendered":"https:\/\/blogsaverroes.juntadeandalucia.es\/ceperzaidin\/?page_id=1099"},"modified":"2025-09-15T11:25:07","modified_gmt":"2025-09-15T10:25:07","slug":"profesorado","status":"publish","type":"page","link":"https:\/\/blogsaverroes.juntadeandalucia.es\/ceperzaidin\/profesorado\/","title":{"rendered":"EQUIPO DOCENTE"},"content":{"rendered":"<p>El <strong>Equipo Docente<\/strong> del centro est\u00e1 constituido por 8 maestros y maestras.<\/p>\n<p><strong>Curso escolar 2025\/2026:<\/strong><\/p>\n<ol>\n<li>Jes\u00fas Ardoy Cabeza<\/li>\n<li>Manuel Casares Conde<\/li>\n<li>Luis Manuel Garc\u00eda Blanco<\/li>\n<li>Silvia Garc\u00eda Porcel<\/li>\n<li>Ana Isabel Heredia Fern\u00e1ndez<\/li>\n<li>Gloria Osuna Velasco<\/li>\n<li>Almudena P\u00e9rez Ca\u00f1avate<\/li>\n<li>Ana M\u00aa Vilchez Berrio.<\/li>\n<\/ol>\n<p>&nbsp;<\/p>\n<table style=\"border-collapse: collapse;width: 73.3334%;height: 235px\">\n<tbody>\n<tr>\n<td style=\"width: 342.312px\">&nbsp;<\/td>\n<td style=\"width: 257.688px\">&nbsp;<\/td>\n<\/tr>\n<tr>\n<td style=\"width: 342.312px\">&nbsp;<\/td>\n<td style=\"width: 257.688px\">&nbsp;<\/td>\n<\/tr>\n<tr>\n<td style=\"width: 342.312px\">&nbsp;<\/td>\n<td style=\"width: 257.688px\">&nbsp;<\/td>\n<\/tr>\n<tr>\n<td style=\"width: 342.312px\">&nbsp;<\/td>\n<td style=\"width: 257.688px\">&nbsp;<\/td>\n<\/tr>\n<tr>\n<td style=\"width: 342.312px\">&nbsp;<\/td>\n<td style=\"width: 257.688px\">&nbsp;<\/td>\n<\/tr>\n<tr>\n<td style=\"width: 342.312px\">&nbsp;<\/td>\n<td style=\"width: 257.688px\">&nbsp;<\/td>\n<\/tr>\n<tr>\n<td style=\"width: 342.312px\">&nbsp;<\/td>\n<td style=\"width: 257.688px\">&nbsp;<\/td>\n<\/tr>\n<tr>\n<td style=\"width: 342.312px\">&nbsp;<\/td>\n<td style=\"width: 257.688px\">&nbsp;<\/td>\n<\/tr>\n<tr>\n<td style=\"width: 342.312px\">&nbsp;<\/td>\n<td style=\"width: 257.688px\">&nbsp;<\/td>\n<\/tr>\n<\/tbody>\n<\/table>\n","protected":false},"excerpt":{"rendered":"<p>El Equipo Docente del centro est\u00e1 constituido por 8 maestros y maestras. Curso escolar 2025\/2026: Jes\u00fas Ardoy Cabeza Manuel Casares Conde Luis Manuel Garc\u00eda Blanco Silvia Garc\u00eda Porcel Ana Isabel Heredia Fern\u00e1ndez Gloria Osuna Velasco&#46;&#46;&#46;<\/p>\n","protected":false},"author":14743,"featured_media":0,"parent":0,"menu_order":0,"comment_status":"closed","ping_status":"closed","template":"","meta":{"ngg_post_thumbnail":0,"footnotes":""},"aioseo_notices":[],"_links":{"self":[{"href":"https:\/\/blogsaverroes.juntadeandalucia.es\/ceperzaidin\/wp-json\/wp\/v2\/pages\/1099"}],"collection":[{"href":"https:\/\/blogsaverroes.juntadeandalucia.es\/ceperzaidin\/wp-json\/wp\/v2\/pages"}],"about":[{"href":"https:\/\/blogsaverroes.juntadeandalucia.es\/ceperzaidin\/wp-json\/wp\/v2\/types\/page"}],"author":[{"embeddable":true,"href":"https:\/\/blogsaverroes.juntadeandalucia.es\/ceperzaidin\/wp-json\/wp\/v2\/users\/14743"}],"replies":[{"embeddable":true,"href":"https:\/\/blogsaverroes.juntadeandalucia.es\/ceperzaidin\/wp-json\/wp\/v2\/comments?post=1099"}],"version-history":[{"count":14,"href":"https:\/\/blogsaverroes.juntadeandalucia.es\/ceperzaidin\/wp-json\/wp\/v2\/pages\/1099\/revisions"}],"predecessor-version":[{"id":1391,"href":"https:\/\/blogsaverroes.juntadeandalucia.es\/ceperzaidin\/wp-json\/wp\/v2\/pages\/1099\/revisions\/1391"}],"wp:attachment":[{"href":"https:\/\/blogsaverroes.juntadeandalucia.es\/ceperzaidin\/wp-json\/wp\/v2\/media?parent=1099"}],"curies":[{"name":"wp","href":"https:\/\/api.w.org\/{rel}","templated":true}]}}