{"id":1107,"date":"2022-04-25T11:45:12","date_gmt":"2022-04-25T10:45:12","guid":{"rendered":"https:\/\/blogsaverroes.juntadeandalucia.es\/ceperzaidin\/?page_id=1107"},"modified":"2025-09-20T11:15:06","modified_gmt":"2025-09-20T10:15:06","slug":"graduado-eso","status":"publish","type":"page","link":"https:\/\/blogsaverroes.juntadeandalucia.es\/ceperzaidin\/graduado-eso\/","title":{"rendered":"GRADUADO ESO (ESPA I y II)  (Gloria Osuna, Almudena P\u00e9rez y Manuel Casares)"},"content":{"rendered":"<p>ESPA I ser\u00e1 tutorizado por <strong>Gloria Osuna<\/strong><\/p>\n<p>ESPA II ser\u00e1 tutorizado por <strong>Almudena P\u00e9rez<\/strong><\/p>\n<p>Con estos estudios podr\u00e1n conseguir el&nbsp;<strong>T\u00edtulo de Graduado en Secundaria&nbsp; para mayores de 18 a\u00f1os.<\/strong>&nbsp;Imprescindible hoy en d\u00eda para solicitar cualquier trabajo y a\u00fan m\u00e1s importante para continuar tus estudios bien a trav\u00e9s de Ciclos Formativos de Grado Medio, bien a trav\u00e9s del Bachillerato en sus distintas modalidades.<\/p>\n<p>El C.E.Per ZAID\u00cdN oferta la consecuci\u00f3n del T\u00edtulo de Graduado en Secundaria a trav\u00e9s de dos modalidades:<\/p>\n<p>A) La primera es lo que denominamos ESPA o <strong>Tutor\u00edas de Apoyo al Estudio (TAE),<\/strong> donde en colaboraci\u00f3n con un Instituto y en la modalidad de Semipresencial podr\u00e1s obtener tu t\u00edtulo con una evaluaci\u00f3n continua aprobando el nivel I y el nivel II ( 2 cursos escolares). Adem\u00e1s, si tienes aprobado hasta el Segundo Curso de la ESO, o bien posees el anterior T\u00edtulo de Graduado Escolar, podremos matricularte directamente&nbsp; en&nbsp; Nivel II de la ESPA (1 curso escolar).<\/p>\n<p>Los contenidos del curso, siguen el curr\u00edculo de la Educaci\u00f3n Secundaria Obligatoria para personas Adultas y se estructuran de forma modular en tres \u00e1mbitos:<\/p>\n<ol>\n<li>\u00c1mbito cient\u00edfico-tecnol\u00f3gico, que tiene como referente curricular los aspectos b\u00e1sicos del curr\u00edculo de las materias de Matem\u00e1ticas, Ciencias de la Naturaleza y Tecnolog\u00eda.<\/li>\n<li>&nbsp; \u00c1mbito de comunicaci\u00f3n, que tiene como referente curricular los aspectos b\u00e1sicos del curr\u00edculo correspondientes a las materias de Lengua Castellana y Literatura y&nbsp; Lengua Extranjera (Ingl\u00e9s).<\/li>\n<li>&nbsp;\u00c1mbito social, que tiene como referente curricular los aspectos b\u00e1sicos del curr\u00edculo de las materias de Ciencias Sociales, Geograf\u00eda e Historia, Participaci\u00f3n y Democracia y patrimonio Cultural de Andaluc\u00eda.<\/li>\n<\/ol>\n<p>Para obtener la titulaci\u00f3n de Graduado en Educaci\u00f3n Secundaria es necesario aprobar los tres \u00e1mbitos. No obstante cada uno de ellos se puede superar de forma independiente y ese ya queda aprobado para cursos posteriores.<\/p>\n<p>Para poder acceder a la Plataforma de Educaci\u00f3n&nbsp; Semipresencial necesitas tener acceso a Pasen. Te dejamos el enlace para hacer el <strong><a href=\"https:\/\/blogsaverroes.juntadeandalucia.es\/ceperzaidin\/files\/2023\/09\/PASEN.-\u00bfC\u00f3mo-hacer-el-autologin_.mp4\">autorregistro o autologin en ipasen.<\/a><\/strong><\/p>\n<p>B) La segunda opci\u00f3n es preparar <strong>la Prueba Libre para la obtenci\u00f3n del t\u00edtulo de Graduado en ESO<\/strong> para mayores de 18 a\u00f1os. La prueba para obtener el t\u00edtulo de Graduado en la ESO para personas mayores de 18 a\u00f1os est\u00e1 compuesta por tres pruebas referidas a los \u00e1mbitos que componen el curr\u00edculo de la Educaci\u00f3n Secundaria Obligatoria para personas adultas. Cada una de ellas tendr\u00e1 una puntuaci\u00f3n m\u00e1xima de 100 puntos y es necesario que obtengas un m\u00ednimo de 50 puntos en el conjunto de los ejercicios que componen cada \u00e1mbito para superarlo.<\/p>\n<p>Para poder inscribirte a estas pruebas tienes que ser <strong>mayor de 18 a\u00f1os<\/strong>&nbsp;o&nbsp;<strong>cumplirlos en el a\u00f1o natural<\/strong>&nbsp;de la convocatoria.<\/p>\n<p>Pinchando en el<a href=\"https:\/\/www.juntadeandalucia.es\/educacion\/portals\/web\/educacion-permanente\/pruebas\/pruebas-obtencion-graduado-eso\"> ENLACE<\/a> podr\u00e1s obtener m\u00e1s informaci\u00f3n sobre estas pruebas.<\/p>\n","protected":false},"excerpt":{"rendered":"<p>ESPA I ser\u00e1 tutorizado por Gloria Osuna ESPA II ser\u00e1 tutorizado por Almudena P\u00e9rez Con estos estudios podr\u00e1n conseguir el&nbsp;T\u00edtulo de Graduado en Secundaria&nbsp; para mayores de 18 a\u00f1os.&nbsp;Imprescindible hoy en d\u00eda para solicitar cualquier&#46;&#46;&#46;<\/p>\n","protected":false},"author":14743,"featured_media":0,"parent":0,"menu_order":0,"comment_status":"closed","ping_status":"closed","template":"","meta":{"ngg_post_thumbnail":0,"footnotes":""},"aioseo_notices":[],"_links":{"self":[{"href":"https:\/\/blogsaverroes.juntadeandalucia.es\/ceperzaidin\/wp-json\/wp\/v2\/pages\/1107"}],"collection":[{"href":"https:\/\/blogsaverroes.juntadeandalucia.es\/ceperzaidin\/wp-json\/wp\/v2\/pages"}],"about":[{"href":"https:\/\/blogsaverroes.juntadeandalucia.es\/ceperzaidin\/wp-json\/wp\/v2\/types\/page"}],"author":[{"embeddable":true,"href":"https:\/\/blogsaverroes.juntadeandalucia.es\/ceperzaidin\/wp-json\/wp\/v2\/users\/14743"}],"replies":[{"embeddable":true,"href":"https:\/\/blogsaverroes.juntadeandalucia.es\/ceperzaidin\/wp-json\/wp\/v2\/comments?post=1107"}],"version-history":[{"count":10,"href":"https:\/\/blogsaverroes.juntadeandalucia.es\/ceperzaidin\/wp-json\/wp\/v2\/pages\/1107\/revisions"}],"predecessor-version":[{"id":2344,"href":"https:\/\/blogsaverroes.juntadeandalucia.es\/ceperzaidin\/wp-json\/wp\/v2\/pages\/1107\/revisions\/2344"}],"wp:attachment":[{"href":"https:\/\/blogsaverroes.juntadeandalucia.es\/ceperzaidin\/wp-json\/wp\/v2\/media?parent=1107"}],"curies":[{"name":"wp","href":"https:\/\/api.w.org\/{rel}","templated":true}]}}