{"id":1110,"date":"2022-04-25T11:48:04","date_gmt":"2022-04-25T10:48:04","guid":{"rendered":"https:\/\/blogsaverroes.juntadeandalucia.es\/ceperzaidin\/?page_id=1110"},"modified":"2025-09-18T18:05:58","modified_gmt":"2025-09-18T17:05:58","slug":"acceso-a-ciclos-formativos","status":"publish","type":"page","link":"https:\/\/blogsaverroes.juntadeandalucia.es\/ceperzaidin\/acceso-a-ciclos-formativos\/","title":{"rendered":"ACCESO A CICLOS FORMATIVOS de GRADO SUPERIOR (Jes\u00fas Ardoy, Almudena P\u00e9rez Y Manuel Casares)"},"content":{"rendered":"<p>Este Plan ser\u00e1 impartido por:<\/p>\n<ul>\n<li>Jes\u00fas Ardoy: \u00e1rea de ingl\u00e9s<\/li>\n<li>Almudena P\u00e9rez: \u00e1rea de lengua espa\u00f1ola<\/li>\n<\/ul>\n<p>&nbsp;<\/p>\n<h1><span style=\"font-size: 14pt\"><strong>Preparaci\u00f3n Pruebas de Acceso a Ciclo Formativo de Grado Superior.<\/strong><\/span><\/h1>\n<p><a href=\"https:\/\/portals.ced.junta-andalucia.es\/educacion\/portals\/web\/educacion-permanente\/pruebas-acceso-cf\">Informaci\u00f3n actualizada de la Junta de Andaluc\u00eda sobre las pruebas de acceso al grado superior.<\/a><\/p>\n<p>La prueba de acceso a los ciclos formativos de grado superior tiene como finalidad permitir a las personas que no poseen el t\u00edtulo de Bachiller continuar su formaci\u00f3n accediendo a los ciclos formativos de grado superior. Para ello deber\u00e1 demostrar que poseen la madurez en relaci\u00f3n con los objetivos de Bachillerato y sus capacidades referentes al campo profesional de que se trate.<\/p>\n<p>La superaci\u00f3n de las pruebas de acceso a los ciclos formativos de formaci\u00f3n profesional del sistema educativo faculta a las personas que no posean los requisitos acad\u00e9micos de acceso para cursar estas ense\u00f1anzas.<\/p>\n<p>Este Plan Educativo se oferta en horario de tarde y preparamos las asignaturas de la parte com\u00fan.<\/p>\n<p><strong>Requisitos a cumplir por los aspirantes de Grado Superior<\/strong><\/p>\n<p>Quienes no posean los requisitos acad\u00e9micos exigidos para acceder al ciclo formativo de grado superior y cumplan alguna de las siguientes condiciones:<\/p>\n<p>Tener cumplidos 19 a\u00f1os de edad o cumplirlos en el a\u00f1o natural de celebraci\u00f3n de la prueba.<\/p>\n<p>Tener cumplidos 18 a\u00f1os de edad o cumplirlos en el a\u00f1o natural de celebraci\u00f3n de la prueba si tiene t\u00edtulo de T\u00e9cnico de la misma familia profesional que el ciclo formativo al que se quiere acceder.<\/p>\n<p><strong>Estructura de la prueba de acceso de Grado Superior<\/strong><\/p>\n<p>La prueba de acceso a los ciclos formativos de grado superior constar\u00e1 de dos partes:<\/p>\n<ul>\n<li>Parte com\u00fan, que tiene como objetivo apreciar la madurez e idoneidad de los candidatos para seguir los estudios de formaci\u00f3n profesional de grado superior, as\u00ed como su capacidad de razonamiento y de expresi\u00f3n escrita. Consta de tres ejercicios diferenciados:\n<ol>\n<li>Lengua espa\u00f1ola<\/li>\n<li>Matem\u00e1ticas<\/li>\n<li>Lengua extranjera (a elegir entre ingl\u00e9s o franc\u00e9s)<\/li>\n<\/ol>\n<\/li>\n<li>Parte espec\u00edfica, que tiene como objetivo valorar las capacidades de base referentes al campo profesional de que se trate. Consta de dos ejercicios diferenciados. Las materias sobre las que versar\u00e1 esta parte est\u00e1n organizadas en tres opciones, en funci\u00f3n del ciclo formativo al que se desee acceder. Cada una de las opciones consta de tres materias, de las que el aspirante elegir\u00e1 dos en el momento de realizar la prueba.<\/li>\n<\/ul>\n<p>&nbsp;<\/p>\n<p>Pinchando en el <a href=\"https:\/\/www.juntadeandalucia.es\/educacion\/portals\/web\/formacion-profesional-andaluza\/quiero-formarme\/pruebas-y-procedimientos\/pruebas-acceso\">ENLACE<\/a> tendr\u00e1s m\u00e1s informaci\u00f3n sobre estas pruebas.<\/p>\n","protected":false},"excerpt":{"rendered":"<p>Este Plan ser\u00e1 impartido por: Jes\u00fas Ardoy: \u00e1rea de ingl\u00e9s Almudena P\u00e9rez: \u00e1rea de lengua espa\u00f1ola &nbsp; Preparaci\u00f3n Pruebas de Acceso a Ciclo Formativo de Grado Superior. Informaci\u00f3n actualizada de la Junta de Andaluc\u00eda sobre&#46;&#46;&#46;<\/p>\n","protected":false},"author":14743,"featured_media":0,"parent":0,"menu_order":0,"comment_status":"closed","ping_status":"closed","template":"","meta":{"ngg_post_thumbnail":0,"footnotes":""},"aioseo_notices":[],"_links":{"self":[{"href":"https:\/\/blogsaverroes.juntadeandalucia.es\/ceperzaidin\/wp-json\/wp\/v2\/pages\/1110"}],"collection":[{"href":"https:\/\/blogsaverroes.juntadeandalucia.es\/ceperzaidin\/wp-json\/wp\/v2\/pages"}],"about":[{"href":"https:\/\/blogsaverroes.juntadeandalucia.es\/ceperzaidin\/wp-json\/wp\/v2\/types\/page"}],"author":[{"embeddable":true,"href":"https:\/\/blogsaverroes.juntadeandalucia.es\/ceperzaidin\/wp-json\/wp\/v2\/users\/14743"}],"replies":[{"embeddable":true,"href":"https:\/\/blogsaverroes.juntadeandalucia.es\/ceperzaidin\/wp-json\/wp\/v2\/comments?post=1110"}],"version-history":[{"count":9,"href":"https:\/\/blogsaverroes.juntadeandalucia.es\/ceperzaidin\/wp-json\/wp\/v2\/pages\/1110\/revisions"}],"predecessor-version":[{"id":2309,"href":"https:\/\/blogsaverroes.juntadeandalucia.es\/ceperzaidin\/wp-json\/wp\/v2\/pages\/1110\/revisions\/2309"}],"wp:attachment":[{"href":"https:\/\/blogsaverroes.juntadeandalucia.es\/ceperzaidin\/wp-json\/wp\/v2\/media?parent=1110"}],"curies":[{"name":"wp","href":"https:\/\/api.w.org\/{rel}","templated":true}]}}